{"id":18306,"date":"2023-05-12T10:30:04","date_gmt":"2023-05-12T08:30:04","guid":{"rendered":"https:\/\/www.meromero.fr\/?page_id=18306"},"modified":"2024-11-21T15:45:43","modified_gmt":"2024-11-21T14:45:43","slug":"discount-corner","status":"publish","type":"page","link":"https:\/\/www.meromero.fr\/en\/discount-corner\/","title":{"rendered":"Discount corner"},"content":{"rendered":"<div class=\"wpb-content-wrapper\"><p>[vc_row content_placement=&#8221;middle&#8221; css=&#8221;.vc_custom_1683878505906{padding-bottom: 25px !important;}&#8221; el_class=&#8221;ws-mobile-section-reverse&#8221;][vc_column]<div class=\"ws-heading text-left ws-heading-dark\"><h2>Outlet<\/h2><\/div>[vc_empty_space height=&#8221;15px&#8221;][vc_column_text el_class=&#8221;ws-text-block&#8221;]A real treasure for those who love good deals![\/vc_column_text][\/vc_column][\/vc_row][vc_row content_placement=&#8221;middle&#8221; css=&#8221;.vc_custom_1683878505906{padding-bottom: 25px !important;}&#8221; el_class=&#8221;ws-mobile-section-reverse&#8221;][vc_column width=&#8221;1\/2&#8243;]<div class=\"woocommerce columns-1 \"><ul class=\"products columns-1\">\n<li class=\"product type-product post-10999 status-publish first instock product_cat-accessories has-post-thumbnail taxable shipping-taxable purchasable product-type-variable\">\n\t<a href=\"https:\/\/www.meromero.fr\/en\/boutique\/paquier-pouch-with-portable-changing-mat-v3\/\" class=\"woocommerce-LoopProduct-link woocommerce-loop-product__link\"><figure class=\"ws-product-bg\"><img loading=\"lazy\" decoding=\"async\" src=\"https:\/\/www.meromero.fr\/wp-content\/uploads\/2020\/04\/2.A00102.012.014_PAQUIERPOUCH_darkgrey_Lifestyle_@Soapbubbbles-785x1100.jpg\" data-src=\"https:\/\/www.meromero.fr\/wp-content\/uploads\/2020\/04\/2.A00102.012.014_PAQUIERPOUCH_darkgrey_Lifestyle_@Soapbubbbles-785x1100.jpg\" width=\"785\" height=\"1100\" class=\"ws-attachment-shop-catalog hover-image\" alt=\"B\u00e9b\u00e9 sur matelas \u00e0 langer dans foret.\" \/> <img loading=\"lazy\" decoding=\"async\" width=\"785\" height=\"1100\" src=\"https:\/\/www.meromero.fr\/wp-content\/uploads\/2020\/04\/A00103.012.014_PAQUIERPOUCH_V3_darkgrey-785x1100.jpg\" class=\"attachment-mero-shop-size size-mero-shop-size wp-post-image\" alt=\"\" \/><\/figure><h2 class=\"woocommerce-loop-product__title\">PAQUIER POUCH: with portable changing mat \/ laptop pouch<\/h2><div class=\"star-rating\" role=\"img\" aria-label=\"Rated 5.00 out of 5\"><span style=\"width:100%\">Rated <strong class=\"rating\">5.00<\/strong> out of 5<\/span><\/div>\n\t<span class=\"price\"><span class=\"wcpbc-price wcpbc-price-10999\" data-product-id=\"10999\"><span class=\"woocommerce-Price-amount amount\"><bdi>37,50<span class=\"woocommerce-Price-currencySymbol\">&euro;<\/span><\/bdi><\/span><\/span><\/span>\n<\/a><\/li>\n<\/ul>\n<\/div>[\/vc_column][vc_column width=&#8221;1\/2&#8243;]<div class=\"woocommerce columns-1 \"><ul class=\"products columns-1\">\n<li class=\"product type-product post-10941 status-publish first instock product_cat-bags has-post-thumbnail taxable shipping-taxable purchasable product-type-variable\">\n\t<a href=\"https:\/\/www.meromero.fr\/en\/boutique\/squamish-roll-top-backpack-v2\/\" class=\"woocommerce-LoopProduct-link woocommerce-loop-product__link\"><figure class=\"ws-product-bg\"><img loading=\"lazy\" decoding=\"async\" src=\"https:\/\/www.meromero.fr\/wp-content\/uploads\/2021\/10\/2.MeroMero-anaisbrebion-238-785x1100.jpg\" data-src=\"https:\/\/www.meromero.fr\/wp-content\/uploads\/2021\/10\/2.MeroMero-anaisbrebion-238-785x1100.jpg\" width=\"785\" height=\"1100\" class=\"ws-attachment-shop-catalog hover-image\" alt=\"\" \/> <img loading=\"lazy\" decoding=\"async\" width=\"785\" height=\"1100\" src=\"https:\/\/www.meromero.fr\/wp-content\/uploads\/2022\/05\/S00202.023.008.SQUAMISH_BlossomPink_Front-1-785x1100.jpg\" class=\"attachment-mero-shop-size size-mero-shop-size wp-post-image\" alt=\"\" \/><\/figure><div class=\"wapl-label-id-10941 label-wrap wapl-flash label-gray wapl-aligncenter\">\n\t\t\t<span class=\"woocommerce-advanced-product-label product-label label-gray\" >\n\t\t\t\t<span class=\"wapl-label-text\">%<\/span>\n\t\t\t<\/span>\n\t\t<\/div><h2 class=\"woocommerce-loop-product__title\">SQUAMISH V2: roll-top backpack<\/h2><div class=\"star-rating\" role=\"img\" aria-label=\"Rated 4.63 out of 5\"><span style=\"width:92.6%\">Rated <strong class=\"rating\">4.63<\/strong> out of 5<\/span><\/div>\n\t<span class=\"price\"><span class=\"wcpbc-price wcpbc-price-10941\" data-product-id=\"10941\"><span class=\"woocommerce-Price-amount amount\"><bdi>150,00<span class=\"woocommerce-Price-currencySymbol\">&euro;<\/span><\/bdi><\/span><\/span><\/span>\n<\/a><\/li>\n<\/ul>\n<\/div>[\/vc_column][\/vc_row][vc_row content_placement=&#8221;middle&#8221; css=&#8221;.vc_custom_1683878505906{padding-bottom: 25px !important;}&#8221; el_class=&#8221;ws-mobile-section-reverse&#8221;][vc_column width=&#8221;1\/2&#8243;]<div class=\"woocommerce columns-1 \"><ul class=\"products columns-1\">\n<li class=\"product type-product post-17369 status-publish first instock product_cat-bags has-post-thumbnail sale taxable shipping-taxable purchasable product-type-variable\">\n\t<a href=\"https:\/\/www.meromero.fr\/en\/boutique\/meije-pouch-multifunctional-bag-v2\/\" class=\"woocommerce-LoopProduct-link woocommerce-loop-product__link\">\n\t<span class=\"onsale\">Sale!<\/span>\n\t<figure class=\"ws-product-bg\"><img loading=\"lazy\" decoding=\"async\" src=\"https:\/\/www.meromero.fr\/wp-content\/uploads\/2023\/04\/S00502_012.014_MEIJE_DarkGrey_Remi_Bike-785x1100.jpg\" data-src=\"https:\/\/www.meromero.fr\/wp-content\/uploads\/2023\/04\/S00502_012.014_MEIJE_DarkGrey_Remi_Bike-785x1100.jpg\" width=\"785\" height=\"1100\" class=\"ws-attachment-shop-catalog hover-image\" alt=\"\" \/> <img loading=\"lazy\" decoding=\"async\" width=\"785\" height=\"1100\" src=\"https:\/\/www.meromero.fr\/wp-content\/uploads\/2023\/04\/S00501_020.017_MEIJE_Silver_Pine_Front_Folded-785x1100.jpg\" class=\"attachment-mero-shop-size size-mero-shop-size wp-post-image\" alt=\"\" \/><\/figure><h2 class=\"woocommerce-loop-product__title\">MEIJE: pouch multifunctional bag (v2)<\/h2>\n\t<span class=\"price\"><span class=\"wcpbc-price wcpbc-price-17369\" data-product-id=\"17369\"><span class=\"woocommerce-Price-amount amount\"><bdi>37,50<span class=\"woocommerce-Price-currencySymbol\">&euro;<\/span><\/bdi><\/span> &ndash; <span class=\"woocommerce-Price-amount amount\"><bdi>54,17<span class=\"woocommerce-Price-currencySymbol\">&euro;<\/span><\/bdi><\/span><\/span><\/span>\n<\/a><\/li>\n<\/ul>\n<\/div>[\/vc_column][vc_column width=&#8221;1\/2&#8243;]<div class=\"woocommerce columns-1 \"><ul class=\"products columns-1\">\n<li class=\"product type-product post-17742 status-publish first instock product_cat-bags has-post-thumbnail sale taxable shipping-taxable purchasable product-type-variable\">\n\t<a href=\"https:\/\/www.meromero.fr\/en\/boutique\/pow-tote-bag-bicycle-bag\/\" class=\"woocommerce-LoopProduct-link woocommerce-loop-product__link\">\n\t<span class=\"onsale\">Sale!<\/span>\n\t<figure class=\"ws-product-bg\"><img loading=\"lazy\" decoding=\"async\" src=\"https:\/\/www.meromero.fr\/wp-content\/uploads\/2023\/10\/S00801_025.023_POW_Cypress_Blossom_FRONT-785x1024.jpg\" data-src=\"https:\/\/www.meromero.fr\/wp-content\/uploads\/2023\/10\/S00801_025.023_POW_Cypress_Blossom_FRONT-785x1024.jpg\" width=\"785\" height=\"1024\" class=\"ws-attachment-shop-catalog hover-image\" alt=\"\" \/> <img loading=\"lazy\" decoding=\"async\" width=\"785\" height=\"1100\" src=\"https:\/\/www.meromero.fr\/wp-content\/uploads\/2023\/10\/S00801_025.023_POW_Cypress_Blossom_on_bike-1.jpg\" class=\"attachment-mero-shop-size size-mero-shop-size wp-post-image\" alt=\"\" srcset=\"https:\/\/www.meromero.fr\/wp-content\/uploads\/2023\/10\/S00801_025.023_POW_Cypress_Blossom_on_bike-1.jpg 785w, https:\/\/www.meromero.fr\/wp-content\/uploads\/2023\/10\/S00801_025.023_POW_Cypress_Blossom_on_bike-1-214x300.jpg 214w, https:\/\/www.meromero.fr\/wp-content\/uploads\/2023\/10\/S00801_025.023_POW_Cypress_Blossom_on_bike-1-731x1024.jpg 731w, https:\/\/www.meromero.fr\/wp-content\/uploads\/2023\/10\/S00801_025.023_POW_Cypress_Blossom_on_bike-1-768x1076.jpg 768w, https:\/\/www.meromero.fr\/wp-content\/uploads\/2023\/10\/S00801_025.023_POW_Cypress_Blossom_on_bike-1-60x84.jpg 60w, https:\/\/www.meromero.fr\/wp-content\/uploads\/2023\/10\/S00801_025.023_POW_Cypress_Blossom_on_bike-1-110x154.jpg 110w, https:\/\/www.meromero.fr\/wp-content\/uploads\/2023\/10\/S00801_025.023_POW_Cypress_Blossom_on_bike-1-600x841.jpg 600w\" sizes=\"(max-width: 785px) 100vw, 785px\" \/><\/figure><h2 class=\"woocommerce-loop-product__title\">POW: tote bag \/ bicycle bag<\/h2>\n\t<span class=\"price\"><span class=\"wcpbc-price wcpbc-price-17742\" data-product-id=\"17742\"><span class=\"woocommerce-Price-amount amount\"><bdi>50,00<span class=\"woocommerce-Price-currencySymbol\">&euro;<\/span><\/bdi><\/span> &ndash; <span class=\"woocommerce-Price-amount amount\"><bdi>70,83<span class=\"woocommerce-Price-currencySymbol\">&euro;<\/span><\/bdi><\/span><\/span><\/span>\n<\/a><\/li>\n<\/ul>\n<\/div>[\/vc_column][\/vc_row][vc_row full_width=&#8221;stretch_row&#8221; content_placement=&#8221;middle&#8221; disable_element=&#8221;yes&#8221; css=&#8221;.vc_custom_1649826995988{padding-top: 35px !important;padding-bottom: 50px !important;}&#8221; el_class=&#8221;ws-mobile-section-reverse&#8221;][vc_column width=&#8221;1\/2&#8243; el_class=&#8221;ws-mobile-text-block&#8221;][vc_single_image image=&#8221;6254&#8243; img_size=&#8221;full&#8221; alignment=&#8221;center&#8221; css_animation=&#8221;none&#8221; css=&#8221;.vc_custom_1649826670435{padding-top: 10px !important;padding-right: 10px !important;padding-bottom: 10px !important;padding-left: 10px !important;}&#8221;][\/vc_column][vc_column width=&#8221;1\/2&#8243;]<div class=\"ws-heading text-left ws-heading-dark\"><p>Leur temps de gloire est fini<\/p><\/div><div class=\"woocommerce columns-4 \"><\/div><div class=\"ws-heading text-center ws-heading-dark\"><div>S\u00e9lection<\/div><\/div>[vc_empty_space height=&#8221;15px&#8221;]<div class=\"ws-heading text-left ws-heading-dark\"><h2>Le coin des bonnes affaires<\/h2><\/div>[vc_empty_space height=&#8221;15px&#8221;][vc_column_text el_class=&#8221;ws-text-block&#8221;]Le\u00a0<strong>Lorem Ipsum<\/strong> est simplement du faux texte employ\u00e9 dans la composition et la mise en page avant impression. Le Lorem Ipsum est le faux texte standard de l&#8217;imprimerie depuis les ann\u00e9es 1500.[\/vc_column_text][\/vc_column][\/vc_row][vc_row disable_element=&#8221;yes&#8221; css=&#8221;.vc_custom_1649827144249{padding-top: 70px !important;}&#8221; el_id=&#8221;produits&#8221;][vc_column]<div class=\"ws-heading text-center ws-heading-dark\"><div>S\u00e9lection<\/div><\/div>[vc_empty_space height=&#8221;35px&#8221;]<div class=\"woocommerce columns-4 \"><ul class=\"products columns-4\">\n<li class=\"product type-product post-10999 status-publish first instock product_cat-accessories has-post-thumbnail taxable shipping-taxable purchasable product-type-variable\">\n\t<a href=\"https:\/\/www.meromero.fr\/en\/boutique\/paquier-pouch-with-portable-changing-mat-v3\/\" class=\"woocommerce-LoopProduct-link woocommerce-loop-product__link\"><figure class=\"ws-product-bg\"><img loading=\"lazy\" decoding=\"async\" src=\"https:\/\/www.meromero.fr\/wp-content\/uploads\/2020\/04\/2.A00102.012.014_PAQUIERPOUCH_darkgrey_Lifestyle_@Soapbubbbles-785x1100.jpg\" data-src=\"https:\/\/www.meromero.fr\/wp-content\/uploads\/2020\/04\/2.A00102.012.014_PAQUIERPOUCH_darkgrey_Lifestyle_@Soapbubbbles-785x1100.jpg\" width=\"785\" height=\"1100\" class=\"ws-attachment-shop-catalog hover-image\" alt=\"B\u00e9b\u00e9 sur matelas \u00e0 langer dans foret.\" \/> <img loading=\"lazy\" decoding=\"async\" width=\"785\" height=\"1100\" src=\"https:\/\/www.meromero.fr\/wp-content\/uploads\/2020\/04\/A00103.012.014_PAQUIERPOUCH_V3_darkgrey-785x1100.jpg\" class=\"attachment-mero-shop-size size-mero-shop-size wp-post-image\" alt=\"\" \/><\/figure><h2 class=\"woocommerce-loop-product__title\">PAQUIER POUCH: with portable changing mat \/ laptop pouch<\/h2><div class=\"star-rating\" role=\"img\" aria-label=\"Rated 5.00 out of 5\"><span style=\"width:100%\">Rated <strong class=\"rating\">5.00<\/strong> out of 5<\/span><\/div>\n\t<span class=\"price\"><span class=\"wcpbc-price wcpbc-price-10999\" data-product-id=\"10999\"><span class=\"woocommerce-Price-amount amount\"><bdi>37,50<span class=\"woocommerce-Price-currencySymbol\">&euro;<\/span><\/bdi><\/span><\/span><\/span>\n<\/a><\/li>\n<li class=\"product type-product post-11005 status-publish instock product_cat-accessories has-post-thumbnail taxable shipping-taxable purchasable product-type-variable\">\n\t<a href=\"https:\/\/www.meromero.fr\/en\/boutique\/insulated-roll-top-semnoz-pouch\/\" class=\"woocommerce-LoopProduct-link woocommerce-loop-product__link\"><figure class=\"ws-product-bg\"><img loading=\"lazy\" decoding=\"async\" src=\"https:\/\/www.meromero.fr\/wp-content\/uploads\/2021\/10\/2_Etui_roll-top-isotherme_meromero_A00202.011.000_SEMNOZ_stonegrey_lifestyle_@CharlyRosset-785x1100.jpg\" data-src=\"https:\/\/www.meromero.fr\/wp-content\/uploads\/2021\/10\/2_Etui_roll-top-isotherme_meromero_A00202.011.000_SEMNOZ_stonegrey_lifestyle_@CharlyRosset-785x1100.jpg\" width=\"785\" height=\"1100\" class=\"ws-attachment-shop-catalog hover-image\" alt=\"\" \/> <img loading=\"lazy\" decoding=\"async\" width=\"785\" height=\"1100\" src=\"https:\/\/www.meromero.fr\/wp-content\/uploads\/2021\/10\/1_Etui_roll-top-isotherme_meromero_A00203.011.000_SEMNOZ_stonegrey_siteweb-785x1100.jpg\" class=\"attachment-mero-shop-size size-mero-shop-size wp-post-image\" alt=\"\" \/><\/figure><h2 class=\"woocommerce-loop-product__title\">SEMNOZ POUCH: insulated roll-top<\/h2>\n\t<span class=\"price\"><span class=\"wcpbc-price wcpbc-price-11005\" data-product-id=\"11005\"><span class=\"woocommerce-Price-amount amount\"><bdi>16,67<span class=\"woocommerce-Price-currencySymbol\">&euro;<\/span><\/bdi><\/span><\/span><\/span>\n<\/a><\/li>\n<\/ul>\n<\/div>[\/vc_column][\/vc_row]<\/p>\n<\/div>","protected":false},"excerpt":{"rendered":"<p>[vc_row content_placement=&#8221;middle&#8221; css=&#8221;.vc_custom_1683878505906{padding-bottom: 25px !important;}&#8221; el_class=&#8221;ws-mobile-section-reverse&#8221;][vc_column][vc_empty_space height=&#8221;15px&#8221;][vc_column_text el_class=&#8221;ws-text-block&#8221;]A real treasure for those who love good deals![\/vc_column_text][\/vc_column][\/vc_row][vc_row content_placement=&#8221;middle&#8221; css=&#8221;.vc_custom_1683878505906{padding-bottom: 25px !important;}&#8221; el_class=&#8221;ws-mobile-section-reverse&#8221;][vc_column width=&#8221;1\/2&#8243;][\/vc_column][vc_column width=&#8221;1\/2&#8243;][\/vc_column][\/vc_row][vc_row content_placement=&#8221;middle&#8221; css=&#8221;.vc_custom_1683878505906{padding-bottom: 25px !important;}&#8221; el_class=&#8221;ws-mobile-section-reverse&#8221;][vc_column width=&#8221;1\/2&#8243;][\/vc_column][vc_column width=&#8221;1\/2&#8243;][\/vc_column][\/vc_row][vc_row full_width=&#8221;stretch_row&#8221; content_placement=&#8221;middle&#8221; disable_element=&#8221;yes&#8221; css=&#8221;.vc_custom_1649826995988{padding-top: 35px !important;padding-bottom: 50px !important;}&#8221; el_class=&#8221;ws-mobile-section-reverse&#8221;][vc_column width=&#8221;1\/2&#8243; el_class=&#8221;ws-mobile-text-block&#8221;][vc_single_image image=&#8221;6254&#8243; img_size=&#8221;full&#8221; alignment=&#8221;center&#8221; css_animation=&#8221;none&#8221; css=&#8221;.vc_custom_1649826670435{padding-top: 10px !important;padding-right: 10px !important;padding-bottom: 10px !important;padding-left: 10px !important;}&#8221;][\/vc_column][vc_column width=&#8221;1\/2&#8243;][vc_empty_space [&hellip;]<\/p>\n","protected":false},"author":1,"featured_media":0,"parent":0,"menu_order":0,"comment_status":"closed","ping_status":"closed","template":"","meta":{"footnotes":""},"yoast_head":"<!-- This site is optimized with the Yoast SEO Premium plugin v22.3 (Yoast SEO v22.4) - https:\/\/yoast.com\/wordpress\/plugins\/seo\/ -->\n<title>Discount corner - MeroMero<\/title>\n<meta name=\"robots\" content=\"index, follow, max-snippet:-1, max-image-preview:large, max-video-preview:-1\" \/>\n<link rel=\"canonical\" href=\"https:\/\/www.meromero.fr\/en\/discount-corner\/\" \/>\n<meta property=\"og:locale\" content=\"en_US\" \/>\n<meta property=\"og:type\" content=\"article\" \/>\n<meta property=\"og:title\" content=\"Discount corner\" \/>\n<meta property=\"og:description\" content=\"[vc_row content_placement=&#8221;middle&#8221; css=&#8221;.vc_custom_1683878505906{padding-bottom: 25px !important;}&#8221; el_class=&#8221;ws-mobile-section-reverse&#8221;][vc_column][vc_empty_space height=&#8221;15px&#8221;][vc_column_text el_class=&#8221;ws-text-block&#8221;]A real treasure for those who love good deals![\/vc_column_text][\/vc_column][\/vc_row][vc_row content_placement=&#8221;middle&#8221; css=&#8221;.vc_custom_1683878505906{padding-bottom: 25px !important;}&#8221; el_class=&#8221;ws-mobile-section-reverse&#8221;][vc_column width=&#8221;1\/2&#8243;][\/vc_column][vc_column width=&#8221;1\/2&#8243;][\/vc_column][\/vc_row][vc_row content_placement=&#8221;middle&#8221; css=&#8221;.vc_custom_1683878505906{padding-bottom: 25px !important;}&#8221; el_class=&#8221;ws-mobile-section-reverse&#8221;][vc_column width=&#8221;1\/2&#8243;][\/vc_column][vc_column width=&#8221;1\/2&#8243;][\/vc_column][\/vc_row][vc_row full_width=&#8221;stretch_row&#8221; content_placement=&#8221;middle&#8221; disable_element=&#8221;yes&#8221; css=&#8221;.vc_custom_1649826995988{padding-top: 35px !important;padding-bottom: 50px !important;}&#8221; el_class=&#8221;ws-mobile-section-reverse&#8221;][vc_column width=&#8221;1\/2&#8243; el_class=&#8221;ws-mobile-text-block&#8221;][vc_single_image image=&#8221;6254&#8243; img_size=&#8221;full&#8221; alignment=&#8221;center&#8221; css_animation=&#8221;none&#8221; css=&#8221;.vc_custom_1649826670435{padding-top: 10px !important;padding-right: 10px !important;padding-bottom: 10px !important;padding-left: 10px !important;}&#8221;][\/vc_column][vc_column width=&#8221;1\/2&#8243;][vc_empty_space [&hellip;]\" \/>\n<meta property=\"og:url\" content=\"https:\/\/www.meromero.fr\/en\/discount-corner\/\" \/>\n<meta property=\"og:site_name\" content=\"MeroMero\" \/>\n<meta property=\"article:modified_time\" content=\"2024-11-21T14:45:43+00:00\" \/>\n<meta name=\"twitter:card\" content=\"summary_large_image\" \/>\n<meta name=\"twitter:label1\" content=\"Est. reading time\" \/>\n\t<meta name=\"twitter:data1\" content=\"1 minute\" \/>\n<script type=\"application\/ld+json\" class=\"yoast-schema-graph\">{\"@context\":\"https:\/\/schema.org\",\"@graph\":[{\"@type\":\"WebPage\",\"@id\":\"https:\/\/www.meromero.fr\/en\/discount-corner\/\",\"url\":\"https:\/\/www.meromero.fr\/en\/discount-corner\/\",\"name\":\"Discount corner - MeroMero\",\"isPartOf\":{\"@id\":\"https:\/\/www.meromero.fr\/#website\"},\"datePublished\":\"2023-05-12T08:30:04+00:00\",\"dateModified\":\"2024-11-21T14:45:43+00:00\",\"breadcrumb\":{\"@id\":\"https:\/\/www.meromero.fr\/en\/discount-corner\/#breadcrumb\"},\"inLanguage\":\"en-US\",\"potentialAction\":[{\"@type\":\"ReadAction\",\"target\":[\"https:\/\/www.meromero.fr\/en\/discount-corner\/\"]}]},{\"@type\":\"BreadcrumbList\",\"@id\":\"https:\/\/www.meromero.fr\/en\/discount-corner\/#breadcrumb\",\"itemListElement\":[{\"@type\":\"ListItem\",\"position\":1,\"name\":\"Home\",\"item\":\"https:\/\/www.meromero.fr\/en\/\"},{\"@type\":\"ListItem\",\"position\":2,\"name\":\"Discount corner\"}]},{\"@type\":\"WebSite\",\"@id\":\"https:\/\/www.meromero.fr\/#website\",\"url\":\"https:\/\/www.meromero.fr\/\",\"name\":\"MeroMero\",\"description\":\"Share your adventures\",\"publisher\":{\"@id\":\"https:\/\/www.meromero.fr\/#organization\"},\"potentialAction\":[{\"@type\":\"SearchAction\",\"target\":{\"@type\":\"EntryPoint\",\"urlTemplate\":\"https:\/\/www.meromero.fr\/?s={search_term_string}\"},\"query-input\":\"required name=search_term_string\"}],\"inLanguage\":\"en-US\"},{\"@type\":\"Organization\",\"@id\":\"https:\/\/www.meromero.fr\/#organization\",\"name\":\"MeroMero\",\"url\":\"https:\/\/www.meromero.fr\/\",\"logo\":{\"@type\":\"ImageObject\",\"inLanguage\":\"en-US\",\"@id\":\"https:\/\/www.meromero.fr\/#\/schema\/logo\/image\/\",\"url\":\"https:\/\/www.meromero.fr\/wp-content\/uploads\/2020\/04\/logo-black.png\",\"contentUrl\":\"https:\/\/www.meromero.fr\/wp-content\/uploads\/2020\/04\/logo-black.png\",\"width\":644,\"height\":208,\"caption\":\"MeroMero\"},\"image\":{\"@id\":\"https:\/\/www.meromero.fr\/#\/schema\/logo\/image\/\"}}]}<\/script>\n<!-- \/ Yoast SEO Premium plugin. -->","yoast_head_json":{"title":"Discount corner - MeroMero","robots":{"index":"index","follow":"follow","max-snippet":"max-snippet:-1","max-image-preview":"max-image-preview:large","max-video-preview":"max-video-preview:-1"},"canonical":"https:\/\/www.meromero.fr\/en\/discount-corner\/","og_locale":"en_US","og_type":"article","og_title":"Discount corner","og_description":"[vc_row content_placement=&#8221;middle&#8221; css=&#8221;.vc_custom_1683878505906{padding-bottom: 25px !important;}&#8221; el_class=&#8221;ws-mobile-section-reverse&#8221;][vc_column][vc_empty_space height=&#8221;15px&#8221;][vc_column_text el_class=&#8221;ws-text-block&#8221;]A real treasure for those who love good deals![\/vc_column_text][\/vc_column][\/vc_row][vc_row content_placement=&#8221;middle&#8221; css=&#8221;.vc_custom_1683878505906{padding-bottom: 25px !important;}&#8221; el_class=&#8221;ws-mobile-section-reverse&#8221;][vc_column width=&#8221;1\/2&#8243;][\/vc_column][vc_column width=&#8221;1\/2&#8243;][\/vc_column][\/vc_row][vc_row content_placement=&#8221;middle&#8221; css=&#8221;.vc_custom_1683878505906{padding-bottom: 25px !important;}&#8221; el_class=&#8221;ws-mobile-section-reverse&#8221;][vc_column width=&#8221;1\/2&#8243;][\/vc_column][vc_column width=&#8221;1\/2&#8243;][\/vc_column][\/vc_row][vc_row full_width=&#8221;stretch_row&#8221; content_placement=&#8221;middle&#8221; disable_element=&#8221;yes&#8221; css=&#8221;.vc_custom_1649826995988{padding-top: 35px !important;padding-bottom: 50px !important;}&#8221; el_class=&#8221;ws-mobile-section-reverse&#8221;][vc_column width=&#8221;1\/2&#8243; el_class=&#8221;ws-mobile-text-block&#8221;][vc_single_image image=&#8221;6254&#8243; img_size=&#8221;full&#8221; alignment=&#8221;center&#8221; css_animation=&#8221;none&#8221; css=&#8221;.vc_custom_1649826670435{padding-top: 10px !important;padding-right: 10px !important;padding-bottom: 10px !important;padding-left: 10px !important;}&#8221;][\/vc_column][vc_column width=&#8221;1\/2&#8243;][vc_empty_space [&hellip;]","og_url":"https:\/\/www.meromero.fr\/en\/discount-corner\/","og_site_name":"MeroMero","article_modified_time":"2024-11-21T14:45:43+00:00","twitter_card":"summary_large_image","twitter_misc":{"Est. reading time":"1 minute"},"schema":{"@context":"https:\/\/schema.org","@graph":[{"@type":"WebPage","@id":"https:\/\/www.meromero.fr\/en\/discount-corner\/","url":"https:\/\/www.meromero.fr\/en\/discount-corner\/","name":"Discount corner - MeroMero","isPartOf":{"@id":"https:\/\/www.meromero.fr\/#website"},"datePublished":"2023-05-12T08:30:04+00:00","dateModified":"2024-11-21T14:45:43+00:00","breadcrumb":{"@id":"https:\/\/www.meromero.fr\/en\/discount-corner\/#breadcrumb"},"inLanguage":"en-US","potentialAction":[{"@type":"ReadAction","target":["https:\/\/www.meromero.fr\/en\/discount-corner\/"]}]},{"@type":"BreadcrumbList","@id":"https:\/\/www.meromero.fr\/en\/discount-corner\/#breadcrumb","itemListElement":[{"@type":"ListItem","position":1,"name":"Home","item":"https:\/\/www.meromero.fr\/en\/"},{"@type":"ListItem","position":2,"name":"Discount corner"}]},{"@type":"WebSite","@id":"https:\/\/www.meromero.fr\/#website","url":"https:\/\/www.meromero.fr\/","name":"MeroMero","description":"Share your adventures","publisher":{"@id":"https:\/\/www.meromero.fr\/#organization"},"potentialAction":[{"@type":"SearchAction","target":{"@type":"EntryPoint","urlTemplate":"https:\/\/www.meromero.fr\/?s={search_term_string}"},"query-input":"required name=search_term_string"}],"inLanguage":"en-US"},{"@type":"Organization","@id":"https:\/\/www.meromero.fr\/#organization","name":"MeroMero","url":"https:\/\/www.meromero.fr\/","logo":{"@type":"ImageObject","inLanguage":"en-US","@id":"https:\/\/www.meromero.fr\/#\/schema\/logo\/image\/","url":"https:\/\/www.meromero.fr\/wp-content\/uploads\/2020\/04\/logo-black.png","contentUrl":"https:\/\/www.meromero.fr\/wp-content\/uploads\/2020\/04\/logo-black.png","width":644,"height":208,"caption":"MeroMero"},"image":{"@id":"https:\/\/www.meromero.fr\/#\/schema\/logo\/image\/"}}]}},"_links":{"self":[{"href":"https:\/\/www.meromero.fr\/en\/wp-json\/wp\/v2\/pages\/18306"}],"collection":[{"href":"https:\/\/www.meromero.fr\/en\/wp-json\/wp\/v2\/pages"}],"about":[{"href":"https:\/\/www.meromero.fr\/en\/wp-json\/wp\/v2\/types\/page"}],"author":[{"embeddable":true,"href":"https:\/\/www.meromero.fr\/en\/wp-json\/wp\/v2\/users\/1"}],"replies":[{"embeddable":true,"href":"https:\/\/www.meromero.fr\/en\/wp-json\/wp\/v2\/comments?post=18306"}],"version-history":[{"count":7,"href":"https:\/\/www.meromero.fr\/en\/wp-json\/wp\/v2\/pages\/18306\/revisions"}],"predecessor-version":[{"id":27112,"href":"https:\/\/www.meromero.fr\/en\/wp-json\/wp\/v2\/pages\/18306\/revisions\/27112"}],"wp:attachment":[{"href":"https:\/\/www.meromero.fr\/en\/wp-json\/wp\/v2\/media?parent=18306"}],"curies":[{"name":"wp","href":"https:\/\/api.w.org\/{rel}","templated":true}]}}