{"id":11021,"date":"2021-11-26T06:16:45","date_gmt":"2021-11-26T05:16:45","guid":{"rendered":"https:\/\/www.meromero.fr\/sustainability\/"},"modified":"2022-12-30T07:07:13","modified_gmt":"2022-12-30T06:07:13","slug":"sustainability","status":"publish","type":"page","link":"https:\/\/www.meromero.fr\/en\/sustainability\/","title":{"rendered":"Sustainability"},"content":{"rendered":"<div class=\"wpb-content-wrapper\"><p>[vc_row][vc_column]<div class=\"ws-blog-index-items  ws-blog-grid-items\"><div class=\"row\"><div class=\"col-md-4 col-xs-12\">\n                                <div class=\"thumbnail\">\n                                    <figure><a href=\"https:\/\/www.meromero.fr\/en\/protect-our-winters\/\"><img loading=\"lazy\" decoding=\"async\" width=\"900\" height=\"675\" src=\"https:\/\/www.meromero.fr\/wp-content\/uploads\/2020\/06\/image_1_karmadon_presentation_association_742x360_pow2x-900x675.jpg\" class=\"img-fluid wp-post-image\" alt=\"\" \/><\/a><\/figure>\n                                    <div class=\"caption\">\n                                        <div class=\"blog-category\">\n                                        <span><a href=\"https:\/\/www.meromero.fr\/en\/category\/sustainability\/\" rel=\"category tag\">Sustainability<\/a><\/span>\n                                        <\/div>\n                                        <div class=\"blog-title\">\n                                            <a href=\"https:\/\/www.meromero.fr\/en\/protect-our-winters\/\"><h3>Protect Our Winters<\/h3><\/a>\n                                        <\/div>\n                                        <div class=\"blog-date\">\n                                            <p>21 November 2022<\/p>\n                                        <\/div>\n                                        <div class=\"ws-blog-excerpt\">\n                                        We asked our customers and our Instagram community. Finally, the eco-citizen project of the P.O.W association was chosen....\n                                        <\/div>\n\n                                        <div class=\"blog-button\">\n                                            <div class=\"custom-button ws-button-dark\">\n                                                <a class=\"ws-readmore-btn btn blog-view\" href=\"https:\/\/www.meromero.fr\/en\/protect-our-winters\/\">READ MORE <svg viewBox=\"0 0 18 11\"><path d=\"M0.531274486,5 L5.84401934,0 L6.54997442,0.664397681 L1.94318463,5 L18,5 L18,6 L1.94318463,6 L6.54997442,10.3356023 L5.84401934,11 L0.531274486,6 L0.526744927,6 L0.526744927,5.99573708 L0,5.5 L0.526744927,5.00426292 L0.526744927,5 L0.531274486,5 Z\" transform=\"matrix(-1 0 0 1 18 0)\"><\/path><\/svg><\/a>\n                                            <\/div>\n                                        <\/div>\n                                    <\/div>\n                                <\/div>\n                            <\/div><div class=\"col-md-4 col-xs-12\">\n                                <div class=\"thumbnail\">\n                                    <figure><a href=\"https:\/\/www.meromero.fr\/en\/for-my-planet\/\"><img loading=\"lazy\" decoding=\"async\" width=\"900\" height=\"675\" src=\"https:\/\/www.meromero.fr\/wp-content\/uploads\/2020\/06\/FMP_asso1pftp-1-900x675.jpg\" class=\"img-fluid wp-post-image\" alt=\"\" \/><\/a><\/figure>\n                                    <div class=\"caption\">\n                                        <div class=\"blog-category\">\n                                        <span><a href=\"https:\/\/www.meromero.fr\/en\/category\/sustainability\/\" rel=\"category tag\">Sustainability<\/a><\/span>\n                                        <\/div>\n                                        <div class=\"blog-title\">\n                                            <a href=\"https:\/\/www.meromero.fr\/en\/for-my-planet\/\"><h3>For My Planet<\/h3><\/a>\n                                        <\/div>\n                                        <div class=\"blog-date\">\n                                            <p>21 November 2022<\/p>\n                                        <\/div>\n                                        <div class=\"ws-blog-excerpt\">\n                                        When, in 2019, we first heard about Alice and Isma\u00ebl Khelifa, and their association \u201cFor My Planet\u201d...\n                                        <\/div>\n\n                                        <div class=\"blog-button\">\n                                            <div class=\"custom-button ws-button-dark\">\n                                                <a class=\"ws-readmore-btn btn blog-view\" href=\"https:\/\/www.meromero.fr\/en\/for-my-planet\/\">READ MORE <svg viewBox=\"0 0 18 11\"><path d=\"M0.531274486,5 L5.84401934,0 L6.54997442,0.664397681 L1.94318463,5 L18,5 L18,6 L1.94318463,6 L6.54997442,10.3356023 L5.84401934,11 L0.531274486,6 L0.526744927,6 L0.526744927,5.99573708 L0,5.5 L0.526744927,5.00426292 L0.526744927,5 L0.531274486,5 Z\" transform=\"matrix(-1 0 0 1 18 0)\"><\/path><\/svg><\/a>\n                                            <\/div>\n                                        <\/div>\n                                    <\/div>\n                                <\/div>\n                            <\/div><div class=\"col-md-4 col-xs-12\">\n                                <div class=\"thumbnail\">\n                                    <figure><a href=\"https:\/\/www.meromero.fr\/en\/responsible-manufacturing\/\"><img loading=\"lazy\" decoding=\"async\" width=\"900\" height=\"675\" src=\"https:\/\/www.meromero.fr\/wp-content\/uploads\/2020\/06\/SliderHome_HowMadeMyBag-900x675.jpg\" class=\"img-fluid wp-post-image\" alt=\"\" \/><\/a><\/figure>\n                                    <div class=\"caption\">\n                                        <div class=\"blog-category\">\n                                        <span><a href=\"https:\/\/www.meromero.fr\/en\/category\/sustainability\/\" rel=\"category tag\">Sustainability<\/a><\/span>\n                                        <\/div>\n                                        <div class=\"blog-title\">\n                                            <a href=\"https:\/\/www.meromero.fr\/en\/responsible-manufacturing\/\"><h3>Responsible manufacturing<\/h3><\/a>\n                                        <\/div>\n                                        <div class=\"blog-date\">\n                                            <p>22 November 2021<\/p>\n                                        <\/div>\n                                        <div class=\"ws-blog-excerpt\">\n                                        After trying in France and Slovakia, we decided to have our bags manufactured in Vietnam and we will explain to you why and under what conditions....\n                                        <\/div>\n\n                                        <div class=\"blog-button\">\n                                            <div class=\"custom-button ws-button-dark\">\n                                                <a class=\"ws-readmore-btn btn blog-view\" href=\"https:\/\/www.meromero.fr\/en\/responsible-manufacturing\/\">READ MORE <svg viewBox=\"0 0 18 11\"><path d=\"M0.531274486,5 L5.84401934,0 L6.54997442,0.664397681 L1.94318463,5 L18,5 L18,6 L1.94318463,6 L6.54997442,10.3356023 L5.84401934,11 L0.531274486,6 L0.526744927,6 L0.526744927,5.99573708 L0,5.5 L0.526744927,5.00426292 L0.526744927,5 L0.531274486,5 Z\" transform=\"matrix(-1 0 0 1 18 0)\"><\/path><\/svg><\/a>\n                                            <\/div>\n                                        <\/div>\n                                    <\/div>\n                                <\/div>\n                            <\/div><div class=\"col-md-4 col-xs-12\">\n                                <div class=\"thumbnail\">\n                                    <figure><a href=\"https:\/\/www.meromero.fr\/en\/customer-service-and-repairs\/\"><img loading=\"lazy\" decoding=\"async\" width=\"900\" height=\"675\" src=\"https:\/\/www.meromero.fr\/wp-content\/uploads\/2020\/09\/Slider_Reparation_sac_SAV_MeroMero_GreenWolf-900x675.jpg\" class=\"img-fluid wp-post-image\" alt=\"\" \/><\/a><\/figure>\n                                    <div class=\"caption\">\n                                        <div class=\"blog-category\">\n                                        <span><a href=\"https:\/\/www.meromero.fr\/en\/category\/sustainability\/\" rel=\"category tag\">Sustainability<\/a><\/span>\n                                        <\/div>\n                                        <div class=\"blog-title\">\n                                            <a href=\"https:\/\/www.meromero.fr\/en\/customer-service-and-repairs\/\"><h3>Customer service and repairs<\/h3><\/a>\n                                        <\/div>\n                                        <div class=\"blog-date\">\n                                            <p>22 November 2021<\/p>\n                                        <\/div>\n                                        <div class=\"ws-blog-excerpt\">\n                                        To last for years, a product must be repairable. This is why we work with the GreenWolf repair workshop, a specialist in outdoor textiles....\n                                        <\/div>\n\n                                        <div class=\"blog-button\">\n                                            <div class=\"custom-button ws-button-dark\">\n                                                <a class=\"ws-readmore-btn btn blog-view\" href=\"https:\/\/www.meromero.fr\/en\/customer-service-and-repairs\/\">READ MORE <svg viewBox=\"0 0 18 11\"><path d=\"M0.531274486,5 L5.84401934,0 L6.54997442,0.664397681 L1.94318463,5 L18,5 L18,6 L1.94318463,6 L6.54997442,10.3356023 L5.84401934,11 L0.531274486,6 L0.526744927,6 L0.526744927,5.99573708 L0,5.5 L0.526744927,5.00426292 L0.526744927,5 L0.531274486,5 Z\" transform=\"matrix(-1 0 0 1 18 0)\"><\/path><\/svg><\/a>\n                                            <\/div>\n                                        <\/div>\n                                    <\/div>\n                                <\/div>\n                            <\/div><div class=\"col-md-4 col-xs-12\">\n                                <div class=\"thumbnail\">\n                                    <figure><a href=\"https:\/\/www.meromero.fr\/en\/sustainable-materials\/\"><img loading=\"lazy\" decoding=\"async\" width=\"900\" height=\"506\" src=\"https:\/\/www.meromero.fr\/wp-content\/uploads\/2020\/06\/Slider_MateriauxDurables.jpg\" class=\"img-fluid wp-post-image\" alt=\"\" srcset=\"https:\/\/www.meromero.fr\/wp-content\/uploads\/2020\/06\/Slider_MateriauxDurables.jpg 1920w, https:\/\/www.meromero.fr\/wp-content\/uploads\/2020\/06\/Slider_MateriauxDurables-600x338.jpg 600w\" sizes=\"(max-width: 900px) 100vw, 900px\" \/><\/a><\/figure>\n                                    <div class=\"caption\">\n                                        <div class=\"blog-category\">\n                                        <span><a href=\"https:\/\/www.meromero.fr\/en\/category\/sustainability\/\" rel=\"category tag\">Sustainability<\/a><\/span>\n                                        <\/div>\n                                        <div class=\"blog-title\">\n                                            <a href=\"https:\/\/www.meromero.fr\/en\/sustainable-materials\/\"><h3>Sustainable materials<\/h3><\/a>\n                                        <\/div>\n                                        <div class=\"blog-date\">\n                                            <p>22 November 2021<\/p>\n                                        <\/div>\n                                        <div class=\"ws-blog-excerpt\">\n                                        What materials we use and why we select them....\n                                        <\/div>\n\n                                        <div class=\"blog-button\">\n                                            <div class=\"custom-button ws-button-dark\">\n                                                <a class=\"ws-readmore-btn btn blog-view\" href=\"https:\/\/www.meromero.fr\/en\/sustainable-materials\/\">READ MORE <svg viewBox=\"0 0 18 11\"><path d=\"M0.531274486,5 L5.84401934,0 L6.54997442,0.664397681 L1.94318463,5 L18,5 L18,6 L1.94318463,6 L6.54997442,10.3356023 L5.84401934,11 L0.531274486,6 L0.526744927,6 L0.526744927,5.99573708 L0,5.5 L0.526744927,5.00426292 L0.526744927,5 L0.531274486,5 Z\" transform=\"matrix(-1 0 0 1 18 0)\"><\/path><\/svg><\/a>\n                                            <\/div>\n                                        <\/div>\n                                    <\/div>\n                                <\/div>\n                            <\/div><div class=\"col-md-4 col-xs-12\">\n                                <div class=\"thumbnail\">\n                                    <figure><a href=\"https:\/\/www.meromero.fr\/en\/what-is-eco-design\/\"><img loading=\"lazy\" decoding=\"async\" width=\"900\" height=\"506\" src=\"https:\/\/www.meromero.fr\/wp-content\/uploads\/2019\/11\/Slider_ECOCONCEPTION.jpg\" class=\"img-fluid wp-post-image\" alt=\"\" srcset=\"https:\/\/www.meromero.fr\/wp-content\/uploads\/2019\/11\/Slider_ECOCONCEPTION.jpg 1920w, https:\/\/www.meromero.fr\/wp-content\/uploads\/2019\/11\/Slider_ECOCONCEPTION-600x338.jpg 600w\" sizes=\"(max-width: 900px) 100vw, 900px\" \/><\/a><\/figure>\n                                    <div class=\"caption\">\n                                        <div class=\"blog-category\">\n                                        <span><a href=\"https:\/\/www.meromero.fr\/en\/category\/sustainability\/\" rel=\"category tag\">Sustainability<\/a><\/span>\n                                        <\/div>\n                                        <div class=\"blog-title\">\n                                            <a href=\"https:\/\/www.meromero.fr\/en\/what-is-eco-design\/\"><h3>What is eco-design?<\/h3><\/a>\n                                        <\/div>\n                                        <div class=\"blog-date\">\n                                            <p>19 November 2021<\/p>\n                                        <\/div>\n                                        <div class=\"ws-blog-excerpt\">\n                                        Learn about our approach to eco-design through the life cycle of a backpack...\n                                        <\/div>\n\n                                        <div class=\"blog-button\">\n                                            <div class=\"custom-button ws-button-dark\">\n                                                <a class=\"ws-readmore-btn btn blog-view\" href=\"https:\/\/www.meromero.fr\/en\/what-is-eco-design\/\">READ MORE <svg viewBox=\"0 0 18 11\"><path d=\"M0.531274486,5 L5.84401934,0 L6.54997442,0.664397681 L1.94318463,5 L18,5 L18,6 L1.94318463,6 L6.54997442,10.3356023 L5.84401934,11 L0.531274486,6 L0.526744927,6 L0.526744927,5.99573708 L0,5.5 L0.526744927,5.00426292 L0.526744927,5 L0.531274486,5 Z\" transform=\"matrix(-1 0 0 1 18 0)\"><\/path><\/svg><\/a>\n                                            <\/div>\n                                        <\/div>\n                                    <\/div>\n                                <\/div>\n                            <\/div><div class=\"col-md-4 col-xs-12\">\n                                <div class=\"thumbnail\">\n                                    <figure><a href=\"https:\/\/www.meromero.fr\/emballage_reutilisable\/\"><img loading=\"lazy\" decoding=\"async\" width=\"900\" height=\"675\" src=\"https:\/\/www.meromero.fr\/wp-content\/uploads\/2020\/09\/Hipli_Boite_aux_lettres-900x675.jpg\" class=\"img-fluid wp-post-image\" alt=\"HIPI colis reutilisable retour boite jaune\" \/><\/a><\/figure>\n                                    <div class=\"caption\">\n                                        <div class=\"blog-category\">\n                                        <span><a href=\"https:\/\/www.meromero.fr\/en\/category\/durabilite\/\" rel=\"category tag\">Durabilit\u00e9<\/a><\/span>\n                                        <\/div>\n                                        <div class=\"blog-title\">\n                                            <a href=\"https:\/\/www.meromero.fr\/emballage_reutilisable\/\"><h3>Emballage r\u00e9utilisable<\/h3><\/a>\n                                        <\/div>\n                                        <div class=\"blog-date\">\n                                            <p>19 September 2020<\/p>\n                                        <\/div>\n                                        <div class=\"ws-blog-excerpt\">\n                                        Il est possible de r\u00e9duire les d\u00e9chets et de limiter son empreinte sur l'environnement gr\u00e2ce aux colis r\u00e9utilisables. On vous explique tout....\n                                        <\/div>\n\n                                        <div class=\"blog-button\">\n                                            <div class=\"custom-button ws-button-dark\">\n                                                <a class=\"ws-readmore-btn btn blog-view\" href=\"https:\/\/www.meromero.fr\/emballage_reutilisable\/\">READ MORE <svg viewBox=\"0 0 18 11\"><path d=\"M0.531274486,5 L5.84401934,0 L6.54997442,0.664397681 L1.94318463,5 L18,5 L18,6 L1.94318463,6 L6.54997442,10.3356023 L5.84401934,11 L0.531274486,6 L0.526744927,6 L0.526744927,5.99573708 L0,5.5 L0.526744927,5.00426292 L0.526744927,5 L0.531274486,5 Z\" transform=\"matrix(-1 0 0 1 18 0)\"><\/path><\/svg><\/a>\n                                            <\/div>\n                                        <\/div>\n                                    <\/div>\n                                <\/div>\n                            <\/div><div class=\"col-md-4 col-xs-12\">\n                                <div class=\"thumbnail\">\n                                    <figure><a href=\"https:\/\/www.meromero.fr\/en\/one-for-the-planet\/\"><img loading=\"lazy\" decoding=\"async\" width=\"900\" height=\"506\" src=\"https:\/\/www.meromero.fr\/wp-content\/uploads\/2020\/06\/Slider_1pftp_MeroMero.jpg\" class=\"img-fluid wp-post-image\" alt=\"\" srcset=\"https:\/\/www.meromero.fr\/wp-content\/uploads\/2020\/06\/Slider_1pftp_MeroMero.jpg 1920w, https:\/\/www.meromero.fr\/wp-content\/uploads\/2020\/06\/Slider_1pftp_MeroMero-600x338.jpg 600w\" sizes=\"(max-width: 900px) 100vw, 900px\" \/><\/a><\/figure>\n                                    <div class=\"caption\">\n                                        <div class=\"blog-category\">\n                                        <span><a href=\"https:\/\/www.meromero.fr\/en\/category\/sustainability\/\" rel=\"category tag\">Sustainability<\/a><\/span>\n                                        <\/div>\n                                        <div class=\"blog-title\">\n                                            <a href=\"https:\/\/www.meromero.fr\/en\/one-for-the-planet\/\"><h3>1% For The Planet<\/h3><\/a>\n                                        <\/div>\n                                        <div class=\"blog-date\">\n                                            <p>12 June 2020<\/p>\n                                        <\/div>\n                                        <div class=\"ws-blog-excerpt\">\n                                        For us, joining the 1% was not an option, but a must, a kind of tax that we must pay back to the planet...\n                                        <\/div>\n\n                                        <div class=\"blog-button\">\n                                            <div class=\"custom-button ws-button-dark\">\n                                                <a class=\"ws-readmore-btn btn blog-view\" href=\"https:\/\/www.meromero.fr\/en\/one-for-the-planet\/\">READ MORE <svg viewBox=\"0 0 18 11\"><path d=\"M0.531274486,5 L5.84401934,0 L6.54997442,0.664397681 L1.94318463,5 L18,5 L18,6 L1.94318463,6 L6.54997442,10.3356023 L5.84401934,11 L0.531274486,6 L0.526744927,6 L0.526744927,5.99573708 L0,5.5 L0.526744927,5.00426292 L0.526744927,5 L0.531274486,5 Z\" transform=\"matrix(-1 0 0 1 18 0)\"><\/path><\/svg><\/a>\n                                            <\/div>\n                                        <\/div>\n                                    <\/div>\n                                <\/div>\n                            <\/div><\/div><\/div>[\/vc_column][\/vc_row]<\/p>\n<\/div>","protected":false},"excerpt":{"rendered":"<p>[vc_row][vc_column][\/vc_column][\/vc_row]<\/p>\n","protected":false},"author":1,"featured_media":0,"parent":0,"menu_order":0,"comment_status":"closed","ping_status":"closed","template":"","meta":{"footnotes":""},"yoast_head":"<!-- This site is optimized with the Yoast SEO Premium plugin v22.3 (Yoast SEO v22.4) - https:\/\/yoast.com\/wordpress\/plugins\/seo\/ -->\n<title>Sustainability - MeroMero<\/title>\n<meta name=\"robots\" content=\"index, follow, max-snippet:-1, max-image-preview:large, max-video-preview:-1\" \/>\n<link rel=\"canonical\" href=\"https:\/\/www.meromero.fr\/en\/sustainability\/\" \/>\n<meta property=\"og:locale\" content=\"en_US\" \/>\n<meta property=\"og:type\" content=\"article\" \/>\n<meta property=\"og:title\" content=\"Sustainability\" \/>\n<meta property=\"og:description\" content=\"[vc_row][vc_column][\/vc_column][\/vc_row]\" \/>\n<meta property=\"og:url\" content=\"https:\/\/www.meromero.fr\/en\/sustainability\/\" \/>\n<meta property=\"og:site_name\" content=\"MeroMero\" \/>\n<meta property=\"article:modified_time\" content=\"2022-12-30T06:07:13+00:00\" \/>\n<meta name=\"twitter:card\" content=\"summary_large_image\" \/>\n<meta name=\"twitter:label1\" content=\"Est. reading time\" \/>\n\t<meta name=\"twitter:data1\" content=\"1 minute\" \/>\n<script type=\"application\/ld+json\" class=\"yoast-schema-graph\">{\"@context\":\"https:\/\/schema.org\",\"@graph\":[{\"@type\":\"WebPage\",\"@id\":\"https:\/\/www.meromero.fr\/en\/sustainability\/\",\"url\":\"https:\/\/www.meromero.fr\/en\/sustainability\/\",\"name\":\"Sustainability - MeroMero\",\"isPartOf\":{\"@id\":\"https:\/\/www.meromero.fr\/#website\"},\"datePublished\":\"2021-11-26T05:16:45+00:00\",\"dateModified\":\"2022-12-30T06:07:13+00:00\",\"breadcrumb\":{\"@id\":\"https:\/\/www.meromero.fr\/en\/sustainability\/#breadcrumb\"},\"inLanguage\":\"en-US\",\"potentialAction\":[{\"@type\":\"ReadAction\",\"target\":[\"https:\/\/www.meromero.fr\/en\/sustainability\/\"]}]},{\"@type\":\"BreadcrumbList\",\"@id\":\"https:\/\/www.meromero.fr\/en\/sustainability\/#breadcrumb\",\"itemListElement\":[{\"@type\":\"ListItem\",\"position\":1,\"name\":\"Home\",\"item\":\"https:\/\/www.meromero.fr\/en\/\"},{\"@type\":\"ListItem\",\"position\":2,\"name\":\"Sustainability\"}]},{\"@type\":\"WebSite\",\"@id\":\"https:\/\/www.meromero.fr\/#website\",\"url\":\"https:\/\/www.meromero.fr\/\",\"name\":\"MeroMero\",\"description\":\"Share your adventures\",\"publisher\":{\"@id\":\"https:\/\/www.meromero.fr\/#organization\"},\"potentialAction\":[{\"@type\":\"SearchAction\",\"target\":{\"@type\":\"EntryPoint\",\"urlTemplate\":\"https:\/\/www.meromero.fr\/?s={search_term_string}\"},\"query-input\":\"required name=search_term_string\"}],\"inLanguage\":\"en-US\"},{\"@type\":\"Organization\",\"@id\":\"https:\/\/www.meromero.fr\/#organization\",\"name\":\"MeroMero\",\"url\":\"https:\/\/www.meromero.fr\/\",\"logo\":{\"@type\":\"ImageObject\",\"inLanguage\":\"en-US\",\"@id\":\"https:\/\/www.meromero.fr\/#\/schema\/logo\/image\/\",\"url\":\"https:\/\/www.meromero.fr\/wp-content\/uploads\/2020\/04\/logo-black.png\",\"contentUrl\":\"https:\/\/www.meromero.fr\/wp-content\/uploads\/2020\/04\/logo-black.png\",\"width\":644,\"height\":208,\"caption\":\"MeroMero\"},\"image\":{\"@id\":\"https:\/\/www.meromero.fr\/#\/schema\/logo\/image\/\"}}]}<\/script>\n<!-- \/ Yoast SEO Premium plugin. -->","yoast_head_json":{"title":"Sustainability - MeroMero","robots":{"index":"index","follow":"follow","max-snippet":"max-snippet:-1","max-image-preview":"max-image-preview:large","max-video-preview":"max-video-preview:-1"},"canonical":"https:\/\/www.meromero.fr\/en\/sustainability\/","og_locale":"en_US","og_type":"article","og_title":"Sustainability","og_description":"[vc_row][vc_column][\/vc_column][\/vc_row]","og_url":"https:\/\/www.meromero.fr\/en\/sustainability\/","og_site_name":"MeroMero","article_modified_time":"2022-12-30T06:07:13+00:00","twitter_card":"summary_large_image","twitter_misc":{"Est. reading time":"1 minute"},"schema":{"@context":"https:\/\/schema.org","@graph":[{"@type":"WebPage","@id":"https:\/\/www.meromero.fr\/en\/sustainability\/","url":"https:\/\/www.meromero.fr\/en\/sustainability\/","name":"Sustainability - MeroMero","isPartOf":{"@id":"https:\/\/www.meromero.fr\/#website"},"datePublished":"2021-11-26T05:16:45+00:00","dateModified":"2022-12-30T06:07:13+00:00","breadcrumb":{"@id":"https:\/\/www.meromero.fr\/en\/sustainability\/#breadcrumb"},"inLanguage":"en-US","potentialAction":[{"@type":"ReadAction","target":["https:\/\/www.meromero.fr\/en\/sustainability\/"]}]},{"@type":"BreadcrumbList","@id":"https:\/\/www.meromero.fr\/en\/sustainability\/#breadcrumb","itemListElement":[{"@type":"ListItem","position":1,"name":"Home","item":"https:\/\/www.meromero.fr\/en\/"},{"@type":"ListItem","position":2,"name":"Sustainability"}]},{"@type":"WebSite","@id":"https:\/\/www.meromero.fr\/#website","url":"https:\/\/www.meromero.fr\/","name":"MeroMero","description":"Share your adventures","publisher":{"@id":"https:\/\/www.meromero.fr\/#organization"},"potentialAction":[{"@type":"SearchAction","target":{"@type":"EntryPoint","urlTemplate":"https:\/\/www.meromero.fr\/?s={search_term_string}"},"query-input":"required name=search_term_string"}],"inLanguage":"en-US"},{"@type":"Organization","@id":"https:\/\/www.meromero.fr\/#organization","name":"MeroMero","url":"https:\/\/www.meromero.fr\/","logo":{"@type":"ImageObject","inLanguage":"en-US","@id":"https:\/\/www.meromero.fr\/#\/schema\/logo\/image\/","url":"https:\/\/www.meromero.fr\/wp-content\/uploads\/2020\/04\/logo-black.png","contentUrl":"https:\/\/www.meromero.fr\/wp-content\/uploads\/2020\/04\/logo-black.png","width":644,"height":208,"caption":"MeroMero"},"image":{"@id":"https:\/\/www.meromero.fr\/#\/schema\/logo\/image\/"}}]}},"_links":{"self":[{"href":"https:\/\/www.meromero.fr\/en\/wp-json\/wp\/v2\/pages\/11021"}],"collection":[{"href":"https:\/\/www.meromero.fr\/en\/wp-json\/wp\/v2\/pages"}],"about":[{"href":"https:\/\/www.meromero.fr\/en\/wp-json\/wp\/v2\/types\/page"}],"author":[{"embeddable":true,"href":"https:\/\/www.meromero.fr\/en\/wp-json\/wp\/v2\/users\/1"}],"replies":[{"embeddable":true,"href":"https:\/\/www.meromero.fr\/en\/wp-json\/wp\/v2\/comments?post=11021"}],"version-history":[{"count":0,"href":"https:\/\/www.meromero.fr\/en\/wp-json\/wp\/v2\/pages\/11021\/revisions"}],"wp:attachment":[{"href":"https:\/\/www.meromero.fr\/en\/wp-json\/wp\/v2\/media?parent=11021"}],"curies":[{"name":"wp","href":"https:\/\/api.w.org\/{rel}","templated":true}]}}