{"id":32192,"date":"2025-10-09T08:52:16","date_gmt":"2025-10-09T06:53:29","guid":{"rendered":"https:\/\/www.meromero.fr\/?post_type=product&#038;p=32192"},"modified":"2026-04-25T12:20:13","modified_gmt":"2026-04-25T10:20:13","slug":"annecy-pocket","status":"publish","type":"product","link":"https:\/\/www.meromero.fr\/de\/boutique\/annecy-pocket\/","title":{"rendered":"ANNECY POCKET"},"content":{"rendered":"","protected":false},"excerpt":{"rendered":"<p><span data-sheets-root=\"1\">Den ANNECY Rucksack gibt es jetzt auch als Taschenversion. Derselbe Rucksack und Fahrradrucksack, aber mit einer versteckten Au\u00dfentasche im dreifarbigen Design. Ideal f\u00fcr eine kleine Wasserflasche, ein Sandwich, einen Regenschirm \u2026 oder was auch immer Sie m\u00f6chten. Ansonsten hat sich nichts ge\u00e4ndert: Magnetischer Rollverschluss, verstellbares Volumen von 10\u201315 l, Klettverschluss-Befestigungssystem, geringes Gewicht, zus\u00e4tzliche Seiten\u00f6ffnung, Laptopfach, geheime R\u00fcckentasche \u2026<\/span><\/p>\n<p>F\u00fcr maximale Wasserdichtigkeit (beim Radfahren) ist optional eine spezielle Regenh\u00fclle erh\u00e4ltlich.<br \/>\nEin Mini-Fotofach ist ebenfalls optional erh\u00e4ltlich.<\/p>\n","protected":false},"featured_media":33702,"comment_status":"open","ping_status":"closed","template":"","meta":[],"product_cat":[143],"product_tag":[],"yoast_head":"<!-- This site is optimized with the Yoast SEO Premium plugin v22.3 (Yoast SEO v22.4) - https:\/\/yoast.com\/wordpress\/plugins\/seo\/ -->\n<title>Annecy Pocket: Fahrradtasche \/ Rucksack | MeroMero<\/title>\n<meta name=\"description\" content=\"Entdecken Sie den neuen ANNECY Pocket Rolltop-Rucksack! Genialer, bequemer Fahrradrucksack mit neuer Basis, \u00fcberarbeitetem Klettverschluss, Au\u00dfentasche und sch\u00f6nem Futterdesign - jetzt noch besser!\" \/>\n<meta name=\"robots\" content=\"index, follow, max-snippet:-1, max-image-preview:large, max-video-preview:-1\" \/>\n<link rel=\"canonical\" href=\"https:\/\/www.meromero.fr\/de\/boutique\/annecy-pocket\/\" \/>\n<meta property=\"og:locale\" content=\"de_DE\" \/>\n<meta property=\"og:type\" content=\"article\" \/>\n<meta property=\"og:title\" content=\"ANNECY POCKET\" \/>\n<meta property=\"og:description\" content=\"Entdecken Sie den neuen ANNECY Pocket Rolltop-Rucksack! Genialer, bequemer Fahrradrucksack mit neuer Basis, \u00fcberarbeitetem Klettverschluss, Au\u00dfentasche und sch\u00f6nem Futterdesign - jetzt noch besser!\" \/>\n<meta property=\"og:url\" content=\"https:\/\/www.meromero.fr\/de\/boutique\/annecy-pocket\/\" \/>\n<meta property=\"og:site_name\" content=\"MeroMero\" \/>\n<meta property=\"article:modified_time\" content=\"2026-04-25T10:20:13+00:00\" \/>\n<meta property=\"og:image\" content=\"https:\/\/www.meromero.fr\/wp-content\/uploads\/2025\/09\/S01701_011.022_ANNECY_POCKET_Stone-Chai-Dark_Front.jpg\" \/>\n\t<meta property=\"og:image:width\" content=\"2000\" \/>\n\t<meta property=\"og:image:height\" content=\"2000\" \/>\n\t<meta property=\"og:image:type\" content=\"image\/jpeg\" \/>\n<meta name=\"twitter:card\" content=\"summary_large_image\" \/>\n<meta name=\"twitter:label1\" content=\"Verf\u00fcgbarkeit\" \/>\n\t<meta name=\"twitter:data1\" content=\"Auf Lager\" \/>\n<script type=\"application\/ld+json\" class=\"yoast-schema-graph\">{\"@context\":\"https:\/\/schema.org\",\"@graph\":[{\"@type\":\"WebPage\",\"@id\":\"https:\/\/www.meromero.fr\/de\/boutique\/annecy-pocket\/\",\"url\":\"https:\/\/www.meromero.fr\/de\/boutique\/annecy-pocket\/\",\"name\":\"Annecy Pocket: Fahrradtasche \/ Rucksack | MeroMero\",\"isPartOf\":{\"@id\":\"https:\/\/www.meromero.fr\/#website\"},\"primaryImageOfPage\":{\"@id\":\"https:\/\/www.meromero.fr\/de\/boutique\/annecy-pocket\/#primaryimage\"},\"image\":{\"@id\":\"https:\/\/www.meromero.fr\/de\/boutique\/annecy-pocket\/#primaryimage\"},\"thumbnailUrl\":\"https:\/\/www.meromero.fr\/wp-content\/uploads\/2025\/10\/S01901_027.012_ANNECY_POCKET_Sand-Dark-Stone_on-bike.jpg\",\"datePublished\":\"2025-10-09T06:53:29+00:00\",\"dateModified\":\"2026-04-25T10:20:13+00:00\",\"description\":\"Entdecken Sie den neuen ANNECY Pocket Rolltop-Rucksack! Genialer, bequemer Fahrradrucksack mit neuer Basis, \u00fcberarbeitetem Klettverschluss, Au\u00dfentasche und sch\u00f6nem Futterdesign - jetzt noch besser!\",\"breadcrumb\":{\"@id\":\"https:\/\/www.meromero.fr\/de\/boutique\/annecy-pocket\/#breadcrumb\"},\"inLanguage\":\"de\",\"potentialAction\":[{\"@type\":\"ReadAction\",\"target\":[\"https:\/\/www.meromero.fr\/de\/boutique\/annecy-pocket\/\"]}]},{\"@type\":\"ImageObject\",\"inLanguage\":\"de\",\"@id\":\"https:\/\/www.meromero.fr\/de\/boutique\/annecy-pocket\/#primaryimage\",\"url\":\"https:\/\/www.meromero.fr\/wp-content\/uploads\/2025\/10\/S01901_027.012_ANNECY_POCKET_Sand-Dark-Stone_on-bike.jpg\",\"contentUrl\":\"https:\/\/www.meromero.fr\/wp-content\/uploads\/2025\/10\/S01901_027.012_ANNECY_POCKET_Sand-Dark-Stone_on-bike.jpg\",\"width\":1200,\"height\":1600},{\"@type\":\"BreadcrumbList\",\"@id\":\"https:\/\/www.meromero.fr\/de\/boutique\/annecy-pocket\/#breadcrumb\",\"itemListElement\":[{\"@type\":\"ListItem\",\"position\":1,\"name\":\"Home\",\"item\":\"https:\/\/www.meromero.fr\/de\/\"},{\"@type\":\"ListItem\",\"position\":2,\"name\":\"Shop\",\"item\":\"https:\/\/www.meromero.fr\/de\/shop\/\"},{\"@type\":\"ListItem\",\"position\":3,\"name\":\"ANNECY POCKET\"}]},{\"@type\":\"WebSite\",\"@id\":\"https:\/\/www.meromero.fr\/#website\",\"url\":\"https:\/\/www.meromero.fr\/\",\"name\":\"MeroMero\",\"description\":\"Share your adventures\",\"publisher\":{\"@id\":\"https:\/\/www.meromero.fr\/#organization\"},\"potentialAction\":[{\"@type\":\"SearchAction\",\"target\":{\"@type\":\"EntryPoint\",\"urlTemplate\":\"https:\/\/www.meromero.fr\/?s={search_term_string}\"},\"query-input\":\"required name=search_term_string\"}],\"inLanguage\":\"de\"},{\"@type\":\"Organization\",\"@id\":\"https:\/\/www.meromero.fr\/#organization\",\"name\":\"MeroMero\",\"url\":\"https:\/\/www.meromero.fr\/\",\"logo\":{\"@type\":\"ImageObject\",\"inLanguage\":\"de\",\"@id\":\"https:\/\/www.meromero.fr\/#\/schema\/logo\/image\/\",\"url\":\"https:\/\/www.meromero.fr\/wp-content\/uploads\/2020\/04\/logo-black.png\",\"contentUrl\":\"https:\/\/www.meromero.fr\/wp-content\/uploads\/2020\/04\/logo-black.png\",\"width\":644,\"height\":208,\"caption\":\"MeroMero\"},\"image\":{\"@id\":\"https:\/\/www.meromero.fr\/#\/schema\/logo\/image\/\"}}]}<\/script>\n<meta property=\"og:availability\" content=\"instock\" \/>\n<meta property=\"product:availability\" content=\"instock\" \/>\n<meta property=\"product:condition\" content=\"new\" \/>\n<!-- \/ Yoast SEO Premium plugin. -->","yoast_head_json":{"title":"Annecy Pocket: Fahrradtasche \/ Rucksack | MeroMero","description":"Entdecken Sie den neuen ANNECY Pocket Rolltop-Rucksack! Genialer, bequemer Fahrradrucksack mit neuer Basis, \u00fcberarbeitetem Klettverschluss, Au\u00dfentasche und sch\u00f6nem Futterdesign - jetzt noch besser!","robots":{"index":"index","follow":"follow","max-snippet":"max-snippet:-1","max-image-preview":"max-image-preview:large","max-video-preview":"max-video-preview:-1"},"canonical":"https:\/\/www.meromero.fr\/de\/boutique\/annecy-pocket\/","og_locale":"de_DE","og_type":"article","og_title":"ANNECY POCKET","og_description":"Entdecken Sie den neuen ANNECY Pocket Rolltop-Rucksack! Genialer, bequemer Fahrradrucksack mit neuer Basis, \u00fcberarbeitetem Klettverschluss, Au\u00dfentasche und sch\u00f6nem Futterdesign - jetzt noch besser!","og_url":"https:\/\/www.meromero.fr\/de\/boutique\/annecy-pocket\/","og_site_name":"MeroMero","article_modified_time":"2026-04-25T10:20:13+00:00","og_image":[{"width":2000,"height":2000,"url":"https:\/\/www.meromero.fr\/wp-content\/uploads\/2025\/09\/S01701_011.022_ANNECY_POCKET_Stone-Chai-Dark_Front.jpg","type":"image\/jpeg"}],"twitter_card":"summary_large_image","twitter_misc":{"Verf\u00fcgbarkeit":"Auf Lager"},"schema":{"@context":"https:\/\/schema.org","@graph":[{"@type":"WebPage","@id":"https:\/\/www.meromero.fr\/de\/boutique\/annecy-pocket\/","url":"https:\/\/www.meromero.fr\/de\/boutique\/annecy-pocket\/","name":"Annecy Pocket: Fahrradtasche \/ Rucksack | MeroMero","isPartOf":{"@id":"https:\/\/www.meromero.fr\/#website"},"primaryImageOfPage":{"@id":"https:\/\/www.meromero.fr\/de\/boutique\/annecy-pocket\/#primaryimage"},"image":{"@id":"https:\/\/www.meromero.fr\/de\/boutique\/annecy-pocket\/#primaryimage"},"thumbnailUrl":"https:\/\/www.meromero.fr\/wp-content\/uploads\/2025\/10\/S01901_027.012_ANNECY_POCKET_Sand-Dark-Stone_on-bike.jpg","datePublished":"2025-10-09T06:53:29+00:00","dateModified":"2026-04-25T10:20:13+00:00","description":"Entdecken Sie den neuen ANNECY Pocket Rolltop-Rucksack! Genialer, bequemer Fahrradrucksack mit neuer Basis, \u00fcberarbeitetem Klettverschluss, Au\u00dfentasche und sch\u00f6nem Futterdesign - jetzt noch besser!","breadcrumb":{"@id":"https:\/\/www.meromero.fr\/de\/boutique\/annecy-pocket\/#breadcrumb"},"inLanguage":"de","potentialAction":[{"@type":"ReadAction","target":["https:\/\/www.meromero.fr\/de\/boutique\/annecy-pocket\/"]}]},{"@type":"ImageObject","inLanguage":"de","@id":"https:\/\/www.meromero.fr\/de\/boutique\/annecy-pocket\/#primaryimage","url":"https:\/\/www.meromero.fr\/wp-content\/uploads\/2025\/10\/S01901_027.012_ANNECY_POCKET_Sand-Dark-Stone_on-bike.jpg","contentUrl":"https:\/\/www.meromero.fr\/wp-content\/uploads\/2025\/10\/S01901_027.012_ANNECY_POCKET_Sand-Dark-Stone_on-bike.jpg","width":1200,"height":1600},{"@type":"BreadcrumbList","@id":"https:\/\/www.meromero.fr\/de\/boutique\/annecy-pocket\/#breadcrumb","itemListElement":[{"@type":"ListItem","position":1,"name":"Home","item":"https:\/\/www.meromero.fr\/de\/"},{"@type":"ListItem","position":2,"name":"Shop","item":"https:\/\/www.meromero.fr\/de\/shop\/"},{"@type":"ListItem","position":3,"name":"ANNECY POCKET"}]},{"@type":"WebSite","@id":"https:\/\/www.meromero.fr\/#website","url":"https:\/\/www.meromero.fr\/","name":"MeroMero","description":"Share your adventures","publisher":{"@id":"https:\/\/www.meromero.fr\/#organization"},"potentialAction":[{"@type":"SearchAction","target":{"@type":"EntryPoint","urlTemplate":"https:\/\/www.meromero.fr\/?s={search_term_string}"},"query-input":"required name=search_term_string"}],"inLanguage":"de"},{"@type":"Organization","@id":"https:\/\/www.meromero.fr\/#organization","name":"MeroMero","url":"https:\/\/www.meromero.fr\/","logo":{"@type":"ImageObject","inLanguage":"de","@id":"https:\/\/www.meromero.fr\/#\/schema\/logo\/image\/","url":"https:\/\/www.meromero.fr\/wp-content\/uploads\/2020\/04\/logo-black.png","contentUrl":"https:\/\/www.meromero.fr\/wp-content\/uploads\/2020\/04\/logo-black.png","width":644,"height":208,"caption":"MeroMero"},"image":{"@id":"https:\/\/www.meromero.fr\/#\/schema\/logo\/image\/"}}]},"og_availability":"instock","product_availability":"instock","product_condition":"new"},"_links":{"self":[{"href":"https:\/\/www.meromero.fr\/de\/wp-json\/wp\/v2\/product\/32192"}],"collection":[{"href":"https:\/\/www.meromero.fr\/de\/wp-json\/wp\/v2\/product"}],"about":[{"href":"https:\/\/www.meromero.fr\/de\/wp-json\/wp\/v2\/types\/product"}],"replies":[{"embeddable":true,"href":"https:\/\/www.meromero.fr\/de\/wp-json\/wp\/v2\/comments?post=32192"}],"wp:featuredmedia":[{"embeddable":true,"href":"https:\/\/www.meromero.fr\/de\/wp-json\/wp\/v2\/media\/33702"}],"wp:attachment":[{"href":"https:\/\/www.meromero.fr\/de\/wp-json\/wp\/v2\/media?parent=32192"}],"wp:term":[{"taxonomy":"product_cat","embeddable":true,"href":"https:\/\/www.meromero.fr\/de\/wp-json\/wp\/v2\/product_cat?post=32192"},{"taxonomy":"product_tag","embeddable":true,"href":"https:\/\/www.meromero.fr\/de\/wp-json\/wp\/v2\/product_tag?post=32192"}],"curies":[{"name":"wp","href":"https:\/\/api.w.org\/{rel}","templated":true}]}}