{"id":28452,"date":"2025-02-28T14:53:16","date_gmt":"2025-02-28T13:53:17","guid":{"rendered":"https:\/\/www.meromero.fr\/?post_type=product&#038;p=28452"},"modified":"2026-04-28T23:00:56","modified_gmt":"2026-04-28T21:00:56","slug":"norrebro-messenger","status":"publish","type":"product","link":"https:\/\/www.meromero.fr\/de\/boutique\/norrebro-messenger\/","title":{"rendered":"NORREBRO:  messenger"},"content":{"rendered":"","protected":false},"excerpt":{"rendered":"<p>Schlichte, minimalistische Umh\u00e4ngetasche, die f\u00fcr verschiedene Zwecke verwendet werden kann: Computertasche, Fototasche, Wickeltasche, Yogatasche und sogar als Handw\u00e4rmer!<\/p>\n<p>Mit ihrem Roll-Top-Verschluss l\u00e4sst sich das Volumen der Messenger Tasche von 10 bis 20 Liter anpassen. Im Inneren kannst du einen 14-Zoll-Computer transportieren (gepolsterte Tasche) und deinen ganzen Kram in den Netztaschen verstauen.<br \/>\nAu\u00dfen hat die Tasche eine dehnbare Mesh-Tasche f\u00fcr die Trinkflasche und ein Gummiband, um einen Regenschirm, eine Jacke usw. zu befestigen. Auf der R\u00fcckseite befindet sich eine versteckte, gepolsterte Rei\u00dfverschlusstasche f\u00fcr Smartphone, Brille, Geldb\u00f6rse usw. sowie eine Schlaufe, um die Tasche am Koffer zu befestigen.<\/p>\n<p>Eine kleine Besonderheit, die diese Tasche zu einem einzigartigen Produkt macht: Sie hat eine gro\u00dfe Fronttasche mit doppeltem Rei\u00dfverschluss f\u00fcr den beidh\u00e4ndigen Zugriff (rechts oder links). Man kann darin auch eine Yogamatte, ein Stativ oder die H\u00e4nde packen&#8230; um sie im Winter zu w\u00e4rmen \ud83d\ude06.<\/p>\n<p>Was den Komfort angeht, ist die NORREBRO superleicht und mit einem ergonomischen Gurt ausgestattet.<br \/>\nF\u00fcr Radfahrer gibt es einen optionalen Gurt, der die Tasche auf dem R\u00fccken fixiert.<\/p>\n","protected":false},"featured_media":33654,"comment_status":"open","ping_status":"closed","template":"","meta":[],"product_cat":[143],"product_tag":[],"yoast_head":"<!-- This site is optimized with the Yoast SEO Premium plugin v22.3 (Yoast SEO v22.4) - https:\/\/yoast.com\/wordpress\/plugins\/seo\/ -->\n<title>NORREBRO: messenger - MeroMero<\/title>\n<meta name=\"description\" content=\"Minimalistische und vielseitige Umh\u00e4ngetasche: Laptop, Kamera, Wickeltasche, Yoga\u2026 Anpassbares Volumen 10-20L, 14&quot; gepolsterte Tasche, ultraleicht und ergonomisch.\" \/>\n<meta name=\"robots\" content=\"index, follow, max-snippet:-1, max-image-preview:large, max-video-preview:-1\" \/>\n<link rel=\"canonical\" href=\"https:\/\/www.meromero.fr\/de\/boutique\/norrebro-messenger\/\" \/>\n<meta property=\"og:locale\" content=\"de_DE\" \/>\n<meta property=\"og:type\" content=\"article\" \/>\n<meta property=\"og:title\" content=\"NORREBRO: messenger\" \/>\n<meta property=\"og:description\" content=\"Minimalistische und vielseitige Umh\u00e4ngetasche: Laptop, Kamera, Wickeltasche, Yoga\u2026 Anpassbares Volumen 10-20L, 14&quot; gepolsterte Tasche, ultraleicht und ergonomisch.\" \/>\n<meta property=\"og:url\" content=\"https:\/\/www.meromero.fr\/de\/boutique\/norrebro-messenger\/\" \/>\n<meta property=\"og:site_name\" content=\"MeroMero\" \/>\n<meta property=\"article:modified_time\" content=\"2026-04-28T21:00:56+00:00\" \/>\n<meta property=\"og:image\" content=\"https:\/\/www.meromero.fr\/wp-content\/uploads\/2025\/02\/S01501_012.014_NORREBRO_DarkGrey_Front.jpg\" \/>\n\t<meta property=\"og:image:width\" content=\"2000\" \/>\n\t<meta property=\"og:image:height\" content=\"2000\" \/>\n\t<meta property=\"og:image:type\" content=\"image\/jpeg\" \/>\n<meta name=\"twitter:card\" content=\"summary_large_image\" \/>\n<meta name=\"twitter:label1\" content=\"Verf\u00fcgbarkeit\" \/>\n\t<meta name=\"twitter:data1\" content=\"Auf Lager\" \/>\n<script type=\"application\/ld+json\" class=\"yoast-schema-graph\">{\"@context\":\"https:\/\/schema.org\",\"@graph\":[{\"@type\":\"WebPage\",\"@id\":\"https:\/\/www.meromero.fr\/de\/boutique\/norrebro-messenger\/\",\"url\":\"https:\/\/www.meromero.fr\/de\/boutique\/norrebro-messenger\/\",\"name\":\"NORREBRO: messenger - MeroMero\",\"isPartOf\":{\"@id\":\"https:\/\/www.meromero.fr\/#website\"},\"primaryImageOfPage\":{\"@id\":\"https:\/\/www.meromero.fr\/de\/boutique\/norrebro-messenger\/#primaryimage\"},\"image\":{\"@id\":\"https:\/\/www.meromero.fr\/de\/boutique\/norrebro-messenger\/#primaryimage\"},\"thumbnailUrl\":\"https:\/\/www.meromero.fr\/wp-content\/uploads\/2026\/03\/S01501_027.013_NORREBRO_sand_front-1.jpg\",\"datePublished\":\"2025-02-28T13:53:17+00:00\",\"dateModified\":\"2026-04-28T21:00:56+00:00\",\"description\":\"Minimalistische und vielseitige Umh\u00e4ngetasche: Laptop, Kamera, Wickeltasche, Yoga\u2026 Anpassbares Volumen 10-20L, 14\\\" gepolsterte Tasche, ultraleicht und ergonomisch.\",\"breadcrumb\":{\"@id\":\"https:\/\/www.meromero.fr\/de\/boutique\/norrebro-messenger\/#breadcrumb\"},\"inLanguage\":\"de\",\"potentialAction\":[{\"@type\":\"ReadAction\",\"target\":[\"https:\/\/www.meromero.fr\/de\/boutique\/norrebro-messenger\/\"]}]},{\"@type\":\"ImageObject\",\"inLanguage\":\"de\",\"@id\":\"https:\/\/www.meromero.fr\/de\/boutique\/norrebro-messenger\/#primaryimage\",\"url\":\"https:\/\/www.meromero.fr\/wp-content\/uploads\/2026\/03\/S01501_027.013_NORREBRO_sand_front-1.jpg\",\"contentUrl\":\"https:\/\/www.meromero.fr\/wp-content\/uploads\/2026\/03\/S01501_027.013_NORREBRO_sand_front-1.jpg\",\"width\":2000,\"height\":2000},{\"@type\":\"BreadcrumbList\",\"@id\":\"https:\/\/www.meromero.fr\/de\/boutique\/norrebro-messenger\/#breadcrumb\",\"itemListElement\":[{\"@type\":\"ListItem\",\"position\":1,\"name\":\"Home\",\"item\":\"https:\/\/www.meromero.fr\/de\/\"},{\"@type\":\"ListItem\",\"position\":2,\"name\":\"Shop\",\"item\":\"https:\/\/www.meromero.fr\/de\/shop\/\"},{\"@type\":\"ListItem\",\"position\":3,\"name\":\"NORREBRO: messenger\"}]},{\"@type\":\"WebSite\",\"@id\":\"https:\/\/www.meromero.fr\/#website\",\"url\":\"https:\/\/www.meromero.fr\/\",\"name\":\"MeroMero\",\"description\":\"Share your adventures\",\"publisher\":{\"@id\":\"https:\/\/www.meromero.fr\/#organization\"},\"potentialAction\":[{\"@type\":\"SearchAction\",\"target\":{\"@type\":\"EntryPoint\",\"urlTemplate\":\"https:\/\/www.meromero.fr\/?s={search_term_string}\"},\"query-input\":\"required name=search_term_string\"}],\"inLanguage\":\"de\"},{\"@type\":\"Organization\",\"@id\":\"https:\/\/www.meromero.fr\/#organization\",\"name\":\"MeroMero\",\"url\":\"https:\/\/www.meromero.fr\/\",\"logo\":{\"@type\":\"ImageObject\",\"inLanguage\":\"de\",\"@id\":\"https:\/\/www.meromero.fr\/#\/schema\/logo\/image\/\",\"url\":\"https:\/\/www.meromero.fr\/wp-content\/uploads\/2020\/04\/logo-black.png\",\"contentUrl\":\"https:\/\/www.meromero.fr\/wp-content\/uploads\/2020\/04\/logo-black.png\",\"width\":644,\"height\":208,\"caption\":\"MeroMero\"},\"image\":{\"@id\":\"https:\/\/www.meromero.fr\/#\/schema\/logo\/image\/\"}}]}<\/script>\n<meta property=\"og:availability\" content=\"instock\" \/>\n<meta property=\"product:availability\" content=\"instock\" \/>\n<meta property=\"product:condition\" content=\"new\" \/>\n<!-- \/ Yoast SEO Premium plugin. -->","yoast_head_json":{"title":"NORREBRO: messenger - MeroMero","description":"Minimalistische und vielseitige Umh\u00e4ngetasche: Laptop, Kamera, Wickeltasche, Yoga\u2026 Anpassbares Volumen 10-20L, 14\" gepolsterte Tasche, ultraleicht und ergonomisch.","robots":{"index":"index","follow":"follow","max-snippet":"max-snippet:-1","max-image-preview":"max-image-preview:large","max-video-preview":"max-video-preview:-1"},"canonical":"https:\/\/www.meromero.fr\/de\/boutique\/norrebro-messenger\/","og_locale":"de_DE","og_type":"article","og_title":"NORREBRO: messenger","og_description":"Minimalistische und vielseitige Umh\u00e4ngetasche: Laptop, Kamera, Wickeltasche, Yoga\u2026 Anpassbares Volumen 10-20L, 14\" gepolsterte Tasche, ultraleicht und ergonomisch.","og_url":"https:\/\/www.meromero.fr\/de\/boutique\/norrebro-messenger\/","og_site_name":"MeroMero","article_modified_time":"2026-04-28T21:00:56+00:00","og_image":[{"width":2000,"height":2000,"url":"https:\/\/www.meromero.fr\/wp-content\/uploads\/2025\/02\/S01501_012.014_NORREBRO_DarkGrey_Front.jpg","type":"image\/jpeg"}],"twitter_card":"summary_large_image","twitter_misc":{"Verf\u00fcgbarkeit":"Auf Lager"},"schema":{"@context":"https:\/\/schema.org","@graph":[{"@type":"WebPage","@id":"https:\/\/www.meromero.fr\/de\/boutique\/norrebro-messenger\/","url":"https:\/\/www.meromero.fr\/de\/boutique\/norrebro-messenger\/","name":"NORREBRO: messenger - MeroMero","isPartOf":{"@id":"https:\/\/www.meromero.fr\/#website"},"primaryImageOfPage":{"@id":"https:\/\/www.meromero.fr\/de\/boutique\/norrebro-messenger\/#primaryimage"},"image":{"@id":"https:\/\/www.meromero.fr\/de\/boutique\/norrebro-messenger\/#primaryimage"},"thumbnailUrl":"https:\/\/www.meromero.fr\/wp-content\/uploads\/2026\/03\/S01501_027.013_NORREBRO_sand_front-1.jpg","datePublished":"2025-02-28T13:53:17+00:00","dateModified":"2026-04-28T21:00:56+00:00","description":"Minimalistische und vielseitige Umh\u00e4ngetasche: Laptop, Kamera, Wickeltasche, Yoga\u2026 Anpassbares Volumen 10-20L, 14\" gepolsterte Tasche, ultraleicht und ergonomisch.","breadcrumb":{"@id":"https:\/\/www.meromero.fr\/de\/boutique\/norrebro-messenger\/#breadcrumb"},"inLanguage":"de","potentialAction":[{"@type":"ReadAction","target":["https:\/\/www.meromero.fr\/de\/boutique\/norrebro-messenger\/"]}]},{"@type":"ImageObject","inLanguage":"de","@id":"https:\/\/www.meromero.fr\/de\/boutique\/norrebro-messenger\/#primaryimage","url":"https:\/\/www.meromero.fr\/wp-content\/uploads\/2026\/03\/S01501_027.013_NORREBRO_sand_front-1.jpg","contentUrl":"https:\/\/www.meromero.fr\/wp-content\/uploads\/2026\/03\/S01501_027.013_NORREBRO_sand_front-1.jpg","width":2000,"height":2000},{"@type":"BreadcrumbList","@id":"https:\/\/www.meromero.fr\/de\/boutique\/norrebro-messenger\/#breadcrumb","itemListElement":[{"@type":"ListItem","position":1,"name":"Home","item":"https:\/\/www.meromero.fr\/de\/"},{"@type":"ListItem","position":2,"name":"Shop","item":"https:\/\/www.meromero.fr\/de\/shop\/"},{"@type":"ListItem","position":3,"name":"NORREBRO: messenger"}]},{"@type":"WebSite","@id":"https:\/\/www.meromero.fr\/#website","url":"https:\/\/www.meromero.fr\/","name":"MeroMero","description":"Share your adventures","publisher":{"@id":"https:\/\/www.meromero.fr\/#organization"},"potentialAction":[{"@type":"SearchAction","target":{"@type":"EntryPoint","urlTemplate":"https:\/\/www.meromero.fr\/?s={search_term_string}"},"query-input":"required name=search_term_string"}],"inLanguage":"de"},{"@type":"Organization","@id":"https:\/\/www.meromero.fr\/#organization","name":"MeroMero","url":"https:\/\/www.meromero.fr\/","logo":{"@type":"ImageObject","inLanguage":"de","@id":"https:\/\/www.meromero.fr\/#\/schema\/logo\/image\/","url":"https:\/\/www.meromero.fr\/wp-content\/uploads\/2020\/04\/logo-black.png","contentUrl":"https:\/\/www.meromero.fr\/wp-content\/uploads\/2020\/04\/logo-black.png","width":644,"height":208,"caption":"MeroMero"},"image":{"@id":"https:\/\/www.meromero.fr\/#\/schema\/logo\/image\/"}}]},"og_availability":"instock","product_availability":"instock","product_condition":"new"},"_links":{"self":[{"href":"https:\/\/www.meromero.fr\/de\/wp-json\/wp\/v2\/product\/28452"}],"collection":[{"href":"https:\/\/www.meromero.fr\/de\/wp-json\/wp\/v2\/product"}],"about":[{"href":"https:\/\/www.meromero.fr\/de\/wp-json\/wp\/v2\/types\/product"}],"replies":[{"embeddable":true,"href":"https:\/\/www.meromero.fr\/de\/wp-json\/wp\/v2\/comments?post=28452"}],"wp:featuredmedia":[{"embeddable":true,"href":"https:\/\/www.meromero.fr\/de\/wp-json\/wp\/v2\/media\/33654"}],"wp:attachment":[{"href":"https:\/\/www.meromero.fr\/de\/wp-json\/wp\/v2\/media?parent=28452"}],"wp:term":[{"taxonomy":"product_cat","embeddable":true,"href":"https:\/\/www.meromero.fr\/de\/wp-json\/wp\/v2\/product_cat?post=28452"},{"taxonomy":"product_tag","embeddable":true,"href":"https:\/\/www.meromero.fr\/de\/wp-json\/wp\/v2\/product_tag?post=28452"}],"curies":[{"name":"wp","href":"https:\/\/api.w.org\/{rel}","templated":true}]}}