{"id":27000,"date":"2024-11-21T10:45:44","date_gmt":"2024-11-21T09:45:44","guid":{"rendered":"https:\/\/www.meromero.fr\/?post_type=product&#038;p=27000"},"modified":"2026-04-22T18:32:35","modified_gmt":"2026-04-22T16:32:35","slug":"capsule-oops","status":"publish","type":"product","link":"https:\/\/www.meromero.fr\/de\/boutique\/capsule-oops\/","title":{"rendered":"Capsule OOPS"},"content":{"rendered":"","protected":false},"excerpt":{"rendered":"<p>Als wir die neue Farbe Aubergine entwickelten, kam beim ersten Versuch leider eine Farbe heraus, die uns &#8220;zu lila&#8221; erschien. Anstatt aber die 50 Meter Stoff wegzuwerfen, die wir f\u00fcr diesen Test ben\u00f6tigten, entschieden wir uns daf\u00fcr, eine kleine Kapselkollektion zu kreieren, die wir \u201eOops\u201c nannten.<\/p>\n<p><b>Das Ergebnis: eine poppige und einzigartige Kollektion, die zusammen mit den Farben Silver Pine und Blossom Pink die Kontraste spielen l\u00e4sst.<\/b><\/p>\n<p>Bitte beachte, dass die OOPS-Kollektion nur in sehr kleinen Mengen erh\u00e4ltlich ist:<br \/>\n&#8211; TORQUAY (Purple\/Blossom Pink)<br \/>\n&#8211; HO\u00cfAN und MINI-HO\u00cfAN (Purple)<br \/>\n&#8211; POPOYO (Purple\/Blossom Pink\/Silver Pine)<br \/>\n&#8211; YALETOWN (Purple\/Silver Pine)<br \/>\n&#8211; STUFF POUCH (Purple\/Cypress green)<\/p>\n","protected":false},"featured_media":27160,"comment_status":"open","ping_status":"closed","template":"","meta":[],"product_cat":[141],"product_tag":[],"yoast_head":"<!-- This site is optimized with the Yoast SEO Premium plugin v22.3 (Yoast SEO v22.4) - https:\/\/yoast.com\/wordpress\/plugins\/seo\/ -->\n<title>Capsule OUPS : une collection peps et in\u00e9dite - MeroMero<\/title>\n<meta name=\"description\" content=\"Capsule OUPS : une collection peps et in\u00e9dite qui joue les contrastes avec le Silver Pine et le Blossom Pink.\" \/>\n<meta name=\"robots\" content=\"index, follow, max-snippet:-1, max-image-preview:large, max-video-preview:-1\" \/>\n<link rel=\"canonical\" href=\"https:\/\/www.meromero.fr\/de\/boutique\/capsule-oops\/\" \/>\n<meta property=\"og:locale\" content=\"de_DE\" \/>\n<meta property=\"og:type\" content=\"article\" \/>\n<meta property=\"og:title\" content=\"Capsule OOPS\" \/>\n<meta property=\"og:description\" content=\"Capsule OUPS : une collection peps et in\u00e9dite qui joue les contrastes avec le Silver Pine et le Blossom Pink.\" \/>\n<meta property=\"og:url\" content=\"https:\/\/www.meromero.fr\/de\/boutique\/capsule-oops\/\" \/>\n<meta property=\"og:site_name\" content=\"MeroMero\" \/>\n<meta property=\"article:modified_time\" content=\"2026-04-22T16:32:35+00:00\" \/>\n<meta property=\"og:image\" content=\"https:\/\/www.meromero.fr\/wp-content\/uploads\/2024\/11\/404_Oups_Main_1_MeroMero_AnaisBrebion.jpg\" \/>\n\t<meta property=\"og:image:width\" content=\"785\" \/>\n\t<meta property=\"og:image:height\" content=\"1100\" \/>\n\t<meta property=\"og:image:type\" content=\"image\/jpeg\" \/>\n<meta name=\"twitter:card\" content=\"summary_large_image\" \/>\n<meta name=\"twitter:label1\" content=\"Verf\u00fcgbarkeit\" \/>\n\t<meta name=\"twitter:data1\" content=\"ausverkauft\" \/>\n<script type=\"application\/ld+json\" class=\"yoast-schema-graph\">{\"@context\":\"https:\/\/schema.org\",\"@graph\":[{\"@type\":\"WebPage\",\"@id\":\"https:\/\/www.meromero.fr\/de\/boutique\/capsule-oops\/\",\"url\":\"https:\/\/www.meromero.fr\/de\/boutique\/capsule-oops\/\",\"name\":\"Capsule OUPS : une collection peps et in\u00e9dite - MeroMero\",\"isPartOf\":{\"@id\":\"https:\/\/www.meromero.fr\/#website\"},\"primaryImageOfPage\":{\"@id\":\"https:\/\/www.meromero.fr\/de\/boutique\/capsule-oops\/#primaryimage\"},\"image\":{\"@id\":\"https:\/\/www.meromero.fr\/de\/boutique\/capsule-oops\/#primaryimage\"},\"thumbnailUrl\":\"https:\/\/www.meromero.fr\/wp-content\/uploads\/2024\/11\/404_Oups_Main_1_MeroMero_AnaisBrebion.jpg\",\"datePublished\":\"2024-11-21T09:45:44+00:00\",\"dateModified\":\"2026-04-22T16:32:35+00:00\",\"description\":\"Capsule OUPS : une collection peps et in\u00e9dite qui joue les contrastes avec le Silver Pine et le Blossom Pink.\",\"breadcrumb\":{\"@id\":\"https:\/\/www.meromero.fr\/de\/boutique\/capsule-oops\/#breadcrumb\"},\"inLanguage\":\"de\",\"potentialAction\":[{\"@type\":\"ReadAction\",\"target\":[\"https:\/\/www.meromero.fr\/de\/boutique\/capsule-oops\/\"]}]},{\"@type\":\"ImageObject\",\"inLanguage\":\"de\",\"@id\":\"https:\/\/www.meromero.fr\/de\/boutique\/capsule-oops\/#primaryimage\",\"url\":\"https:\/\/www.meromero.fr\/wp-content\/uploads\/2024\/11\/404_Oups_Main_1_MeroMero_AnaisBrebion.jpg\",\"contentUrl\":\"https:\/\/www.meromero.fr\/wp-content\/uploads\/2024\/11\/404_Oups_Main_1_MeroMero_AnaisBrebion.jpg\",\"width\":785,\"height\":1100},{\"@type\":\"BreadcrumbList\",\"@id\":\"https:\/\/www.meromero.fr\/de\/boutique\/capsule-oops\/#breadcrumb\",\"itemListElement\":[{\"@type\":\"ListItem\",\"position\":1,\"name\":\"Home\",\"item\":\"https:\/\/www.meromero.fr\/de\/\"},{\"@type\":\"ListItem\",\"position\":2,\"name\":\"Shop\",\"item\":\"https:\/\/www.meromero.fr\/de\/shop\/\"},{\"@type\":\"ListItem\",\"position\":3,\"name\":\"Capsule OOPS\"}]},{\"@type\":\"WebSite\",\"@id\":\"https:\/\/www.meromero.fr\/#website\",\"url\":\"https:\/\/www.meromero.fr\/\",\"name\":\"MeroMero\",\"description\":\"Share your adventures\",\"publisher\":{\"@id\":\"https:\/\/www.meromero.fr\/#organization\"},\"potentialAction\":[{\"@type\":\"SearchAction\",\"target\":{\"@type\":\"EntryPoint\",\"urlTemplate\":\"https:\/\/www.meromero.fr\/?s={search_term_string}\"},\"query-input\":\"required name=search_term_string\"}],\"inLanguage\":\"de\"},{\"@type\":\"Organization\",\"@id\":\"https:\/\/www.meromero.fr\/#organization\",\"name\":\"MeroMero\",\"url\":\"https:\/\/www.meromero.fr\/\",\"logo\":{\"@type\":\"ImageObject\",\"inLanguage\":\"de\",\"@id\":\"https:\/\/www.meromero.fr\/#\/schema\/logo\/image\/\",\"url\":\"https:\/\/www.meromero.fr\/wp-content\/uploads\/2020\/04\/logo-black.png\",\"contentUrl\":\"https:\/\/www.meromero.fr\/wp-content\/uploads\/2020\/04\/logo-black.png\",\"width\":644,\"height\":208,\"caption\":\"MeroMero\"},\"image\":{\"@id\":\"https:\/\/www.meromero.fr\/#\/schema\/logo\/image\/\"}}]}<\/script>\n<meta property=\"og:availability\" content=\"out of stock\" \/>\n<meta property=\"product:availability\" content=\"out of stock\" \/>\n<meta property=\"product:condition\" content=\"new\" \/>\n<!-- \/ Yoast SEO Premium plugin. -->","yoast_head_json":{"title":"Capsule OUPS : une collection peps et in\u00e9dite - MeroMero","description":"Capsule OUPS : une collection peps et in\u00e9dite qui joue les contrastes avec le Silver Pine et le Blossom Pink.","robots":{"index":"index","follow":"follow","max-snippet":"max-snippet:-1","max-image-preview":"max-image-preview:large","max-video-preview":"max-video-preview:-1"},"canonical":"https:\/\/www.meromero.fr\/de\/boutique\/capsule-oops\/","og_locale":"de_DE","og_type":"article","og_title":"Capsule OOPS","og_description":"Capsule OUPS : une collection peps et in\u00e9dite qui joue les contrastes avec le Silver Pine et le Blossom Pink.","og_url":"https:\/\/www.meromero.fr\/de\/boutique\/capsule-oops\/","og_site_name":"MeroMero","article_modified_time":"2026-04-22T16:32:35+00:00","og_image":[{"width":785,"height":1100,"url":"https:\/\/www.meromero.fr\/wp-content\/uploads\/2024\/11\/404_Oups_Main_1_MeroMero_AnaisBrebion.jpg","type":"image\/jpeg"}],"twitter_card":"summary_large_image","twitter_misc":{"Verf\u00fcgbarkeit":"ausverkauft"},"schema":{"@context":"https:\/\/schema.org","@graph":[{"@type":"WebPage","@id":"https:\/\/www.meromero.fr\/de\/boutique\/capsule-oops\/","url":"https:\/\/www.meromero.fr\/de\/boutique\/capsule-oops\/","name":"Capsule OUPS : une collection peps et in\u00e9dite - MeroMero","isPartOf":{"@id":"https:\/\/www.meromero.fr\/#website"},"primaryImageOfPage":{"@id":"https:\/\/www.meromero.fr\/de\/boutique\/capsule-oops\/#primaryimage"},"image":{"@id":"https:\/\/www.meromero.fr\/de\/boutique\/capsule-oops\/#primaryimage"},"thumbnailUrl":"https:\/\/www.meromero.fr\/wp-content\/uploads\/2024\/11\/404_Oups_Main_1_MeroMero_AnaisBrebion.jpg","datePublished":"2024-11-21T09:45:44+00:00","dateModified":"2026-04-22T16:32:35+00:00","description":"Capsule OUPS : une collection peps et in\u00e9dite qui joue les contrastes avec le Silver Pine et le Blossom Pink.","breadcrumb":{"@id":"https:\/\/www.meromero.fr\/de\/boutique\/capsule-oops\/#breadcrumb"},"inLanguage":"de","potentialAction":[{"@type":"ReadAction","target":["https:\/\/www.meromero.fr\/de\/boutique\/capsule-oops\/"]}]},{"@type":"ImageObject","inLanguage":"de","@id":"https:\/\/www.meromero.fr\/de\/boutique\/capsule-oops\/#primaryimage","url":"https:\/\/www.meromero.fr\/wp-content\/uploads\/2024\/11\/404_Oups_Main_1_MeroMero_AnaisBrebion.jpg","contentUrl":"https:\/\/www.meromero.fr\/wp-content\/uploads\/2024\/11\/404_Oups_Main_1_MeroMero_AnaisBrebion.jpg","width":785,"height":1100},{"@type":"BreadcrumbList","@id":"https:\/\/www.meromero.fr\/de\/boutique\/capsule-oops\/#breadcrumb","itemListElement":[{"@type":"ListItem","position":1,"name":"Home","item":"https:\/\/www.meromero.fr\/de\/"},{"@type":"ListItem","position":2,"name":"Shop","item":"https:\/\/www.meromero.fr\/de\/shop\/"},{"@type":"ListItem","position":3,"name":"Capsule OOPS"}]},{"@type":"WebSite","@id":"https:\/\/www.meromero.fr\/#website","url":"https:\/\/www.meromero.fr\/","name":"MeroMero","description":"Share your adventures","publisher":{"@id":"https:\/\/www.meromero.fr\/#organization"},"potentialAction":[{"@type":"SearchAction","target":{"@type":"EntryPoint","urlTemplate":"https:\/\/www.meromero.fr\/?s={search_term_string}"},"query-input":"required name=search_term_string"}],"inLanguage":"de"},{"@type":"Organization","@id":"https:\/\/www.meromero.fr\/#organization","name":"MeroMero","url":"https:\/\/www.meromero.fr\/","logo":{"@type":"ImageObject","inLanguage":"de","@id":"https:\/\/www.meromero.fr\/#\/schema\/logo\/image\/","url":"https:\/\/www.meromero.fr\/wp-content\/uploads\/2020\/04\/logo-black.png","contentUrl":"https:\/\/www.meromero.fr\/wp-content\/uploads\/2020\/04\/logo-black.png","width":644,"height":208,"caption":"MeroMero"},"image":{"@id":"https:\/\/www.meromero.fr\/#\/schema\/logo\/image\/"}}]},"og_availability":"out of stock","product_availability":"out of stock","product_condition":"new"},"_links":{"self":[{"href":"https:\/\/www.meromero.fr\/de\/wp-json\/wp\/v2\/product\/27000"}],"collection":[{"href":"https:\/\/www.meromero.fr\/de\/wp-json\/wp\/v2\/product"}],"about":[{"href":"https:\/\/www.meromero.fr\/de\/wp-json\/wp\/v2\/types\/product"}],"replies":[{"embeddable":true,"href":"https:\/\/www.meromero.fr\/de\/wp-json\/wp\/v2\/comments?post=27000"}],"wp:featuredmedia":[{"embeddable":true,"href":"https:\/\/www.meromero.fr\/de\/wp-json\/wp\/v2\/media\/27160"}],"wp:attachment":[{"href":"https:\/\/www.meromero.fr\/de\/wp-json\/wp\/v2\/media?parent=27000"}],"wp:term":[{"taxonomy":"product_cat","embeddable":true,"href":"https:\/\/www.meromero.fr\/de\/wp-json\/wp\/v2\/product_cat?post=27000"},{"taxonomy":"product_tag","embeddable":true,"href":"https:\/\/www.meromero.fr\/de\/wp-json\/wp\/v2\/product_tag?post=27000"}],"curies":[{"name":"wp","href":"https:\/\/api.w.org\/{rel}","templated":true}]}}