{"id":23669,"date":"2024-04-05T16:01:36","date_gmt":"2024-04-05T14:01:38","guid":{"rendered":"https:\/\/www.meromero.fr\/?post_type=product&#038;p=23669"},"modified":"2026-05-13T11:50:33","modified_gmt":"2026-05-13T09:50:33","slug":"torquay-kulturbeutel","status":"publish","type":"product","link":"https:\/\/www.meromero.fr\/de\/boutique\/torquay-kulturbeutel\/","title":{"rendered":"TORQUAY: Kulturbeutel"},"content":{"rendered":"","protected":false},"excerpt":{"rendered":"<p>Viele von euch haben uns nach einer MeroMero-Waschtasche gefragt: Deshalb pr\u00e4sentieren wir euch die TORQUAY POUCH! Mit gro\u00dfem Volumen, flachem Boden und ausreichender H\u00f6he, um Flaschen aufrecht stehend zu transportieren! Sie verf\u00fcgt \u00fcber drei Innenf\u00e4cher, darunter eine gro\u00dfe mittlere Rei\u00dfverschlusstasche.<\/p>\n<p>&nbsp;<\/p>\n<p>Mit ihren beiden Schlaufen (auf jeder Seite) und ihrem Karabinerhaken aus Aluminium k\u00f6nnt ihr sie \u00fcberall aufh\u00e4ngen, sogar am Kinderwagen (mit den optional erh\u00e4ltlichen <a href=\"https:\/\/www.meromero.fr\/de\/boutique\/lark-straps-kinderwagenbefestigung-universelle-karabiner\/\" target=\"_blank\" rel=\"noopener\">LARK-Straps<\/a>). Diese Tasche kann auch zum Transportieren (oder Sammeln) eurer Kabel, Kopfh\u00f6rer, aller eurer Stifte und sogar eures Snacks (oder dem eurer Kinder) verwendet werden.<\/p>\n","protected":false},"featured_media":33639,"comment_status":"open","ping_status":"closed","template":"","meta":[],"product_cat":[141],"product_tag":[],"yoast_head":"<!-- This site is optimized with the Yoast SEO Premium plugin v22.3 (Yoast SEO v22.4) - https:\/\/yoast.com\/wordpress\/plugins\/seo\/ -->\n<title>Torquay: Eine multifunktionale Kulturtasche - MeroMero<\/title>\n<meta name=\"description\" content=\"Torquay: Eine ger\u00e4umige Kulturtasche mit flachem Boden und ausreichender H\u00f6he, entworfen, um Flaschen stehend zu transportieren.\" \/>\n<meta name=\"robots\" content=\"index, follow, max-snippet:-1, max-image-preview:large, max-video-preview:-1\" \/>\n<link rel=\"canonical\" href=\"https:\/\/www.meromero.fr\/de\/boutique\/torquay-kulturbeutel\/\" \/>\n<meta property=\"og:locale\" content=\"de_DE\" \/>\n<meta property=\"og:type\" content=\"article\" \/>\n<meta property=\"og:title\" content=\"TORQUAY: Kulturbeutel\" \/>\n<meta property=\"og:description\" content=\"Torquay: Eine ger\u00e4umige Kulturtasche mit flachem Boden und ausreichender H\u00f6he, entworfen, um Flaschen stehend zu transportieren.\" \/>\n<meta property=\"og:url\" content=\"https:\/\/www.meromero.fr\/de\/boutique\/torquay-kulturbeutel\/\" \/>\n<meta property=\"og:site_name\" content=\"MeroMero\" \/>\n<meta property=\"article:modified_time\" content=\"2026-05-13T09:50:33+00:00\" \/>\n<meta property=\"og:image\" content=\"https:\/\/www.meromero.fr\/wp-content\/uploads\/2024\/04\/A01401_023.000_TORQUAY_POUCH_BLOSSOM_PINK.jpg\" \/>\n\t<meta property=\"og:image:width\" content=\"1024\" \/>\n\t<meta property=\"og:image:height\" content=\"1024\" \/>\n\t<meta property=\"og:image:type\" content=\"image\/jpeg\" \/>\n<meta name=\"twitter:card\" content=\"summary_large_image\" \/>\n<meta name=\"twitter:label1\" content=\"Verf\u00fcgbarkeit\" \/>\n\t<meta name=\"twitter:data1\" content=\"Auf Lager\" \/>\n<script type=\"application\/ld+json\" class=\"yoast-schema-graph\">{\"@context\":\"https:\/\/schema.org\",\"@graph\":[{\"@type\":\"WebPage\",\"@id\":\"https:\/\/www.meromero.fr\/de\/boutique\/torquay-kulturbeutel\/\",\"url\":\"https:\/\/www.meromero.fr\/de\/boutique\/torquay-kulturbeutel\/\",\"name\":\"Torquay: Eine multifunktionale Kulturtasche - MeroMero\",\"isPartOf\":{\"@id\":\"https:\/\/www.meromero.fr\/#website\"},\"primaryImageOfPage\":{\"@id\":\"https:\/\/www.meromero.fr\/de\/boutique\/torquay-kulturbeutel\/#primaryimage\"},\"image\":{\"@id\":\"https:\/\/www.meromero.fr\/de\/boutique\/torquay-kulturbeutel\/#primaryimage\"},\"thumbnailUrl\":\"https:\/\/www.meromero.fr\/wp-content\/uploads\/2026\/03\/A01401_027.000_TORQUAY_sand_front.jpg\",\"datePublished\":\"2024-04-05T14:01:38+00:00\",\"dateModified\":\"2026-05-13T09:50:33+00:00\",\"description\":\"Torquay: Eine ger\u00e4umige Kulturtasche mit flachem Boden und ausreichender H\u00f6he, entworfen, um Flaschen stehend zu transportieren.\",\"breadcrumb\":{\"@id\":\"https:\/\/www.meromero.fr\/de\/boutique\/torquay-kulturbeutel\/#breadcrumb\"},\"inLanguage\":\"de\",\"potentialAction\":[{\"@type\":\"ReadAction\",\"target\":[\"https:\/\/www.meromero.fr\/de\/boutique\/torquay-kulturbeutel\/\"]}]},{\"@type\":\"ImageObject\",\"inLanguage\":\"de\",\"@id\":\"https:\/\/www.meromero.fr\/de\/boutique\/torquay-kulturbeutel\/#primaryimage\",\"url\":\"https:\/\/www.meromero.fr\/wp-content\/uploads\/2026\/03\/A01401_027.000_TORQUAY_sand_front.jpg\",\"contentUrl\":\"https:\/\/www.meromero.fr\/wp-content\/uploads\/2026\/03\/A01401_027.000_TORQUAY_sand_front.jpg\",\"width\":2000,\"height\":2000},{\"@type\":\"BreadcrumbList\",\"@id\":\"https:\/\/www.meromero.fr\/de\/boutique\/torquay-kulturbeutel\/#breadcrumb\",\"itemListElement\":[{\"@type\":\"ListItem\",\"position\":1,\"name\":\"Home\",\"item\":\"https:\/\/www.meromero.fr\/de\/\"},{\"@type\":\"ListItem\",\"position\":2,\"name\":\"Shop\",\"item\":\"https:\/\/www.meromero.fr\/de\/shop\/\"},{\"@type\":\"ListItem\",\"position\":3,\"name\":\"TORQUAY: Kulturbeutel\"}]},{\"@type\":\"WebSite\",\"@id\":\"https:\/\/www.meromero.fr\/#website\",\"url\":\"https:\/\/www.meromero.fr\/\",\"name\":\"MeroMero\",\"description\":\"Share your adventures\",\"publisher\":{\"@id\":\"https:\/\/www.meromero.fr\/#organization\"},\"potentialAction\":[{\"@type\":\"SearchAction\",\"target\":{\"@type\":\"EntryPoint\",\"urlTemplate\":\"https:\/\/www.meromero.fr\/?s={search_term_string}\"},\"query-input\":\"required name=search_term_string\"}],\"inLanguage\":\"de\"},{\"@type\":\"Organization\",\"@id\":\"https:\/\/www.meromero.fr\/#organization\",\"name\":\"MeroMero\",\"url\":\"https:\/\/www.meromero.fr\/\",\"logo\":{\"@type\":\"ImageObject\",\"inLanguage\":\"de\",\"@id\":\"https:\/\/www.meromero.fr\/#\/schema\/logo\/image\/\",\"url\":\"https:\/\/www.meromero.fr\/wp-content\/uploads\/2020\/04\/logo-black.png\",\"contentUrl\":\"https:\/\/www.meromero.fr\/wp-content\/uploads\/2020\/04\/logo-black.png\",\"width\":644,\"height\":208,\"caption\":\"MeroMero\"},\"image\":{\"@id\":\"https:\/\/www.meromero.fr\/#\/schema\/logo\/image\/\"}}]}<\/script>\n<meta property=\"og:availability\" content=\"instock\" \/>\n<meta property=\"product:availability\" content=\"instock\" \/>\n<meta property=\"product:condition\" content=\"new\" \/>\n<!-- \/ Yoast SEO Premium plugin. -->","yoast_head_json":{"title":"Torquay: Eine multifunktionale Kulturtasche - MeroMero","description":"Torquay: Eine ger\u00e4umige Kulturtasche mit flachem Boden und ausreichender H\u00f6he, entworfen, um Flaschen stehend zu transportieren.","robots":{"index":"index","follow":"follow","max-snippet":"max-snippet:-1","max-image-preview":"max-image-preview:large","max-video-preview":"max-video-preview:-1"},"canonical":"https:\/\/www.meromero.fr\/de\/boutique\/torquay-kulturbeutel\/","og_locale":"de_DE","og_type":"article","og_title":"TORQUAY: Kulturbeutel","og_description":"Torquay: Eine ger\u00e4umige Kulturtasche mit flachem Boden und ausreichender H\u00f6he, entworfen, um Flaschen stehend zu transportieren.","og_url":"https:\/\/www.meromero.fr\/de\/boutique\/torquay-kulturbeutel\/","og_site_name":"MeroMero","article_modified_time":"2026-05-13T09:50:33+00:00","og_image":[{"width":1024,"height":1024,"url":"https:\/\/www.meromero.fr\/wp-content\/uploads\/2024\/04\/A01401_023.000_TORQUAY_POUCH_BLOSSOM_PINK.jpg","type":"image\/jpeg"}],"twitter_card":"summary_large_image","twitter_misc":{"Verf\u00fcgbarkeit":"Auf Lager"},"schema":{"@context":"https:\/\/schema.org","@graph":[{"@type":"WebPage","@id":"https:\/\/www.meromero.fr\/de\/boutique\/torquay-kulturbeutel\/","url":"https:\/\/www.meromero.fr\/de\/boutique\/torquay-kulturbeutel\/","name":"Torquay: Eine multifunktionale Kulturtasche - MeroMero","isPartOf":{"@id":"https:\/\/www.meromero.fr\/#website"},"primaryImageOfPage":{"@id":"https:\/\/www.meromero.fr\/de\/boutique\/torquay-kulturbeutel\/#primaryimage"},"image":{"@id":"https:\/\/www.meromero.fr\/de\/boutique\/torquay-kulturbeutel\/#primaryimage"},"thumbnailUrl":"https:\/\/www.meromero.fr\/wp-content\/uploads\/2026\/03\/A01401_027.000_TORQUAY_sand_front.jpg","datePublished":"2024-04-05T14:01:38+00:00","dateModified":"2026-05-13T09:50:33+00:00","description":"Torquay: Eine ger\u00e4umige Kulturtasche mit flachem Boden und ausreichender H\u00f6he, entworfen, um Flaschen stehend zu transportieren.","breadcrumb":{"@id":"https:\/\/www.meromero.fr\/de\/boutique\/torquay-kulturbeutel\/#breadcrumb"},"inLanguage":"de","potentialAction":[{"@type":"ReadAction","target":["https:\/\/www.meromero.fr\/de\/boutique\/torquay-kulturbeutel\/"]}]},{"@type":"ImageObject","inLanguage":"de","@id":"https:\/\/www.meromero.fr\/de\/boutique\/torquay-kulturbeutel\/#primaryimage","url":"https:\/\/www.meromero.fr\/wp-content\/uploads\/2026\/03\/A01401_027.000_TORQUAY_sand_front.jpg","contentUrl":"https:\/\/www.meromero.fr\/wp-content\/uploads\/2026\/03\/A01401_027.000_TORQUAY_sand_front.jpg","width":2000,"height":2000},{"@type":"BreadcrumbList","@id":"https:\/\/www.meromero.fr\/de\/boutique\/torquay-kulturbeutel\/#breadcrumb","itemListElement":[{"@type":"ListItem","position":1,"name":"Home","item":"https:\/\/www.meromero.fr\/de\/"},{"@type":"ListItem","position":2,"name":"Shop","item":"https:\/\/www.meromero.fr\/de\/shop\/"},{"@type":"ListItem","position":3,"name":"TORQUAY: Kulturbeutel"}]},{"@type":"WebSite","@id":"https:\/\/www.meromero.fr\/#website","url":"https:\/\/www.meromero.fr\/","name":"MeroMero","description":"Share your adventures","publisher":{"@id":"https:\/\/www.meromero.fr\/#organization"},"potentialAction":[{"@type":"SearchAction","target":{"@type":"EntryPoint","urlTemplate":"https:\/\/www.meromero.fr\/?s={search_term_string}"},"query-input":"required name=search_term_string"}],"inLanguage":"de"},{"@type":"Organization","@id":"https:\/\/www.meromero.fr\/#organization","name":"MeroMero","url":"https:\/\/www.meromero.fr\/","logo":{"@type":"ImageObject","inLanguage":"de","@id":"https:\/\/www.meromero.fr\/#\/schema\/logo\/image\/","url":"https:\/\/www.meromero.fr\/wp-content\/uploads\/2020\/04\/logo-black.png","contentUrl":"https:\/\/www.meromero.fr\/wp-content\/uploads\/2020\/04\/logo-black.png","width":644,"height":208,"caption":"MeroMero"},"image":{"@id":"https:\/\/www.meromero.fr\/#\/schema\/logo\/image\/"}}]},"og_availability":"instock","product_availability":"instock","product_condition":"new"},"_links":{"self":[{"href":"https:\/\/www.meromero.fr\/de\/wp-json\/wp\/v2\/product\/23669"}],"collection":[{"href":"https:\/\/www.meromero.fr\/de\/wp-json\/wp\/v2\/product"}],"about":[{"href":"https:\/\/www.meromero.fr\/de\/wp-json\/wp\/v2\/types\/product"}],"replies":[{"embeddable":true,"href":"https:\/\/www.meromero.fr\/de\/wp-json\/wp\/v2\/comments?post=23669"}],"wp:featuredmedia":[{"embeddable":true,"href":"https:\/\/www.meromero.fr\/de\/wp-json\/wp\/v2\/media\/33639"}],"wp:attachment":[{"href":"https:\/\/www.meromero.fr\/de\/wp-json\/wp\/v2\/media?parent=23669"}],"wp:term":[{"taxonomy":"product_cat","embeddable":true,"href":"https:\/\/www.meromero.fr\/de\/wp-json\/wp\/v2\/product_cat?post=23669"},{"taxonomy":"product_tag","embeddable":true,"href":"https:\/\/www.meromero.fr\/de\/wp-json\/wp\/v2\/product_tag?post=23669"}],"curies":[{"name":"wp","href":"https:\/\/api.w.org\/{rel}","templated":true}]}}