{"id":23427,"date":"2024-04-04T16:02:43","date_gmt":"2024-04-04T14:02:46","guid":{"rendered":"https:\/\/www.meromero.fr\/?post_type=product&#038;p=23427"},"modified":"2026-04-28T17:20:13","modified_gmt":"2026-04-28T15:20:13","slug":"squamish-roll-top-rucksack-v3","status":"publish","type":"product","link":"https:\/\/www.meromero.fr\/de\/boutique\/squamish-roll-top-rucksack-v3\/","title":{"rendered":"SQUAMISH V3: Roll-Top Rucksack"},"content":{"rendered":"","protected":false},"excerpt":{"rendered":"<p>Ein smarter und komfortabler Roll-Top-Rucksack, der f\u00fcr alle konzipiert ist, die einen vielseitigen Rucksack f\u00fcr ihren Alltag ben\u00f6tigen, mit oder ohne Kind(er)! Sein einfaches und elegantes Design verbirgt einen wirklich technischen und ultraleichten Rucksack. Er kann als Wickelrucksack, Laptop-Rucksack, Kamerarucksack, Wander-Rucksack\u2026 einfach als treuer Begleiter verwendet werden!<\/p>\n<p>&nbsp;<\/p>\n<p>Die V3-Version bringt ein paar kleine Verbesserungen mit sich: f\u00fcr den Boden einen dickeren Schaumstoff (10mm) zur Verst\u00e4rkung und ein neues Au\u00dfenmaterial (das weniger Schmutz anzieht), ein hell bedruckter Futterstoff und ein verstellbarer Brustgurt, den man nicht verliert.<\/p>\n<p>&nbsp;<\/p>\n<p>BITTE BEACHTE: Der SQUAMISH V3 wird nicht mehr mit dem herausnehmbaren <a href=\"https:\/\/www.meromero.fr\/de\/boutique\/insert-amovible\/\" target=\"_blank\" rel=\"noopener\">Foto-Organizer<\/a> geliefert. Wenn gew\u00fcnscht, kann dieser optiional dazu bestellt werden.<\/p>\n","protected":false},"featured_media":33642,"comment_status":"open","ping_status":"closed","template":"","meta":[],"product_cat":[143],"product_tag":[],"yoast_head":"<!-- This site is optimized with the Yoast SEO Premium plugin v22.3 (Yoast SEO v22.4) - https:\/\/yoast.com\/wordpress\/plugins\/seo\/ -->\n<title>SQUAMISH V3: Roll-Top Rucksack - MeroMero<\/title>\n<meta name=\"description\" content=\"Ein genialer, bequemer, modularer und langlebiger Roll-Top-Rucksack, der sich Ihrem Alltag anpasst, mit oder ohne Kinder.\" \/>\n<meta name=\"robots\" content=\"index, follow, max-snippet:-1, max-image-preview:large, max-video-preview:-1\" \/>\n<link rel=\"canonical\" href=\"https:\/\/www.meromero.fr\/de\/boutique\/squamish-roll-top-rucksack-v3\/\" \/>\n<meta property=\"og:locale\" content=\"de_DE\" \/>\n<meta property=\"og:type\" content=\"article\" \/>\n<meta property=\"og:title\" content=\"SQUAMISH V3: Roll-Top Rucksack\" \/>\n<meta property=\"og:description\" content=\"Ein genialer, bequemer, modularer und langlebiger Roll-Top-Rucksack, der sich Ihrem Alltag anpasst, mit oder ohne Kinder.\" \/>\n<meta property=\"og:url\" content=\"https:\/\/www.meromero.fr\/de\/boutique\/squamish-roll-top-rucksack-v3\/\" \/>\n<meta property=\"og:site_name\" content=\"MeroMero\" \/>\n<meta property=\"article:modified_time\" content=\"2026-04-28T15:20:13+00:00\" \/>\n<meta property=\"og:image\" content=\"https:\/\/www.meromero.fr\/wp-content\/uploads\/2024\/04\/S00203_025.008_SQUAMISH_CypressGreen_Front.jpg\" \/>\n\t<meta property=\"og:image:width\" content=\"2000\" \/>\n\t<meta property=\"og:image:height\" content=\"2000\" \/>\n\t<meta property=\"og:image:type\" content=\"image\/jpeg\" \/>\n<meta name=\"twitter:card\" content=\"summary_large_image\" \/>\n<meta name=\"twitter:label1\" content=\"Verf\u00fcgbarkeit\" \/>\n\t<meta name=\"twitter:data1\" content=\"Auf Lager\" \/>\n<script type=\"application\/ld+json\" class=\"yoast-schema-graph\">{\"@context\":\"https:\/\/schema.org\",\"@graph\":[{\"@type\":\"WebPage\",\"@id\":\"https:\/\/www.meromero.fr\/de\/boutique\/squamish-roll-top-rucksack-v3\/\",\"url\":\"https:\/\/www.meromero.fr\/de\/boutique\/squamish-roll-top-rucksack-v3\/\",\"name\":\"SQUAMISH V3: Roll-Top Rucksack - MeroMero\",\"isPartOf\":{\"@id\":\"https:\/\/www.meromero.fr\/#website\"},\"primaryImageOfPage\":{\"@id\":\"https:\/\/www.meromero.fr\/de\/boutique\/squamish-roll-top-rucksack-v3\/#primaryimage\"},\"image\":{\"@id\":\"https:\/\/www.meromero.fr\/de\/boutique\/squamish-roll-top-rucksack-v3\/#primaryimage\"},\"thumbnailUrl\":\"https:\/\/www.meromero.fr\/wp-content\/uploads\/2026\/03\/S00203_027.013_SQUAMISH_sand_front-1.jpg\",\"datePublished\":\"2024-04-04T14:02:46+00:00\",\"dateModified\":\"2026-04-28T15:20:13+00:00\",\"description\":\"Ein genialer, bequemer, modularer und langlebiger Roll-Top-Rucksack, der sich Ihrem Alltag anpasst, mit oder ohne Kinder.\",\"breadcrumb\":{\"@id\":\"https:\/\/www.meromero.fr\/de\/boutique\/squamish-roll-top-rucksack-v3\/#breadcrumb\"},\"inLanguage\":\"de\",\"potentialAction\":[{\"@type\":\"ReadAction\",\"target\":[\"https:\/\/www.meromero.fr\/de\/boutique\/squamish-roll-top-rucksack-v3\/\"]}]},{\"@type\":\"ImageObject\",\"inLanguage\":\"de\",\"@id\":\"https:\/\/www.meromero.fr\/de\/boutique\/squamish-roll-top-rucksack-v3\/#primaryimage\",\"url\":\"https:\/\/www.meromero.fr\/wp-content\/uploads\/2026\/03\/S00203_027.013_SQUAMISH_sand_front-1.jpg\",\"contentUrl\":\"https:\/\/www.meromero.fr\/wp-content\/uploads\/2026\/03\/S00203_027.013_SQUAMISH_sand_front-1.jpg\",\"width\":2000,\"height\":2000},{\"@type\":\"BreadcrumbList\",\"@id\":\"https:\/\/www.meromero.fr\/de\/boutique\/squamish-roll-top-rucksack-v3\/#breadcrumb\",\"itemListElement\":[{\"@type\":\"ListItem\",\"position\":1,\"name\":\"Home\",\"item\":\"https:\/\/www.meromero.fr\/de\/\"},{\"@type\":\"ListItem\",\"position\":2,\"name\":\"Shop\",\"item\":\"https:\/\/www.meromero.fr\/de\/shop\/\"},{\"@type\":\"ListItem\",\"position\":3,\"name\":\"SQUAMISH V3: Roll-Top Rucksack\"}]},{\"@type\":\"WebSite\",\"@id\":\"https:\/\/www.meromero.fr\/#website\",\"url\":\"https:\/\/www.meromero.fr\/\",\"name\":\"MeroMero\",\"description\":\"Share your adventures\",\"publisher\":{\"@id\":\"https:\/\/www.meromero.fr\/#organization\"},\"potentialAction\":[{\"@type\":\"SearchAction\",\"target\":{\"@type\":\"EntryPoint\",\"urlTemplate\":\"https:\/\/www.meromero.fr\/?s={search_term_string}\"},\"query-input\":\"required name=search_term_string\"}],\"inLanguage\":\"de\"},{\"@type\":\"Organization\",\"@id\":\"https:\/\/www.meromero.fr\/#organization\",\"name\":\"MeroMero\",\"url\":\"https:\/\/www.meromero.fr\/\",\"logo\":{\"@type\":\"ImageObject\",\"inLanguage\":\"de\",\"@id\":\"https:\/\/www.meromero.fr\/#\/schema\/logo\/image\/\",\"url\":\"https:\/\/www.meromero.fr\/wp-content\/uploads\/2020\/04\/logo-black.png\",\"contentUrl\":\"https:\/\/www.meromero.fr\/wp-content\/uploads\/2020\/04\/logo-black.png\",\"width\":644,\"height\":208,\"caption\":\"MeroMero\"},\"image\":{\"@id\":\"https:\/\/www.meromero.fr\/#\/schema\/logo\/image\/\"}}]}<\/script>\n<meta property=\"og:availability\" content=\"instock\" \/>\n<meta property=\"product:availability\" content=\"instock\" \/>\n<meta property=\"product:retailer_item_id\" content=\"S00202-1\" \/>\n<meta property=\"product:condition\" content=\"new\" \/>\n<!-- \/ Yoast SEO Premium plugin. -->","yoast_head_json":{"title":"SQUAMISH V3: Roll-Top Rucksack - MeroMero","description":"Ein genialer, bequemer, modularer und langlebiger Roll-Top-Rucksack, der sich Ihrem Alltag anpasst, mit oder ohne Kinder.","robots":{"index":"index","follow":"follow","max-snippet":"max-snippet:-1","max-image-preview":"max-image-preview:large","max-video-preview":"max-video-preview:-1"},"canonical":"https:\/\/www.meromero.fr\/de\/boutique\/squamish-roll-top-rucksack-v3\/","og_locale":"de_DE","og_type":"article","og_title":"SQUAMISH V3: Roll-Top Rucksack","og_description":"Ein genialer, bequemer, modularer und langlebiger Roll-Top-Rucksack, der sich Ihrem Alltag anpasst, mit oder ohne Kinder.","og_url":"https:\/\/www.meromero.fr\/de\/boutique\/squamish-roll-top-rucksack-v3\/","og_site_name":"MeroMero","article_modified_time":"2026-04-28T15:20:13+00:00","og_image":[{"width":2000,"height":2000,"url":"https:\/\/www.meromero.fr\/wp-content\/uploads\/2024\/04\/S00203_025.008_SQUAMISH_CypressGreen_Front.jpg","type":"image\/jpeg"}],"twitter_card":"summary_large_image","twitter_misc":{"Verf\u00fcgbarkeit":"Auf Lager"},"schema":{"@context":"https:\/\/schema.org","@graph":[{"@type":"WebPage","@id":"https:\/\/www.meromero.fr\/de\/boutique\/squamish-roll-top-rucksack-v3\/","url":"https:\/\/www.meromero.fr\/de\/boutique\/squamish-roll-top-rucksack-v3\/","name":"SQUAMISH V3: Roll-Top Rucksack - MeroMero","isPartOf":{"@id":"https:\/\/www.meromero.fr\/#website"},"primaryImageOfPage":{"@id":"https:\/\/www.meromero.fr\/de\/boutique\/squamish-roll-top-rucksack-v3\/#primaryimage"},"image":{"@id":"https:\/\/www.meromero.fr\/de\/boutique\/squamish-roll-top-rucksack-v3\/#primaryimage"},"thumbnailUrl":"https:\/\/www.meromero.fr\/wp-content\/uploads\/2026\/03\/S00203_027.013_SQUAMISH_sand_front-1.jpg","datePublished":"2024-04-04T14:02:46+00:00","dateModified":"2026-04-28T15:20:13+00:00","description":"Ein genialer, bequemer, modularer und langlebiger Roll-Top-Rucksack, der sich Ihrem Alltag anpasst, mit oder ohne Kinder.","breadcrumb":{"@id":"https:\/\/www.meromero.fr\/de\/boutique\/squamish-roll-top-rucksack-v3\/#breadcrumb"},"inLanguage":"de","potentialAction":[{"@type":"ReadAction","target":["https:\/\/www.meromero.fr\/de\/boutique\/squamish-roll-top-rucksack-v3\/"]}]},{"@type":"ImageObject","inLanguage":"de","@id":"https:\/\/www.meromero.fr\/de\/boutique\/squamish-roll-top-rucksack-v3\/#primaryimage","url":"https:\/\/www.meromero.fr\/wp-content\/uploads\/2026\/03\/S00203_027.013_SQUAMISH_sand_front-1.jpg","contentUrl":"https:\/\/www.meromero.fr\/wp-content\/uploads\/2026\/03\/S00203_027.013_SQUAMISH_sand_front-1.jpg","width":2000,"height":2000},{"@type":"BreadcrumbList","@id":"https:\/\/www.meromero.fr\/de\/boutique\/squamish-roll-top-rucksack-v3\/#breadcrumb","itemListElement":[{"@type":"ListItem","position":1,"name":"Home","item":"https:\/\/www.meromero.fr\/de\/"},{"@type":"ListItem","position":2,"name":"Shop","item":"https:\/\/www.meromero.fr\/de\/shop\/"},{"@type":"ListItem","position":3,"name":"SQUAMISH V3: Roll-Top Rucksack"}]},{"@type":"WebSite","@id":"https:\/\/www.meromero.fr\/#website","url":"https:\/\/www.meromero.fr\/","name":"MeroMero","description":"Share your adventures","publisher":{"@id":"https:\/\/www.meromero.fr\/#organization"},"potentialAction":[{"@type":"SearchAction","target":{"@type":"EntryPoint","urlTemplate":"https:\/\/www.meromero.fr\/?s={search_term_string}"},"query-input":"required name=search_term_string"}],"inLanguage":"de"},{"@type":"Organization","@id":"https:\/\/www.meromero.fr\/#organization","name":"MeroMero","url":"https:\/\/www.meromero.fr\/","logo":{"@type":"ImageObject","inLanguage":"de","@id":"https:\/\/www.meromero.fr\/#\/schema\/logo\/image\/","url":"https:\/\/www.meromero.fr\/wp-content\/uploads\/2020\/04\/logo-black.png","contentUrl":"https:\/\/www.meromero.fr\/wp-content\/uploads\/2020\/04\/logo-black.png","width":644,"height":208,"caption":"MeroMero"},"image":{"@id":"https:\/\/www.meromero.fr\/#\/schema\/logo\/image\/"}}]},"og_availability":"instock","product_availability":"instock","product_retailer_item_id":"S00202-1","product_condition":"new"},"_links":{"self":[{"href":"https:\/\/www.meromero.fr\/de\/wp-json\/wp\/v2\/product\/23427"}],"collection":[{"href":"https:\/\/www.meromero.fr\/de\/wp-json\/wp\/v2\/product"}],"about":[{"href":"https:\/\/www.meromero.fr\/de\/wp-json\/wp\/v2\/types\/product"}],"replies":[{"embeddable":true,"href":"https:\/\/www.meromero.fr\/de\/wp-json\/wp\/v2\/comments?post=23427"}],"wp:featuredmedia":[{"embeddable":true,"href":"https:\/\/www.meromero.fr\/de\/wp-json\/wp\/v2\/media\/33642"}],"wp:attachment":[{"href":"https:\/\/www.meromero.fr\/de\/wp-json\/wp\/v2\/media?parent=23427"}],"wp:term":[{"taxonomy":"product_cat","embeddable":true,"href":"https:\/\/www.meromero.fr\/de\/wp-json\/wp\/v2\/product_cat?post=23427"},{"taxonomy":"product_tag","embeddable":true,"href":"https:\/\/www.meromero.fr\/de\/wp-json\/wp\/v2\/product_tag?post=23427"}],"curies":[{"name":"wp","href":"https:\/\/api.w.org\/{rel}","templated":true}]}}