{"id":20980,"date":"2023-10-31T17:21:00","date_gmt":"2023-11-01T16:21:04","guid":{"rendered":"https:\/\/www.meromero.fr\/?post_type=product&#038;p=20980"},"modified":"2025-09-28T16:51:42","modified_gmt":"2025-09-28T14:51:42","slug":"squamish-v3-roll-top-backpack-limited-edition","status":"publish","type":"product","link":"https:\/\/www.meromero.fr\/de\/boutique\/squamish-v3-roll-top-backpack-limited-edition\/","title":{"rendered":"SQUAMISH V3: Rolltop-Rucksack LIMITED EDITION"},"content":{"rendered":"","protected":false},"excerpt":{"rendered":"<p>Dieses Jahr ist der SQUAMISH V3 in einer limitierten Auflage in einem supersch\u00f6nen dreifarbigen Design erh\u00e4ltlich: Cypress Green, Dark Grey und Blossom Pink. Wir haben sein asymmetrisches Design genutzt, um eine Au\u00dfentasche zu verbergen, die sowohl ger\u00e4umig als auch diskret ist.<\/p>\n<p>&nbsp;<\/p>\n<p>Aber Achtung, es wird nicht genug f\u00fcr alle geben! Von dieser Serie wurden nur 200 Exemplare hergestellt.<br \/>\nZus\u00e4tzlich zu unserem Engagement f\u00fcr 1% For The Planet haben wir beschlossen, 2 \u20ac pro verkaufter Tasche an den Verein For My Planet zu spenden, den wir seit Beginn unterst\u00fctzen.<\/p>\n","protected":false},"featured_media":26519,"comment_status":"open","ping_status":"closed","template":"","meta":[],"product_cat":[143],"product_tag":[],"yoast_head":"<!-- This site is optimized with the Yoast SEO Premium plugin v22.3 (Yoast SEO v22.4) - https:\/\/yoast.com\/wordpress\/plugins\/seo\/ -->\n<title>Squamish V3 Limited Edition : Rucksack mit Rollverschluss | MeroMero<\/title>\n<meta name=\"description\" content=\"Ein Rucksack mit einem bequemen und verstellbaren R\u00fccken. Ideal f\u00fcr Ihre Ausfl\u00fcge in die Stadt, auf Reisen oder in die Berge. Verstellbar, wasserdicht, langlebig und umweltfreundlich.\" \/>\n<meta name=\"robots\" content=\"index, follow, max-snippet:-1, max-image-preview:large, max-video-preview:-1\" \/>\n<link rel=\"canonical\" href=\"https:\/\/www.meromero.fr\/de\/boutique\/squamish-v3-roll-top-backpack-limited-edition\/\" \/>\n<meta property=\"og:locale\" content=\"de_DE\" \/>\n<meta property=\"og:type\" content=\"article\" \/>\n<meta property=\"og:title\" content=\"SQUAMISH V3: Rolltop-Rucksack LIMITED EDITION\" \/>\n<meta property=\"og:description\" content=\"Ein Rucksack mit einem bequemen und verstellbaren R\u00fccken. Ideal f\u00fcr Ihre Ausfl\u00fcge in die Stadt, auf Reisen oder in die Berge. Verstellbar, wasserdicht, langlebig und umweltfreundlich.\" \/>\n<meta property=\"og:url\" content=\"https:\/\/www.meromero.fr\/de\/boutique\/squamish-v3-roll-top-backpack-limited-edition\/\" \/>\n<meta property=\"og:site_name\" content=\"MeroMero\" \/>\n<meta property=\"article:modified_time\" content=\"2025-09-28T14:51:42+00:00\" \/>\n<meta property=\"og:image\" content=\"https:\/\/www.meromero.fr\/wp-content\/uploads\/2023\/10\/S00203_025.012_Squamish_LimitedEdition_2024_FRONT.jpg\" \/>\n\t<meta property=\"og:image:width\" content=\"2000\" \/>\n\t<meta property=\"og:image:height\" content=\"2000\" \/>\n\t<meta property=\"og:image:type\" content=\"image\/jpeg\" \/>\n<meta name=\"twitter:card\" content=\"summary_large_image\" \/>\n<meta name=\"twitter:label1\" content=\"Preis\" \/>\n\t<meta name=\"twitter:data1\" content=\"137,50&euro;\" \/>\n\t<meta name=\"twitter:label2\" content=\"Verf\u00fcgbarkeit\" \/>\n\t<meta name=\"twitter:data2\" content=\"ausverkauft\" \/>\n<script type=\"application\/ld+json\" class=\"yoast-schema-graph\">{\"@context\":\"https:\/\/schema.org\",\"@graph\":[{\"@type\":\"WebPage\",\"@id\":\"https:\/\/www.meromero.fr\/de\/boutique\/squamish-v3-roll-top-backpack-limited-edition\/\",\"url\":\"https:\/\/www.meromero.fr\/de\/boutique\/squamish-v3-roll-top-backpack-limited-edition\/\",\"name\":\"Squamish V3 Limited Edition : Rucksack mit Rollverschluss | MeroMero\",\"isPartOf\":{\"@id\":\"https:\/\/www.meromero.fr\/#website\"},\"primaryImageOfPage\":{\"@id\":\"https:\/\/www.meromero.fr\/de\/boutique\/squamish-v3-roll-top-backpack-limited-edition\/#primaryimage\"},\"image\":{\"@id\":\"https:\/\/www.meromero.fr\/de\/boutique\/squamish-v3-roll-top-backpack-limited-edition\/#primaryimage\"},\"thumbnailUrl\":\"https:\/\/www.meromero.fr\/wp-content\/uploads\/2023\/10\/S00203_025.012_Squamish_LimitedEdition_2024_FRONT.jpg\",\"datePublished\":\"2023-11-01T16:21:04+00:00\",\"dateModified\":\"2025-09-28T14:51:42+00:00\",\"description\":\"Ein Rucksack mit einem bequemen und verstellbaren R\u00fccken. Ideal f\u00fcr Ihre Ausfl\u00fcge in die Stadt, auf Reisen oder in die Berge. Verstellbar, wasserdicht, langlebig und umweltfreundlich.\",\"breadcrumb\":{\"@id\":\"https:\/\/www.meromero.fr\/de\/boutique\/squamish-v3-roll-top-backpack-limited-edition\/#breadcrumb\"},\"inLanguage\":\"de\",\"potentialAction\":[{\"@type\":\"ReadAction\",\"target\":[\"https:\/\/www.meromero.fr\/de\/boutique\/squamish-v3-roll-top-backpack-limited-edition\/\"]}]},{\"@type\":\"ImageObject\",\"inLanguage\":\"de\",\"@id\":\"https:\/\/www.meromero.fr\/de\/boutique\/squamish-v3-roll-top-backpack-limited-edition\/#primaryimage\",\"url\":\"https:\/\/www.meromero.fr\/wp-content\/uploads\/2023\/10\/S00203_025.012_Squamish_LimitedEdition_2024_FRONT.jpg\",\"contentUrl\":\"https:\/\/www.meromero.fr\/wp-content\/uploads\/2023\/10\/S00203_025.012_Squamish_LimitedEdition_2024_FRONT.jpg\",\"width\":2000,\"height\":2000},{\"@type\":\"BreadcrumbList\",\"@id\":\"https:\/\/www.meromero.fr\/de\/boutique\/squamish-v3-roll-top-backpack-limited-edition\/#breadcrumb\",\"itemListElement\":[{\"@type\":\"ListItem\",\"position\":1,\"name\":\"Home\",\"item\":\"https:\/\/www.meromero.fr\/de\/\"},{\"@type\":\"ListItem\",\"position\":2,\"name\":\"Shop\",\"item\":\"https:\/\/www.meromero.fr\/de\/shop\/\"},{\"@type\":\"ListItem\",\"position\":3,\"name\":\"SQUAMISH V3: Rolltop-Rucksack LIMITED EDITION\"}]},{\"@type\":\"WebSite\",\"@id\":\"https:\/\/www.meromero.fr\/#website\",\"url\":\"https:\/\/www.meromero.fr\/\",\"name\":\"MeroMero\",\"description\":\"Share your adventures\",\"publisher\":{\"@id\":\"https:\/\/www.meromero.fr\/#organization\"},\"potentialAction\":[{\"@type\":\"SearchAction\",\"target\":{\"@type\":\"EntryPoint\",\"urlTemplate\":\"https:\/\/www.meromero.fr\/?s={search_term_string}\"},\"query-input\":\"required name=search_term_string\"}],\"inLanguage\":\"de\"},{\"@type\":\"Organization\",\"@id\":\"https:\/\/www.meromero.fr\/#organization\",\"name\":\"MeroMero\",\"url\":\"https:\/\/www.meromero.fr\/\",\"logo\":{\"@type\":\"ImageObject\",\"inLanguage\":\"de\",\"@id\":\"https:\/\/www.meromero.fr\/#\/schema\/logo\/image\/\",\"url\":\"https:\/\/www.meromero.fr\/wp-content\/uploads\/2020\/04\/logo-black.png\",\"contentUrl\":\"https:\/\/www.meromero.fr\/wp-content\/uploads\/2020\/04\/logo-black.png\",\"width\":644,\"height\":208,\"caption\":\"MeroMero\"},\"image\":{\"@id\":\"https:\/\/www.meromero.fr\/#\/schema\/logo\/image\/\"}}]}<\/script>\n<meta property=\"product:price:amount\" content=\"137.50\" \/>\n<meta property=\"product:price:currency\" content=\"EUR\" \/>\n<meta property=\"og:availability\" content=\"out of stock\" \/>\n<meta property=\"product:availability\" content=\"out of stock\" \/>\n<meta property=\"product:retailer_item_id\" content=\"S00203_025.012\" \/>\n<meta property=\"product:condition\" content=\"new\" \/>\n<!-- \/ Yoast SEO Premium plugin. -->","yoast_head_json":{"title":"Squamish V3 Limited Edition : Rucksack mit Rollverschluss | MeroMero","description":"Ein Rucksack mit einem bequemen und verstellbaren R\u00fccken. Ideal f\u00fcr Ihre Ausfl\u00fcge in die Stadt, auf Reisen oder in die Berge. Verstellbar, wasserdicht, langlebig und umweltfreundlich.","robots":{"index":"index","follow":"follow","max-snippet":"max-snippet:-1","max-image-preview":"max-image-preview:large","max-video-preview":"max-video-preview:-1"},"canonical":"https:\/\/www.meromero.fr\/de\/boutique\/squamish-v3-roll-top-backpack-limited-edition\/","og_locale":"de_DE","og_type":"article","og_title":"SQUAMISH V3: Rolltop-Rucksack LIMITED EDITION","og_description":"Ein Rucksack mit einem bequemen und verstellbaren R\u00fccken. Ideal f\u00fcr Ihre Ausfl\u00fcge in die Stadt, auf Reisen oder in die Berge. Verstellbar, wasserdicht, langlebig und umweltfreundlich.","og_url":"https:\/\/www.meromero.fr\/de\/boutique\/squamish-v3-roll-top-backpack-limited-edition\/","og_site_name":"MeroMero","article_modified_time":"2025-09-28T14:51:42+00:00","og_image":[{"width":2000,"height":2000,"url":"https:\/\/www.meromero.fr\/wp-content\/uploads\/2023\/10\/S00203_025.012_Squamish_LimitedEdition_2024_FRONT.jpg","type":"image\/jpeg"}],"twitter_card":"summary_large_image","twitter_misc":{"Preis":"137,50&euro;","Verf\u00fcgbarkeit":"ausverkauft"},"schema":{"@context":"https:\/\/schema.org","@graph":[{"@type":"WebPage","@id":"https:\/\/www.meromero.fr\/de\/boutique\/squamish-v3-roll-top-backpack-limited-edition\/","url":"https:\/\/www.meromero.fr\/de\/boutique\/squamish-v3-roll-top-backpack-limited-edition\/","name":"Squamish V3 Limited Edition : Rucksack mit Rollverschluss | MeroMero","isPartOf":{"@id":"https:\/\/www.meromero.fr\/#website"},"primaryImageOfPage":{"@id":"https:\/\/www.meromero.fr\/de\/boutique\/squamish-v3-roll-top-backpack-limited-edition\/#primaryimage"},"image":{"@id":"https:\/\/www.meromero.fr\/de\/boutique\/squamish-v3-roll-top-backpack-limited-edition\/#primaryimage"},"thumbnailUrl":"https:\/\/www.meromero.fr\/wp-content\/uploads\/2023\/10\/S00203_025.012_Squamish_LimitedEdition_2024_FRONT.jpg","datePublished":"2023-11-01T16:21:04+00:00","dateModified":"2025-09-28T14:51:42+00:00","description":"Ein Rucksack mit einem bequemen und verstellbaren R\u00fccken. Ideal f\u00fcr Ihre Ausfl\u00fcge in die Stadt, auf Reisen oder in die Berge. Verstellbar, wasserdicht, langlebig und umweltfreundlich.","breadcrumb":{"@id":"https:\/\/www.meromero.fr\/de\/boutique\/squamish-v3-roll-top-backpack-limited-edition\/#breadcrumb"},"inLanguage":"de","potentialAction":[{"@type":"ReadAction","target":["https:\/\/www.meromero.fr\/de\/boutique\/squamish-v3-roll-top-backpack-limited-edition\/"]}]},{"@type":"ImageObject","inLanguage":"de","@id":"https:\/\/www.meromero.fr\/de\/boutique\/squamish-v3-roll-top-backpack-limited-edition\/#primaryimage","url":"https:\/\/www.meromero.fr\/wp-content\/uploads\/2023\/10\/S00203_025.012_Squamish_LimitedEdition_2024_FRONT.jpg","contentUrl":"https:\/\/www.meromero.fr\/wp-content\/uploads\/2023\/10\/S00203_025.012_Squamish_LimitedEdition_2024_FRONT.jpg","width":2000,"height":2000},{"@type":"BreadcrumbList","@id":"https:\/\/www.meromero.fr\/de\/boutique\/squamish-v3-roll-top-backpack-limited-edition\/#breadcrumb","itemListElement":[{"@type":"ListItem","position":1,"name":"Home","item":"https:\/\/www.meromero.fr\/de\/"},{"@type":"ListItem","position":2,"name":"Shop","item":"https:\/\/www.meromero.fr\/de\/shop\/"},{"@type":"ListItem","position":3,"name":"SQUAMISH V3: Rolltop-Rucksack LIMITED EDITION"}]},{"@type":"WebSite","@id":"https:\/\/www.meromero.fr\/#website","url":"https:\/\/www.meromero.fr\/","name":"MeroMero","description":"Share your adventures","publisher":{"@id":"https:\/\/www.meromero.fr\/#organization"},"potentialAction":[{"@type":"SearchAction","target":{"@type":"EntryPoint","urlTemplate":"https:\/\/www.meromero.fr\/?s={search_term_string}"},"query-input":"required name=search_term_string"}],"inLanguage":"de"},{"@type":"Organization","@id":"https:\/\/www.meromero.fr\/#organization","name":"MeroMero","url":"https:\/\/www.meromero.fr\/","logo":{"@type":"ImageObject","inLanguage":"de","@id":"https:\/\/www.meromero.fr\/#\/schema\/logo\/image\/","url":"https:\/\/www.meromero.fr\/wp-content\/uploads\/2020\/04\/logo-black.png","contentUrl":"https:\/\/www.meromero.fr\/wp-content\/uploads\/2020\/04\/logo-black.png","width":644,"height":208,"caption":"MeroMero"},"image":{"@id":"https:\/\/www.meromero.fr\/#\/schema\/logo\/image\/"}}]},"product_price_amount":"137.50","product_price_currency":"EUR","og_availability":"out of stock","product_availability":"out of stock","product_retailer_item_id":"S00203_025.012","product_condition":"new"},"_links":{"self":[{"href":"https:\/\/www.meromero.fr\/de\/wp-json\/wp\/v2\/product\/20980"}],"collection":[{"href":"https:\/\/www.meromero.fr\/de\/wp-json\/wp\/v2\/product"}],"about":[{"href":"https:\/\/www.meromero.fr\/de\/wp-json\/wp\/v2\/types\/product"}],"replies":[{"embeddable":true,"href":"https:\/\/www.meromero.fr\/de\/wp-json\/wp\/v2\/comments?post=20980"}],"wp:featuredmedia":[{"embeddable":true,"href":"https:\/\/www.meromero.fr\/de\/wp-json\/wp\/v2\/media\/26519"}],"wp:attachment":[{"href":"https:\/\/www.meromero.fr\/de\/wp-json\/wp\/v2\/media?parent=20980"}],"wp:term":[{"taxonomy":"product_cat","embeddable":true,"href":"https:\/\/www.meromero.fr\/de\/wp-json\/wp\/v2\/product_cat?post=20980"},{"taxonomy":"product_tag","embeddable":true,"href":"https:\/\/www.meromero.fr\/de\/wp-json\/wp\/v2\/product_tag?post=20980"}],"curies":[{"name":"wp","href":"https:\/\/api.w.org\/{rel}","templated":true}]}}