{"id":20695,"date":"2023-10-28T00:03:38","date_gmt":"2023-10-27T08:50:40","guid":{"rendered":"https:\/\/www.meromero.fr\/?post_type=product&#038;p=20695"},"modified":"2026-04-28T16:32:57","modified_gmt":"2026-04-28T14:32:57","slug":"mini-hoian-hipbag","status":"publish","type":"product","link":"https:\/\/www.meromero.fr\/de\/boutique\/mini-hoian-hipbag\/","title":{"rendered":"Mini-Ho\u00efAn Hipbag"},"content":{"rendered":"","protected":false},"excerpt":{"rendered":"<p>Diese &#8220;Mini&#8221;-Version hat alles, was ihre gro\u00dfe Schwester Ho\u00efAn hat, au\u00dfer der Rei\u00dfverschlusstasche hinten. Sie wurde entworfen, um nur das N\u00f6tigste zu tragen: Mobiltelefon, Brille, Ausweispapiere, Schl\u00fcssel. Sie werden die gro\u00dfe \u00d6ffnung mit dem doppelten Rei\u00dfverschluss und die innere Netztasche mit einem Rei\u00dfverschluss lieben. Ein breiter verstellbarer Gurt erm\u00f6glicht es Ihnen, sie auf verschiedene Weisen zu tragen. Hergestellt aus dem gleichen wasserdichten und strapazierf\u00e4higen Material wie der Rest der Serie (100% recyceltes PFC-freies Nylon, zertifiziert nach bluesign). Erh\u00e4ltlich in mehreren einfarbigen Ausf\u00fchrungen oder im &#8220;Color Block&#8221;-Stil.<\/p>\n","protected":false},"featured_media":20907,"comment_status":"open","ping_status":"closed","template":"","meta":[],"product_cat":[143],"product_tag":[],"yoast_head":"<!-- This site is optimized with the Yoast SEO Premium plugin v22.3 (Yoast SEO v22.4) - https:\/\/yoast.com\/wordpress\/plugins\/seo\/ -->\n<title>Mini-Ho\u00efAn Hipbag - MeroMero<\/title>\n<meta name=\"description\" content=\"Die PIHA Banane wurde entwickelt, um sich an alle Ihre Outdoor- und Urban-Aktivit\u00e4ten anzupassen, zu Fu\u00df oder mit dem Fahrrad.\" \/>\n<meta name=\"robots\" content=\"index, follow, max-snippet:-1, max-image-preview:large, max-video-preview:-1\" \/>\n<link rel=\"canonical\" href=\"https:\/\/www.meromero.fr\/de\/boutique\/mini-hoian-hipbag\/\" \/>\n<meta property=\"og:locale\" content=\"de_DE\" \/>\n<meta property=\"og:type\" content=\"article\" \/>\n<meta property=\"og:title\" content=\"Mini-Ho\u00efAn Hipbag\" \/>\n<meta property=\"og:description\" content=\"Die PIHA Banane wurde entwickelt, um sich an alle Ihre Outdoor- und Urban-Aktivit\u00e4ten anzupassen, zu Fu\u00df oder mit dem Fahrrad.\" \/>\n<meta property=\"og:url\" content=\"https:\/\/www.meromero.fr\/de\/boutique\/mini-hoian-hipbag\/\" \/>\n<meta property=\"og:site_name\" content=\"MeroMero\" \/>\n<meta property=\"article:modified_time\" content=\"2026-04-28T14:32:57+00:00\" \/>\n<meta property=\"og:image\" content=\"https:\/\/www.meromero.fr\/wp-content\/uploads\/2023\/10\/1.S01401_023.025_MINI-HOIAN_Blossom_Cypress_Dark_front-1.jpg\" \/>\n\t<meta property=\"og:image:width\" content=\"2000\" \/>\n\t<meta property=\"og:image:height\" content=\"2000\" \/>\n\t<meta property=\"og:image:type\" content=\"image\/jpeg\" \/>\n<meta name=\"twitter:card\" content=\"summary_large_image\" \/>\n<meta name=\"twitter:label1\" content=\"Verf\u00fcgbarkeit\" \/>\n\t<meta name=\"twitter:data1\" content=\"Auf Lager\" \/>\n<script type=\"application\/ld+json\" class=\"yoast-schema-graph\">{\"@context\":\"https:\/\/schema.org\",\"@graph\":[{\"@type\":\"WebPage\",\"@id\":\"https:\/\/www.meromero.fr\/de\/boutique\/mini-hoian-hipbag\/\",\"url\":\"https:\/\/www.meromero.fr\/de\/boutique\/mini-hoian-hipbag\/\",\"name\":\"Mini-Ho\u00efAn Hipbag - MeroMero\",\"isPartOf\":{\"@id\":\"https:\/\/www.meromero.fr\/#website\"},\"primaryImageOfPage\":{\"@id\":\"https:\/\/www.meromero.fr\/de\/boutique\/mini-hoian-hipbag\/#primaryimage\"},\"image\":{\"@id\":\"https:\/\/www.meromero.fr\/de\/boutique\/mini-hoian-hipbag\/#primaryimage\"},\"thumbnailUrl\":\"https:\/\/www.meromero.fr\/wp-content\/uploads\/2023\/10\/1.S01401_023.025_MINI-HOIAN_Blossom_Cypress_Dark_front-1.jpg\",\"datePublished\":\"2023-10-27T08:50:40+00:00\",\"dateModified\":\"2026-04-28T14:32:57+00:00\",\"description\":\"Die PIHA Banane wurde entwickelt, um sich an alle Ihre Outdoor- und Urban-Aktivit\u00e4ten anzupassen, zu Fu\u00df oder mit dem Fahrrad.\",\"breadcrumb\":{\"@id\":\"https:\/\/www.meromero.fr\/de\/boutique\/mini-hoian-hipbag\/#breadcrumb\"},\"inLanguage\":\"de\",\"potentialAction\":[{\"@type\":\"ReadAction\",\"target\":[\"https:\/\/www.meromero.fr\/de\/boutique\/mini-hoian-hipbag\/\"]}]},{\"@type\":\"ImageObject\",\"inLanguage\":\"de\",\"@id\":\"https:\/\/www.meromero.fr\/de\/boutique\/mini-hoian-hipbag\/#primaryimage\",\"url\":\"https:\/\/www.meromero.fr\/wp-content\/uploads\/2023\/10\/1.S01401_023.025_MINI-HOIAN_Blossom_Cypress_Dark_front-1.jpg\",\"contentUrl\":\"https:\/\/www.meromero.fr\/wp-content\/uploads\/2023\/10\/1.S01401_023.025_MINI-HOIAN_Blossom_Cypress_Dark_front-1.jpg\",\"width\":2000,\"height\":2000},{\"@type\":\"BreadcrumbList\",\"@id\":\"https:\/\/www.meromero.fr\/de\/boutique\/mini-hoian-hipbag\/#breadcrumb\",\"itemListElement\":[{\"@type\":\"ListItem\",\"position\":1,\"name\":\"Home\",\"item\":\"https:\/\/www.meromero.fr\/de\/\"},{\"@type\":\"ListItem\",\"position\":2,\"name\":\"Shop\",\"item\":\"https:\/\/www.meromero.fr\/de\/shop\/\"},{\"@type\":\"ListItem\",\"position\":3,\"name\":\"Mini-Ho\u00efAn Hipbag\"}]},{\"@type\":\"WebSite\",\"@id\":\"https:\/\/www.meromero.fr\/#website\",\"url\":\"https:\/\/www.meromero.fr\/\",\"name\":\"MeroMero\",\"description\":\"Share your adventures\",\"publisher\":{\"@id\":\"https:\/\/www.meromero.fr\/#organization\"},\"potentialAction\":[{\"@type\":\"SearchAction\",\"target\":{\"@type\":\"EntryPoint\",\"urlTemplate\":\"https:\/\/www.meromero.fr\/?s={search_term_string}\"},\"query-input\":\"required name=search_term_string\"}],\"inLanguage\":\"de\"},{\"@type\":\"Organization\",\"@id\":\"https:\/\/www.meromero.fr\/#organization\",\"name\":\"MeroMero\",\"url\":\"https:\/\/www.meromero.fr\/\",\"logo\":{\"@type\":\"ImageObject\",\"inLanguage\":\"de\",\"@id\":\"https:\/\/www.meromero.fr\/#\/schema\/logo\/image\/\",\"url\":\"https:\/\/www.meromero.fr\/wp-content\/uploads\/2020\/04\/logo-black.png\",\"contentUrl\":\"https:\/\/www.meromero.fr\/wp-content\/uploads\/2020\/04\/logo-black.png\",\"width\":644,\"height\":208,\"caption\":\"MeroMero\"},\"image\":{\"@id\":\"https:\/\/www.meromero.fr\/#\/schema\/logo\/image\/\"}}]}<\/script>\n<meta property=\"og:availability\" content=\"instock\" \/>\n<meta property=\"product:availability\" content=\"instock\" \/>\n<meta property=\"product:condition\" content=\"new\" \/>\n<!-- \/ Yoast SEO Premium plugin. -->","yoast_head_json":{"title":"Mini-Ho\u00efAn Hipbag - MeroMero","description":"Die PIHA Banane wurde entwickelt, um sich an alle Ihre Outdoor- und Urban-Aktivit\u00e4ten anzupassen, zu Fu\u00df oder mit dem Fahrrad.","robots":{"index":"index","follow":"follow","max-snippet":"max-snippet:-1","max-image-preview":"max-image-preview:large","max-video-preview":"max-video-preview:-1"},"canonical":"https:\/\/www.meromero.fr\/de\/boutique\/mini-hoian-hipbag\/","og_locale":"de_DE","og_type":"article","og_title":"Mini-Ho\u00efAn Hipbag","og_description":"Die PIHA Banane wurde entwickelt, um sich an alle Ihre Outdoor- und Urban-Aktivit\u00e4ten anzupassen, zu Fu\u00df oder mit dem Fahrrad.","og_url":"https:\/\/www.meromero.fr\/de\/boutique\/mini-hoian-hipbag\/","og_site_name":"MeroMero","article_modified_time":"2026-04-28T14:32:57+00:00","og_image":[{"width":2000,"height":2000,"url":"https:\/\/www.meromero.fr\/wp-content\/uploads\/2023\/10\/1.S01401_023.025_MINI-HOIAN_Blossom_Cypress_Dark_front-1.jpg","type":"image\/jpeg"}],"twitter_card":"summary_large_image","twitter_misc":{"Verf\u00fcgbarkeit":"Auf Lager"},"schema":{"@context":"https:\/\/schema.org","@graph":[{"@type":"WebPage","@id":"https:\/\/www.meromero.fr\/de\/boutique\/mini-hoian-hipbag\/","url":"https:\/\/www.meromero.fr\/de\/boutique\/mini-hoian-hipbag\/","name":"Mini-Ho\u00efAn Hipbag - MeroMero","isPartOf":{"@id":"https:\/\/www.meromero.fr\/#website"},"primaryImageOfPage":{"@id":"https:\/\/www.meromero.fr\/de\/boutique\/mini-hoian-hipbag\/#primaryimage"},"image":{"@id":"https:\/\/www.meromero.fr\/de\/boutique\/mini-hoian-hipbag\/#primaryimage"},"thumbnailUrl":"https:\/\/www.meromero.fr\/wp-content\/uploads\/2023\/10\/1.S01401_023.025_MINI-HOIAN_Blossom_Cypress_Dark_front-1.jpg","datePublished":"2023-10-27T08:50:40+00:00","dateModified":"2026-04-28T14:32:57+00:00","description":"Die PIHA Banane wurde entwickelt, um sich an alle Ihre Outdoor- und Urban-Aktivit\u00e4ten anzupassen, zu Fu\u00df oder mit dem Fahrrad.","breadcrumb":{"@id":"https:\/\/www.meromero.fr\/de\/boutique\/mini-hoian-hipbag\/#breadcrumb"},"inLanguage":"de","potentialAction":[{"@type":"ReadAction","target":["https:\/\/www.meromero.fr\/de\/boutique\/mini-hoian-hipbag\/"]}]},{"@type":"ImageObject","inLanguage":"de","@id":"https:\/\/www.meromero.fr\/de\/boutique\/mini-hoian-hipbag\/#primaryimage","url":"https:\/\/www.meromero.fr\/wp-content\/uploads\/2023\/10\/1.S01401_023.025_MINI-HOIAN_Blossom_Cypress_Dark_front-1.jpg","contentUrl":"https:\/\/www.meromero.fr\/wp-content\/uploads\/2023\/10\/1.S01401_023.025_MINI-HOIAN_Blossom_Cypress_Dark_front-1.jpg","width":2000,"height":2000},{"@type":"BreadcrumbList","@id":"https:\/\/www.meromero.fr\/de\/boutique\/mini-hoian-hipbag\/#breadcrumb","itemListElement":[{"@type":"ListItem","position":1,"name":"Home","item":"https:\/\/www.meromero.fr\/de\/"},{"@type":"ListItem","position":2,"name":"Shop","item":"https:\/\/www.meromero.fr\/de\/shop\/"},{"@type":"ListItem","position":3,"name":"Mini-Ho\u00efAn Hipbag"}]},{"@type":"WebSite","@id":"https:\/\/www.meromero.fr\/#website","url":"https:\/\/www.meromero.fr\/","name":"MeroMero","description":"Share your adventures","publisher":{"@id":"https:\/\/www.meromero.fr\/#organization"},"potentialAction":[{"@type":"SearchAction","target":{"@type":"EntryPoint","urlTemplate":"https:\/\/www.meromero.fr\/?s={search_term_string}"},"query-input":"required name=search_term_string"}],"inLanguage":"de"},{"@type":"Organization","@id":"https:\/\/www.meromero.fr\/#organization","name":"MeroMero","url":"https:\/\/www.meromero.fr\/","logo":{"@type":"ImageObject","inLanguage":"de","@id":"https:\/\/www.meromero.fr\/#\/schema\/logo\/image\/","url":"https:\/\/www.meromero.fr\/wp-content\/uploads\/2020\/04\/logo-black.png","contentUrl":"https:\/\/www.meromero.fr\/wp-content\/uploads\/2020\/04\/logo-black.png","width":644,"height":208,"caption":"MeroMero"},"image":{"@id":"https:\/\/www.meromero.fr\/#\/schema\/logo\/image\/"}}]},"og_availability":"instock","product_availability":"instock","product_condition":"new"},"_links":{"self":[{"href":"https:\/\/www.meromero.fr\/de\/wp-json\/wp\/v2\/product\/20695"}],"collection":[{"href":"https:\/\/www.meromero.fr\/de\/wp-json\/wp\/v2\/product"}],"about":[{"href":"https:\/\/www.meromero.fr\/de\/wp-json\/wp\/v2\/types\/product"}],"replies":[{"embeddable":true,"href":"https:\/\/www.meromero.fr\/de\/wp-json\/wp\/v2\/comments?post=20695"}],"wp:featuredmedia":[{"embeddable":true,"href":"https:\/\/www.meromero.fr\/de\/wp-json\/wp\/v2\/media\/20907"}],"wp:attachment":[{"href":"https:\/\/www.meromero.fr\/de\/wp-json\/wp\/v2\/media?parent=20695"}],"wp:term":[{"taxonomy":"product_cat","embeddable":true,"href":"https:\/\/www.meromero.fr\/de\/wp-json\/wp\/v2\/product_cat?post=20695"},{"taxonomy":"product_tag","embeddable":true,"href":"https:\/\/www.meromero.fr\/de\/wp-json\/wp\/v2\/product_tag?post=20695"}],"curies":[{"name":"wp","href":"https:\/\/api.w.org\/{rel}","templated":true}]}}