{"id":17915,"date":"2023-10-15T16:09:36","date_gmt":"2023-05-04T14:09:36","guid":{"rendered":"https:\/\/www.meromero.fr\/?post_type=product&#038;p=17915"},"modified":"2026-04-13T22:50:19","modified_gmt":"2026-04-13T20:50:19","slug":"regenschutz","status":"publish","type":"product","link":"https:\/\/www.meromero.fr\/de\/boutique\/regenschutz\/","title":{"rendered":"RAIN COVER: Regenschutz"},"content":{"rendered":"","protected":false},"excerpt":{"rendered":"<p>Auf dem Fahrrad ist man nie vor einem pl\u00f6tzlichen Regenguss sicher! So haben wir trotz wasserdichtem Material mit PU-Beschichtung auf der R\u00fcckseite und wasserabweisender (PFC-freier) Behandlung auf der Vorderseite lieber einen zus\u00e4tzlichen Regenschutz entwickelt.<\/p>\n<p>Der RAIN COVER f\u00fcr den ANNECY, den MINI-SQUAMISH und die POW (alle drei haben den gleichen) wurde entwickelt, um die Tasche zu sch\u00fctzen, wenn sie am Gep\u00e4cktr\u00e4ger befestigt ist. Das Cover wird wie eine H\u00fclle \u00fcbergezogen, um die Tasche vor Spritzwasser vom Rad zu sch\u00fctzen.<\/p>\n<p>Wenn du deinen ANNECY oder MINI-SQUAMISH vor Regen sch\u00fctzen m\u00f6chtest, w\u00e4hrend er auf dem R\u00fccken getragen wird, musst du das RAIN COVER f\u00fcr den WANAKA nehmen, da er genau das gleiche Volumen hat. Dieser Schutz funktioniert nur beim Tragen auf dem R\u00fccken. Der RAIN COVER f\u00fcr den SQUAMISH passt sich der Tasche und dem verstellbaren Volumen an. Schlie\u00dflich kann der Regenschutz f\u00fcr die PIHA sowohl am Lenker befestigt werden (f\u00fcr Bikepacking) als auch an der H\u00fcfte (beim Mountainbiken oder Wandern).<\/p>\n","protected":false},"featured_media":20938,"comment_status":"open","ping_status":"closed","template":"","meta":[],"product_cat":[141],"product_tag":[],"yoast_head":"<!-- This site is optimized with the Yoast SEO Premium plugin v22.3 (Yoast SEO v22.4) - https:\/\/yoast.com\/wordpress\/plugins\/seo\/ -->\n<title>Regenschutz f\u00fcr Mini-Squamish &amp; Annecy - MeroMero<\/title>\n<meta name=\"description\" content=\"Regenschutz f\u00fcr die MINI-SQUAMISH und ANNECY Taschen, wenn sie auf dem Gep\u00e4cktr\u00e4ger befestigt sind.\" \/>\n<meta name=\"robots\" content=\"index, follow, max-snippet:-1, max-image-preview:large, max-video-preview:-1\" \/>\n<link rel=\"canonical\" href=\"https:\/\/www.meromero.fr\/de\/boutique\/regenschutz\/\" \/>\n<meta property=\"og:locale\" content=\"de_DE\" \/>\n<meta property=\"og:type\" content=\"article\" \/>\n<meta property=\"og:title\" content=\"RAIN COVER: Regenschutz\" \/>\n<meta property=\"og:description\" content=\"Regenschutz f\u00fcr die MINI-SQUAMISH und ANNECY Taschen, wenn sie auf dem Gep\u00e4cktr\u00e4ger befestigt sind.\" \/>\n<meta property=\"og:url\" content=\"https:\/\/www.meromero.fr\/de\/boutique\/regenschutz\/\" \/>\n<meta property=\"og:site_name\" content=\"MeroMero\" \/>\n<meta property=\"article:modified_time\" content=\"2026-04-13T20:50:19+00:00\" \/>\n<meta property=\"og:image\" content=\"https:\/\/www.meromero.fr\/wp-content\/uploads\/2023\/04\/A01201_009.000_RAIN_COVER_Front.jpg\" \/>\n\t<meta property=\"og:image:width\" content=\"2000\" \/>\n\t<meta property=\"og:image:height\" content=\"2000\" \/>\n\t<meta property=\"og:image:type\" content=\"image\/jpeg\" \/>\n<meta name=\"twitter:card\" content=\"summary_large_image\" \/>\n<meta name=\"twitter:label1\" content=\"Verf\u00fcgbarkeit\" \/>\n\t<meta name=\"twitter:data1\" content=\"Auf Lager\" \/>\n<script type=\"application\/ld+json\" class=\"yoast-schema-graph\">{\"@context\":\"https:\/\/schema.org\",\"@graph\":[{\"@type\":\"WebPage\",\"@id\":\"https:\/\/www.meromero.fr\/de\/boutique\/regenschutz\/\",\"url\":\"https:\/\/www.meromero.fr\/de\/boutique\/regenschutz\/\",\"name\":\"Regenschutz f\u00fcr Mini-Squamish & Annecy - MeroMero\",\"isPartOf\":{\"@id\":\"https:\/\/www.meromero.fr\/#website\"},\"primaryImageOfPage\":{\"@id\":\"https:\/\/www.meromero.fr\/de\/boutique\/regenschutz\/#primaryimage\"},\"image\":{\"@id\":\"https:\/\/www.meromero.fr\/de\/boutique\/regenschutz\/#primaryimage\"},\"thumbnailUrl\":\"https:\/\/www.meromero.fr\/wp-content\/uploads\/2023\/04\/A01201_009.000_RAIN_COVER_Front.jpg\",\"datePublished\":\"2023-05-04T14:09:36+00:00\",\"dateModified\":\"2026-04-13T20:50:19+00:00\",\"description\":\"Regenschutz f\u00fcr die MINI-SQUAMISH und ANNECY Taschen, wenn sie auf dem Gep\u00e4cktr\u00e4ger befestigt sind.\",\"breadcrumb\":{\"@id\":\"https:\/\/www.meromero.fr\/de\/boutique\/regenschutz\/#breadcrumb\"},\"inLanguage\":\"de\",\"potentialAction\":[{\"@type\":\"ReadAction\",\"target\":[\"https:\/\/www.meromero.fr\/de\/boutique\/regenschutz\/\"]}]},{\"@type\":\"ImageObject\",\"inLanguage\":\"de\",\"@id\":\"https:\/\/www.meromero.fr\/de\/boutique\/regenschutz\/#primaryimage\",\"url\":\"https:\/\/www.meromero.fr\/wp-content\/uploads\/2023\/04\/A01201_009.000_RAIN_COVER_Front.jpg\",\"contentUrl\":\"https:\/\/www.meromero.fr\/wp-content\/uploads\/2023\/04\/A01201_009.000_RAIN_COVER_Front.jpg\",\"width\":2000,\"height\":2000},{\"@type\":\"BreadcrumbList\",\"@id\":\"https:\/\/www.meromero.fr\/de\/boutique\/regenschutz\/#breadcrumb\",\"itemListElement\":[{\"@type\":\"ListItem\",\"position\":1,\"name\":\"Home\",\"item\":\"https:\/\/www.meromero.fr\/de\/\"},{\"@type\":\"ListItem\",\"position\":2,\"name\":\"Shop\",\"item\":\"https:\/\/www.meromero.fr\/de\/shop\/\"},{\"@type\":\"ListItem\",\"position\":3,\"name\":\"RAIN COVER: Regenschutz\"}]},{\"@type\":\"WebSite\",\"@id\":\"https:\/\/www.meromero.fr\/#website\",\"url\":\"https:\/\/www.meromero.fr\/\",\"name\":\"MeroMero\",\"description\":\"Share your adventures\",\"publisher\":{\"@id\":\"https:\/\/www.meromero.fr\/#organization\"},\"potentialAction\":[{\"@type\":\"SearchAction\",\"target\":{\"@type\":\"EntryPoint\",\"urlTemplate\":\"https:\/\/www.meromero.fr\/?s={search_term_string}\"},\"query-input\":\"required name=search_term_string\"}],\"inLanguage\":\"de\"},{\"@type\":\"Organization\",\"@id\":\"https:\/\/www.meromero.fr\/#organization\",\"name\":\"MeroMero\",\"url\":\"https:\/\/www.meromero.fr\/\",\"logo\":{\"@type\":\"ImageObject\",\"inLanguage\":\"de\",\"@id\":\"https:\/\/www.meromero.fr\/#\/schema\/logo\/image\/\",\"url\":\"https:\/\/www.meromero.fr\/wp-content\/uploads\/2020\/04\/logo-black.png\",\"contentUrl\":\"https:\/\/www.meromero.fr\/wp-content\/uploads\/2020\/04\/logo-black.png\",\"width\":644,\"height\":208,\"caption\":\"MeroMero\"},\"image\":{\"@id\":\"https:\/\/www.meromero.fr\/#\/schema\/logo\/image\/\"}}]}<\/script>\n<meta property=\"og:availability\" content=\"instock\" \/>\n<meta property=\"product:availability\" content=\"instock\" \/>\n<meta property=\"product:condition\" content=\"new\" \/>\n<!-- \/ Yoast SEO Premium plugin. -->","yoast_head_json":{"title":"Regenschutz f\u00fcr Mini-Squamish & Annecy - MeroMero","description":"Regenschutz f\u00fcr die MINI-SQUAMISH und ANNECY Taschen, wenn sie auf dem Gep\u00e4cktr\u00e4ger befestigt sind.","robots":{"index":"index","follow":"follow","max-snippet":"max-snippet:-1","max-image-preview":"max-image-preview:large","max-video-preview":"max-video-preview:-1"},"canonical":"https:\/\/www.meromero.fr\/de\/boutique\/regenschutz\/","og_locale":"de_DE","og_type":"article","og_title":"RAIN COVER: Regenschutz","og_description":"Regenschutz f\u00fcr die MINI-SQUAMISH und ANNECY Taschen, wenn sie auf dem Gep\u00e4cktr\u00e4ger befestigt sind.","og_url":"https:\/\/www.meromero.fr\/de\/boutique\/regenschutz\/","og_site_name":"MeroMero","article_modified_time":"2026-04-13T20:50:19+00:00","og_image":[{"width":2000,"height":2000,"url":"https:\/\/www.meromero.fr\/wp-content\/uploads\/2023\/04\/A01201_009.000_RAIN_COVER_Front.jpg","type":"image\/jpeg"}],"twitter_card":"summary_large_image","twitter_misc":{"Verf\u00fcgbarkeit":"Auf Lager"},"schema":{"@context":"https:\/\/schema.org","@graph":[{"@type":"WebPage","@id":"https:\/\/www.meromero.fr\/de\/boutique\/regenschutz\/","url":"https:\/\/www.meromero.fr\/de\/boutique\/regenschutz\/","name":"Regenschutz f\u00fcr Mini-Squamish & Annecy - MeroMero","isPartOf":{"@id":"https:\/\/www.meromero.fr\/#website"},"primaryImageOfPage":{"@id":"https:\/\/www.meromero.fr\/de\/boutique\/regenschutz\/#primaryimage"},"image":{"@id":"https:\/\/www.meromero.fr\/de\/boutique\/regenschutz\/#primaryimage"},"thumbnailUrl":"https:\/\/www.meromero.fr\/wp-content\/uploads\/2023\/04\/A01201_009.000_RAIN_COVER_Front.jpg","datePublished":"2023-05-04T14:09:36+00:00","dateModified":"2026-04-13T20:50:19+00:00","description":"Regenschutz f\u00fcr die MINI-SQUAMISH und ANNECY Taschen, wenn sie auf dem Gep\u00e4cktr\u00e4ger befestigt sind.","breadcrumb":{"@id":"https:\/\/www.meromero.fr\/de\/boutique\/regenschutz\/#breadcrumb"},"inLanguage":"de","potentialAction":[{"@type":"ReadAction","target":["https:\/\/www.meromero.fr\/de\/boutique\/regenschutz\/"]}]},{"@type":"ImageObject","inLanguage":"de","@id":"https:\/\/www.meromero.fr\/de\/boutique\/regenschutz\/#primaryimage","url":"https:\/\/www.meromero.fr\/wp-content\/uploads\/2023\/04\/A01201_009.000_RAIN_COVER_Front.jpg","contentUrl":"https:\/\/www.meromero.fr\/wp-content\/uploads\/2023\/04\/A01201_009.000_RAIN_COVER_Front.jpg","width":2000,"height":2000},{"@type":"BreadcrumbList","@id":"https:\/\/www.meromero.fr\/de\/boutique\/regenschutz\/#breadcrumb","itemListElement":[{"@type":"ListItem","position":1,"name":"Home","item":"https:\/\/www.meromero.fr\/de\/"},{"@type":"ListItem","position":2,"name":"Shop","item":"https:\/\/www.meromero.fr\/de\/shop\/"},{"@type":"ListItem","position":3,"name":"RAIN COVER: Regenschutz"}]},{"@type":"WebSite","@id":"https:\/\/www.meromero.fr\/#website","url":"https:\/\/www.meromero.fr\/","name":"MeroMero","description":"Share your adventures","publisher":{"@id":"https:\/\/www.meromero.fr\/#organization"},"potentialAction":[{"@type":"SearchAction","target":{"@type":"EntryPoint","urlTemplate":"https:\/\/www.meromero.fr\/?s={search_term_string}"},"query-input":"required name=search_term_string"}],"inLanguage":"de"},{"@type":"Organization","@id":"https:\/\/www.meromero.fr\/#organization","name":"MeroMero","url":"https:\/\/www.meromero.fr\/","logo":{"@type":"ImageObject","inLanguage":"de","@id":"https:\/\/www.meromero.fr\/#\/schema\/logo\/image\/","url":"https:\/\/www.meromero.fr\/wp-content\/uploads\/2020\/04\/logo-black.png","contentUrl":"https:\/\/www.meromero.fr\/wp-content\/uploads\/2020\/04\/logo-black.png","width":644,"height":208,"caption":"MeroMero"},"image":{"@id":"https:\/\/www.meromero.fr\/#\/schema\/logo\/image\/"}}]},"og_availability":"instock","product_availability":"instock","product_condition":"new"},"_links":{"self":[{"href":"https:\/\/www.meromero.fr\/de\/wp-json\/wp\/v2\/product\/17915"}],"collection":[{"href":"https:\/\/www.meromero.fr\/de\/wp-json\/wp\/v2\/product"}],"about":[{"href":"https:\/\/www.meromero.fr\/de\/wp-json\/wp\/v2\/types\/product"}],"replies":[{"embeddable":true,"href":"https:\/\/www.meromero.fr\/de\/wp-json\/wp\/v2\/comments?post=17915"}],"wp:featuredmedia":[{"embeddable":true,"href":"https:\/\/www.meromero.fr\/de\/wp-json\/wp\/v2\/media\/20938"}],"wp:attachment":[{"href":"https:\/\/www.meromero.fr\/de\/wp-json\/wp\/v2\/media?parent=17915"}],"wp:term":[{"taxonomy":"product_cat","embeddable":true,"href":"https:\/\/www.meromero.fr\/de\/wp-json\/wp\/v2\/product_cat?post=17915"},{"taxonomy":"product_tag","embeddable":true,"href":"https:\/\/www.meromero.fr\/de\/wp-json\/wp\/v2\/product_tag?post=17915"}],"curies":[{"name":"wp","href":"https:\/\/api.w.org\/{rel}","templated":true}]}}