{"id":17783,"date":"2023-10-22T10:13:42","date_gmt":"2023-04-25T08:13:43","guid":{"rendered":"https:\/\/www.meromero.fr\/?post_type=product&#038;p=17783"},"modified":"2026-04-13T10:31:41","modified_gmt":"2026-04-13T08:31:41","slug":"mini-smoegen-weekender-reisetasche-mit-roll-top","status":"publish","type":"product","link":"https:\/\/www.meromero.fr\/de\/boutique\/mini-smoegen-weekender-reisetasche-mit-roll-top\/","title":{"rendered":"MINI-SM\u00d6GEN: Weekender Reisetasche mit Roll-Top"},"content":{"rendered":"","protected":false},"excerpt":{"rendered":"<p>Wie der Name schon sagt, ist der MINI-SM\u00d6GEN eine Mini-Version der <a href=\"https:\/\/www.meromero.fr\/de\/boutique\/smoegen-rolltop-reisetasche\/\">SM\u00d6GEN<\/a> Reisetasche. W\u00e4hrend sein gro\u00dfer Bruder ein Volumen von 60 bis 80 L hat, bietet der MINI-SM\u00d6GEN ein Fassungsverm\u00f6gen von 30 bis 45 L. Bei den meisten Fluggesellschaften geht er als Handgep\u00e4ck durch.<\/p>\n<p>Wie der SM\u00d6GEN hat auch diese kleine Duffle Bag einen modularen \u201eRoll-Top\u201c-Verschluss, um ihr Volumen zu regulieren. Sie hat ebenfalls einen wasserdichten &#8220;Drybag&#8221;, um deine nassen Sachen zu transportieren, sowie ein separates Schmutzw\u00e4schefach. Der MINI-SM\u00d6GEN hat komfortable, gepolsterte und ergonomische Rucksacktr\u00e4ger, die sich im Handumdrehen verstauen lassen. Schlie\u00dflich ist der MINI-SM\u00d6GEN aus extrem widerstandsf\u00e4higen und umweltbewussten Materialien konzipiert. Die Tasche hat drei gro\u00dfe Tragegriffe. Kurz gesagt, der MINI-SM\u00d6GEN ist der ideale \u201eWeekender\u201c zwischen Reisetasche und Rucksack.<\/p>\n","protected":false},"featured_media":18165,"comment_status":"open","ping_status":"closed","template":"","meta":[],"product_cat":[143],"product_tag":[],"yoast_head":"<!-- This site is optimized with the Yoast SEO Premium plugin v22.3 (Yoast SEO v22.4) - https:\/\/yoast.com\/wordpress\/plugins\/seo\/ -->\n<title>MINI-SM\u00d6GEN: Weekender Reisetasche mit Roll-Top - MeroMero<\/title>\n<meta name=\"description\" content=\"Eine Reisetasche &quot; duffle bag &quot; von 30L bis 45L dank ihres modulierbaren &quot;roll-top&quot; Verschlusses genial, komfortabel, modulierbar und langlebig, die sich an alle Ihre Reisen anpasst.\" \/>\n<meta name=\"robots\" content=\"index, follow, max-snippet:-1, max-image-preview:large, max-video-preview:-1\" \/>\n<link rel=\"canonical\" href=\"https:\/\/www.meromero.fr\/de\/boutique\/mini-smoegen-weekender-reisetasche-mit-roll-top\/\" \/>\n<meta property=\"og:locale\" content=\"de_DE\" \/>\n<meta property=\"og:type\" content=\"article\" \/>\n<meta property=\"og:title\" content=\"MINI-SM\u00d6GEN: Weekender Reisetasche mit Roll-Top\" \/>\n<meta property=\"og:description\" content=\"Eine Reisetasche &quot; duffle bag &quot; von 30L bis 45L dank ihres modulierbaren &quot;roll-top&quot; Verschlusses genial, komfortabel, modulierbar und langlebig, die sich an alle Ihre Reisen anpasst.\" \/>\n<meta property=\"og:url\" content=\"https:\/\/www.meromero.fr\/de\/boutique\/mini-smoegen-weekender-reisetasche-mit-roll-top\/\" \/>\n<meta property=\"og:site_name\" content=\"MeroMero\" \/>\n<meta property=\"article:modified_time\" content=\"2026-04-13T08:31:41+00:00\" \/>\n<meta property=\"og:image\" content=\"https:\/\/www.meromero.fr\/wp-content\/uploads\/2023\/04\/1.S00901_023.008_MiniSmogen_BlossomPink_side-scaled.jpg\" \/>\n\t<meta property=\"og:image:width\" content=\"2560\" \/>\n\t<meta property=\"og:image:height\" content=\"2560\" \/>\n\t<meta property=\"og:image:type\" content=\"image\/jpeg\" \/>\n<meta name=\"twitter:card\" content=\"summary_large_image\" \/>\n<meta name=\"twitter:label1\" content=\"Verf\u00fcgbarkeit\" \/>\n\t<meta name=\"twitter:data1\" content=\"Auf Lager\" \/>\n<script type=\"application\/ld+json\" class=\"yoast-schema-graph\">{\"@context\":\"https:\/\/schema.org\",\"@graph\":[{\"@type\":\"WebPage\",\"@id\":\"https:\/\/www.meromero.fr\/de\/boutique\/mini-smoegen-weekender-reisetasche-mit-roll-top\/\",\"url\":\"https:\/\/www.meromero.fr\/de\/boutique\/mini-smoegen-weekender-reisetasche-mit-roll-top\/\",\"name\":\"MINI-SM\u00d6GEN: Weekender Reisetasche mit Roll-Top - MeroMero\",\"isPartOf\":{\"@id\":\"https:\/\/www.meromero.fr\/#website\"},\"primaryImageOfPage\":{\"@id\":\"https:\/\/www.meromero.fr\/de\/boutique\/mini-smoegen-weekender-reisetasche-mit-roll-top\/#primaryimage\"},\"image\":{\"@id\":\"https:\/\/www.meromero.fr\/de\/boutique\/mini-smoegen-weekender-reisetasche-mit-roll-top\/#primaryimage\"},\"thumbnailUrl\":\"https:\/\/www.meromero.fr\/wp-content\/uploads\/2023\/04\/1.S00901_023.008_MiniSmogen_BlossomPink_side-scaled.jpg\",\"datePublished\":\"2023-04-25T08:13:43+00:00\",\"dateModified\":\"2026-04-13T08:31:41+00:00\",\"description\":\"Eine Reisetasche \\\" duffle bag \\\" von 30L bis 45L dank ihres modulierbaren \\\"roll-top\\\" Verschlusses genial, komfortabel, modulierbar und langlebig, die sich an alle Ihre Reisen anpasst.\",\"breadcrumb\":{\"@id\":\"https:\/\/www.meromero.fr\/de\/boutique\/mini-smoegen-weekender-reisetasche-mit-roll-top\/#breadcrumb\"},\"inLanguage\":\"de\",\"potentialAction\":[{\"@type\":\"ReadAction\",\"target\":[\"https:\/\/www.meromero.fr\/de\/boutique\/mini-smoegen-weekender-reisetasche-mit-roll-top\/\"]}]},{\"@type\":\"ImageObject\",\"inLanguage\":\"de\",\"@id\":\"https:\/\/www.meromero.fr\/de\/boutique\/mini-smoegen-weekender-reisetasche-mit-roll-top\/#primaryimage\",\"url\":\"https:\/\/www.meromero.fr\/wp-content\/uploads\/2023\/04\/1.S00901_023.008_MiniSmogen_BlossomPink_side-scaled.jpg\",\"contentUrl\":\"https:\/\/www.meromero.fr\/wp-content\/uploads\/2023\/04\/1.S00901_023.008_MiniSmogen_BlossomPink_side-scaled.jpg\",\"width\":2560,\"height\":2560},{\"@type\":\"BreadcrumbList\",\"@id\":\"https:\/\/www.meromero.fr\/de\/boutique\/mini-smoegen-weekender-reisetasche-mit-roll-top\/#breadcrumb\",\"itemListElement\":[{\"@type\":\"ListItem\",\"position\":1,\"name\":\"Home\",\"item\":\"https:\/\/www.meromero.fr\/de\/\"},{\"@type\":\"ListItem\",\"position\":2,\"name\":\"Shop\",\"item\":\"https:\/\/www.meromero.fr\/de\/shop\/\"},{\"@type\":\"ListItem\",\"position\":3,\"name\":\"MINI-SM\u00d6GEN: Weekender Reisetasche mit Roll-Top\"}]},{\"@type\":\"WebSite\",\"@id\":\"https:\/\/www.meromero.fr\/#website\",\"url\":\"https:\/\/www.meromero.fr\/\",\"name\":\"MeroMero\",\"description\":\"Share your adventures\",\"publisher\":{\"@id\":\"https:\/\/www.meromero.fr\/#organization\"},\"potentialAction\":[{\"@type\":\"SearchAction\",\"target\":{\"@type\":\"EntryPoint\",\"urlTemplate\":\"https:\/\/www.meromero.fr\/?s={search_term_string}\"},\"query-input\":\"required name=search_term_string\"}],\"inLanguage\":\"de\"},{\"@type\":\"Organization\",\"@id\":\"https:\/\/www.meromero.fr\/#organization\",\"name\":\"MeroMero\",\"url\":\"https:\/\/www.meromero.fr\/\",\"logo\":{\"@type\":\"ImageObject\",\"inLanguage\":\"de\",\"@id\":\"https:\/\/www.meromero.fr\/#\/schema\/logo\/image\/\",\"url\":\"https:\/\/www.meromero.fr\/wp-content\/uploads\/2020\/04\/logo-black.png\",\"contentUrl\":\"https:\/\/www.meromero.fr\/wp-content\/uploads\/2020\/04\/logo-black.png\",\"width\":644,\"height\":208,\"caption\":\"MeroMero\"},\"image\":{\"@id\":\"https:\/\/www.meromero.fr\/#\/schema\/logo\/image\/\"}}]}<\/script>\n<meta property=\"og:availability\" content=\"instock\" \/>\n<meta property=\"product:availability\" content=\"instock\" \/>\n<meta property=\"product:condition\" content=\"new\" \/>\n<!-- \/ Yoast SEO Premium plugin. -->","yoast_head_json":{"title":"MINI-SM\u00d6GEN: Weekender Reisetasche mit Roll-Top - MeroMero","description":"Eine Reisetasche \" duffle bag \" von 30L bis 45L dank ihres modulierbaren \"roll-top\" Verschlusses genial, komfortabel, modulierbar und langlebig, die sich an alle Ihre Reisen anpasst.","robots":{"index":"index","follow":"follow","max-snippet":"max-snippet:-1","max-image-preview":"max-image-preview:large","max-video-preview":"max-video-preview:-1"},"canonical":"https:\/\/www.meromero.fr\/de\/boutique\/mini-smoegen-weekender-reisetasche-mit-roll-top\/","og_locale":"de_DE","og_type":"article","og_title":"MINI-SM\u00d6GEN: Weekender Reisetasche mit Roll-Top","og_description":"Eine Reisetasche \" duffle bag \" von 30L bis 45L dank ihres modulierbaren \"roll-top\" Verschlusses genial, komfortabel, modulierbar und langlebig, die sich an alle Ihre Reisen anpasst.","og_url":"https:\/\/www.meromero.fr\/de\/boutique\/mini-smoegen-weekender-reisetasche-mit-roll-top\/","og_site_name":"MeroMero","article_modified_time":"2026-04-13T08:31:41+00:00","og_image":[{"width":2560,"height":2560,"url":"https:\/\/www.meromero.fr\/wp-content\/uploads\/2023\/04\/1.S00901_023.008_MiniSmogen_BlossomPink_side-scaled.jpg","type":"image\/jpeg"}],"twitter_card":"summary_large_image","twitter_misc":{"Verf\u00fcgbarkeit":"Auf Lager"},"schema":{"@context":"https:\/\/schema.org","@graph":[{"@type":"WebPage","@id":"https:\/\/www.meromero.fr\/de\/boutique\/mini-smoegen-weekender-reisetasche-mit-roll-top\/","url":"https:\/\/www.meromero.fr\/de\/boutique\/mini-smoegen-weekender-reisetasche-mit-roll-top\/","name":"MINI-SM\u00d6GEN: Weekender Reisetasche mit Roll-Top - MeroMero","isPartOf":{"@id":"https:\/\/www.meromero.fr\/#website"},"primaryImageOfPage":{"@id":"https:\/\/www.meromero.fr\/de\/boutique\/mini-smoegen-weekender-reisetasche-mit-roll-top\/#primaryimage"},"image":{"@id":"https:\/\/www.meromero.fr\/de\/boutique\/mini-smoegen-weekender-reisetasche-mit-roll-top\/#primaryimage"},"thumbnailUrl":"https:\/\/www.meromero.fr\/wp-content\/uploads\/2023\/04\/1.S00901_023.008_MiniSmogen_BlossomPink_side-scaled.jpg","datePublished":"2023-04-25T08:13:43+00:00","dateModified":"2026-04-13T08:31:41+00:00","description":"Eine Reisetasche \" duffle bag \" von 30L bis 45L dank ihres modulierbaren \"roll-top\" Verschlusses genial, komfortabel, modulierbar und langlebig, die sich an alle Ihre Reisen anpasst.","breadcrumb":{"@id":"https:\/\/www.meromero.fr\/de\/boutique\/mini-smoegen-weekender-reisetasche-mit-roll-top\/#breadcrumb"},"inLanguage":"de","potentialAction":[{"@type":"ReadAction","target":["https:\/\/www.meromero.fr\/de\/boutique\/mini-smoegen-weekender-reisetasche-mit-roll-top\/"]}]},{"@type":"ImageObject","inLanguage":"de","@id":"https:\/\/www.meromero.fr\/de\/boutique\/mini-smoegen-weekender-reisetasche-mit-roll-top\/#primaryimage","url":"https:\/\/www.meromero.fr\/wp-content\/uploads\/2023\/04\/1.S00901_023.008_MiniSmogen_BlossomPink_side-scaled.jpg","contentUrl":"https:\/\/www.meromero.fr\/wp-content\/uploads\/2023\/04\/1.S00901_023.008_MiniSmogen_BlossomPink_side-scaled.jpg","width":2560,"height":2560},{"@type":"BreadcrumbList","@id":"https:\/\/www.meromero.fr\/de\/boutique\/mini-smoegen-weekender-reisetasche-mit-roll-top\/#breadcrumb","itemListElement":[{"@type":"ListItem","position":1,"name":"Home","item":"https:\/\/www.meromero.fr\/de\/"},{"@type":"ListItem","position":2,"name":"Shop","item":"https:\/\/www.meromero.fr\/de\/shop\/"},{"@type":"ListItem","position":3,"name":"MINI-SM\u00d6GEN: Weekender Reisetasche mit Roll-Top"}]},{"@type":"WebSite","@id":"https:\/\/www.meromero.fr\/#website","url":"https:\/\/www.meromero.fr\/","name":"MeroMero","description":"Share your adventures","publisher":{"@id":"https:\/\/www.meromero.fr\/#organization"},"potentialAction":[{"@type":"SearchAction","target":{"@type":"EntryPoint","urlTemplate":"https:\/\/www.meromero.fr\/?s={search_term_string}"},"query-input":"required name=search_term_string"}],"inLanguage":"de"},{"@type":"Organization","@id":"https:\/\/www.meromero.fr\/#organization","name":"MeroMero","url":"https:\/\/www.meromero.fr\/","logo":{"@type":"ImageObject","inLanguage":"de","@id":"https:\/\/www.meromero.fr\/#\/schema\/logo\/image\/","url":"https:\/\/www.meromero.fr\/wp-content\/uploads\/2020\/04\/logo-black.png","contentUrl":"https:\/\/www.meromero.fr\/wp-content\/uploads\/2020\/04\/logo-black.png","width":644,"height":208,"caption":"MeroMero"},"image":{"@id":"https:\/\/www.meromero.fr\/#\/schema\/logo\/image\/"}}]},"og_availability":"instock","product_availability":"instock","product_condition":"new"},"_links":{"self":[{"href":"https:\/\/www.meromero.fr\/de\/wp-json\/wp\/v2\/product\/17783"}],"collection":[{"href":"https:\/\/www.meromero.fr\/de\/wp-json\/wp\/v2\/product"}],"about":[{"href":"https:\/\/www.meromero.fr\/de\/wp-json\/wp\/v2\/types\/product"}],"replies":[{"embeddable":true,"href":"https:\/\/www.meromero.fr\/de\/wp-json\/wp\/v2\/comments?post=17783"}],"wp:featuredmedia":[{"embeddable":true,"href":"https:\/\/www.meromero.fr\/de\/wp-json\/wp\/v2\/media\/18165"}],"wp:attachment":[{"href":"https:\/\/www.meromero.fr\/de\/wp-json\/wp\/v2\/media?parent=17783"}],"wp:term":[{"taxonomy":"product_cat","embeddable":true,"href":"https:\/\/www.meromero.fr\/de\/wp-json\/wp\/v2\/product_cat?post=17783"},{"taxonomy":"product_tag","embeddable":true,"href":"https:\/\/www.meromero.fr\/de\/wp-json\/wp\/v2\/product_tag?post=17783"}],"curies":[{"name":"wp","href":"https:\/\/api.w.org\/{rel}","templated":true}]}}