{"id":17690,"date":"2023-10-27T00:02:47","date_gmt":"2023-04-24T09:27:48","guid":{"rendered":"https:\/\/www.meromero.fr\/?post_type=product&#038;p=17690"},"modified":"2026-04-28T16:31:39","modified_gmt":"2026-04-28T14:31:39","slug":"annecy-fahrradtasche-rucksack","status":"publish","type":"product","link":"https:\/\/www.meromero.fr\/de\/boutique\/annecy-fahrradtasche-rucksack\/","title":{"rendered":"ANNECY: Fahrradtasche \/ Rucksack"},"content":{"rendered":"","protected":false},"excerpt":{"rendered":"<p><em>ANNECY, der neue Mini-Squamish, nur noch besser!<\/em><\/p>\n<p>Nach 3 erfolgreichen Jahren war es an der Zeit, den <a href=\"https:\/\/www.meromero.fr\/de\/boutique\/roll-top-rucksack-und-fahrradtasche-mini-squamish\/\">MINI-SQUAMISH<\/a> neu zu gestalten und einige Verbesserungen vorzunehmen. Das Konzept, das 2020 mit einem French Outdoor Award ausgezeichnet wurde, hat sich nicht ge\u00e4ndert: Es ist immer noch ein genialer und bequemer kleiner Rolltop-Rucksack, der zur Befestigung an einem Fahrrad entwickelt wurde. Zus\u00e4tzlich zu seinem Namen (er hei\u00dft jetzt ANNECY) haben wir ein neues Material f\u00fcr die Basis und die R\u00fcckseite hinzugef\u00fcgt, den Klettverschluss \u00fcberarbeitet und eine kleine Au\u00dfentasche am unteren Ende der R\u00fcckseite hinzugef\u00fcgt. Innen ist der Schaumstoff des Computerfachs dicker und das helle Futter (f\u00fcr bessere Sichtbarkeit im Rucksack) hat ein sch\u00f6nes Design von MeroMero. Kurzum: Der gleiche Rucksack, nur besser!<\/p>\n","protected":false},"featured_media":22604,"comment_status":"open","ping_status":"closed","template":"","meta":[],"product_cat":[143],"product_tag":[],"yoast_head":"<!-- This site is optimized with the Yoast SEO Premium plugin v22.3 (Yoast SEO v22.4) - https:\/\/yoast.com\/wordpress\/plugins\/seo\/ -->\n<title>Annecy: Fahrradtasche \/ Rucksack | MeroMero<\/title>\n<meta name=\"description\" content=\"Entdecken Sie den neuen ANNECY Rolltop-Rucksack! Genialer, bequemer Fahrradrucksack mit neuer Basis, \u00fcberarbeitetem Klettverschluss, Au\u00dfentasche und sch\u00f6nem Futterdesign - jetzt noch besser!\" \/>\n<meta name=\"robots\" content=\"index, follow, max-snippet:-1, max-image-preview:large, max-video-preview:-1\" \/>\n<link rel=\"canonical\" href=\"https:\/\/www.meromero.fr\/de\/boutique\/annecy-fahrradtasche-rucksack\/\" \/>\n<meta property=\"og:locale\" content=\"de_DE\" \/>\n<meta property=\"og:type\" content=\"article\" \/>\n<meta property=\"og:title\" content=\"ANNECY: Fahrradtasche \/ Rucksack\" \/>\n<meta property=\"og:description\" content=\"Entdecken Sie den neuen ANNECY Rolltop-Rucksack! Genialer, bequemer Fahrradrucksack mit neuer Basis, \u00fcberarbeitetem Klettverschluss, Au\u00dfentasche und sch\u00f6nem Futterdesign - jetzt noch besser!\" \/>\n<meta property=\"og:url\" content=\"https:\/\/www.meromero.fr\/de\/boutique\/annecy-fahrradtasche-rucksack\/\" \/>\n<meta property=\"og:site_name\" content=\"MeroMero\" \/>\n<meta property=\"article:modified_time\" content=\"2026-04-28T14:31:39+00:00\" \/>\n<meta property=\"og:image\" content=\"https:\/\/www.meromero.fr\/wp-content\/uploads\/2023\/10\/S00302_025.008_ANNECY_cypressGreen_on_bike.jpg\" \/>\n\t<meta property=\"og:image:width\" content=\"2000\" \/>\n\t<meta property=\"og:image:height\" content=\"2000\" \/>\n\t<meta property=\"og:image:type\" content=\"image\/jpeg\" \/>\n<meta name=\"twitter:card\" content=\"summary_large_image\" \/>\n<meta name=\"twitter:label1\" content=\"Verf\u00fcgbarkeit\" \/>\n\t<meta name=\"twitter:data1\" content=\"Auf Lager\" \/>\n<script type=\"application\/ld+json\" class=\"yoast-schema-graph\">{\"@context\":\"https:\/\/schema.org\",\"@graph\":[{\"@type\":\"WebPage\",\"@id\":\"https:\/\/www.meromero.fr\/de\/boutique\/annecy-fahrradtasche-rucksack\/\",\"url\":\"https:\/\/www.meromero.fr\/de\/boutique\/annecy-fahrradtasche-rucksack\/\",\"name\":\"Annecy: Fahrradtasche \/ Rucksack | MeroMero\",\"isPartOf\":{\"@id\":\"https:\/\/www.meromero.fr\/#website\"},\"primaryImageOfPage\":{\"@id\":\"https:\/\/www.meromero.fr\/de\/boutique\/annecy-fahrradtasche-rucksack\/#primaryimage\"},\"image\":{\"@id\":\"https:\/\/www.meromero.fr\/de\/boutique\/annecy-fahrradtasche-rucksack\/#primaryimage\"},\"thumbnailUrl\":\"https:\/\/www.meromero.fr\/wp-content\/uploads\/2023\/10\/S00302_025.008_ANNECY_cypressGreen_on_bike.jpg\",\"datePublished\":\"2023-04-24T09:27:48+00:00\",\"dateModified\":\"2026-04-28T14:31:39+00:00\",\"description\":\"Entdecken Sie den neuen ANNECY Rolltop-Rucksack! Genialer, bequemer Fahrradrucksack mit neuer Basis, \u00fcberarbeitetem Klettverschluss, Au\u00dfentasche und sch\u00f6nem Futterdesign - jetzt noch besser!\",\"breadcrumb\":{\"@id\":\"https:\/\/www.meromero.fr\/de\/boutique\/annecy-fahrradtasche-rucksack\/#breadcrumb\"},\"inLanguage\":\"de\",\"potentialAction\":[{\"@type\":\"ReadAction\",\"target\":[\"https:\/\/www.meromero.fr\/de\/boutique\/annecy-fahrradtasche-rucksack\/\"]}]},{\"@type\":\"ImageObject\",\"inLanguage\":\"de\",\"@id\":\"https:\/\/www.meromero.fr\/de\/boutique\/annecy-fahrradtasche-rucksack\/#primaryimage\",\"url\":\"https:\/\/www.meromero.fr\/wp-content\/uploads\/2023\/10\/S00302_025.008_ANNECY_cypressGreen_on_bike.jpg\",\"contentUrl\":\"https:\/\/www.meromero.fr\/wp-content\/uploads\/2023\/10\/S00302_025.008_ANNECY_cypressGreen_on_bike.jpg\",\"width\":2000,\"height\":2000},{\"@type\":\"BreadcrumbList\",\"@id\":\"https:\/\/www.meromero.fr\/de\/boutique\/annecy-fahrradtasche-rucksack\/#breadcrumb\",\"itemListElement\":[{\"@type\":\"ListItem\",\"position\":1,\"name\":\"Home\",\"item\":\"https:\/\/www.meromero.fr\/de\/\"},{\"@type\":\"ListItem\",\"position\":2,\"name\":\"Shop\",\"item\":\"https:\/\/www.meromero.fr\/de\/shop\/\"},{\"@type\":\"ListItem\",\"position\":3,\"name\":\"ANNECY: Fahrradtasche \/ Rucksack\"}]},{\"@type\":\"WebSite\",\"@id\":\"https:\/\/www.meromero.fr\/#website\",\"url\":\"https:\/\/www.meromero.fr\/\",\"name\":\"MeroMero\",\"description\":\"Share your adventures\",\"publisher\":{\"@id\":\"https:\/\/www.meromero.fr\/#organization\"},\"potentialAction\":[{\"@type\":\"SearchAction\",\"target\":{\"@type\":\"EntryPoint\",\"urlTemplate\":\"https:\/\/www.meromero.fr\/?s={search_term_string}\"},\"query-input\":\"required name=search_term_string\"}],\"inLanguage\":\"de\"},{\"@type\":\"Organization\",\"@id\":\"https:\/\/www.meromero.fr\/#organization\",\"name\":\"MeroMero\",\"url\":\"https:\/\/www.meromero.fr\/\",\"logo\":{\"@type\":\"ImageObject\",\"inLanguage\":\"de\",\"@id\":\"https:\/\/www.meromero.fr\/#\/schema\/logo\/image\/\",\"url\":\"https:\/\/www.meromero.fr\/wp-content\/uploads\/2020\/04\/logo-black.png\",\"contentUrl\":\"https:\/\/www.meromero.fr\/wp-content\/uploads\/2020\/04\/logo-black.png\",\"width\":644,\"height\":208,\"caption\":\"MeroMero\"},\"image\":{\"@id\":\"https:\/\/www.meromero.fr\/#\/schema\/logo\/image\/\"}}]}<\/script>\n<meta property=\"og:availability\" content=\"instock\" \/>\n<meta property=\"product:availability\" content=\"instock\" \/>\n<meta property=\"product:condition\" content=\"new\" \/>\n<!-- \/ Yoast SEO Premium plugin. -->","yoast_head_json":{"title":"Annecy: Fahrradtasche \/ Rucksack | MeroMero","description":"Entdecken Sie den neuen ANNECY Rolltop-Rucksack! Genialer, bequemer Fahrradrucksack mit neuer Basis, \u00fcberarbeitetem Klettverschluss, Au\u00dfentasche und sch\u00f6nem Futterdesign - jetzt noch besser!","robots":{"index":"index","follow":"follow","max-snippet":"max-snippet:-1","max-image-preview":"max-image-preview:large","max-video-preview":"max-video-preview:-1"},"canonical":"https:\/\/www.meromero.fr\/de\/boutique\/annecy-fahrradtasche-rucksack\/","og_locale":"de_DE","og_type":"article","og_title":"ANNECY: Fahrradtasche \/ Rucksack","og_description":"Entdecken Sie den neuen ANNECY Rolltop-Rucksack! Genialer, bequemer Fahrradrucksack mit neuer Basis, \u00fcberarbeitetem Klettverschluss, Au\u00dfentasche und sch\u00f6nem Futterdesign - jetzt noch besser!","og_url":"https:\/\/www.meromero.fr\/de\/boutique\/annecy-fahrradtasche-rucksack\/","og_site_name":"MeroMero","article_modified_time":"2026-04-28T14:31:39+00:00","og_image":[{"width":2000,"height":2000,"url":"https:\/\/www.meromero.fr\/wp-content\/uploads\/2023\/10\/S00302_025.008_ANNECY_cypressGreen_on_bike.jpg","type":"image\/jpeg"}],"twitter_card":"summary_large_image","twitter_misc":{"Verf\u00fcgbarkeit":"Auf Lager"},"schema":{"@context":"https:\/\/schema.org","@graph":[{"@type":"WebPage","@id":"https:\/\/www.meromero.fr\/de\/boutique\/annecy-fahrradtasche-rucksack\/","url":"https:\/\/www.meromero.fr\/de\/boutique\/annecy-fahrradtasche-rucksack\/","name":"Annecy: Fahrradtasche \/ Rucksack | MeroMero","isPartOf":{"@id":"https:\/\/www.meromero.fr\/#website"},"primaryImageOfPage":{"@id":"https:\/\/www.meromero.fr\/de\/boutique\/annecy-fahrradtasche-rucksack\/#primaryimage"},"image":{"@id":"https:\/\/www.meromero.fr\/de\/boutique\/annecy-fahrradtasche-rucksack\/#primaryimage"},"thumbnailUrl":"https:\/\/www.meromero.fr\/wp-content\/uploads\/2023\/10\/S00302_025.008_ANNECY_cypressGreen_on_bike.jpg","datePublished":"2023-04-24T09:27:48+00:00","dateModified":"2026-04-28T14:31:39+00:00","description":"Entdecken Sie den neuen ANNECY Rolltop-Rucksack! Genialer, bequemer Fahrradrucksack mit neuer Basis, \u00fcberarbeitetem Klettverschluss, Au\u00dfentasche und sch\u00f6nem Futterdesign - jetzt noch besser!","breadcrumb":{"@id":"https:\/\/www.meromero.fr\/de\/boutique\/annecy-fahrradtasche-rucksack\/#breadcrumb"},"inLanguage":"de","potentialAction":[{"@type":"ReadAction","target":["https:\/\/www.meromero.fr\/de\/boutique\/annecy-fahrradtasche-rucksack\/"]}]},{"@type":"ImageObject","inLanguage":"de","@id":"https:\/\/www.meromero.fr\/de\/boutique\/annecy-fahrradtasche-rucksack\/#primaryimage","url":"https:\/\/www.meromero.fr\/wp-content\/uploads\/2023\/10\/S00302_025.008_ANNECY_cypressGreen_on_bike.jpg","contentUrl":"https:\/\/www.meromero.fr\/wp-content\/uploads\/2023\/10\/S00302_025.008_ANNECY_cypressGreen_on_bike.jpg","width":2000,"height":2000},{"@type":"BreadcrumbList","@id":"https:\/\/www.meromero.fr\/de\/boutique\/annecy-fahrradtasche-rucksack\/#breadcrumb","itemListElement":[{"@type":"ListItem","position":1,"name":"Home","item":"https:\/\/www.meromero.fr\/de\/"},{"@type":"ListItem","position":2,"name":"Shop","item":"https:\/\/www.meromero.fr\/de\/shop\/"},{"@type":"ListItem","position":3,"name":"ANNECY: Fahrradtasche \/ Rucksack"}]},{"@type":"WebSite","@id":"https:\/\/www.meromero.fr\/#website","url":"https:\/\/www.meromero.fr\/","name":"MeroMero","description":"Share your adventures","publisher":{"@id":"https:\/\/www.meromero.fr\/#organization"},"potentialAction":[{"@type":"SearchAction","target":{"@type":"EntryPoint","urlTemplate":"https:\/\/www.meromero.fr\/?s={search_term_string}"},"query-input":"required name=search_term_string"}],"inLanguage":"de"},{"@type":"Organization","@id":"https:\/\/www.meromero.fr\/#organization","name":"MeroMero","url":"https:\/\/www.meromero.fr\/","logo":{"@type":"ImageObject","inLanguage":"de","@id":"https:\/\/www.meromero.fr\/#\/schema\/logo\/image\/","url":"https:\/\/www.meromero.fr\/wp-content\/uploads\/2020\/04\/logo-black.png","contentUrl":"https:\/\/www.meromero.fr\/wp-content\/uploads\/2020\/04\/logo-black.png","width":644,"height":208,"caption":"MeroMero"},"image":{"@id":"https:\/\/www.meromero.fr\/#\/schema\/logo\/image\/"}}]},"og_availability":"instock","product_availability":"instock","product_condition":"new"},"_links":{"self":[{"href":"https:\/\/www.meromero.fr\/de\/wp-json\/wp\/v2\/product\/17690"}],"collection":[{"href":"https:\/\/www.meromero.fr\/de\/wp-json\/wp\/v2\/product"}],"about":[{"href":"https:\/\/www.meromero.fr\/de\/wp-json\/wp\/v2\/types\/product"}],"replies":[{"embeddable":true,"href":"https:\/\/www.meromero.fr\/de\/wp-json\/wp\/v2\/comments?post=17690"}],"wp:featuredmedia":[{"embeddable":true,"href":"https:\/\/www.meromero.fr\/de\/wp-json\/wp\/v2\/media\/22604"}],"wp:attachment":[{"href":"https:\/\/www.meromero.fr\/de\/wp-json\/wp\/v2\/media?parent=17690"}],"wp:term":[{"taxonomy":"product_cat","embeddable":true,"href":"https:\/\/www.meromero.fr\/de\/wp-json\/wp\/v2\/product_cat?post=17690"},{"taxonomy":"product_tag","embeddable":true,"href":"https:\/\/www.meromero.fr\/de\/wp-json\/wp\/v2\/product_tag?post=17690"}],"curies":[{"name":"wp","href":"https:\/\/api.w.org\/{rel}","templated":true}]}}