{"id":17652,"date":"2023-10-20T11:25:49","date_gmt":"2023-04-24T09:25:51","guid":{"rendered":"https:\/\/www.meromero.fr\/?post_type=product&#038;p=17652"},"modified":"2026-05-12T23:30:27","modified_gmt":"2026-05-12T21:30:27","slug":"rucksack-mit-rollverschluss-wanaka","status":"publish","type":"product","link":"https:\/\/www.meromero.fr\/de\/boutique\/rucksack-mit-rollverschluss-wanaka\/","title":{"rendered":"WANAKA: Rucksack mit Rollverschluss"},"content":{"rendered":"","protected":false},"excerpt":{"rendered":"<p>Da manche von Euch den MINI-SQUAMISH (jetzt ANNECY genannt) vorz\u00fcglich als kleinen Rucksack hernehmen, ohne die Fahrradfunktion zu nutzen, haben wir uns entschieden, seinen Zwillingsbruder herauszubringen, eben ohne das Klettverschlusssystem am R\u00fccken. Der WANAKA ist daher eine Kopie des ANNECY, jedoch mit einem bequemen 3D-Mesh-R\u00fccken. Ideal f\u00fcr eure Ausfl\u00fcge in die Stadt, auf Reisen oder in die Berge&#8230;<\/p>\n<p>\u26a0\ufe0f Wenn du den <a href=\"https:\/\/www.meromero.fr\/de\/boutique\/sternum-strap\/\">Sternum strap<\/a>\u00a0m\u00f6chtest, musst du ihn zu deinem Warenkorb hinzuf\u00fcgen.<\/p>\n","protected":false},"featured_media":33645,"comment_status":"open","ping_status":"closed","template":"","meta":[],"product_cat":[143],"product_tag":[],"yoast_head":"<!-- This site is optimized with the Yoast SEO Premium plugin v22.3 (Yoast SEO v22.4) - https:\/\/yoast.com\/wordpress\/plugins\/seo\/ -->\n<title>Wanaka: Rucksack mit Rollverschluss | MeroMero<\/title>\n<meta name=\"description\" content=\"Der WANAKA ist daher eine Kopie des ANNECY, jedoch mit einem bequemen 3D-Mesh-R\u00fccken. Ideal f\u00fcr eure Ausfl\u00fcge in die Stadt, auf Reisen oder in die Berge...\" \/>\n<meta name=\"robots\" content=\"index, follow, max-snippet:-1, max-image-preview:large, max-video-preview:-1\" \/>\n<link rel=\"canonical\" href=\"https:\/\/www.meromero.fr\/de\/boutique\/rucksack-mit-rollverschluss-wanaka\/\" \/>\n<meta property=\"og:locale\" content=\"de_DE\" \/>\n<meta property=\"og:type\" content=\"article\" \/>\n<meta property=\"og:title\" content=\"WANAKA: Rucksack mit Rollverschluss\" \/>\n<meta property=\"og:description\" content=\"Der WANAKA ist daher eine Kopie des ANNECY, jedoch mit einem bequemen 3D-Mesh-R\u00fccken. Ideal f\u00fcr eure Ausfl\u00fcge in die Stadt, auf Reisen oder in die Berge...\" \/>\n<meta property=\"og:url\" content=\"https:\/\/www.meromero.fr\/de\/boutique\/rucksack-mit-rollverschluss-wanaka\/\" \/>\n<meta property=\"og:site_name\" content=\"MeroMero\" \/>\n<meta property=\"article:modified_time\" content=\"2026-05-12T21:30:27+00:00\" \/>\n<meta property=\"og:image\" content=\"https:\/\/www.meromero.fr\/wp-content\/uploads\/2023\/04\/S01001_024.017_WANAKA_BrickRed_front.jpg\" \/>\n\t<meta property=\"og:image:width\" content=\"2000\" \/>\n\t<meta property=\"og:image:height\" content=\"2000\" \/>\n\t<meta property=\"og:image:type\" content=\"image\/jpeg\" \/>\n<meta name=\"twitter:card\" content=\"summary_large_image\" \/>\n<meta name=\"twitter:label1\" content=\"Verf\u00fcgbarkeit\" \/>\n\t<meta name=\"twitter:data1\" content=\"Auf Lager\" \/>\n<script type=\"application\/ld+json\" class=\"yoast-schema-graph\">{\"@context\":\"https:\/\/schema.org\",\"@graph\":[{\"@type\":\"WebPage\",\"@id\":\"https:\/\/www.meromero.fr\/de\/boutique\/rucksack-mit-rollverschluss-wanaka\/\",\"url\":\"https:\/\/www.meromero.fr\/de\/boutique\/rucksack-mit-rollverschluss-wanaka\/\",\"name\":\"Wanaka: Rucksack mit Rollverschluss | MeroMero\",\"isPartOf\":{\"@id\":\"https:\/\/www.meromero.fr\/#website\"},\"primaryImageOfPage\":{\"@id\":\"https:\/\/www.meromero.fr\/de\/boutique\/rucksack-mit-rollverschluss-wanaka\/#primaryimage\"},\"image\":{\"@id\":\"https:\/\/www.meromero.fr\/de\/boutique\/rucksack-mit-rollverschluss-wanaka\/#primaryimage\"},\"thumbnailUrl\":\"https:\/\/www.meromero.fr\/wp-content\/uploads\/2026\/03\/S01001_027.013_WANAKA_Sand_front-1.jpg\",\"datePublished\":\"2023-04-24T09:25:51+00:00\",\"dateModified\":\"2026-05-12T21:30:27+00:00\",\"description\":\"Der WANAKA ist daher eine Kopie des ANNECY, jedoch mit einem bequemen 3D-Mesh-R\u00fccken. Ideal f\u00fcr eure Ausfl\u00fcge in die Stadt, auf Reisen oder in die Berge...\",\"breadcrumb\":{\"@id\":\"https:\/\/www.meromero.fr\/de\/boutique\/rucksack-mit-rollverschluss-wanaka\/#breadcrumb\"},\"inLanguage\":\"de\",\"potentialAction\":[{\"@type\":\"ReadAction\",\"target\":[\"https:\/\/www.meromero.fr\/de\/boutique\/rucksack-mit-rollverschluss-wanaka\/\"]}]},{\"@type\":\"ImageObject\",\"inLanguage\":\"de\",\"@id\":\"https:\/\/www.meromero.fr\/de\/boutique\/rucksack-mit-rollverschluss-wanaka\/#primaryimage\",\"url\":\"https:\/\/www.meromero.fr\/wp-content\/uploads\/2026\/03\/S01001_027.013_WANAKA_Sand_front-1.jpg\",\"contentUrl\":\"https:\/\/www.meromero.fr\/wp-content\/uploads\/2026\/03\/S01001_027.013_WANAKA_Sand_front-1.jpg\",\"width\":2000,\"height\":2000},{\"@type\":\"BreadcrumbList\",\"@id\":\"https:\/\/www.meromero.fr\/de\/boutique\/rucksack-mit-rollverschluss-wanaka\/#breadcrumb\",\"itemListElement\":[{\"@type\":\"ListItem\",\"position\":1,\"name\":\"Home\",\"item\":\"https:\/\/www.meromero.fr\/de\/\"},{\"@type\":\"ListItem\",\"position\":2,\"name\":\"Shop\",\"item\":\"https:\/\/www.meromero.fr\/de\/shop\/\"},{\"@type\":\"ListItem\",\"position\":3,\"name\":\"WANAKA: Rucksack mit Rollverschluss\"}]},{\"@type\":\"WebSite\",\"@id\":\"https:\/\/www.meromero.fr\/#website\",\"url\":\"https:\/\/www.meromero.fr\/\",\"name\":\"MeroMero\",\"description\":\"Share your adventures\",\"publisher\":{\"@id\":\"https:\/\/www.meromero.fr\/#organization\"},\"potentialAction\":[{\"@type\":\"SearchAction\",\"target\":{\"@type\":\"EntryPoint\",\"urlTemplate\":\"https:\/\/www.meromero.fr\/?s={search_term_string}\"},\"query-input\":\"required name=search_term_string\"}],\"inLanguage\":\"de\"},{\"@type\":\"Organization\",\"@id\":\"https:\/\/www.meromero.fr\/#organization\",\"name\":\"MeroMero\",\"url\":\"https:\/\/www.meromero.fr\/\",\"logo\":{\"@type\":\"ImageObject\",\"inLanguage\":\"de\",\"@id\":\"https:\/\/www.meromero.fr\/#\/schema\/logo\/image\/\",\"url\":\"https:\/\/www.meromero.fr\/wp-content\/uploads\/2020\/04\/logo-black.png\",\"contentUrl\":\"https:\/\/www.meromero.fr\/wp-content\/uploads\/2020\/04\/logo-black.png\",\"width\":644,\"height\":208,\"caption\":\"MeroMero\"},\"image\":{\"@id\":\"https:\/\/www.meromero.fr\/#\/schema\/logo\/image\/\"}}]}<\/script>\n<meta property=\"og:availability\" content=\"instock\" \/>\n<meta property=\"product:availability\" content=\"instock\" \/>\n<meta property=\"product:condition\" content=\"new\" \/>\n<!-- \/ Yoast SEO Premium plugin. -->","yoast_head_json":{"title":"Wanaka: Rucksack mit Rollverschluss | MeroMero","description":"Der WANAKA ist daher eine Kopie des ANNECY, jedoch mit einem bequemen 3D-Mesh-R\u00fccken. Ideal f\u00fcr eure Ausfl\u00fcge in die Stadt, auf Reisen oder in die Berge...","robots":{"index":"index","follow":"follow","max-snippet":"max-snippet:-1","max-image-preview":"max-image-preview:large","max-video-preview":"max-video-preview:-1"},"canonical":"https:\/\/www.meromero.fr\/de\/boutique\/rucksack-mit-rollverschluss-wanaka\/","og_locale":"de_DE","og_type":"article","og_title":"WANAKA: Rucksack mit Rollverschluss","og_description":"Der WANAKA ist daher eine Kopie des ANNECY, jedoch mit einem bequemen 3D-Mesh-R\u00fccken. Ideal f\u00fcr eure Ausfl\u00fcge in die Stadt, auf Reisen oder in die Berge...","og_url":"https:\/\/www.meromero.fr\/de\/boutique\/rucksack-mit-rollverschluss-wanaka\/","og_site_name":"MeroMero","article_modified_time":"2026-05-12T21:30:27+00:00","og_image":[{"width":2000,"height":2000,"url":"https:\/\/www.meromero.fr\/wp-content\/uploads\/2023\/04\/S01001_024.017_WANAKA_BrickRed_front.jpg","type":"image\/jpeg"}],"twitter_card":"summary_large_image","twitter_misc":{"Verf\u00fcgbarkeit":"Auf Lager"},"schema":{"@context":"https:\/\/schema.org","@graph":[{"@type":"WebPage","@id":"https:\/\/www.meromero.fr\/de\/boutique\/rucksack-mit-rollverschluss-wanaka\/","url":"https:\/\/www.meromero.fr\/de\/boutique\/rucksack-mit-rollverschluss-wanaka\/","name":"Wanaka: Rucksack mit Rollverschluss | MeroMero","isPartOf":{"@id":"https:\/\/www.meromero.fr\/#website"},"primaryImageOfPage":{"@id":"https:\/\/www.meromero.fr\/de\/boutique\/rucksack-mit-rollverschluss-wanaka\/#primaryimage"},"image":{"@id":"https:\/\/www.meromero.fr\/de\/boutique\/rucksack-mit-rollverschluss-wanaka\/#primaryimage"},"thumbnailUrl":"https:\/\/www.meromero.fr\/wp-content\/uploads\/2026\/03\/S01001_027.013_WANAKA_Sand_front-1.jpg","datePublished":"2023-04-24T09:25:51+00:00","dateModified":"2026-05-12T21:30:27+00:00","description":"Der WANAKA ist daher eine Kopie des ANNECY, jedoch mit einem bequemen 3D-Mesh-R\u00fccken. Ideal f\u00fcr eure Ausfl\u00fcge in die Stadt, auf Reisen oder in die Berge...","breadcrumb":{"@id":"https:\/\/www.meromero.fr\/de\/boutique\/rucksack-mit-rollverschluss-wanaka\/#breadcrumb"},"inLanguage":"de","potentialAction":[{"@type":"ReadAction","target":["https:\/\/www.meromero.fr\/de\/boutique\/rucksack-mit-rollverschluss-wanaka\/"]}]},{"@type":"ImageObject","inLanguage":"de","@id":"https:\/\/www.meromero.fr\/de\/boutique\/rucksack-mit-rollverschluss-wanaka\/#primaryimage","url":"https:\/\/www.meromero.fr\/wp-content\/uploads\/2026\/03\/S01001_027.013_WANAKA_Sand_front-1.jpg","contentUrl":"https:\/\/www.meromero.fr\/wp-content\/uploads\/2026\/03\/S01001_027.013_WANAKA_Sand_front-1.jpg","width":2000,"height":2000},{"@type":"BreadcrumbList","@id":"https:\/\/www.meromero.fr\/de\/boutique\/rucksack-mit-rollverschluss-wanaka\/#breadcrumb","itemListElement":[{"@type":"ListItem","position":1,"name":"Home","item":"https:\/\/www.meromero.fr\/de\/"},{"@type":"ListItem","position":2,"name":"Shop","item":"https:\/\/www.meromero.fr\/de\/shop\/"},{"@type":"ListItem","position":3,"name":"WANAKA: Rucksack mit Rollverschluss"}]},{"@type":"WebSite","@id":"https:\/\/www.meromero.fr\/#website","url":"https:\/\/www.meromero.fr\/","name":"MeroMero","description":"Share your adventures","publisher":{"@id":"https:\/\/www.meromero.fr\/#organization"},"potentialAction":[{"@type":"SearchAction","target":{"@type":"EntryPoint","urlTemplate":"https:\/\/www.meromero.fr\/?s={search_term_string}"},"query-input":"required name=search_term_string"}],"inLanguage":"de"},{"@type":"Organization","@id":"https:\/\/www.meromero.fr\/#organization","name":"MeroMero","url":"https:\/\/www.meromero.fr\/","logo":{"@type":"ImageObject","inLanguage":"de","@id":"https:\/\/www.meromero.fr\/#\/schema\/logo\/image\/","url":"https:\/\/www.meromero.fr\/wp-content\/uploads\/2020\/04\/logo-black.png","contentUrl":"https:\/\/www.meromero.fr\/wp-content\/uploads\/2020\/04\/logo-black.png","width":644,"height":208,"caption":"MeroMero"},"image":{"@id":"https:\/\/www.meromero.fr\/#\/schema\/logo\/image\/"}}]},"og_availability":"instock","product_availability":"instock","product_condition":"new"},"_links":{"self":[{"href":"https:\/\/www.meromero.fr\/de\/wp-json\/wp\/v2\/product\/17652"}],"collection":[{"href":"https:\/\/www.meromero.fr\/de\/wp-json\/wp\/v2\/product"}],"about":[{"href":"https:\/\/www.meromero.fr\/de\/wp-json\/wp\/v2\/types\/product"}],"replies":[{"embeddable":true,"href":"https:\/\/www.meromero.fr\/de\/wp-json\/wp\/v2\/comments?post=17652"}],"wp:featuredmedia":[{"embeddable":true,"href":"https:\/\/www.meromero.fr\/de\/wp-json\/wp\/v2\/media\/33645"}],"wp:attachment":[{"href":"https:\/\/www.meromero.fr\/de\/wp-json\/wp\/v2\/media?parent=17652"}],"wp:term":[{"taxonomy":"product_cat","embeddable":true,"href":"https:\/\/www.meromero.fr\/de\/wp-json\/wp\/v2\/product_cat?post=17652"},{"taxonomy":"product_tag","embeddable":true,"href":"https:\/\/www.meromero.fr\/de\/wp-json\/wp\/v2\/product_tag?post=17652"}],"curies":[{"name":"wp","href":"https:\/\/api.w.org\/{rel}","templated":true}]}}