{"id":16422,"date":"2023-10-19T14:08:12","date_gmt":"2022-12-24T08:31:12","guid":{"rendered":"https:\/\/www.meromero.fr\/?post_type=product&#038;p=16422"},"modified":"2026-04-24T06:20:33","modified_gmt":"2026-04-24T04:20:33","slug":"smoegen-rolltop-reisetasche","status":"publish","type":"product","link":"https:\/\/www.meromero.fr\/de\/boutique\/smoegen-rolltop-reisetasche\/","title":{"rendered":"SM\u00d6GEN: Rolltop Reisetasche"},"content":{"rendered":"","protected":false},"excerpt":{"rendered":"<p>Der SM\u00d6GEN ist keine Reisetasche wie die anderen. <b>Diese 60-Liter-Duffle-Tasche l\u00e4sst sich dank ihres modularen &#8220;Roll-Top&#8221;-Verschlusses auf bis zu 80 Liter erweitern<\/b>. Sie hat einen wasserdichten <b>&#8220;Drybag&#8221;, um deine nassen Sachen<\/b> (Wetsuit, Handt\u00fccher, Schuhe usw.) zu transportieren. Aber nicht deine alten Socken, <b>diese werden im daf\u00fcr vorgesehenen Schmutzw\u00e4schefach &#8220;verstaut&#8221;.<\/b><\/p>\n<p>Der SM\u00d6GEN hat au\u00dferdem die Besonderheit, gepolsterte, <b>bequeme und ergonomische Rucksackgurte zu haben, die sich im Handumdrehen verstauen lassen<\/b>. Und da Reisetaschen meist auf dem Boden liegen, am Flughafen und auf Reisen viel mitmachen m\u00fcssen, ist der SM\u00d6GEN aus extrem widerstandsf\u00e4higen und umweltbewussten Materialien gebaut. Die Tasche hat drei gro\u00dfe Tragegriffe und zwei Kompressionsriemen auf jeder Seite.<br \/>\nKurz gesagt, der SM\u00d6GEN ist der ideale <b>Duffle f\u00fcr modische und anspruchsvolle Abenteurer!<\/b><\/p>\n","protected":false},"featured_media":16459,"comment_status":"open","ping_status":"closed","template":"","meta":[],"product_cat":[143],"product_tag":[],"yoast_head":"<!-- This site is optimized with the Yoast SEO Premium plugin v22.3 (Yoast SEO v22.4) - https:\/\/yoast.com\/wordpress\/plugins\/seo\/ -->\n<title>SM\u00d6GEN: Rolltop Reisetasche - MeroMero<\/title>\n<meta name=\"description\" content=\"Eine Reisetasche &quot; duffle bag &quot; von 60L bis 80L dank ihres modulierbaren &quot;roll-top&quot; Verschlusses genial, komfortabel, modulierbar und langlebig, die sich an alle Ihre Reisen anpasst.\" \/>\n<meta name=\"robots\" content=\"index, follow, max-snippet:-1, max-image-preview:large, max-video-preview:-1\" \/>\n<link rel=\"canonical\" href=\"https:\/\/www.meromero.fr\/de\/boutique\/smoegen-rolltop-reisetasche\/\" \/>\n<meta property=\"og:locale\" content=\"de_DE\" \/>\n<meta property=\"og:type\" content=\"article\" \/>\n<meta property=\"og:title\" content=\"SM\u00d6GEN: Rolltop Reisetasche\" \/>\n<meta property=\"og:description\" content=\"Eine Reisetasche &quot; duffle bag &quot; von 60L bis 80L dank ihres modulierbaren &quot;roll-top&quot; Verschlusses genial, komfortabel, modulierbar und langlebig, die sich an alle Ihre Reisen anpasst.\" \/>\n<meta property=\"og:url\" content=\"https:\/\/www.meromero.fr\/de\/boutique\/smoegen-rolltop-reisetasche\/\" \/>\n<meta property=\"og:site_name\" content=\"MeroMero\" \/>\n<meta property=\"article:modified_time\" content=\"2026-04-24T04:20:33+00:00\" \/>\n<meta property=\"og:image\" content=\"https:\/\/www.meromero.fr\/wp-content\/uploads\/2022\/12\/1.S00701_012.014_SMOGEN_dark-grey_34side_closedside_open_up.jpg\" \/>\n\t<meta property=\"og:image:width\" content=\"2000\" \/>\n\t<meta property=\"og:image:height\" content=\"2000\" \/>\n\t<meta property=\"og:image:type\" content=\"image\/jpeg\" \/>\n<meta name=\"twitter:card\" content=\"summary_large_image\" \/>\n<meta name=\"twitter:label1\" content=\"Verf\u00fcgbarkeit\" \/>\n\t<meta name=\"twitter:data1\" content=\"Auf Lager\" \/>\n<script type=\"application\/ld+json\" class=\"yoast-schema-graph\">{\"@context\":\"https:\/\/schema.org\",\"@graph\":[{\"@type\":\"WebPage\",\"@id\":\"https:\/\/www.meromero.fr\/de\/boutique\/smoegen-rolltop-reisetasche\/\",\"url\":\"https:\/\/www.meromero.fr\/de\/boutique\/smoegen-rolltop-reisetasche\/\",\"name\":\"SM\u00d6GEN: Rolltop Reisetasche - MeroMero\",\"isPartOf\":{\"@id\":\"https:\/\/www.meromero.fr\/#website\"},\"primaryImageOfPage\":{\"@id\":\"https:\/\/www.meromero.fr\/de\/boutique\/smoegen-rolltop-reisetasche\/#primaryimage\"},\"image\":{\"@id\":\"https:\/\/www.meromero.fr\/de\/boutique\/smoegen-rolltop-reisetasche\/#primaryimage\"},\"thumbnailUrl\":\"https:\/\/www.meromero.fr\/wp-content\/uploads\/2022\/12\/1.S00701_012.014_SMOGEN_dark-grey_34side_closedside_open_up.jpg\",\"datePublished\":\"2022-12-24T08:31:12+00:00\",\"dateModified\":\"2026-04-24T04:20:33+00:00\",\"description\":\"Eine Reisetasche \\\" duffle bag \\\" von 60L bis 80L dank ihres modulierbaren \\\"roll-top\\\" Verschlusses genial, komfortabel, modulierbar und langlebig, die sich an alle Ihre Reisen anpasst.\",\"breadcrumb\":{\"@id\":\"https:\/\/www.meromero.fr\/de\/boutique\/smoegen-rolltop-reisetasche\/#breadcrumb\"},\"inLanguage\":\"de\",\"potentialAction\":[{\"@type\":\"ReadAction\",\"target\":[\"https:\/\/www.meromero.fr\/de\/boutique\/smoegen-rolltop-reisetasche\/\"]}]},{\"@type\":\"ImageObject\",\"inLanguage\":\"de\",\"@id\":\"https:\/\/www.meromero.fr\/de\/boutique\/smoegen-rolltop-reisetasche\/#primaryimage\",\"url\":\"https:\/\/www.meromero.fr\/wp-content\/uploads\/2022\/12\/1.S00701_012.014_SMOGEN_dark-grey_34side_closedside_open_up.jpg\",\"contentUrl\":\"https:\/\/www.meromero.fr\/wp-content\/uploads\/2022\/12\/1.S00701_012.014_SMOGEN_dark-grey_34side_closedside_open_up.jpg\",\"width\":2000,\"height\":2000},{\"@type\":\"BreadcrumbList\",\"@id\":\"https:\/\/www.meromero.fr\/de\/boutique\/smoegen-rolltop-reisetasche\/#breadcrumb\",\"itemListElement\":[{\"@type\":\"ListItem\",\"position\":1,\"name\":\"Home\",\"item\":\"https:\/\/www.meromero.fr\/de\/\"},{\"@type\":\"ListItem\",\"position\":2,\"name\":\"Shop\",\"item\":\"https:\/\/www.meromero.fr\/de\/shop\/\"},{\"@type\":\"ListItem\",\"position\":3,\"name\":\"SM\u00d6GEN: Rolltop Reisetasche\"}]},{\"@type\":\"WebSite\",\"@id\":\"https:\/\/www.meromero.fr\/#website\",\"url\":\"https:\/\/www.meromero.fr\/\",\"name\":\"MeroMero\",\"description\":\"Share your adventures\",\"publisher\":{\"@id\":\"https:\/\/www.meromero.fr\/#organization\"},\"potentialAction\":[{\"@type\":\"SearchAction\",\"target\":{\"@type\":\"EntryPoint\",\"urlTemplate\":\"https:\/\/www.meromero.fr\/?s={search_term_string}\"},\"query-input\":\"required name=search_term_string\"}],\"inLanguage\":\"de\"},{\"@type\":\"Organization\",\"@id\":\"https:\/\/www.meromero.fr\/#organization\",\"name\":\"MeroMero\",\"url\":\"https:\/\/www.meromero.fr\/\",\"logo\":{\"@type\":\"ImageObject\",\"inLanguage\":\"de\",\"@id\":\"https:\/\/www.meromero.fr\/#\/schema\/logo\/image\/\",\"url\":\"https:\/\/www.meromero.fr\/wp-content\/uploads\/2020\/04\/logo-black.png\",\"contentUrl\":\"https:\/\/www.meromero.fr\/wp-content\/uploads\/2020\/04\/logo-black.png\",\"width\":644,\"height\":208,\"caption\":\"MeroMero\"},\"image\":{\"@id\":\"https:\/\/www.meromero.fr\/#\/schema\/logo\/image\/\"}}]}<\/script>\n<meta property=\"og:availability\" content=\"instock\" \/>\n<meta property=\"product:availability\" content=\"instock\" \/>\n<meta property=\"product:retailer_item_id\" content=\"S00701\" \/>\n<meta property=\"product:condition\" content=\"new\" \/>\n<!-- \/ Yoast SEO Premium plugin. -->","yoast_head_json":{"title":"SM\u00d6GEN: Rolltop Reisetasche - MeroMero","description":"Eine Reisetasche \" duffle bag \" von 60L bis 80L dank ihres modulierbaren \"roll-top\" Verschlusses genial, komfortabel, modulierbar und langlebig, die sich an alle Ihre Reisen anpasst.","robots":{"index":"index","follow":"follow","max-snippet":"max-snippet:-1","max-image-preview":"max-image-preview:large","max-video-preview":"max-video-preview:-1"},"canonical":"https:\/\/www.meromero.fr\/de\/boutique\/smoegen-rolltop-reisetasche\/","og_locale":"de_DE","og_type":"article","og_title":"SM\u00d6GEN: Rolltop Reisetasche","og_description":"Eine Reisetasche \" duffle bag \" von 60L bis 80L dank ihres modulierbaren \"roll-top\" Verschlusses genial, komfortabel, modulierbar und langlebig, die sich an alle Ihre Reisen anpasst.","og_url":"https:\/\/www.meromero.fr\/de\/boutique\/smoegen-rolltop-reisetasche\/","og_site_name":"MeroMero","article_modified_time":"2026-04-24T04:20:33+00:00","og_image":[{"width":2000,"height":2000,"url":"https:\/\/www.meromero.fr\/wp-content\/uploads\/2022\/12\/1.S00701_012.014_SMOGEN_dark-grey_34side_closedside_open_up.jpg","type":"image\/jpeg"}],"twitter_card":"summary_large_image","twitter_misc":{"Verf\u00fcgbarkeit":"Auf Lager"},"schema":{"@context":"https:\/\/schema.org","@graph":[{"@type":"WebPage","@id":"https:\/\/www.meromero.fr\/de\/boutique\/smoegen-rolltop-reisetasche\/","url":"https:\/\/www.meromero.fr\/de\/boutique\/smoegen-rolltop-reisetasche\/","name":"SM\u00d6GEN: Rolltop Reisetasche - MeroMero","isPartOf":{"@id":"https:\/\/www.meromero.fr\/#website"},"primaryImageOfPage":{"@id":"https:\/\/www.meromero.fr\/de\/boutique\/smoegen-rolltop-reisetasche\/#primaryimage"},"image":{"@id":"https:\/\/www.meromero.fr\/de\/boutique\/smoegen-rolltop-reisetasche\/#primaryimage"},"thumbnailUrl":"https:\/\/www.meromero.fr\/wp-content\/uploads\/2022\/12\/1.S00701_012.014_SMOGEN_dark-grey_34side_closedside_open_up.jpg","datePublished":"2022-12-24T08:31:12+00:00","dateModified":"2026-04-24T04:20:33+00:00","description":"Eine Reisetasche \" duffle bag \" von 60L bis 80L dank ihres modulierbaren \"roll-top\" Verschlusses genial, komfortabel, modulierbar und langlebig, die sich an alle Ihre Reisen anpasst.","breadcrumb":{"@id":"https:\/\/www.meromero.fr\/de\/boutique\/smoegen-rolltop-reisetasche\/#breadcrumb"},"inLanguage":"de","potentialAction":[{"@type":"ReadAction","target":["https:\/\/www.meromero.fr\/de\/boutique\/smoegen-rolltop-reisetasche\/"]}]},{"@type":"ImageObject","inLanguage":"de","@id":"https:\/\/www.meromero.fr\/de\/boutique\/smoegen-rolltop-reisetasche\/#primaryimage","url":"https:\/\/www.meromero.fr\/wp-content\/uploads\/2022\/12\/1.S00701_012.014_SMOGEN_dark-grey_34side_closedside_open_up.jpg","contentUrl":"https:\/\/www.meromero.fr\/wp-content\/uploads\/2022\/12\/1.S00701_012.014_SMOGEN_dark-grey_34side_closedside_open_up.jpg","width":2000,"height":2000},{"@type":"BreadcrumbList","@id":"https:\/\/www.meromero.fr\/de\/boutique\/smoegen-rolltop-reisetasche\/#breadcrumb","itemListElement":[{"@type":"ListItem","position":1,"name":"Home","item":"https:\/\/www.meromero.fr\/de\/"},{"@type":"ListItem","position":2,"name":"Shop","item":"https:\/\/www.meromero.fr\/de\/shop\/"},{"@type":"ListItem","position":3,"name":"SM\u00d6GEN: Rolltop Reisetasche"}]},{"@type":"WebSite","@id":"https:\/\/www.meromero.fr\/#website","url":"https:\/\/www.meromero.fr\/","name":"MeroMero","description":"Share your adventures","publisher":{"@id":"https:\/\/www.meromero.fr\/#organization"},"potentialAction":[{"@type":"SearchAction","target":{"@type":"EntryPoint","urlTemplate":"https:\/\/www.meromero.fr\/?s={search_term_string}"},"query-input":"required name=search_term_string"}],"inLanguage":"de"},{"@type":"Organization","@id":"https:\/\/www.meromero.fr\/#organization","name":"MeroMero","url":"https:\/\/www.meromero.fr\/","logo":{"@type":"ImageObject","inLanguage":"de","@id":"https:\/\/www.meromero.fr\/#\/schema\/logo\/image\/","url":"https:\/\/www.meromero.fr\/wp-content\/uploads\/2020\/04\/logo-black.png","contentUrl":"https:\/\/www.meromero.fr\/wp-content\/uploads\/2020\/04\/logo-black.png","width":644,"height":208,"caption":"MeroMero"},"image":{"@id":"https:\/\/www.meromero.fr\/#\/schema\/logo\/image\/"}}]},"og_availability":"instock","product_availability":"instock","product_retailer_item_id":"S00701","product_condition":"new"},"_links":{"self":[{"href":"https:\/\/www.meromero.fr\/de\/wp-json\/wp\/v2\/product\/16422"}],"collection":[{"href":"https:\/\/www.meromero.fr\/de\/wp-json\/wp\/v2\/product"}],"about":[{"href":"https:\/\/www.meromero.fr\/de\/wp-json\/wp\/v2\/types\/product"}],"replies":[{"embeddable":true,"href":"https:\/\/www.meromero.fr\/de\/wp-json\/wp\/v2\/comments?post=16422"}],"wp:featuredmedia":[{"embeddable":true,"href":"https:\/\/www.meromero.fr\/de\/wp-json\/wp\/v2\/media\/16459"}],"wp:attachment":[{"href":"https:\/\/www.meromero.fr\/de\/wp-json\/wp\/v2\/media?parent=16422"}],"wp:term":[{"taxonomy":"product_cat","embeddable":true,"href":"https:\/\/www.meromero.fr\/de\/wp-json\/wp\/v2\/product_cat?post=16422"},{"taxonomy":"product_tag","embeddable":true,"href":"https:\/\/www.meromero.fr\/de\/wp-json\/wp\/v2\/product_tag?post=16422"}],"curies":[{"name":"wp","href":"https:\/\/api.w.org\/{rel}","templated":true}]}}