{"id":14335,"date":"2023-10-18T14:09:09","date_gmt":"2020-04-13T12:09:09","guid":{"rendered":"https:\/\/www.meromero.fr\/boutique\/multifunctional-bag-stuff-pouch-v2\/"},"modified":"2026-05-11T17:29:25","modified_gmt":"2026-05-11T15:29:25","slug":"stuff-pouch-v2","status":"publish","type":"product","link":"https:\/\/www.meromero.fr\/de\/boutique\/stuff-pouch-v2\/","title":{"rendered":"Stuff Pouch v2"},"content":{"rendered":"","protected":false},"excerpt":{"rendered":"<p>Wenn euch die erste Version unserer STUFF POUCH gefallen hat (eine kleine universelle Umh\u00e4ngetasche und Pouch) dann werdet ihr die neue erst recht lieben, denn sie besteht aus dem gleichen extrem widerstandsf\u00e4higen Material wie unsere Rucks\u00e4cke (1000D 100 % recyceltes Nylon) und ist in 6 Farben erh\u00e4ltlich! Ansonsten \u00e4ndert sich nichts: gleiches Format (zum Verstauen von Windeln und Feuchtt\u00fcchern), gleiches Doppelfach, gleicher abnehmbarer und verstellbarer Gurt, gleicher Aluminiumkarabiner und gleiche Verwendungsm\u00f6glichkeiten: Handtasche, H\u00fcfttasche, Umh\u00e4ngetasche, Pouch, Kulturbeutel, Make-up Tasche\u2026 kurz gesagt, es liegt an dir zu entscheiden, was du darin transportierst.<\/p>\n","protected":false},"featured_media":33714,"comment_status":"open","ping_status":"closed","template":"","meta":[],"product_cat":[141],"product_tag":[],"yoast_head":"<!-- This site is optimized with the Yoast SEO Premium plugin v22.3 (Yoast SEO v22.4) - https:\/\/yoast.com\/wordpress\/plugins\/seo\/ -->\n<title>Stuff Pouch V2<\/title>\n<meta name=\"description\" content=\"Wenn euch die erste Version unserer STUFF POUCH gefallen hat (eine kleine universelle Umh\u00e4ngetasche und Pouch) dann werdet ihr die neue erst recht lieben, denn sie besteht aus dem gleichen extrem widerstandsf\u00e4higen Material wie unsere Rucks\u00e4cke (1000D 100 % recyceltes Nylon) und ist in 6 Farben erh\u00e4ltlich!\" \/>\n<meta name=\"robots\" content=\"index, follow, max-snippet:-1, max-image-preview:large, max-video-preview:-1\" \/>\n<link rel=\"canonical\" href=\"https:\/\/www.meromero.fr\/de\/boutique\/stuff-pouch-v2\/\" \/>\n<meta property=\"og:locale\" content=\"de_DE\" \/>\n<meta property=\"og:type\" content=\"article\" \/>\n<meta property=\"og:title\" content=\"Stuff Pouch v2\" \/>\n<meta property=\"og:description\" content=\"Wenn euch die erste Version unserer STUFF POUCH gefallen hat (eine kleine universelle Umh\u00e4ngetasche und Pouch) dann werdet ihr die neue erst recht lieben, denn sie besteht aus dem gleichen extrem widerstandsf\u00e4higen Material wie unsere Rucks\u00e4cke (1000D 100 % recyceltes Nylon) und ist in 6 Farben erh\u00e4ltlich!\" \/>\n<meta property=\"og:url\" content=\"https:\/\/www.meromero.fr\/de\/boutique\/stuff-pouch-v2\/\" \/>\n<meta property=\"og:site_name\" content=\"MeroMero\" \/>\n<meta property=\"article:modified_time\" content=\"2026-05-11T15:29:25+00:00\" \/>\n<meta property=\"og:image\" content=\"https:\/\/www.meromero.fr\/wp-content\/uploads\/2022\/05\/3.MeroMero_A00702_023_008_STUFF_V2_BlossomPink_Strap.jpg\" \/>\n\t<meta property=\"og:image:width\" content=\"2000\" \/>\n\t<meta property=\"og:image:height\" content=\"2000\" \/>\n\t<meta property=\"og:image:type\" content=\"image\/jpeg\" \/>\n<meta name=\"twitter:card\" content=\"summary_large_image\" \/>\n<meta name=\"twitter:label1\" content=\"Verf\u00fcgbarkeit\" \/>\n\t<meta name=\"twitter:data1\" content=\"Auf Lager\" \/>\n<script type=\"application\/ld+json\" class=\"yoast-schema-graph\">{\"@context\":\"https:\/\/schema.org\",\"@graph\":[{\"@type\":\"WebPage\",\"@id\":\"https:\/\/www.meromero.fr\/de\/boutique\/stuff-pouch-v2\/\",\"url\":\"https:\/\/www.meromero.fr\/de\/boutique\/stuff-pouch-v2\/\",\"name\":\"Stuff Pouch V2\",\"isPartOf\":{\"@id\":\"https:\/\/www.meromero.fr\/#website\"},\"primaryImageOfPage\":{\"@id\":\"https:\/\/www.meromero.fr\/de\/boutique\/stuff-pouch-v2\/#primaryimage\"},\"image\":{\"@id\":\"https:\/\/www.meromero.fr\/de\/boutique\/stuff-pouch-v2\/#primaryimage\"},\"thumbnailUrl\":\"https:\/\/www.meromero.fr\/wp-content\/uploads\/2023\/10\/A00702_027.013_STUFF_sand_front_strap.jpg\",\"datePublished\":\"2020-04-13T12:09:09+00:00\",\"dateModified\":\"2026-05-11T15:29:25+00:00\",\"description\":\"Wenn euch die erste Version unserer STUFF POUCH gefallen hat (eine kleine universelle Umh\u00e4ngetasche und Pouch) dann werdet ihr die neue erst recht lieben, denn sie besteht aus dem gleichen extrem widerstandsf\u00e4higen Material wie unsere Rucks\u00e4cke (1000D 100 % recyceltes Nylon) und ist in 6 Farben erh\u00e4ltlich!\",\"breadcrumb\":{\"@id\":\"https:\/\/www.meromero.fr\/de\/boutique\/stuff-pouch-v2\/#breadcrumb\"},\"inLanguage\":\"de\",\"potentialAction\":[{\"@type\":\"ReadAction\",\"target\":[\"https:\/\/www.meromero.fr\/de\/boutique\/stuff-pouch-v2\/\"]}]},{\"@type\":\"ImageObject\",\"inLanguage\":\"de\",\"@id\":\"https:\/\/www.meromero.fr\/de\/boutique\/stuff-pouch-v2\/#primaryimage\",\"url\":\"https:\/\/www.meromero.fr\/wp-content\/uploads\/2023\/10\/A00702_027.013_STUFF_sand_front_strap.jpg\",\"contentUrl\":\"https:\/\/www.meromero.fr\/wp-content\/uploads\/2023\/10\/A00702_027.013_STUFF_sand_front_strap.jpg\",\"width\":1200,\"height\":1600},{\"@type\":\"BreadcrumbList\",\"@id\":\"https:\/\/www.meromero.fr\/de\/boutique\/stuff-pouch-v2\/#breadcrumb\",\"itemListElement\":[{\"@type\":\"ListItem\",\"position\":1,\"name\":\"Home\",\"item\":\"https:\/\/www.meromero.fr\/de\/\"},{\"@type\":\"ListItem\",\"position\":2,\"name\":\"Shop\",\"item\":\"https:\/\/www.meromero.fr\/de\/shop\/\"},{\"@type\":\"ListItem\",\"position\":3,\"name\":\"Stuff Pouch v2\"}]},{\"@type\":\"WebSite\",\"@id\":\"https:\/\/www.meromero.fr\/#website\",\"url\":\"https:\/\/www.meromero.fr\/\",\"name\":\"MeroMero\",\"description\":\"Share your adventures\",\"publisher\":{\"@id\":\"https:\/\/www.meromero.fr\/#organization\"},\"potentialAction\":[{\"@type\":\"SearchAction\",\"target\":{\"@type\":\"EntryPoint\",\"urlTemplate\":\"https:\/\/www.meromero.fr\/?s={search_term_string}\"},\"query-input\":\"required name=search_term_string\"}],\"inLanguage\":\"de\"},{\"@type\":\"Organization\",\"@id\":\"https:\/\/www.meromero.fr\/#organization\",\"name\":\"MeroMero\",\"url\":\"https:\/\/www.meromero.fr\/\",\"logo\":{\"@type\":\"ImageObject\",\"inLanguage\":\"de\",\"@id\":\"https:\/\/www.meromero.fr\/#\/schema\/logo\/image\/\",\"url\":\"https:\/\/www.meromero.fr\/wp-content\/uploads\/2020\/04\/logo-black.png\",\"contentUrl\":\"https:\/\/www.meromero.fr\/wp-content\/uploads\/2020\/04\/logo-black.png\",\"width\":644,\"height\":208,\"caption\":\"MeroMero\"},\"image\":{\"@id\":\"https:\/\/www.meromero.fr\/#\/schema\/logo\/image\/\"}}]}<\/script>\n<meta property=\"og:availability\" content=\"instock\" \/>\n<meta property=\"product:availability\" content=\"instock\" \/>\n<meta property=\"product:condition\" content=\"new\" \/>\n<!-- \/ Yoast SEO Premium plugin. -->","yoast_head_json":{"title":"Stuff Pouch V2","description":"Wenn euch die erste Version unserer STUFF POUCH gefallen hat (eine kleine universelle Umh\u00e4ngetasche und Pouch) dann werdet ihr die neue erst recht lieben, denn sie besteht aus dem gleichen extrem widerstandsf\u00e4higen Material wie unsere Rucks\u00e4cke (1000D 100 % recyceltes Nylon) und ist in 6 Farben erh\u00e4ltlich!","robots":{"index":"index","follow":"follow","max-snippet":"max-snippet:-1","max-image-preview":"max-image-preview:large","max-video-preview":"max-video-preview:-1"},"canonical":"https:\/\/www.meromero.fr\/de\/boutique\/stuff-pouch-v2\/","og_locale":"de_DE","og_type":"article","og_title":"Stuff Pouch v2","og_description":"Wenn euch die erste Version unserer STUFF POUCH gefallen hat (eine kleine universelle Umh\u00e4ngetasche und Pouch) dann werdet ihr die neue erst recht lieben, denn sie besteht aus dem gleichen extrem widerstandsf\u00e4higen Material wie unsere Rucks\u00e4cke (1000D 100 % recyceltes Nylon) und ist in 6 Farben erh\u00e4ltlich!","og_url":"https:\/\/www.meromero.fr\/de\/boutique\/stuff-pouch-v2\/","og_site_name":"MeroMero","article_modified_time":"2026-05-11T15:29:25+00:00","og_image":[{"width":2000,"height":2000,"url":"https:\/\/www.meromero.fr\/wp-content\/uploads\/2022\/05\/3.MeroMero_A00702_023_008_STUFF_V2_BlossomPink_Strap.jpg","type":"image\/jpeg"}],"twitter_card":"summary_large_image","twitter_misc":{"Verf\u00fcgbarkeit":"Auf Lager"},"schema":{"@context":"https:\/\/schema.org","@graph":[{"@type":"WebPage","@id":"https:\/\/www.meromero.fr\/de\/boutique\/stuff-pouch-v2\/","url":"https:\/\/www.meromero.fr\/de\/boutique\/stuff-pouch-v2\/","name":"Stuff Pouch V2","isPartOf":{"@id":"https:\/\/www.meromero.fr\/#website"},"primaryImageOfPage":{"@id":"https:\/\/www.meromero.fr\/de\/boutique\/stuff-pouch-v2\/#primaryimage"},"image":{"@id":"https:\/\/www.meromero.fr\/de\/boutique\/stuff-pouch-v2\/#primaryimage"},"thumbnailUrl":"https:\/\/www.meromero.fr\/wp-content\/uploads\/2023\/10\/A00702_027.013_STUFF_sand_front_strap.jpg","datePublished":"2020-04-13T12:09:09+00:00","dateModified":"2026-05-11T15:29:25+00:00","description":"Wenn euch die erste Version unserer STUFF POUCH gefallen hat (eine kleine universelle Umh\u00e4ngetasche und Pouch) dann werdet ihr die neue erst recht lieben, denn sie besteht aus dem gleichen extrem widerstandsf\u00e4higen Material wie unsere Rucks\u00e4cke (1000D 100 % recyceltes Nylon) und ist in 6 Farben erh\u00e4ltlich!","breadcrumb":{"@id":"https:\/\/www.meromero.fr\/de\/boutique\/stuff-pouch-v2\/#breadcrumb"},"inLanguage":"de","potentialAction":[{"@type":"ReadAction","target":["https:\/\/www.meromero.fr\/de\/boutique\/stuff-pouch-v2\/"]}]},{"@type":"ImageObject","inLanguage":"de","@id":"https:\/\/www.meromero.fr\/de\/boutique\/stuff-pouch-v2\/#primaryimage","url":"https:\/\/www.meromero.fr\/wp-content\/uploads\/2023\/10\/A00702_027.013_STUFF_sand_front_strap.jpg","contentUrl":"https:\/\/www.meromero.fr\/wp-content\/uploads\/2023\/10\/A00702_027.013_STUFF_sand_front_strap.jpg","width":1200,"height":1600},{"@type":"BreadcrumbList","@id":"https:\/\/www.meromero.fr\/de\/boutique\/stuff-pouch-v2\/#breadcrumb","itemListElement":[{"@type":"ListItem","position":1,"name":"Home","item":"https:\/\/www.meromero.fr\/de\/"},{"@type":"ListItem","position":2,"name":"Shop","item":"https:\/\/www.meromero.fr\/de\/shop\/"},{"@type":"ListItem","position":3,"name":"Stuff Pouch v2"}]},{"@type":"WebSite","@id":"https:\/\/www.meromero.fr\/#website","url":"https:\/\/www.meromero.fr\/","name":"MeroMero","description":"Share your adventures","publisher":{"@id":"https:\/\/www.meromero.fr\/#organization"},"potentialAction":[{"@type":"SearchAction","target":{"@type":"EntryPoint","urlTemplate":"https:\/\/www.meromero.fr\/?s={search_term_string}"},"query-input":"required name=search_term_string"}],"inLanguage":"de"},{"@type":"Organization","@id":"https:\/\/www.meromero.fr\/#organization","name":"MeroMero","url":"https:\/\/www.meromero.fr\/","logo":{"@type":"ImageObject","inLanguage":"de","@id":"https:\/\/www.meromero.fr\/#\/schema\/logo\/image\/","url":"https:\/\/www.meromero.fr\/wp-content\/uploads\/2020\/04\/logo-black.png","contentUrl":"https:\/\/www.meromero.fr\/wp-content\/uploads\/2020\/04\/logo-black.png","width":644,"height":208,"caption":"MeroMero"},"image":{"@id":"https:\/\/www.meromero.fr\/#\/schema\/logo\/image\/"}}]},"og_availability":"instock","product_availability":"instock","product_condition":"new"},"_links":{"self":[{"href":"https:\/\/www.meromero.fr\/de\/wp-json\/wp\/v2\/product\/14335"}],"collection":[{"href":"https:\/\/www.meromero.fr\/de\/wp-json\/wp\/v2\/product"}],"about":[{"href":"https:\/\/www.meromero.fr\/de\/wp-json\/wp\/v2\/types\/product"}],"replies":[{"embeddable":true,"href":"https:\/\/www.meromero.fr\/de\/wp-json\/wp\/v2\/comments?post=14335"}],"wp:featuredmedia":[{"embeddable":true,"href":"https:\/\/www.meromero.fr\/de\/wp-json\/wp\/v2\/media\/33714"}],"wp:attachment":[{"href":"https:\/\/www.meromero.fr\/de\/wp-json\/wp\/v2\/media?parent=14335"}],"wp:term":[{"taxonomy":"product_cat","embeddable":true,"href":"https:\/\/www.meromero.fr\/de\/wp-json\/wp\/v2\/product_cat?post=14335"},{"taxonomy":"product_tag","embeddable":true,"href":"https:\/\/www.meromero.fr\/de\/wp-json\/wp\/v2\/product_tag?post=14335"}],"curies":[{"name":"wp","href":"https:\/\/api.w.org\/{rel}","templated":true}]}}