{"id":11290,"date":"2023-10-09T15:07:57","date_gmt":"2021-12-01T12:46:07","guid":{"rendered":"https:\/\/www.meromero.fr\/boutique\/wickelunterlage-fur-unterwegs-laptoptasche-paquier\/"},"modified":"2026-04-12T18:00:29","modified_gmt":"2026-04-12T16:00:29","slug":"paquier-pouch-v3","status":"publish","type":"product","link":"https:\/\/www.meromero.fr\/de\/boutique\/paquier-pouch-v3\/","title":{"rendered":"PAQUIER: Wickelunterlage f\u00fcr unterwegs \/ Laptoptasche"},"content":{"rendered":"","protected":false},"excerpt":{"rendered":"<p>Diese gro\u00dfe Wickelunterlage f\u00fcr unterwegs ist ideal, um mit deinem Baby weiterhin Abenteuer in der Natur zu erleben! Die &#8221; Wechselstation&#8221; ist ger\u00e4umig und komfortabel und verf\u00fcgt \u00fcber alle notwendigen Taschen zum Tragen des N\u00f6tigsten. Jetzt in 5 Farben erh\u00e4ltlich! Das kleine Extra: verwandelt sich in Sekundenschnelle in eine Laptoptasche. Ja ja ! Und wie das geht, zeigen wir dir im folgenden Tutorial.<\/p>\n","protected":false},"featured_media":12544,"comment_status":"open","ping_status":"closed","template":"","meta":[],"product_cat":[141],"product_tag":[],"yoast_head":"<!-- This site is optimized with the Yoast SEO Premium plugin v22.3 (Yoast SEO v22.4) - https:\/\/yoast.com\/wordpress\/plugins\/seo\/ -->\n<title>PAQUIER: Wickelunterlage f\u00fcr unterwegs \/ Laptoptasche - MeroMero<\/title>\n<meta name=\"description\" content=\"Modularer Paquier-Beutel: bequeme und nomadische Wickelmatratze, die sich im Handumdrehen in eine 13-Zoll-Computertasche verwandelt.\" \/>\n<meta name=\"robots\" content=\"index, follow, max-snippet:-1, max-image-preview:large, max-video-preview:-1\" \/>\n<link rel=\"canonical\" href=\"https:\/\/www.meromero.fr\/de\/boutique\/paquier-pouch-v3\/\" \/>\n<meta property=\"og:locale\" content=\"de_DE\" \/>\n<meta property=\"og:type\" content=\"article\" \/>\n<meta property=\"og:title\" content=\"PAQUIER: Wickelunterlage f\u00fcr unterwegs \/ Laptoptasche\" \/>\n<meta property=\"og:description\" content=\"Modularer Paquier-Beutel: bequeme und nomadische Wickelmatratze, die sich im Handumdrehen in eine 13-Zoll-Computertasche verwandelt.\" \/>\n<meta property=\"og:url\" content=\"https:\/\/www.meromero.fr\/de\/boutique\/paquier-pouch-v3\/\" \/>\n<meta property=\"og:site_name\" content=\"MeroMero\" \/>\n<meta property=\"article:modified_time\" content=\"2026-04-12T16:00:29+00:00\" \/>\n<meta property=\"og:image\" content=\"https:\/\/www.meromero.fr\/wp-content\/uploads\/2020\/04\/A00103.012.014_PAQUIERPOUCH_V3_darkgrey.jpg\" \/>\n\t<meta property=\"og:image:width\" content=\"2000\" \/>\n\t<meta property=\"og:image:height\" content=\"2000\" \/>\n\t<meta property=\"og:image:type\" content=\"image\/jpeg\" \/>\n<meta name=\"twitter:card\" content=\"summary_large_image\" \/>\n<meta name=\"twitter:label1\" content=\"Verf\u00fcgbarkeit\" \/>\n\t<meta name=\"twitter:data1\" content=\"Auf Lager\" \/>\n<script type=\"application\/ld+json\" class=\"yoast-schema-graph\">{\"@context\":\"https:\/\/schema.org\",\"@graph\":[{\"@type\":\"WebPage\",\"@id\":\"https:\/\/www.meromero.fr\/de\/boutique\/paquier-pouch-v3\/\",\"url\":\"https:\/\/www.meromero.fr\/de\/boutique\/paquier-pouch-v3\/\",\"name\":\"PAQUIER: Wickelunterlage f\u00fcr unterwegs \/ Laptoptasche - MeroMero\",\"isPartOf\":{\"@id\":\"https:\/\/www.meromero.fr\/#website\"},\"primaryImageOfPage\":{\"@id\":\"https:\/\/www.meromero.fr\/de\/boutique\/paquier-pouch-v3\/#primaryimage\"},\"image\":{\"@id\":\"https:\/\/www.meromero.fr\/de\/boutique\/paquier-pouch-v3\/#primaryimage\"},\"thumbnailUrl\":\"https:\/\/www.meromero.fr\/wp-content\/uploads\/2020\/04\/A00103.012.014_PAQUIERPOUCH_V3_darkgrey.jpg\",\"datePublished\":\"2021-12-01T12:46:07+00:00\",\"dateModified\":\"2026-04-12T16:00:29+00:00\",\"description\":\"Modularer Paquier-Beutel: bequeme und nomadische Wickelmatratze, die sich im Handumdrehen in eine 13-Zoll-Computertasche verwandelt.\",\"breadcrumb\":{\"@id\":\"https:\/\/www.meromero.fr\/de\/boutique\/paquier-pouch-v3\/#breadcrumb\"},\"inLanguage\":\"de\",\"potentialAction\":[{\"@type\":\"ReadAction\",\"target\":[\"https:\/\/www.meromero.fr\/de\/boutique\/paquier-pouch-v3\/\"]}]},{\"@type\":\"ImageObject\",\"inLanguage\":\"de\",\"@id\":\"https:\/\/www.meromero.fr\/de\/boutique\/paquier-pouch-v3\/#primaryimage\",\"url\":\"https:\/\/www.meromero.fr\/wp-content\/uploads\/2020\/04\/A00103.012.014_PAQUIERPOUCH_V3_darkgrey.jpg\",\"contentUrl\":\"https:\/\/www.meromero.fr\/wp-content\/uploads\/2020\/04\/A00103.012.014_PAQUIERPOUCH_V3_darkgrey.jpg\",\"width\":2000,\"height\":2000},{\"@type\":\"BreadcrumbList\",\"@id\":\"https:\/\/www.meromero.fr\/de\/boutique\/paquier-pouch-v3\/#breadcrumb\",\"itemListElement\":[{\"@type\":\"ListItem\",\"position\":1,\"name\":\"Home\",\"item\":\"https:\/\/www.meromero.fr\/de\/\"},{\"@type\":\"ListItem\",\"position\":2,\"name\":\"Shop\",\"item\":\"https:\/\/www.meromero.fr\/de\/shop\/\"},{\"@type\":\"ListItem\",\"position\":3,\"name\":\"PAQUIER: Wickelunterlage f\u00fcr unterwegs \/ Laptoptasche\"}]},{\"@type\":\"WebSite\",\"@id\":\"https:\/\/www.meromero.fr\/#website\",\"url\":\"https:\/\/www.meromero.fr\/\",\"name\":\"MeroMero\",\"description\":\"Share your adventures\",\"publisher\":{\"@id\":\"https:\/\/www.meromero.fr\/#organization\"},\"potentialAction\":[{\"@type\":\"SearchAction\",\"target\":{\"@type\":\"EntryPoint\",\"urlTemplate\":\"https:\/\/www.meromero.fr\/?s={search_term_string}\"},\"query-input\":\"required name=search_term_string\"}],\"inLanguage\":\"de\"},{\"@type\":\"Organization\",\"@id\":\"https:\/\/www.meromero.fr\/#organization\",\"name\":\"MeroMero\",\"url\":\"https:\/\/www.meromero.fr\/\",\"logo\":{\"@type\":\"ImageObject\",\"inLanguage\":\"de\",\"@id\":\"https:\/\/www.meromero.fr\/#\/schema\/logo\/image\/\",\"url\":\"https:\/\/www.meromero.fr\/wp-content\/uploads\/2020\/04\/logo-black.png\",\"contentUrl\":\"https:\/\/www.meromero.fr\/wp-content\/uploads\/2020\/04\/logo-black.png\",\"width\":644,\"height\":208,\"caption\":\"MeroMero\"},\"image\":{\"@id\":\"https:\/\/www.meromero.fr\/#\/schema\/logo\/image\/\"}}]}<\/script>\n<meta property=\"og:availability\" content=\"instock\" \/>\n<meta property=\"product:availability\" content=\"instock\" \/>\n<meta property=\"product:retailer_item_id\" content=\"A00103\" \/>\n<meta property=\"product:condition\" content=\"new\" \/>\n<!-- \/ Yoast SEO Premium plugin. -->","yoast_head_json":{"title":"PAQUIER: Wickelunterlage f\u00fcr unterwegs \/ Laptoptasche - MeroMero","description":"Modularer Paquier-Beutel: bequeme und nomadische Wickelmatratze, die sich im Handumdrehen in eine 13-Zoll-Computertasche verwandelt.","robots":{"index":"index","follow":"follow","max-snippet":"max-snippet:-1","max-image-preview":"max-image-preview:large","max-video-preview":"max-video-preview:-1"},"canonical":"https:\/\/www.meromero.fr\/de\/boutique\/paquier-pouch-v3\/","og_locale":"de_DE","og_type":"article","og_title":"PAQUIER: Wickelunterlage f\u00fcr unterwegs \/ Laptoptasche","og_description":"Modularer Paquier-Beutel: bequeme und nomadische Wickelmatratze, die sich im Handumdrehen in eine 13-Zoll-Computertasche verwandelt.","og_url":"https:\/\/www.meromero.fr\/de\/boutique\/paquier-pouch-v3\/","og_site_name":"MeroMero","article_modified_time":"2026-04-12T16:00:29+00:00","og_image":[{"width":2000,"height":2000,"url":"https:\/\/www.meromero.fr\/wp-content\/uploads\/2020\/04\/A00103.012.014_PAQUIERPOUCH_V3_darkgrey.jpg","type":"image\/jpeg"}],"twitter_card":"summary_large_image","twitter_misc":{"Verf\u00fcgbarkeit":"Auf Lager"},"schema":{"@context":"https:\/\/schema.org","@graph":[{"@type":"WebPage","@id":"https:\/\/www.meromero.fr\/de\/boutique\/paquier-pouch-v3\/","url":"https:\/\/www.meromero.fr\/de\/boutique\/paquier-pouch-v3\/","name":"PAQUIER: Wickelunterlage f\u00fcr unterwegs \/ Laptoptasche - MeroMero","isPartOf":{"@id":"https:\/\/www.meromero.fr\/#website"},"primaryImageOfPage":{"@id":"https:\/\/www.meromero.fr\/de\/boutique\/paquier-pouch-v3\/#primaryimage"},"image":{"@id":"https:\/\/www.meromero.fr\/de\/boutique\/paquier-pouch-v3\/#primaryimage"},"thumbnailUrl":"https:\/\/www.meromero.fr\/wp-content\/uploads\/2020\/04\/A00103.012.014_PAQUIERPOUCH_V3_darkgrey.jpg","datePublished":"2021-12-01T12:46:07+00:00","dateModified":"2026-04-12T16:00:29+00:00","description":"Modularer Paquier-Beutel: bequeme und nomadische Wickelmatratze, die sich im Handumdrehen in eine 13-Zoll-Computertasche verwandelt.","breadcrumb":{"@id":"https:\/\/www.meromero.fr\/de\/boutique\/paquier-pouch-v3\/#breadcrumb"},"inLanguage":"de","potentialAction":[{"@type":"ReadAction","target":["https:\/\/www.meromero.fr\/de\/boutique\/paquier-pouch-v3\/"]}]},{"@type":"ImageObject","inLanguage":"de","@id":"https:\/\/www.meromero.fr\/de\/boutique\/paquier-pouch-v3\/#primaryimage","url":"https:\/\/www.meromero.fr\/wp-content\/uploads\/2020\/04\/A00103.012.014_PAQUIERPOUCH_V3_darkgrey.jpg","contentUrl":"https:\/\/www.meromero.fr\/wp-content\/uploads\/2020\/04\/A00103.012.014_PAQUIERPOUCH_V3_darkgrey.jpg","width":2000,"height":2000},{"@type":"BreadcrumbList","@id":"https:\/\/www.meromero.fr\/de\/boutique\/paquier-pouch-v3\/#breadcrumb","itemListElement":[{"@type":"ListItem","position":1,"name":"Home","item":"https:\/\/www.meromero.fr\/de\/"},{"@type":"ListItem","position":2,"name":"Shop","item":"https:\/\/www.meromero.fr\/de\/shop\/"},{"@type":"ListItem","position":3,"name":"PAQUIER: Wickelunterlage f\u00fcr unterwegs \/ Laptoptasche"}]},{"@type":"WebSite","@id":"https:\/\/www.meromero.fr\/#website","url":"https:\/\/www.meromero.fr\/","name":"MeroMero","description":"Share your adventures","publisher":{"@id":"https:\/\/www.meromero.fr\/#organization"},"potentialAction":[{"@type":"SearchAction","target":{"@type":"EntryPoint","urlTemplate":"https:\/\/www.meromero.fr\/?s={search_term_string}"},"query-input":"required name=search_term_string"}],"inLanguage":"de"},{"@type":"Organization","@id":"https:\/\/www.meromero.fr\/#organization","name":"MeroMero","url":"https:\/\/www.meromero.fr\/","logo":{"@type":"ImageObject","inLanguage":"de","@id":"https:\/\/www.meromero.fr\/#\/schema\/logo\/image\/","url":"https:\/\/www.meromero.fr\/wp-content\/uploads\/2020\/04\/logo-black.png","contentUrl":"https:\/\/www.meromero.fr\/wp-content\/uploads\/2020\/04\/logo-black.png","width":644,"height":208,"caption":"MeroMero"},"image":{"@id":"https:\/\/www.meromero.fr\/#\/schema\/logo\/image\/"}}]},"og_availability":"instock","product_availability":"instock","product_retailer_item_id":"A00103","product_condition":"new"},"_links":{"self":[{"href":"https:\/\/www.meromero.fr\/de\/wp-json\/wp\/v2\/product\/11290"}],"collection":[{"href":"https:\/\/www.meromero.fr\/de\/wp-json\/wp\/v2\/product"}],"about":[{"href":"https:\/\/www.meromero.fr\/de\/wp-json\/wp\/v2\/types\/product"}],"replies":[{"embeddable":true,"href":"https:\/\/www.meromero.fr\/de\/wp-json\/wp\/v2\/comments?post=11290"}],"wp:featuredmedia":[{"embeddable":true,"href":"https:\/\/www.meromero.fr\/de\/wp-json\/wp\/v2\/media\/12544"}],"wp:attachment":[{"href":"https:\/\/www.meromero.fr\/de\/wp-json\/wp\/v2\/media?parent=11290"}],"wp:term":[{"taxonomy":"product_cat","embeddable":true,"href":"https:\/\/www.meromero.fr\/de\/wp-json\/wp\/v2\/product_cat?post=11290"},{"taxonomy":"product_tag","embeddable":true,"href":"https:\/\/www.meromero.fr\/de\/wp-json\/wp\/v2\/product_tag?post=11290"}],"curies":[{"name":"wp","href":"https:\/\/api.w.org\/{rel}","templated":true}]}}