{"id":11283,"date":"2023-10-16T14:18:48","date_gmt":"2021-12-01T12:27:31","guid":{"rendered":"https:\/\/www.meromero.fr\/boutique\/isolierbehalter-semnoz-pouch\/"},"modified":"2026-04-13T16:50:14","modified_gmt":"2026-04-13T14:50:14","slug":"semnoz-pouch","status":"publish","type":"product","link":"https:\/\/www.meromero.fr\/de\/boutique\/semnoz-pouch\/","title":{"rendered":"SEMNOZ POUCH: Isolierbeh\u00e4lter"},"content":{"rendered":"","protected":false},"excerpt":{"rendered":"<p class=\"p1\"><span style=\"font-weight: 400;\">Inspiriert von wasserdichten Taschen f\u00fcr Wassersportarten passt sich diese isotherme Tasche dank ihres &#8220;Roll-Op&#8221; -Verschlusses \/ Griffs an unterschiedliche Inhalte an (kleine Gl\u00e4ser, gro\u00dfe Flaschen, kaltes Bier usw.). Dieses Konzept erm\u00f6glicht es, das Volumen zu optimieren, aufzuh\u00e4ngen und \u00fcberall hin zu transportieren (Kinderwagen, Fahrrad, Rucksack\u2026). Die Fleece-Isolierung sch\u00fctzt auch Kameraobjektive verschiedener Gr\u00f6\u00dfen.<\/span><\/p>\n","protected":false},"featured_media":10288,"comment_status":"open","ping_status":"closed","template":"","meta":[],"product_cat":[141],"product_tag":[],"yoast_head":"<!-- This site is optimized with the Yoast SEO Premium plugin v22.3 (Yoast SEO v22.4) - https:\/\/yoast.com\/wordpress\/plugins\/seo\/ -->\n<title>SEMNOZ POUCH: Isolierbeh\u00e4lter - MeroMero<\/title>\n<meta name=\"description\" content=\"Isolierter Rollverschluss hei\u00df \/ kalter Koffer f\u00fcr Flasche, kalte Getr\u00e4nke, kleine P\u00f4ts, aber auch f\u00fcr Bierflasche und Weinflasche.\" \/>\n<meta name=\"robots\" content=\"index, follow, max-snippet:-1, max-image-preview:large, max-video-preview:-1\" \/>\n<link rel=\"canonical\" href=\"https:\/\/www.meromero.fr\/de\/boutique\/semnoz-pouch\/\" \/>\n<meta property=\"og:locale\" content=\"de_DE\" \/>\n<meta property=\"og:type\" content=\"article\" \/>\n<meta property=\"og:title\" content=\"SEMNOZ POUCH: Isolierbeh\u00e4lter\" \/>\n<meta property=\"og:description\" content=\"Isolierter Rollverschluss hei\u00df \/ kalter Koffer f\u00fcr Flasche, kalte Getr\u00e4nke, kleine P\u00f4ts, aber auch f\u00fcr Bierflasche und Weinflasche.\" \/>\n<meta property=\"og:url\" content=\"https:\/\/www.meromero.fr\/de\/boutique\/semnoz-pouch\/\" \/>\n<meta property=\"og:site_name\" content=\"MeroMero\" \/>\n<meta property=\"article:modified_time\" content=\"2026-04-13T14:50:14+00:00\" \/>\n<meta property=\"og:image\" content=\"https:\/\/www.meromero.fr\/wp-content\/uploads\/2021\/10\/1_Etui_roll-top-isotherme_meromero_A00203.011.000_SEMNOZ_stonegrey_siteweb.jpg\" \/>\n\t<meta property=\"og:image:width\" content=\"1200\" \/>\n\t<meta property=\"og:image:height\" content=\"1200\" \/>\n\t<meta property=\"og:image:type\" content=\"image\/jpeg\" \/>\n<meta name=\"twitter:card\" content=\"summary_large_image\" \/>\n<meta name=\"twitter:label1\" content=\"Verf\u00fcgbarkeit\" \/>\n\t<meta name=\"twitter:data1\" content=\"Auf Lager\" \/>\n<script type=\"application\/ld+json\" class=\"yoast-schema-graph\">{\"@context\":\"https:\/\/schema.org\",\"@graph\":[{\"@type\":\"WebPage\",\"@id\":\"https:\/\/www.meromero.fr\/de\/boutique\/semnoz-pouch\/\",\"url\":\"https:\/\/www.meromero.fr\/de\/boutique\/semnoz-pouch\/\",\"name\":\"SEMNOZ POUCH: Isolierbeh\u00e4lter - MeroMero\",\"isPartOf\":{\"@id\":\"https:\/\/www.meromero.fr\/#website\"},\"primaryImageOfPage\":{\"@id\":\"https:\/\/www.meromero.fr\/de\/boutique\/semnoz-pouch\/#primaryimage\"},\"image\":{\"@id\":\"https:\/\/www.meromero.fr\/de\/boutique\/semnoz-pouch\/#primaryimage\"},\"thumbnailUrl\":\"https:\/\/www.meromero.fr\/wp-content\/uploads\/2021\/10\/1_Etui_roll-top-isotherme_meromero_A00203.011.000_SEMNOZ_stonegrey_siteweb.jpg\",\"datePublished\":\"2021-12-01T12:27:31+00:00\",\"dateModified\":\"2026-04-13T14:50:14+00:00\",\"description\":\"Isolierter Rollverschluss hei\u00df \/ kalter Koffer f\u00fcr Flasche, kalte Getr\u00e4nke, kleine P\u00f4ts, aber auch f\u00fcr Bierflasche und Weinflasche.\",\"breadcrumb\":{\"@id\":\"https:\/\/www.meromero.fr\/de\/boutique\/semnoz-pouch\/#breadcrumb\"},\"inLanguage\":\"de\",\"potentialAction\":[{\"@type\":\"ReadAction\",\"target\":[\"https:\/\/www.meromero.fr\/de\/boutique\/semnoz-pouch\/\"]}]},{\"@type\":\"ImageObject\",\"inLanguage\":\"de\",\"@id\":\"https:\/\/www.meromero.fr\/de\/boutique\/semnoz-pouch\/#primaryimage\",\"url\":\"https:\/\/www.meromero.fr\/wp-content\/uploads\/2021\/10\/1_Etui_roll-top-isotherme_meromero_A00203.011.000_SEMNOZ_stonegrey_siteweb.jpg\",\"contentUrl\":\"https:\/\/www.meromero.fr\/wp-content\/uploads\/2021\/10\/1_Etui_roll-top-isotherme_meromero_A00203.011.000_SEMNOZ_stonegrey_siteweb.jpg\",\"width\":1200,\"height\":1200},{\"@type\":\"BreadcrumbList\",\"@id\":\"https:\/\/www.meromero.fr\/de\/boutique\/semnoz-pouch\/#breadcrumb\",\"itemListElement\":[{\"@type\":\"ListItem\",\"position\":1,\"name\":\"Home\",\"item\":\"https:\/\/www.meromero.fr\/de\/\"},{\"@type\":\"ListItem\",\"position\":2,\"name\":\"Shop\",\"item\":\"https:\/\/www.meromero.fr\/de\/shop\/\"},{\"@type\":\"ListItem\",\"position\":3,\"name\":\"SEMNOZ POUCH: Isolierbeh\u00e4lter\"}]},{\"@type\":\"WebSite\",\"@id\":\"https:\/\/www.meromero.fr\/#website\",\"url\":\"https:\/\/www.meromero.fr\/\",\"name\":\"MeroMero\",\"description\":\"Share your adventures\",\"publisher\":{\"@id\":\"https:\/\/www.meromero.fr\/#organization\"},\"potentialAction\":[{\"@type\":\"SearchAction\",\"target\":{\"@type\":\"EntryPoint\",\"urlTemplate\":\"https:\/\/www.meromero.fr\/?s={search_term_string}\"},\"query-input\":\"required name=search_term_string\"}],\"inLanguage\":\"de\"},{\"@type\":\"Organization\",\"@id\":\"https:\/\/www.meromero.fr\/#organization\",\"name\":\"MeroMero\",\"url\":\"https:\/\/www.meromero.fr\/\",\"logo\":{\"@type\":\"ImageObject\",\"inLanguage\":\"de\",\"@id\":\"https:\/\/www.meromero.fr\/#\/schema\/logo\/image\/\",\"url\":\"https:\/\/www.meromero.fr\/wp-content\/uploads\/2020\/04\/logo-black.png\",\"contentUrl\":\"https:\/\/www.meromero.fr\/wp-content\/uploads\/2020\/04\/logo-black.png\",\"width\":644,\"height\":208,\"caption\":\"MeroMero\"},\"image\":{\"@id\":\"https:\/\/www.meromero.fr\/#\/schema\/logo\/image\/\"}}]}<\/script>\n<meta property=\"og:availability\" content=\"instock\" \/>\n<meta property=\"product:availability\" content=\"instock\" \/>\n<meta property=\"product:retailer_item_id\" content=\"A00203\" \/>\n<meta property=\"product:condition\" content=\"new\" \/>\n<!-- \/ Yoast SEO Premium plugin. -->","yoast_head_json":{"title":"SEMNOZ POUCH: Isolierbeh\u00e4lter - MeroMero","description":"Isolierter Rollverschluss hei\u00df \/ kalter Koffer f\u00fcr Flasche, kalte Getr\u00e4nke, kleine P\u00f4ts, aber auch f\u00fcr Bierflasche und Weinflasche.","robots":{"index":"index","follow":"follow","max-snippet":"max-snippet:-1","max-image-preview":"max-image-preview:large","max-video-preview":"max-video-preview:-1"},"canonical":"https:\/\/www.meromero.fr\/de\/boutique\/semnoz-pouch\/","og_locale":"de_DE","og_type":"article","og_title":"SEMNOZ POUCH: Isolierbeh\u00e4lter","og_description":"Isolierter Rollverschluss hei\u00df \/ kalter Koffer f\u00fcr Flasche, kalte Getr\u00e4nke, kleine P\u00f4ts, aber auch f\u00fcr Bierflasche und Weinflasche.","og_url":"https:\/\/www.meromero.fr\/de\/boutique\/semnoz-pouch\/","og_site_name":"MeroMero","article_modified_time":"2026-04-13T14:50:14+00:00","og_image":[{"width":1200,"height":1200,"url":"https:\/\/www.meromero.fr\/wp-content\/uploads\/2021\/10\/1_Etui_roll-top-isotherme_meromero_A00203.011.000_SEMNOZ_stonegrey_siteweb.jpg","type":"image\/jpeg"}],"twitter_card":"summary_large_image","twitter_misc":{"Verf\u00fcgbarkeit":"Auf Lager"},"schema":{"@context":"https:\/\/schema.org","@graph":[{"@type":"WebPage","@id":"https:\/\/www.meromero.fr\/de\/boutique\/semnoz-pouch\/","url":"https:\/\/www.meromero.fr\/de\/boutique\/semnoz-pouch\/","name":"SEMNOZ POUCH: Isolierbeh\u00e4lter - MeroMero","isPartOf":{"@id":"https:\/\/www.meromero.fr\/#website"},"primaryImageOfPage":{"@id":"https:\/\/www.meromero.fr\/de\/boutique\/semnoz-pouch\/#primaryimage"},"image":{"@id":"https:\/\/www.meromero.fr\/de\/boutique\/semnoz-pouch\/#primaryimage"},"thumbnailUrl":"https:\/\/www.meromero.fr\/wp-content\/uploads\/2021\/10\/1_Etui_roll-top-isotherme_meromero_A00203.011.000_SEMNOZ_stonegrey_siteweb.jpg","datePublished":"2021-12-01T12:27:31+00:00","dateModified":"2026-04-13T14:50:14+00:00","description":"Isolierter Rollverschluss hei\u00df \/ kalter Koffer f\u00fcr Flasche, kalte Getr\u00e4nke, kleine P\u00f4ts, aber auch f\u00fcr Bierflasche und Weinflasche.","breadcrumb":{"@id":"https:\/\/www.meromero.fr\/de\/boutique\/semnoz-pouch\/#breadcrumb"},"inLanguage":"de","potentialAction":[{"@type":"ReadAction","target":["https:\/\/www.meromero.fr\/de\/boutique\/semnoz-pouch\/"]}]},{"@type":"ImageObject","inLanguage":"de","@id":"https:\/\/www.meromero.fr\/de\/boutique\/semnoz-pouch\/#primaryimage","url":"https:\/\/www.meromero.fr\/wp-content\/uploads\/2021\/10\/1_Etui_roll-top-isotherme_meromero_A00203.011.000_SEMNOZ_stonegrey_siteweb.jpg","contentUrl":"https:\/\/www.meromero.fr\/wp-content\/uploads\/2021\/10\/1_Etui_roll-top-isotherme_meromero_A00203.011.000_SEMNOZ_stonegrey_siteweb.jpg","width":1200,"height":1200},{"@type":"BreadcrumbList","@id":"https:\/\/www.meromero.fr\/de\/boutique\/semnoz-pouch\/#breadcrumb","itemListElement":[{"@type":"ListItem","position":1,"name":"Home","item":"https:\/\/www.meromero.fr\/de\/"},{"@type":"ListItem","position":2,"name":"Shop","item":"https:\/\/www.meromero.fr\/de\/shop\/"},{"@type":"ListItem","position":3,"name":"SEMNOZ POUCH: Isolierbeh\u00e4lter"}]},{"@type":"WebSite","@id":"https:\/\/www.meromero.fr\/#website","url":"https:\/\/www.meromero.fr\/","name":"MeroMero","description":"Share your adventures","publisher":{"@id":"https:\/\/www.meromero.fr\/#organization"},"potentialAction":[{"@type":"SearchAction","target":{"@type":"EntryPoint","urlTemplate":"https:\/\/www.meromero.fr\/?s={search_term_string}"},"query-input":"required name=search_term_string"}],"inLanguage":"de"},{"@type":"Organization","@id":"https:\/\/www.meromero.fr\/#organization","name":"MeroMero","url":"https:\/\/www.meromero.fr\/","logo":{"@type":"ImageObject","inLanguage":"de","@id":"https:\/\/www.meromero.fr\/#\/schema\/logo\/image\/","url":"https:\/\/www.meromero.fr\/wp-content\/uploads\/2020\/04\/logo-black.png","contentUrl":"https:\/\/www.meromero.fr\/wp-content\/uploads\/2020\/04\/logo-black.png","width":644,"height":208,"caption":"MeroMero"},"image":{"@id":"https:\/\/www.meromero.fr\/#\/schema\/logo\/image\/"}}]},"og_availability":"instock","product_availability":"instock","product_retailer_item_id":"A00203","product_condition":"new"},"_links":{"self":[{"href":"https:\/\/www.meromero.fr\/de\/wp-json\/wp\/v2\/product\/11283"}],"collection":[{"href":"https:\/\/www.meromero.fr\/de\/wp-json\/wp\/v2\/product"}],"about":[{"href":"https:\/\/www.meromero.fr\/de\/wp-json\/wp\/v2\/types\/product"}],"replies":[{"embeddable":true,"href":"https:\/\/www.meromero.fr\/de\/wp-json\/wp\/v2\/comments?post=11283"}],"wp:featuredmedia":[{"embeddable":true,"href":"https:\/\/www.meromero.fr\/de\/wp-json\/wp\/v2\/media\/10288"}],"wp:attachment":[{"href":"https:\/\/www.meromero.fr\/de\/wp-json\/wp\/v2\/media?parent=11283"}],"wp:term":[{"taxonomy":"product_cat","embeddable":true,"href":"https:\/\/www.meromero.fr\/de\/wp-json\/wp\/v2\/product_cat?post=11283"},{"taxonomy":"product_tag","embeddable":true,"href":"https:\/\/www.meromero.fr\/de\/wp-json\/wp\/v2\/product_tag?post=11283"}],"curies":[{"name":"wp","href":"https:\/\/api.w.org\/{rel}","templated":true}]}}