{"id":11266,"date":"2023-10-24T16:09:17","date_gmt":"2021-12-01T10:51:01","guid":{"rendered":"https:\/\/www.meromero.fr\/boutique\/babytrage-onsen-onbuhimo\/"},"modified":"2026-04-07T22:21:37","modified_gmt":"2026-04-07T20:21:37","slug":"onsen-onbuhimo-babytrage","status":"publish","type":"product","link":"https:\/\/www.meromero.fr\/de\/boutique\/onsen-onbuhimo-babytrage\/","title":{"rendered":"ONSEN Onbuhimo: Babytrage"},"content":{"rendered":"","protected":false},"excerpt":{"rendered":"<p>Mit dem ONSEN kannst du die Welt gemeinsam mit deinem Baby erkunden.<\/p>\n<p>&nbsp;<\/p>\n<p>Ultra-technische und minimalistische Babytrage inspiriert vom japanischen Onbuhimo ohne H\u00fcftgurt. Drei Jahre Entwicklungszeit waren f\u00fcr uns n\u00f6tig, um ONSEN zu schaffen. Die perfekte Kombination aus einem einfachen, altbew\u00e4hrten Tragekonzept gepimpt mit technischen Materialien, die im Outdoor-Sport verwendet werden.<\/p>\n<p><b>Ergebnis: eine komfortable, ergonomische und ultrakompakte Babytrage mit nur 290gr! <\/b><\/p>\n<p>Entwickelt, um ein Baby ab 6 Monaten vorne zu tragen (muss selbstst\u00e4ndig sitzen k\u00f6nnen) und auf dem R\u00fccken f\u00fcr \u00e4ltere Kinder bis 20 kg.<\/p>\n<p>Ideal, wenn dein kleiner Abenteurer bei einer Wanderung, im Urlaub oder im Alltag nicht mehr laufen m\u00f6chte. Die Trage passt in ihre eigene K\u00e4ngurutasche.<br \/>\nIdeal f\u00fcr abenteuerlustige Eltern egal ob in der Natur oder in der Stadt, sie ist so klein und leicht, dass man sie einfach immer dabei hat.<\/p>\n","protected":false},"featured_media":18483,"comment_status":"open","ping_status":"closed","template":"","meta":[],"product_cat":[143],"product_tag":[],"yoast_head":"<!-- This site is optimized with the Yoast SEO Premium plugin v22.3 (Yoast SEO v22.4) - https:\/\/yoast.com\/wordpress\/plugins\/seo\/ -->\n<title>ONSEN Onbuhimo: Babytrage - MeroMero<\/title>\n<meta name=\"description\" content=\"Babytrage Onsen Onbuhimo ultra-technisch und minimalistisch inspiriert vom japanischen Onbuhimo ohne Bauchgurt!\" \/>\n<meta name=\"robots\" content=\"index, follow, max-snippet:-1, max-image-preview:large, max-video-preview:-1\" \/>\n<link rel=\"canonical\" href=\"https:\/\/www.meromero.fr\/de\/boutique\/onsen-onbuhimo-babytrage\/\" \/>\n<meta property=\"og:locale\" content=\"de_DE\" \/>\n<meta property=\"og:type\" content=\"article\" \/>\n<meta property=\"og:title\" content=\"ONSEN Onbuhimo: Babytrage\" \/>\n<meta property=\"og:description\" content=\"Babytrage Onsen Onbuhimo ultra-technisch und minimalistisch inspiriert vom japanischen Onbuhimo ohne Bauchgurt!\" \/>\n<meta property=\"og:url\" content=\"https:\/\/www.meromero.fr\/de\/boutique\/onsen-onbuhimo-babytrage\/\" \/>\n<meta property=\"og:site_name\" content=\"MeroMero\" \/>\n<meta property=\"article:modified_time\" content=\"2026-04-07T20:21:37+00:00\" \/>\n<meta property=\"og:image\" content=\"https:\/\/www.meromero.fr\/wp-content\/uploads\/2023\/05\/B00101_016.008_Onsen_Onbuhimo_Detail_Folded_web.jpg\" \/>\n\t<meta property=\"og:image:width\" content=\"2000\" \/>\n\t<meta property=\"og:image:height\" content=\"2000\" \/>\n\t<meta property=\"og:image:type\" content=\"image\/jpeg\" \/>\n<meta name=\"twitter:card\" content=\"summary_large_image\" \/>\n<meta name=\"twitter:label1\" content=\"Verf\u00fcgbarkeit\" \/>\n\t<meta name=\"twitter:data1\" content=\"Auf Lager\" \/>\n<script type=\"application\/ld+json\" class=\"yoast-schema-graph\">{\"@context\":\"https:\/\/schema.org\",\"@graph\":[{\"@type\":\"WebPage\",\"@id\":\"https:\/\/www.meromero.fr\/de\/boutique\/onsen-onbuhimo-babytrage\/\",\"url\":\"https:\/\/www.meromero.fr\/de\/boutique\/onsen-onbuhimo-babytrage\/\",\"name\":\"ONSEN Onbuhimo: Babytrage - MeroMero\",\"isPartOf\":{\"@id\":\"https:\/\/www.meromero.fr\/#website\"},\"primaryImageOfPage\":{\"@id\":\"https:\/\/www.meromero.fr\/de\/boutique\/onsen-onbuhimo-babytrage\/#primaryimage\"},\"image\":{\"@id\":\"https:\/\/www.meromero.fr\/de\/boutique\/onsen-onbuhimo-babytrage\/#primaryimage\"},\"thumbnailUrl\":\"https:\/\/www.meromero.fr\/wp-content\/uploads\/2023\/05\/B00101_016.008_Onsen_Onbuhimo_Detail_Folded_web.jpg\",\"datePublished\":\"2021-12-01T10:51:01+00:00\",\"dateModified\":\"2026-04-07T20:21:37+00:00\",\"description\":\"Babytrage Onsen Onbuhimo ultra-technisch und minimalistisch inspiriert vom japanischen Onbuhimo ohne Bauchgurt!\",\"breadcrumb\":{\"@id\":\"https:\/\/www.meromero.fr\/de\/boutique\/onsen-onbuhimo-babytrage\/#breadcrumb\"},\"inLanguage\":\"de\",\"potentialAction\":[{\"@type\":\"ReadAction\",\"target\":[\"https:\/\/www.meromero.fr\/de\/boutique\/onsen-onbuhimo-babytrage\/\"]}]},{\"@type\":\"ImageObject\",\"inLanguage\":\"de\",\"@id\":\"https:\/\/www.meromero.fr\/de\/boutique\/onsen-onbuhimo-babytrage\/#primaryimage\",\"url\":\"https:\/\/www.meromero.fr\/wp-content\/uploads\/2023\/05\/B00101_016.008_Onsen_Onbuhimo_Detail_Folded_web.jpg\",\"contentUrl\":\"https:\/\/www.meromero.fr\/wp-content\/uploads\/2023\/05\/B00101_016.008_Onsen_Onbuhimo_Detail_Folded_web.jpg\",\"width\":2000,\"height\":2000,\"caption\":\"Onsen Ombuhimo MeroMero Porte-b\u00e9b\u00e9 ultral\u00e9ger compact id\u00e9al voyages\"},{\"@type\":\"BreadcrumbList\",\"@id\":\"https:\/\/www.meromero.fr\/de\/boutique\/onsen-onbuhimo-babytrage\/#breadcrumb\",\"itemListElement\":[{\"@type\":\"ListItem\",\"position\":1,\"name\":\"Home\",\"item\":\"https:\/\/www.meromero.fr\/de\/\"},{\"@type\":\"ListItem\",\"position\":2,\"name\":\"Shop\",\"item\":\"https:\/\/www.meromero.fr\/de\/shop\/\"},{\"@type\":\"ListItem\",\"position\":3,\"name\":\"ONSEN Onbuhimo: Babytrage\"}]},{\"@type\":\"WebSite\",\"@id\":\"https:\/\/www.meromero.fr\/#website\",\"url\":\"https:\/\/www.meromero.fr\/\",\"name\":\"MeroMero\",\"description\":\"Share your adventures\",\"publisher\":{\"@id\":\"https:\/\/www.meromero.fr\/#organization\"},\"potentialAction\":[{\"@type\":\"SearchAction\",\"target\":{\"@type\":\"EntryPoint\",\"urlTemplate\":\"https:\/\/www.meromero.fr\/?s={search_term_string}\"},\"query-input\":\"required name=search_term_string\"}],\"inLanguage\":\"de\"},{\"@type\":\"Organization\",\"@id\":\"https:\/\/www.meromero.fr\/#organization\",\"name\":\"MeroMero\",\"url\":\"https:\/\/www.meromero.fr\/\",\"logo\":{\"@type\":\"ImageObject\",\"inLanguage\":\"de\",\"@id\":\"https:\/\/www.meromero.fr\/#\/schema\/logo\/image\/\",\"url\":\"https:\/\/www.meromero.fr\/wp-content\/uploads\/2020\/04\/logo-black.png\",\"contentUrl\":\"https:\/\/www.meromero.fr\/wp-content\/uploads\/2020\/04\/logo-black.png\",\"width\":644,\"height\":208,\"caption\":\"MeroMero\"},\"image\":{\"@id\":\"https:\/\/www.meromero.fr\/#\/schema\/logo\/image\/\"}}]}<\/script>\n<meta property=\"og:availability\" content=\"instock\" \/>\n<meta property=\"product:availability\" content=\"instock\" \/>\n<meta property=\"product:condition\" content=\"new\" \/>\n<!-- \/ Yoast SEO Premium plugin. -->","yoast_head_json":{"title":"ONSEN Onbuhimo: Babytrage - MeroMero","description":"Babytrage Onsen Onbuhimo ultra-technisch und minimalistisch inspiriert vom japanischen Onbuhimo ohne Bauchgurt!","robots":{"index":"index","follow":"follow","max-snippet":"max-snippet:-1","max-image-preview":"max-image-preview:large","max-video-preview":"max-video-preview:-1"},"canonical":"https:\/\/www.meromero.fr\/de\/boutique\/onsen-onbuhimo-babytrage\/","og_locale":"de_DE","og_type":"article","og_title":"ONSEN Onbuhimo: Babytrage","og_description":"Babytrage Onsen Onbuhimo ultra-technisch und minimalistisch inspiriert vom japanischen Onbuhimo ohne Bauchgurt!","og_url":"https:\/\/www.meromero.fr\/de\/boutique\/onsen-onbuhimo-babytrage\/","og_site_name":"MeroMero","article_modified_time":"2026-04-07T20:21:37+00:00","og_image":[{"width":2000,"height":2000,"url":"https:\/\/www.meromero.fr\/wp-content\/uploads\/2023\/05\/B00101_016.008_Onsen_Onbuhimo_Detail_Folded_web.jpg","type":"image\/jpeg"}],"twitter_card":"summary_large_image","twitter_misc":{"Verf\u00fcgbarkeit":"Auf Lager"},"schema":{"@context":"https:\/\/schema.org","@graph":[{"@type":"WebPage","@id":"https:\/\/www.meromero.fr\/de\/boutique\/onsen-onbuhimo-babytrage\/","url":"https:\/\/www.meromero.fr\/de\/boutique\/onsen-onbuhimo-babytrage\/","name":"ONSEN Onbuhimo: Babytrage - MeroMero","isPartOf":{"@id":"https:\/\/www.meromero.fr\/#website"},"primaryImageOfPage":{"@id":"https:\/\/www.meromero.fr\/de\/boutique\/onsen-onbuhimo-babytrage\/#primaryimage"},"image":{"@id":"https:\/\/www.meromero.fr\/de\/boutique\/onsen-onbuhimo-babytrage\/#primaryimage"},"thumbnailUrl":"https:\/\/www.meromero.fr\/wp-content\/uploads\/2023\/05\/B00101_016.008_Onsen_Onbuhimo_Detail_Folded_web.jpg","datePublished":"2021-12-01T10:51:01+00:00","dateModified":"2026-04-07T20:21:37+00:00","description":"Babytrage Onsen Onbuhimo ultra-technisch und minimalistisch inspiriert vom japanischen Onbuhimo ohne Bauchgurt!","breadcrumb":{"@id":"https:\/\/www.meromero.fr\/de\/boutique\/onsen-onbuhimo-babytrage\/#breadcrumb"},"inLanguage":"de","potentialAction":[{"@type":"ReadAction","target":["https:\/\/www.meromero.fr\/de\/boutique\/onsen-onbuhimo-babytrage\/"]}]},{"@type":"ImageObject","inLanguage":"de","@id":"https:\/\/www.meromero.fr\/de\/boutique\/onsen-onbuhimo-babytrage\/#primaryimage","url":"https:\/\/www.meromero.fr\/wp-content\/uploads\/2023\/05\/B00101_016.008_Onsen_Onbuhimo_Detail_Folded_web.jpg","contentUrl":"https:\/\/www.meromero.fr\/wp-content\/uploads\/2023\/05\/B00101_016.008_Onsen_Onbuhimo_Detail_Folded_web.jpg","width":2000,"height":2000,"caption":"Onsen Ombuhimo MeroMero Porte-b\u00e9b\u00e9 ultral\u00e9ger compact id\u00e9al voyages"},{"@type":"BreadcrumbList","@id":"https:\/\/www.meromero.fr\/de\/boutique\/onsen-onbuhimo-babytrage\/#breadcrumb","itemListElement":[{"@type":"ListItem","position":1,"name":"Home","item":"https:\/\/www.meromero.fr\/de\/"},{"@type":"ListItem","position":2,"name":"Shop","item":"https:\/\/www.meromero.fr\/de\/shop\/"},{"@type":"ListItem","position":3,"name":"ONSEN Onbuhimo: Babytrage"}]},{"@type":"WebSite","@id":"https:\/\/www.meromero.fr\/#website","url":"https:\/\/www.meromero.fr\/","name":"MeroMero","description":"Share your adventures","publisher":{"@id":"https:\/\/www.meromero.fr\/#organization"},"potentialAction":[{"@type":"SearchAction","target":{"@type":"EntryPoint","urlTemplate":"https:\/\/www.meromero.fr\/?s={search_term_string}"},"query-input":"required name=search_term_string"}],"inLanguage":"de"},{"@type":"Organization","@id":"https:\/\/www.meromero.fr\/#organization","name":"MeroMero","url":"https:\/\/www.meromero.fr\/","logo":{"@type":"ImageObject","inLanguage":"de","@id":"https:\/\/www.meromero.fr\/#\/schema\/logo\/image\/","url":"https:\/\/www.meromero.fr\/wp-content\/uploads\/2020\/04\/logo-black.png","contentUrl":"https:\/\/www.meromero.fr\/wp-content\/uploads\/2020\/04\/logo-black.png","width":644,"height":208,"caption":"MeroMero"},"image":{"@id":"https:\/\/www.meromero.fr\/#\/schema\/logo\/image\/"}}]},"og_availability":"instock","product_availability":"instock","product_condition":"new"},"_links":{"self":[{"href":"https:\/\/www.meromero.fr\/de\/wp-json\/wp\/v2\/product\/11266"}],"collection":[{"href":"https:\/\/www.meromero.fr\/de\/wp-json\/wp\/v2\/product"}],"about":[{"href":"https:\/\/www.meromero.fr\/de\/wp-json\/wp\/v2\/types\/product"}],"replies":[{"embeddable":true,"href":"https:\/\/www.meromero.fr\/de\/wp-json\/wp\/v2\/comments?post=11266"}],"wp:featuredmedia":[{"embeddable":true,"href":"https:\/\/www.meromero.fr\/de\/wp-json\/wp\/v2\/media\/18483"}],"wp:attachment":[{"href":"https:\/\/www.meromero.fr\/de\/wp-json\/wp\/v2\/media?parent=11266"}],"wp:term":[{"taxonomy":"product_cat","embeddable":true,"href":"https:\/\/www.meromero.fr\/de\/wp-json\/wp\/v2\/product_cat?post=11266"},{"taxonomy":"product_tag","embeddable":true,"href":"https:\/\/www.meromero.fr\/de\/wp-json\/wp\/v2\/product_tag?post=11266"}],"curies":[{"name":"wp","href":"https:\/\/api.w.org\/{rel}","templated":true}]}}