{"id":20330,"date":"2020-06-12T14:04:50","date_gmt":"2020-06-12T12:04:50","guid":{"rendered":"https:\/\/www.meromero.fr\/programmes-pro-influencers\/"},"modified":"2023-10-16T08:58:13","modified_gmt":"2023-10-16T06:58:13","slug":"pro-und-influencer-programm","status":"publish","type":"page","link":"https:\/\/www.meromero.fr\/de\/pro-und-influencer-programm\/","title":{"rendered":"Pro und Influencer programm"},"content":{"rendered":"<div class=\"wpb-content-wrapper\"><p>[vc_row el_class=&#8221;ws-faq-row&#8221;][vc_column width=&#8221;7\/12&#8243;][vc_column_text]<\/p>\n<h2>Pro Programm.<\/h2>\n<p>[\/vc_column_text][vc_empty_space height=&#8221;10px&#8221;][vc_column_text]Bist du Fotograf, Videofilmer, Guide, Reiseleiter, Ski- oder Mountainbikelehrer, Tragelehrer&#8230; und ben\u00f6tigst f\u00fcr deine Aktivit\u00e4t eine unserer Taschen oder Tragehilfen? Z\u00f6gere nicht, uns unter zu <a href=\"https:\/\/www.meromero.fr\/de\/kontakt\/\">kontaktieren<\/a>. Wir bieten Sonderpreise wenn ihr eine g\u00fcltige Pro Karte besitzt oder eure Aktivit\u00e4t entsprechend zertifiziert ist.[\/vc_column_text][vc_empty_space][vc_column_text]<\/p>\n<h2>Influencer.<\/h2>\n<p>[\/vc_column_text][vc_empty_space height=&#8221;10px&#8221;][vc_column_text]Wir bekommen immer mehr Anfragen von Influencern f\u00fcr Kooperationen oder Give Aways. Obwohl wir den Ansatz und das Interesse an MeroMero zu sch\u00e4tzen wissen, arbeiten wir lieber langfristig mit Markenbotschaftern zusammen als \u201eOne Shots\u201c, die eher Werbung \u00e4hneln. Aber wir sind auch nicht engstirnig, also z\u00f6gere bitte nicht, uns zu <a href=\"https:\/\/www.meromero.fr\/de\/kontakt\/\">kontaktieren<\/a>, um die Angelegenheit zu besprechen.[\/vc_column_text][vc_empty_space][\/vc_column][vc_column width=&#8221;1\/4&#8243; offset=&#8221;vc_col-lg-offset-2 vc_col-md-offset-2 vc_col-sm-offset-2&#8243;][vc_row_inner el_class=&#8221;ws-mobile-text-center&#8221;][vc_column_inner css=&#8221;.vc_custom_1587719650175{margin-left: -15px !important;}&#8221;]<div class=\"ws-heading text-left ws-heading-dark\"><h5>Kundenservice<\/h5><\/div>[vc_empty_space height=&#8221;25px&#8221;][\/vc_column_inner][\/vc_row_inner][vc_row_inner css=&#8221;.vc_custom_1587716527124{padding-bottom: 70px !important;}&#8221;][vc_column_inner css=&#8221;.vc_custom_1587716466022{border-left-width: 2px !important;border-left-color: #cacfd5 !important;border-left-style: solid !important;}&#8221;][vc_wp_custommenu nav_menu=&#8221;391&#8243;][\/vc_column_inner][\/vc_row_inner][\/vc_column][\/vc_row]<\/p>\n<\/div>","protected":false},"excerpt":{"rendered":"<p>[vc_row el_class=&#8221;ws-faq-row&#8221;][vc_column width=&#8221;7\/12&#8243;][vc_column_text] Pro Programm. [\/vc_column_text][vc_empty_space height=&#8221;10px&#8221;][vc_column_text]Bist du Fotograf, Videofilmer, Guide, Reiseleiter, Ski- oder Mountainbikelehrer, Tragelehrer&#8230; und ben\u00f6tigst f\u00fcr deine Aktivit\u00e4t eine unserer Taschen oder Tragehilfen? Z\u00f6gere nicht, uns unter zu kontaktieren. Wir bieten Sonderpreise wenn ihr eine g\u00fcltige Pro Karte besitzt oder eure Aktivit\u00e4t entsprechend zertifiziert ist.[\/vc_column_text][vc_empty_space][vc_column_text] Influencer. [\/vc_column_text][vc_empty_space height=&#8221;10px&#8221;][vc_column_text]Wir bekommen immer mehr Anfragen [&hellip;]<\/p>\n","protected":false},"author":1,"featured_media":0,"parent":0,"menu_order":0,"comment_status":"closed","ping_status":"closed","template":"","meta":{"footnotes":""},"yoast_head":"<!-- This site is optimized with the Yoast SEO Premium plugin v22.3 (Yoast SEO v22.4) - https:\/\/yoast.com\/wordpress\/plugins\/seo\/ -->\n<title>Pro und Influencer programm - MeroMero<\/title>\n<meta name=\"robots\" content=\"index, follow, max-snippet:-1, max-image-preview:large, max-video-preview:-1\" \/>\n<link rel=\"canonical\" href=\"https:\/\/www.meromero.fr\/de\/pro-und-influencer-programm\/\" \/>\n<meta property=\"og:locale\" content=\"de_DE\" \/>\n<meta property=\"og:type\" content=\"article\" \/>\n<meta property=\"og:title\" content=\"Pro und Influencer programm\" \/>\n<meta property=\"og:description\" content=\"[vc_row el_class=&#8221;ws-faq-row&#8221;][vc_column width=&#8221;7\/12&#8243;][vc_column_text] Pro Programm. [\/vc_column_text][vc_empty_space height=&#8221;10px&#8221;][vc_column_text]Bist du Fotograf, Videofilmer, Guide, Reiseleiter, Ski- oder Mountainbikelehrer, Tragelehrer&#8230; und ben\u00f6tigst f\u00fcr deine Aktivit\u00e4t eine unserer Taschen oder Tragehilfen? Z\u00f6gere nicht, uns unter zu kontaktieren. Wir bieten Sonderpreise wenn ihr eine g\u00fcltige Pro Karte besitzt oder eure Aktivit\u00e4t entsprechend zertifiziert ist.[\/vc_column_text][vc_empty_space][vc_column_text] Influencer. [\/vc_column_text][vc_empty_space height=&#8221;10px&#8221;][vc_column_text]Wir bekommen immer mehr Anfragen [&hellip;]\" \/>\n<meta property=\"og:url\" content=\"https:\/\/www.meromero.fr\/de\/pro-und-influencer-programm\/\" \/>\n<meta property=\"og:site_name\" content=\"MeroMero\" \/>\n<meta property=\"article:modified_time\" content=\"2023-10-16T06:58:13+00:00\" \/>\n<meta name=\"twitter:card\" content=\"summary_large_image\" \/>\n<meta name=\"twitter:label1\" content=\"Gesch\u00e4tzte Lesezeit\" \/>\n\t<meta name=\"twitter:data1\" content=\"1\u00a0Minute\" \/>\n<script type=\"application\/ld+json\" class=\"yoast-schema-graph\">{\"@context\":\"https:\/\/schema.org\",\"@graph\":[{\"@type\":\"WebPage\",\"@id\":\"https:\/\/www.meromero.fr\/de\/pro-und-influencer-programm\/\",\"url\":\"https:\/\/www.meromero.fr\/de\/pro-und-influencer-programm\/\",\"name\":\"Pro und Influencer programm - MeroMero\",\"isPartOf\":{\"@id\":\"https:\/\/www.meromero.fr\/#website\"},\"datePublished\":\"2020-06-12T12:04:50+00:00\",\"dateModified\":\"2023-10-16T06:58:13+00:00\",\"breadcrumb\":{\"@id\":\"https:\/\/www.meromero.fr\/de\/pro-und-influencer-programm\/#breadcrumb\"},\"inLanguage\":\"de\",\"potentialAction\":[{\"@type\":\"ReadAction\",\"target\":[\"https:\/\/www.meromero.fr\/de\/pro-und-influencer-programm\/\"]}]},{\"@type\":\"BreadcrumbList\",\"@id\":\"https:\/\/www.meromero.fr\/de\/pro-und-influencer-programm\/#breadcrumb\",\"itemListElement\":[{\"@type\":\"ListItem\",\"position\":1,\"name\":\"Home\",\"item\":\"https:\/\/www.meromero.fr\/de\/\"},{\"@type\":\"ListItem\",\"position\":2,\"name\":\"Pro und Influencer programm\"}]},{\"@type\":\"WebSite\",\"@id\":\"https:\/\/www.meromero.fr\/#website\",\"url\":\"https:\/\/www.meromero.fr\/\",\"name\":\"MeroMero\",\"description\":\"Share your adventures\",\"publisher\":{\"@id\":\"https:\/\/www.meromero.fr\/#organization\"},\"potentialAction\":[{\"@type\":\"SearchAction\",\"target\":{\"@type\":\"EntryPoint\",\"urlTemplate\":\"https:\/\/www.meromero.fr\/?s={search_term_string}\"},\"query-input\":\"required name=search_term_string\"}],\"inLanguage\":\"de\"},{\"@type\":\"Organization\",\"@id\":\"https:\/\/www.meromero.fr\/#organization\",\"name\":\"MeroMero\",\"url\":\"https:\/\/www.meromero.fr\/\",\"logo\":{\"@type\":\"ImageObject\",\"inLanguage\":\"de\",\"@id\":\"https:\/\/www.meromero.fr\/#\/schema\/logo\/image\/\",\"url\":\"https:\/\/www.meromero.fr\/wp-content\/uploads\/2020\/04\/logo-black.png\",\"contentUrl\":\"https:\/\/www.meromero.fr\/wp-content\/uploads\/2020\/04\/logo-black.png\",\"width\":644,\"height\":208,\"caption\":\"MeroMero\"},\"image\":{\"@id\":\"https:\/\/www.meromero.fr\/#\/schema\/logo\/image\/\"}}]}<\/script>\n<!-- \/ Yoast SEO Premium plugin. -->","yoast_head_json":{"title":"Pro und Influencer programm - MeroMero","robots":{"index":"index","follow":"follow","max-snippet":"max-snippet:-1","max-image-preview":"max-image-preview:large","max-video-preview":"max-video-preview:-1"},"canonical":"https:\/\/www.meromero.fr\/de\/pro-und-influencer-programm\/","og_locale":"de_DE","og_type":"article","og_title":"Pro und Influencer programm","og_description":"[vc_row el_class=&#8221;ws-faq-row&#8221;][vc_column width=&#8221;7\/12&#8243;][vc_column_text] Pro Programm. [\/vc_column_text][vc_empty_space height=&#8221;10px&#8221;][vc_column_text]Bist du Fotograf, Videofilmer, Guide, Reiseleiter, Ski- oder Mountainbikelehrer, Tragelehrer&#8230; und ben\u00f6tigst f\u00fcr deine Aktivit\u00e4t eine unserer Taschen oder Tragehilfen? Z\u00f6gere nicht, uns unter zu kontaktieren. Wir bieten Sonderpreise wenn ihr eine g\u00fcltige Pro Karte besitzt oder eure Aktivit\u00e4t entsprechend zertifiziert ist.[\/vc_column_text][vc_empty_space][vc_column_text] Influencer. [\/vc_column_text][vc_empty_space height=&#8221;10px&#8221;][vc_column_text]Wir bekommen immer mehr Anfragen [&hellip;]","og_url":"https:\/\/www.meromero.fr\/de\/pro-und-influencer-programm\/","og_site_name":"MeroMero","article_modified_time":"2023-10-16T06:58:13+00:00","twitter_card":"summary_large_image","twitter_misc":{"Gesch\u00e4tzte Lesezeit":"1\u00a0Minute"},"schema":{"@context":"https:\/\/schema.org","@graph":[{"@type":"WebPage","@id":"https:\/\/www.meromero.fr\/de\/pro-und-influencer-programm\/","url":"https:\/\/www.meromero.fr\/de\/pro-und-influencer-programm\/","name":"Pro und Influencer programm - MeroMero","isPartOf":{"@id":"https:\/\/www.meromero.fr\/#website"},"datePublished":"2020-06-12T12:04:50+00:00","dateModified":"2023-10-16T06:58:13+00:00","breadcrumb":{"@id":"https:\/\/www.meromero.fr\/de\/pro-und-influencer-programm\/#breadcrumb"},"inLanguage":"de","potentialAction":[{"@type":"ReadAction","target":["https:\/\/www.meromero.fr\/de\/pro-und-influencer-programm\/"]}]},{"@type":"BreadcrumbList","@id":"https:\/\/www.meromero.fr\/de\/pro-und-influencer-programm\/#breadcrumb","itemListElement":[{"@type":"ListItem","position":1,"name":"Home","item":"https:\/\/www.meromero.fr\/de\/"},{"@type":"ListItem","position":2,"name":"Pro und Influencer programm"}]},{"@type":"WebSite","@id":"https:\/\/www.meromero.fr\/#website","url":"https:\/\/www.meromero.fr\/","name":"MeroMero","description":"Share your adventures","publisher":{"@id":"https:\/\/www.meromero.fr\/#organization"},"potentialAction":[{"@type":"SearchAction","target":{"@type":"EntryPoint","urlTemplate":"https:\/\/www.meromero.fr\/?s={search_term_string}"},"query-input":"required name=search_term_string"}],"inLanguage":"de"},{"@type":"Organization","@id":"https:\/\/www.meromero.fr\/#organization","name":"MeroMero","url":"https:\/\/www.meromero.fr\/","logo":{"@type":"ImageObject","inLanguage":"de","@id":"https:\/\/www.meromero.fr\/#\/schema\/logo\/image\/","url":"https:\/\/www.meromero.fr\/wp-content\/uploads\/2020\/04\/logo-black.png","contentUrl":"https:\/\/www.meromero.fr\/wp-content\/uploads\/2020\/04\/logo-black.png","width":644,"height":208,"caption":"MeroMero"},"image":{"@id":"https:\/\/www.meromero.fr\/#\/schema\/logo\/image\/"}}]}},"_links":{"self":[{"href":"https:\/\/www.meromero.fr\/de\/wp-json\/wp\/v2\/pages\/20330"}],"collection":[{"href":"https:\/\/www.meromero.fr\/de\/wp-json\/wp\/v2\/pages"}],"about":[{"href":"https:\/\/www.meromero.fr\/de\/wp-json\/wp\/v2\/types\/page"}],"author":[{"embeddable":true,"href":"https:\/\/www.meromero.fr\/de\/wp-json\/wp\/v2\/users\/1"}],"replies":[{"embeddable":true,"href":"https:\/\/www.meromero.fr\/de\/wp-json\/wp\/v2\/comments?post=20330"}],"version-history":[{"count":3,"href":"https:\/\/www.meromero.fr\/de\/wp-json\/wp\/v2\/pages\/20330\/revisions"}],"predecessor-version":[{"id":20573,"href":"https:\/\/www.meromero.fr\/de\/wp-json\/wp\/v2\/pages\/20330\/revisions\/20573"}],"wp:attachment":[{"href":"https:\/\/www.meromero.fr\/de\/wp-json\/wp\/v2\/media?parent=20330"}],"curies":[{"name":"wp","href":"https:\/\/api.w.org\/{rel}","templated":true}]}}