{"id":19947,"date":"2023-10-13T21:51:56","date_gmt":"2023-10-13T19:51:56","guid":{"rendered":"https:\/\/www.meromero.fr\/?page_id=19947"},"modified":"2023-10-18T09:48:14","modified_gmt":"2023-10-18T07:48:14","slug":"kundendienst","status":"publish","type":"page","link":"https:\/\/www.meromero.fr\/de\/kundendienst\/","title":{"rendered":"Kundendienst"},"content":{"rendered":"<div class=\"wpb-content-wrapper\"><p>[vc_row el_class=&#8221;ws-faq-row&#8221;][vc_column width=&#8221;7\/12&#8243;][vc_column_text]Unser Team ist sehr klein. Wenn du uns noch nicht kennst, schaue dir <a href=\"https:\/\/www.meromero.fr\/de\/das-dream-team\/\">unsere Dream Team<\/a> Webseite an. Damit wir schnellstm\u00f6glich auf deine Fragen und Erwartungen reagieren k\u00f6nnen, haben wir diesen Online-Kundenservice eingerichtet.<\/p>\n<p>Hier findest du alle Informationen, die dz ben\u00f6tigst. Wir sind telefonisch nicht erreichbar, aber wenn du trotz all dieser Informationen dennoch Kontakt mit uns aufnehmen musst, sende uns bitte eine Nachricht \u00fcber <a href=\"https:\/\/www.meromero.fr\/de\/kontakt\/\">das Formular<\/a>. Wir werden uns innerhalb <strong>von 3 Arbeitstagen<\/strong> (ausgenommen Wochenenden und Feiertage) bei dir melden.[\/vc_column_text][vc_empty_space][vc_single_image image=&#8221;20607&#8243; img_size=&#8221;full&#8221;][\/vc_column][vc_column width=&#8221;1\/4&#8243; offset=&#8221;vc_col-lg-offset-2 vc_col-md-offset-2 vc_col-sm-offset-2&#8243;][vc_row_inner el_class=&#8221;ws-mobile-text-center&#8221;][vc_column_inner css=&#8221;.vc_custom_1587719650175{margin-left: -15px !important;}&#8221;]<div class=\"ws-heading text-left ws-heading-dark\"><h5>Kundendienst<\/h5><\/div>[vc_empty_space height=&#8221;25px&#8221;][\/vc_column_inner][\/vc_row_inner][vc_row_inner css=&#8221;.vc_custom_1587716527124{padding-bottom: 70px !important;}&#8221;][vc_column_inner css=&#8221;.vc_custom_1587716466022{border-left-width: 2px !important;border-left-color: #cacfd5 !important;border-left-style: solid !important;}&#8221;][vc_wp_custommenu nav_menu=&#8221;387&#8243;][\/vc_column_inner][\/vc_row_inner][\/vc_column][\/vc_row]<\/p>\n<\/div>","protected":false},"excerpt":{"rendered":"<p>[vc_row el_class=&#8221;ws-faq-row&#8221;][vc_column width=&#8221;7\/12&#8243;][vc_column_text]Unser Team ist sehr klein. Wenn du uns noch nicht kennst, schaue dir unsere Dream Team Webseite an. Damit wir schnellstm\u00f6glich auf deine Fragen und Erwartungen reagieren k\u00f6nnen, haben wir diesen Online-Kundenservice eingerichtet. Hier findest du alle Informationen, die dz ben\u00f6tigst. Wir sind telefonisch nicht erreichbar, aber wenn du trotz all dieser Informationen [&hellip;]<\/p>\n","protected":false},"author":1,"featured_media":0,"parent":0,"menu_order":0,"comment_status":"closed","ping_status":"closed","template":"","meta":{"footnotes":""},"yoast_head":"<!-- This site is optimized with the Yoast SEO Premium plugin v22.3 (Yoast SEO v22.4) - https:\/\/yoast.com\/wordpress\/plugins\/seo\/ -->\n<title>Kundendienst - MeroMero<\/title>\n<meta name=\"robots\" content=\"index, follow, max-snippet:-1, max-image-preview:large, max-video-preview:-1\" \/>\n<link rel=\"canonical\" href=\"https:\/\/www.meromero.fr\/de\/kundendienst\/\" \/>\n<meta property=\"og:locale\" content=\"de_DE\" \/>\n<meta property=\"og:type\" content=\"article\" \/>\n<meta property=\"og:title\" content=\"Kundendienst\" \/>\n<meta property=\"og:description\" content=\"[vc_row el_class=&#8221;ws-faq-row&#8221;][vc_column width=&#8221;7\/12&#8243;][vc_column_text]Unser Team ist sehr klein. Wenn du uns noch nicht kennst, schaue dir unsere Dream Team Webseite an. Damit wir schnellstm\u00f6glich auf deine Fragen und Erwartungen reagieren k\u00f6nnen, haben wir diesen Online-Kundenservice eingerichtet. Hier findest du alle Informationen, die dz ben\u00f6tigst. Wir sind telefonisch nicht erreichbar, aber wenn du trotz all dieser Informationen [&hellip;]\" \/>\n<meta property=\"og:url\" content=\"https:\/\/www.meromero.fr\/de\/kundendienst\/\" \/>\n<meta property=\"og:site_name\" content=\"MeroMero\" \/>\n<meta property=\"article:modified_time\" content=\"2023-10-18T07:48:14+00:00\" \/>\n<meta name=\"twitter:card\" content=\"summary_large_image\" \/>\n<meta name=\"twitter:label1\" content=\"Gesch\u00e4tzte Lesezeit\" \/>\n\t<meta name=\"twitter:data1\" content=\"1\u00a0Minute\" \/>\n<script type=\"application\/ld+json\" class=\"yoast-schema-graph\">{\"@context\":\"https:\/\/schema.org\",\"@graph\":[{\"@type\":\"WebPage\",\"@id\":\"https:\/\/www.meromero.fr\/de\/kundendienst\/\",\"url\":\"https:\/\/www.meromero.fr\/de\/kundendienst\/\",\"name\":\"Kundendienst - MeroMero\",\"isPartOf\":{\"@id\":\"https:\/\/www.meromero.fr\/#website\"},\"datePublished\":\"2023-10-13T19:51:56+00:00\",\"dateModified\":\"2023-10-18T07:48:14+00:00\",\"breadcrumb\":{\"@id\":\"https:\/\/www.meromero.fr\/de\/kundendienst\/#breadcrumb\"},\"inLanguage\":\"de\",\"potentialAction\":[{\"@type\":\"ReadAction\",\"target\":[\"https:\/\/www.meromero.fr\/de\/kundendienst\/\"]}]},{\"@type\":\"BreadcrumbList\",\"@id\":\"https:\/\/www.meromero.fr\/de\/kundendienst\/#breadcrumb\",\"itemListElement\":[{\"@type\":\"ListItem\",\"position\":1,\"name\":\"Home\",\"item\":\"https:\/\/www.meromero.fr\/de\/\"},{\"@type\":\"ListItem\",\"position\":2,\"name\":\"Kundendienst\"}]},{\"@type\":\"WebSite\",\"@id\":\"https:\/\/www.meromero.fr\/#website\",\"url\":\"https:\/\/www.meromero.fr\/\",\"name\":\"MeroMero\",\"description\":\"Share your adventures\",\"publisher\":{\"@id\":\"https:\/\/www.meromero.fr\/#organization\"},\"potentialAction\":[{\"@type\":\"SearchAction\",\"target\":{\"@type\":\"EntryPoint\",\"urlTemplate\":\"https:\/\/www.meromero.fr\/?s={search_term_string}\"},\"query-input\":\"required name=search_term_string\"}],\"inLanguage\":\"de\"},{\"@type\":\"Organization\",\"@id\":\"https:\/\/www.meromero.fr\/#organization\",\"name\":\"MeroMero\",\"url\":\"https:\/\/www.meromero.fr\/\",\"logo\":{\"@type\":\"ImageObject\",\"inLanguage\":\"de\",\"@id\":\"https:\/\/www.meromero.fr\/#\/schema\/logo\/image\/\",\"url\":\"https:\/\/www.meromero.fr\/wp-content\/uploads\/2020\/04\/logo-black.png\",\"contentUrl\":\"https:\/\/www.meromero.fr\/wp-content\/uploads\/2020\/04\/logo-black.png\",\"width\":644,\"height\":208,\"caption\":\"MeroMero\"},\"image\":{\"@id\":\"https:\/\/www.meromero.fr\/#\/schema\/logo\/image\/\"}}]}<\/script>\n<!-- \/ Yoast SEO Premium plugin. -->","yoast_head_json":{"title":"Kundendienst - MeroMero","robots":{"index":"index","follow":"follow","max-snippet":"max-snippet:-1","max-image-preview":"max-image-preview:large","max-video-preview":"max-video-preview:-1"},"canonical":"https:\/\/www.meromero.fr\/de\/kundendienst\/","og_locale":"de_DE","og_type":"article","og_title":"Kundendienst","og_description":"[vc_row el_class=&#8221;ws-faq-row&#8221;][vc_column width=&#8221;7\/12&#8243;][vc_column_text]Unser Team ist sehr klein. Wenn du uns noch nicht kennst, schaue dir unsere Dream Team Webseite an. Damit wir schnellstm\u00f6glich auf deine Fragen und Erwartungen reagieren k\u00f6nnen, haben wir diesen Online-Kundenservice eingerichtet. Hier findest du alle Informationen, die dz ben\u00f6tigst. Wir sind telefonisch nicht erreichbar, aber wenn du trotz all dieser Informationen [&hellip;]","og_url":"https:\/\/www.meromero.fr\/de\/kundendienst\/","og_site_name":"MeroMero","article_modified_time":"2023-10-18T07:48:14+00:00","twitter_card":"summary_large_image","twitter_misc":{"Gesch\u00e4tzte Lesezeit":"1\u00a0Minute"},"schema":{"@context":"https:\/\/schema.org","@graph":[{"@type":"WebPage","@id":"https:\/\/www.meromero.fr\/de\/kundendienst\/","url":"https:\/\/www.meromero.fr\/de\/kundendienst\/","name":"Kundendienst - MeroMero","isPartOf":{"@id":"https:\/\/www.meromero.fr\/#website"},"datePublished":"2023-10-13T19:51:56+00:00","dateModified":"2023-10-18T07:48:14+00:00","breadcrumb":{"@id":"https:\/\/www.meromero.fr\/de\/kundendienst\/#breadcrumb"},"inLanguage":"de","potentialAction":[{"@type":"ReadAction","target":["https:\/\/www.meromero.fr\/de\/kundendienst\/"]}]},{"@type":"BreadcrumbList","@id":"https:\/\/www.meromero.fr\/de\/kundendienst\/#breadcrumb","itemListElement":[{"@type":"ListItem","position":1,"name":"Home","item":"https:\/\/www.meromero.fr\/de\/"},{"@type":"ListItem","position":2,"name":"Kundendienst"}]},{"@type":"WebSite","@id":"https:\/\/www.meromero.fr\/#website","url":"https:\/\/www.meromero.fr\/","name":"MeroMero","description":"Share your adventures","publisher":{"@id":"https:\/\/www.meromero.fr\/#organization"},"potentialAction":[{"@type":"SearchAction","target":{"@type":"EntryPoint","urlTemplate":"https:\/\/www.meromero.fr\/?s={search_term_string}"},"query-input":"required name=search_term_string"}],"inLanguage":"de"},{"@type":"Organization","@id":"https:\/\/www.meromero.fr\/#organization","name":"MeroMero","url":"https:\/\/www.meromero.fr\/","logo":{"@type":"ImageObject","inLanguage":"de","@id":"https:\/\/www.meromero.fr\/#\/schema\/logo\/image\/","url":"https:\/\/www.meromero.fr\/wp-content\/uploads\/2020\/04\/logo-black.png","contentUrl":"https:\/\/www.meromero.fr\/wp-content\/uploads\/2020\/04\/logo-black.png","width":644,"height":208,"caption":"MeroMero"},"image":{"@id":"https:\/\/www.meromero.fr\/#\/schema\/logo\/image\/"}}]}},"_links":{"self":[{"href":"https:\/\/www.meromero.fr\/de\/wp-json\/wp\/v2\/pages\/19947"}],"collection":[{"href":"https:\/\/www.meromero.fr\/de\/wp-json\/wp\/v2\/pages"}],"about":[{"href":"https:\/\/www.meromero.fr\/de\/wp-json\/wp\/v2\/types\/page"}],"author":[{"embeddable":true,"href":"https:\/\/www.meromero.fr\/de\/wp-json\/wp\/v2\/users\/1"}],"replies":[{"embeddable":true,"href":"https:\/\/www.meromero.fr\/de\/wp-json\/wp\/v2\/comments?post=19947"}],"version-history":[{"count":5,"href":"https:\/\/www.meromero.fr\/de\/wp-json\/wp\/v2\/pages\/19947\/revisions"}],"predecessor-version":[{"id":20618,"href":"https:\/\/www.meromero.fr\/de\/wp-json\/wp\/v2\/pages\/19947\/revisions\/20618"}],"wp:attachment":[{"href":"https:\/\/www.meromero.fr\/de\/wp-json\/wp\/v2\/media?parent=19947"}],"curies":[{"name":"wp","href":"https:\/\/api.w.org\/{rel}","templated":true}]}}