{"id":11812,"date":"2021-12-08T07:53:23","date_gmt":"2021-12-08T06:53:23","guid":{"rendered":"https:\/\/www.meromero.fr\/eile\/"},"modified":"2023-10-16T08:51:52","modified_gmt":"2023-10-16T06:51:52","slug":"eile","status":"publish","type":"page","link":"https:\/\/www.meromero.fr\/de\/eile\/","title":{"rendered":"Eiit"},"content":{"rendered":"<div class=\"wpb-content-wrapper\"><p>[vc_row el_class=&#8221;ws-faq-row&#8221;][vc_column width=&#8221;7\/12&#8243;][vc_column_text]<\/p>\n<h2>Bist du ein Journalist?<\/h2>\n<p>[\/vc_column_text][vc_empty_space height=&#8221;10px&#8221;][vc_column_text]M\u00f6chtest du mehr \u00fcber uns erfahren, um einen Artikel zu schreiben? Ben\u00f6tigst du HD-Bilder oder Produkte zum Testen? Z\u00f6gere nicht, uns zu <a href=\"https:\/\/www.meromero.fr\/de\/kontakt\/\"><strong>kontaktieren<\/strong><\/a>.<\/p>\n<p>Es wird zuk\u00fcnftig auch eine eigene Presse-Sektion geben, wo alle Infos heruntergeladen werden k\u00f6nnen (Pressemappen und Ver\u00f6ffentlichungen, HD-Fotos usw.). Doch bis es soweit ist, schreib uns einfach direkt an und wir k\u00fcmmern uns um deine Anfrage.[\/vc_column_text][vc_empty_space][\/vc_column][vc_column width=&#8221;1\/4&#8243; offset=&#8221;vc_col-lg-offset-2 vc_col-md-offset-2 vc_col-sm-offset-2&#8243;][vc_row_inner el_class=&#8221;ws-mobile-text-center&#8221;][vc_column_inner css=&#8221;.vc_custom_1587719650175{margin-left: -15px !important;}&#8221;]<div class=\"ws-heading text-left ws-heading-dark\"><h5>Kundendienst<\/h5><\/div>[vc_empty_space height=&#8221;25px&#8221;][\/vc_column_inner][\/vc_row_inner][vc_row_inner css=&#8221;.vc_custom_1587716527124{padding-bottom: 70px !important;}&#8221;][vc_column_inner css=&#8221;.vc_custom_1587716466022{border-left-width: 2px !important;border-left-color: #cacfd5 !important;border-left-style: solid !important;}&#8221;][vc_wp_custommenu nav_menu=&#8221;387&#8243;][\/vc_column_inner][\/vc_row_inner][\/vc_column][\/vc_row]<\/p>\n<\/div>","protected":false},"excerpt":{"rendered":"<p>[vc_row el_class=&#8221;ws-faq-row&#8221;][vc_column width=&#8221;7\/12&#8243;][vc_column_text] Bist du ein Journalist? [\/vc_column_text][vc_empty_space height=&#8221;10px&#8221;][vc_column_text]M\u00f6chtest du mehr \u00fcber uns erfahren, um einen Artikel zu schreiben? Ben\u00f6tigst du HD-Bilder oder Produkte zum Testen? Z\u00f6gere nicht, uns zu kontaktieren. Es wird zuk\u00fcnftig auch eine eigene Presse-Sektion geben, wo alle Infos heruntergeladen werden k\u00f6nnen (Pressemappen und Ver\u00f6ffentlichungen, HD-Fotos usw.). Doch bis es soweit ist, [&hellip;]<\/p>\n","protected":false},"author":1,"featured_media":0,"parent":0,"menu_order":0,"comment_status":"closed","ping_status":"closed","template":"","meta":{"footnotes":""},"yoast_head":"<!-- This site is optimized with the Yoast SEO Premium plugin v22.3 (Yoast SEO v22.4) - https:\/\/yoast.com\/wordpress\/plugins\/seo\/ -->\n<title>Eiit - MeroMero<\/title>\n<meta name=\"robots\" content=\"index, follow, max-snippet:-1, max-image-preview:large, max-video-preview:-1\" \/>\n<link rel=\"canonical\" href=\"https:\/\/www.meromero.fr\/de\/eile\/\" \/>\n<meta property=\"og:locale\" content=\"de_DE\" \/>\n<meta property=\"og:type\" content=\"article\" \/>\n<meta property=\"og:title\" content=\"Eiit\" \/>\n<meta property=\"og:description\" content=\"[vc_row el_class=&#8221;ws-faq-row&#8221;][vc_column width=&#8221;7\/12&#8243;][vc_column_text] Bist du ein Journalist? [\/vc_column_text][vc_empty_space height=&#8221;10px&#8221;][vc_column_text]M\u00f6chtest du mehr \u00fcber uns erfahren, um einen Artikel zu schreiben? Ben\u00f6tigst du HD-Bilder oder Produkte zum Testen? Z\u00f6gere nicht, uns zu kontaktieren. Es wird zuk\u00fcnftig auch eine eigene Presse-Sektion geben, wo alle Infos heruntergeladen werden k\u00f6nnen (Pressemappen und Ver\u00f6ffentlichungen, HD-Fotos usw.). Doch bis es soweit ist, [&hellip;]\" \/>\n<meta property=\"og:url\" content=\"https:\/\/www.meromero.fr\/de\/eile\/\" \/>\n<meta property=\"og:site_name\" content=\"MeroMero\" \/>\n<meta property=\"article:modified_time\" content=\"2023-10-16T06:51:52+00:00\" \/>\n<meta name=\"twitter:card\" content=\"summary_large_image\" \/>\n<meta name=\"twitter:label1\" content=\"Gesch\u00e4tzte Lesezeit\" \/>\n\t<meta name=\"twitter:data1\" content=\"1\u00a0Minute\" \/>\n<script type=\"application\/ld+json\" class=\"yoast-schema-graph\">{\"@context\":\"https:\/\/schema.org\",\"@graph\":[{\"@type\":\"WebPage\",\"@id\":\"https:\/\/www.meromero.fr\/de\/eile\/\",\"url\":\"https:\/\/www.meromero.fr\/de\/eile\/\",\"name\":\"Eiit - MeroMero\",\"isPartOf\":{\"@id\":\"https:\/\/www.meromero.fr\/#website\"},\"datePublished\":\"2021-12-08T06:53:23+00:00\",\"dateModified\":\"2023-10-16T06:51:52+00:00\",\"breadcrumb\":{\"@id\":\"https:\/\/www.meromero.fr\/de\/eile\/#breadcrumb\"},\"inLanguage\":\"de\",\"potentialAction\":[{\"@type\":\"ReadAction\",\"target\":[\"https:\/\/www.meromero.fr\/de\/eile\/\"]}]},{\"@type\":\"BreadcrumbList\",\"@id\":\"https:\/\/www.meromero.fr\/de\/eile\/#breadcrumb\",\"itemListElement\":[{\"@type\":\"ListItem\",\"position\":1,\"name\":\"Home\",\"item\":\"https:\/\/www.meromero.fr\/de\/\"},{\"@type\":\"ListItem\",\"position\":2,\"name\":\"Eiit\"}]},{\"@type\":\"WebSite\",\"@id\":\"https:\/\/www.meromero.fr\/#website\",\"url\":\"https:\/\/www.meromero.fr\/\",\"name\":\"MeroMero\",\"description\":\"Share your adventures\",\"publisher\":{\"@id\":\"https:\/\/www.meromero.fr\/#organization\"},\"potentialAction\":[{\"@type\":\"SearchAction\",\"target\":{\"@type\":\"EntryPoint\",\"urlTemplate\":\"https:\/\/www.meromero.fr\/?s={search_term_string}\"},\"query-input\":\"required name=search_term_string\"}],\"inLanguage\":\"de\"},{\"@type\":\"Organization\",\"@id\":\"https:\/\/www.meromero.fr\/#organization\",\"name\":\"MeroMero\",\"url\":\"https:\/\/www.meromero.fr\/\",\"logo\":{\"@type\":\"ImageObject\",\"inLanguage\":\"de\",\"@id\":\"https:\/\/www.meromero.fr\/#\/schema\/logo\/image\/\",\"url\":\"https:\/\/www.meromero.fr\/wp-content\/uploads\/2020\/04\/logo-black.png\",\"contentUrl\":\"https:\/\/www.meromero.fr\/wp-content\/uploads\/2020\/04\/logo-black.png\",\"width\":644,\"height\":208,\"caption\":\"MeroMero\"},\"image\":{\"@id\":\"https:\/\/www.meromero.fr\/#\/schema\/logo\/image\/\"}}]}<\/script>\n<!-- \/ Yoast SEO Premium plugin. -->","yoast_head_json":{"title":"Eiit - MeroMero","robots":{"index":"index","follow":"follow","max-snippet":"max-snippet:-1","max-image-preview":"max-image-preview:large","max-video-preview":"max-video-preview:-1"},"canonical":"https:\/\/www.meromero.fr\/de\/eile\/","og_locale":"de_DE","og_type":"article","og_title":"Eiit","og_description":"[vc_row el_class=&#8221;ws-faq-row&#8221;][vc_column width=&#8221;7\/12&#8243;][vc_column_text] Bist du ein Journalist? [\/vc_column_text][vc_empty_space height=&#8221;10px&#8221;][vc_column_text]M\u00f6chtest du mehr \u00fcber uns erfahren, um einen Artikel zu schreiben? Ben\u00f6tigst du HD-Bilder oder Produkte zum Testen? Z\u00f6gere nicht, uns zu kontaktieren. Es wird zuk\u00fcnftig auch eine eigene Presse-Sektion geben, wo alle Infos heruntergeladen werden k\u00f6nnen (Pressemappen und Ver\u00f6ffentlichungen, HD-Fotos usw.). Doch bis es soweit ist, [&hellip;]","og_url":"https:\/\/www.meromero.fr\/de\/eile\/","og_site_name":"MeroMero","article_modified_time":"2023-10-16T06:51:52+00:00","twitter_card":"summary_large_image","twitter_misc":{"Gesch\u00e4tzte Lesezeit":"1\u00a0Minute"},"schema":{"@context":"https:\/\/schema.org","@graph":[{"@type":"WebPage","@id":"https:\/\/www.meromero.fr\/de\/eile\/","url":"https:\/\/www.meromero.fr\/de\/eile\/","name":"Eiit - MeroMero","isPartOf":{"@id":"https:\/\/www.meromero.fr\/#website"},"datePublished":"2021-12-08T06:53:23+00:00","dateModified":"2023-10-16T06:51:52+00:00","breadcrumb":{"@id":"https:\/\/www.meromero.fr\/de\/eile\/#breadcrumb"},"inLanguage":"de","potentialAction":[{"@type":"ReadAction","target":["https:\/\/www.meromero.fr\/de\/eile\/"]}]},{"@type":"BreadcrumbList","@id":"https:\/\/www.meromero.fr\/de\/eile\/#breadcrumb","itemListElement":[{"@type":"ListItem","position":1,"name":"Home","item":"https:\/\/www.meromero.fr\/de\/"},{"@type":"ListItem","position":2,"name":"Eiit"}]},{"@type":"WebSite","@id":"https:\/\/www.meromero.fr\/#website","url":"https:\/\/www.meromero.fr\/","name":"MeroMero","description":"Share your adventures","publisher":{"@id":"https:\/\/www.meromero.fr\/#organization"},"potentialAction":[{"@type":"SearchAction","target":{"@type":"EntryPoint","urlTemplate":"https:\/\/www.meromero.fr\/?s={search_term_string}"},"query-input":"required name=search_term_string"}],"inLanguage":"de"},{"@type":"Organization","@id":"https:\/\/www.meromero.fr\/#organization","name":"MeroMero","url":"https:\/\/www.meromero.fr\/","logo":{"@type":"ImageObject","inLanguage":"de","@id":"https:\/\/www.meromero.fr\/#\/schema\/logo\/image\/","url":"https:\/\/www.meromero.fr\/wp-content\/uploads\/2020\/04\/logo-black.png","contentUrl":"https:\/\/www.meromero.fr\/wp-content\/uploads\/2020\/04\/logo-black.png","width":644,"height":208,"caption":"MeroMero"},"image":{"@id":"https:\/\/www.meromero.fr\/#\/schema\/logo\/image\/"}}]}},"_links":{"self":[{"href":"https:\/\/www.meromero.fr\/de\/wp-json\/wp\/v2\/pages\/11812"}],"collection":[{"href":"https:\/\/www.meromero.fr\/de\/wp-json\/wp\/v2\/pages"}],"about":[{"href":"https:\/\/www.meromero.fr\/de\/wp-json\/wp\/v2\/types\/page"}],"author":[{"embeddable":true,"href":"https:\/\/www.meromero.fr\/de\/wp-json\/wp\/v2\/users\/1"}],"replies":[{"embeddable":true,"href":"https:\/\/www.meromero.fr\/de\/wp-json\/wp\/v2\/comments?post=11812"}],"version-history":[{"count":3,"href":"https:\/\/www.meromero.fr\/de\/wp-json\/wp\/v2\/pages\/11812\/revisions"}],"predecessor-version":[{"id":20564,"href":"https:\/\/www.meromero.fr\/de\/wp-json\/wp\/v2\/pages\/11812\/revisions\/20564"}],"wp:attachment":[{"href":"https:\/\/www.meromero.fr\/de\/wp-json\/wp\/v2\/media?parent=11812"}],"curies":[{"name":"wp","href":"https:\/\/api.w.org\/{rel}","templated":true}]}}