{"id":11795,"date":"2021-12-08T06:58:07","date_gmt":"2021-12-08T05:58:07","guid":{"rendered":"https:\/\/www.meromero.fr\/werden-sie-wiederverkaeufer\/"},"modified":"2023-10-16T09:01:45","modified_gmt":"2023-10-16T07:01:45","slug":"werde-haendler","status":"publish","type":"page","link":"https:\/\/www.meromero.fr\/de\/werde-haendler\/","title":{"rendered":"Werde H\u00e4ndler"},"content":{"rendered":"<div class=\"wpb-content-wrapper\"><p>[vc_row el_class=&#8221;ws-faq-row&#8221;][vc_column width=&#8221;7\/12&#8243;][vc_column_text]<\/p>\n<h3>Werde H\u00e4ndler oder Distributor.<\/h3>\n<p>[\/vc_column_text][vc_empty_space height=&#8221;10px&#8221;][vc_column_text]Magst du kleine unabh\u00e4ngige (franz\u00f6sische ;-)) Marken, sch\u00f6ne Produkte und umweltbewusste Ans\u00e4tze? Bist du Spezialisiert im Bereich Outdoor, Boardsport, Radfahren, Lifestyle und \/ oder Kinder? Befindest du dich in Frankreich, der Schweiz, Deutschland, \u00d6sterreich, den Benelux-L\u00e4ndern, den skandinavischen L\u00e4ndern, Italien oder Spanien und warum nicht in Japan oder Neuseeland? Bist du bereit, nicht dasselbe wie alle anderen zu verkaufen? Magst du langfristige Partnerschaften?<\/p>\n<p>Ja!?! Dann m\u00fcssen wir zusammenarbeiten! <a href=\"https:\/\/www.meromero.fr\/de\/kontakt\/\"><strong>Kontaktiere uns<\/strong><\/a>, um eine m\u00f6gliche Zusammenarbeit zu diskutieren. Wenn du dich in Frankreich befindest wende dich direkt an unsere Vertreter Delphine und Fabrice unter <a href=\"mailto:contact@onetooneparis.com\" target=\"_blank\" rel=\"noopener noreferrer\">contact@onetooneparis.com<\/a>.<\/p>\n<p>Unsere <strong><a href=\"https:\/\/www.meromero.fr\/de\/wiederverkaeufer\/\">MeroMero H\u00e4ndler.<\/a><\/strong>[\/vc_column_text][vc_empty_space][\/vc_column][vc_column width=&#8221;1\/4&#8243; offset=&#8221;vc_col-lg-offset-2 vc_col-md-offset-2 vc_col-sm-offset-2&#8243;][vc_row_inner el_class=&#8221;ws-mobile-text-center&#8221;][vc_column_inner css=&#8221;.vc_custom_1587719650175{margin-left: -15px !important;}&#8221;]<div class=\"ws-heading text-left ws-heading-dark\"><h5>Kundendienst<\/h5><\/div>[vc_empty_space height=&#8221;25px&#8221;][\/vc_column_inner][\/vc_row_inner][vc_row_inner css=&#8221;.vc_custom_1587716527124{padding-bottom: 70px !important;}&#8221;][vc_column_inner css=&#8221;.vc_custom_1587716466022{border-left-width: 2px !important;border-left-color: #cacfd5 !important;border-left-style: solid !important;}&#8221;][vc_wp_custommenu nav_menu=&#8221;391&#8243;][\/vc_column_inner][\/vc_row_inner][\/vc_column][\/vc_row]<\/p>\n<\/div>","protected":false},"excerpt":{"rendered":"<p>[vc_row el_class=&#8221;ws-faq-row&#8221;][vc_column width=&#8221;7\/12&#8243;][vc_column_text] Werde H\u00e4ndler oder Distributor. [\/vc_column_text][vc_empty_space height=&#8221;10px&#8221;][vc_column_text]Magst du kleine unabh\u00e4ngige (franz\u00f6sische ;-)) Marken, sch\u00f6ne Produkte und umweltbewusste Ans\u00e4tze? Bist du Spezialisiert im Bereich Outdoor, Boardsport, Radfahren, Lifestyle und \/ oder Kinder? Befindest du dich in Frankreich, der Schweiz, Deutschland, \u00d6sterreich, den Benelux-L\u00e4ndern, den skandinavischen L\u00e4ndern, Italien oder Spanien und warum nicht in Japan [&hellip;]<\/p>\n","protected":false},"author":1,"featured_media":0,"parent":0,"menu_order":0,"comment_status":"closed","ping_status":"closed","template":"","meta":{"footnotes":""},"yoast_head":"<!-- This site is optimized with the Yoast SEO Premium plugin v22.3 (Yoast SEO v22.4) - https:\/\/yoast.com\/wordpress\/plugins\/seo\/ -->\n<title>Werden Sie Wiederverk\u00e4ufer und teilen Sie unsere Werte - MeroMero<\/title>\n<meta name=\"description\" content=\"Sie m\u00f6gen kleine, engagierte, unabh\u00e4ngige und franz\u00f6sische Marken, sch\u00f6ne umweltbewusste Produkte: Dann werden Sie Wiederverk\u00e4ufer.\" \/>\n<meta name=\"robots\" content=\"index, follow, max-snippet:-1, max-image-preview:large, max-video-preview:-1\" \/>\n<link rel=\"canonical\" href=\"https:\/\/www.meromero.fr\/de\/werde-haendler\/\" \/>\n<meta property=\"og:locale\" content=\"de_DE\" \/>\n<meta property=\"og:type\" content=\"article\" \/>\n<meta property=\"og:title\" content=\"Werde H\u00e4ndler\" \/>\n<meta property=\"og:description\" content=\"Sie m\u00f6gen kleine, engagierte, unabh\u00e4ngige und franz\u00f6sische Marken, sch\u00f6ne umweltbewusste Produkte: Dann werden Sie Wiederverk\u00e4ufer.\" \/>\n<meta property=\"og:url\" content=\"https:\/\/www.meromero.fr\/de\/werde-haendler\/\" \/>\n<meta property=\"og:site_name\" content=\"MeroMero\" \/>\n<meta property=\"article:modified_time\" content=\"2023-10-16T07:01:45+00:00\" \/>\n<meta name=\"twitter:card\" content=\"summary_large_image\" \/>\n<meta name=\"twitter:label1\" content=\"Gesch\u00e4tzte Lesezeit\" \/>\n\t<meta name=\"twitter:data1\" content=\"1\u00a0Minute\" \/>\n<script type=\"application\/ld+json\" class=\"yoast-schema-graph\">{\"@context\":\"https:\/\/schema.org\",\"@graph\":[{\"@type\":\"WebPage\",\"@id\":\"https:\/\/www.meromero.fr\/de\/werde-haendler\/\",\"url\":\"https:\/\/www.meromero.fr\/de\/werde-haendler\/\",\"name\":\"Werden Sie Wiederverk\u00e4ufer und teilen Sie unsere Werte - MeroMero\",\"isPartOf\":{\"@id\":\"https:\/\/www.meromero.fr\/#website\"},\"datePublished\":\"2021-12-08T05:58:07+00:00\",\"dateModified\":\"2023-10-16T07:01:45+00:00\",\"description\":\"Sie m\u00f6gen kleine, engagierte, unabh\u00e4ngige und franz\u00f6sische Marken, sch\u00f6ne umweltbewusste Produkte: Dann werden Sie Wiederverk\u00e4ufer.\",\"breadcrumb\":{\"@id\":\"https:\/\/www.meromero.fr\/de\/werde-haendler\/#breadcrumb\"},\"inLanguage\":\"de\",\"potentialAction\":[{\"@type\":\"ReadAction\",\"target\":[\"https:\/\/www.meromero.fr\/de\/werde-haendler\/\"]}]},{\"@type\":\"BreadcrumbList\",\"@id\":\"https:\/\/www.meromero.fr\/de\/werde-haendler\/#breadcrumb\",\"itemListElement\":[{\"@type\":\"ListItem\",\"position\":1,\"name\":\"Home\",\"item\":\"https:\/\/www.meromero.fr\/de\/\"},{\"@type\":\"ListItem\",\"position\":2,\"name\":\"Werde H\u00e4ndler\"}]},{\"@type\":\"WebSite\",\"@id\":\"https:\/\/www.meromero.fr\/#website\",\"url\":\"https:\/\/www.meromero.fr\/\",\"name\":\"MeroMero\",\"description\":\"Share your adventures\",\"publisher\":{\"@id\":\"https:\/\/www.meromero.fr\/#organization\"},\"potentialAction\":[{\"@type\":\"SearchAction\",\"target\":{\"@type\":\"EntryPoint\",\"urlTemplate\":\"https:\/\/www.meromero.fr\/?s={search_term_string}\"},\"query-input\":\"required name=search_term_string\"}],\"inLanguage\":\"de\"},{\"@type\":\"Organization\",\"@id\":\"https:\/\/www.meromero.fr\/#organization\",\"name\":\"MeroMero\",\"url\":\"https:\/\/www.meromero.fr\/\",\"logo\":{\"@type\":\"ImageObject\",\"inLanguage\":\"de\",\"@id\":\"https:\/\/www.meromero.fr\/#\/schema\/logo\/image\/\",\"url\":\"https:\/\/www.meromero.fr\/wp-content\/uploads\/2020\/04\/logo-black.png\",\"contentUrl\":\"https:\/\/www.meromero.fr\/wp-content\/uploads\/2020\/04\/logo-black.png\",\"width\":644,\"height\":208,\"caption\":\"MeroMero\"},\"image\":{\"@id\":\"https:\/\/www.meromero.fr\/#\/schema\/logo\/image\/\"}}]}<\/script>\n<!-- \/ Yoast SEO Premium plugin. -->","yoast_head_json":{"title":"Werden Sie Wiederverk\u00e4ufer und teilen Sie unsere Werte - MeroMero","description":"Sie m\u00f6gen kleine, engagierte, unabh\u00e4ngige und franz\u00f6sische Marken, sch\u00f6ne umweltbewusste Produkte: Dann werden Sie Wiederverk\u00e4ufer.","robots":{"index":"index","follow":"follow","max-snippet":"max-snippet:-1","max-image-preview":"max-image-preview:large","max-video-preview":"max-video-preview:-1"},"canonical":"https:\/\/www.meromero.fr\/de\/werde-haendler\/","og_locale":"de_DE","og_type":"article","og_title":"Werde H\u00e4ndler","og_description":"Sie m\u00f6gen kleine, engagierte, unabh\u00e4ngige und franz\u00f6sische Marken, sch\u00f6ne umweltbewusste Produkte: Dann werden Sie Wiederverk\u00e4ufer.","og_url":"https:\/\/www.meromero.fr\/de\/werde-haendler\/","og_site_name":"MeroMero","article_modified_time":"2023-10-16T07:01:45+00:00","twitter_card":"summary_large_image","twitter_misc":{"Gesch\u00e4tzte Lesezeit":"1\u00a0Minute"},"schema":{"@context":"https:\/\/schema.org","@graph":[{"@type":"WebPage","@id":"https:\/\/www.meromero.fr\/de\/werde-haendler\/","url":"https:\/\/www.meromero.fr\/de\/werde-haendler\/","name":"Werden Sie Wiederverk\u00e4ufer und teilen Sie unsere Werte - MeroMero","isPartOf":{"@id":"https:\/\/www.meromero.fr\/#website"},"datePublished":"2021-12-08T05:58:07+00:00","dateModified":"2023-10-16T07:01:45+00:00","description":"Sie m\u00f6gen kleine, engagierte, unabh\u00e4ngige und franz\u00f6sische Marken, sch\u00f6ne umweltbewusste Produkte: Dann werden Sie Wiederverk\u00e4ufer.","breadcrumb":{"@id":"https:\/\/www.meromero.fr\/de\/werde-haendler\/#breadcrumb"},"inLanguage":"de","potentialAction":[{"@type":"ReadAction","target":["https:\/\/www.meromero.fr\/de\/werde-haendler\/"]}]},{"@type":"BreadcrumbList","@id":"https:\/\/www.meromero.fr\/de\/werde-haendler\/#breadcrumb","itemListElement":[{"@type":"ListItem","position":1,"name":"Home","item":"https:\/\/www.meromero.fr\/de\/"},{"@type":"ListItem","position":2,"name":"Werde H\u00e4ndler"}]},{"@type":"WebSite","@id":"https:\/\/www.meromero.fr\/#website","url":"https:\/\/www.meromero.fr\/","name":"MeroMero","description":"Share your adventures","publisher":{"@id":"https:\/\/www.meromero.fr\/#organization"},"potentialAction":[{"@type":"SearchAction","target":{"@type":"EntryPoint","urlTemplate":"https:\/\/www.meromero.fr\/?s={search_term_string}"},"query-input":"required name=search_term_string"}],"inLanguage":"de"},{"@type":"Organization","@id":"https:\/\/www.meromero.fr\/#organization","name":"MeroMero","url":"https:\/\/www.meromero.fr\/","logo":{"@type":"ImageObject","inLanguage":"de","@id":"https:\/\/www.meromero.fr\/#\/schema\/logo\/image\/","url":"https:\/\/www.meromero.fr\/wp-content\/uploads\/2020\/04\/logo-black.png","contentUrl":"https:\/\/www.meromero.fr\/wp-content\/uploads\/2020\/04\/logo-black.png","width":644,"height":208,"caption":"MeroMero"},"image":{"@id":"https:\/\/www.meromero.fr\/#\/schema\/logo\/image\/"}}]}},"_links":{"self":[{"href":"https:\/\/www.meromero.fr\/de\/wp-json\/wp\/v2\/pages\/11795"}],"collection":[{"href":"https:\/\/www.meromero.fr\/de\/wp-json\/wp\/v2\/pages"}],"about":[{"href":"https:\/\/www.meromero.fr\/de\/wp-json\/wp\/v2\/types\/page"}],"author":[{"embeddable":true,"href":"https:\/\/www.meromero.fr\/de\/wp-json\/wp\/v2\/users\/1"}],"replies":[{"embeddable":true,"href":"https:\/\/www.meromero.fr\/de\/wp-json\/wp\/v2\/comments?post=11795"}],"version-history":[{"count":1,"href":"https:\/\/www.meromero.fr\/de\/wp-json\/wp\/v2\/pages\/11795\/revisions"}],"predecessor-version":[{"id":20578,"href":"https:\/\/www.meromero.fr\/de\/wp-json\/wp\/v2\/pages\/11795\/revisions\/20578"}],"wp:attachment":[{"href":"https:\/\/www.meromero.fr\/de\/wp-json\/wp\/v2\/media?parent=11795"}],"curies":[{"name":"wp","href":"https:\/\/api.w.org\/{rel}","templated":true}]}}