{"id":11789,"date":"2021-12-08T06:38:52","date_gmt":"2021-12-08T05:38:52","guid":{"rendered":"https:\/\/www.meromero.fr\/impressum\/"},"modified":"2023-10-16T08:56:03","modified_gmt":"2023-10-16T06:56:03","slug":"impressum","status":"publish","type":"page","link":"https:\/\/www.meromero.fr\/de\/impressum\/","title":{"rendered":"Impressum"},"content":{"rendered":"<div class=\"wpb-content-wrapper\"><p>[vc_row el_class=&#8221;ws-faq-row&#8221;][vc_column width=&#8221;7\/12&#8243;][vc_column_text]<\/p>\n<h2><strong>Site-Editor.<\/strong><\/h2>\n<p>[\/vc_column_text][vc_empty_space height=&#8221;10px&#8221;][vc_column_text]Die Website www.meromero.fr geh\u00f6rt der vereinfachten Aktiengesellschaft OUTDOOR KIDS mit einem Kapital von 15000 \u20ac und ist beim RCS of Annecy registriert.<\/p>\n<p>Adresse: 5 av du Parmelan 74000 Annecy (Frankreich).<br \/>\nSIRET: 821 696 721 00017<br \/>\nGemeinschaftsinterne Umsatzsteuer-Identifikationsnummer: FR 75 821696721<br \/>\nE-Mail: hallo (at) meromero.fr<br \/>\nVerantwortlich f\u00fcr die Ver\u00f6ffentlichung: H\u00e9l\u00e8ne Allera-Marie (hallo (at) meromero.fr)<\/p>\n<p><strong>Kontaktdaten des Gastgebers<br \/>\n<\/strong>: Infomaniak Network SA<br \/>\nRue Eug\u00e8ne Marziano 25<br \/>\n1227 Les Acacias (GE)<br \/>\nRegistre du commerce du canton de Gen\u00e8ve : CH-660.0.059.996-1<br \/>\nNum\u00e9ro IDE : CHE-103.167.648<br \/>\nNum\u00e9ro TVA : CHE-103.167.648[\/vc_column_text][vc_empty_space][vc_column_text]<\/p>\n<h2><strong>Design.<\/strong><\/h2>\n<p>[\/vc_column_text][vc_empty_space height=&#8221;10px&#8221;][vc_column_text]Cr\u00e9ative Altitude<br \/>\nSIRET: 53861445400022<br \/>\nWeb: <a href=\"https:\/\/www.creative-altitude.com\/\" target=\"_blank\" rel=\"noopener noreferrer\"><strong>www.creative-altitude.com<\/strong><\/a>[\/vc_column_text][vc_empty_space][vc_column_text]<\/p>\n<h2><strong>Credits.<\/strong><\/h2>\n<p>[\/vc_column_text][vc_empty_space height=&#8221;10px&#8221;][vc_column_text]Die Fotos, Texte, Logos, Piktogramme sowie alle in die Website integrierten Arbeiten sind Eigentum der Firma Outdoor Kids oder Dritter, die sie zur Verwendung autorisiert haben.<\/p>\n<p>Vervielf\u00e4ltigungen, \u00dcbertragungen, \u00c4nderungen, Wiederverwendungen des Internetportals und der darin wiedergegebenen Werke auf Papier oder Computermedium sind gestattet, sofern sie den Bestimmungen von Artikel L 122-5 des franz\u00f6sischen Kodex von entsprechen Geistiges Eigentum. Diese Reproduktionen m\u00fcssen ganz oder teilweise insbesondere den Namen des Autors und die Quelle der Website deutlich angeben.<\/p>\n<p>\u00a9 MEROMERO[\/vc_column_text][vc_empty_space][\/vc_column][vc_column width=&#8221;1\/4&#8243; offset=&#8221;vc_col-lg-offset-2 vc_col-md-offset-2 vc_col-sm-offset-2&#8243;][vc_row_inner el_class=&#8221;ws-mobile-text-center&#8221;][vc_column_inner css=&#8221;.vc_custom_1587719650175{margin-left: -15px !important;}&#8221;]<div class=\"ws-heading text-left ws-heading-dark\"><h5>Kundendienst<\/h5><\/div>[vc_empty_space height=&#8221;25px&#8221;][\/vc_column_inner][\/vc_row_inner][vc_row_inner css=&#8221;.vc_custom_1587716527124{padding-bottom: 70px !important;}&#8221;][vc_column_inner css=&#8221;.vc_custom_1587716466022{border-left-width: 2px !important;border-left-color: #cacfd5 !important;border-left-style: solid !important;}&#8221;][vc_wp_custommenu nav_menu=&#8221;391&#8243;][\/vc_column_inner][\/vc_row_inner][\/vc_column][\/vc_row]<\/p>\n<\/div>","protected":false},"excerpt":{"rendered":"<p>[vc_row el_class=&#8221;ws-faq-row&#8221;][vc_column width=&#8221;7\/12&#8243;][vc_column_text] Site-Editor. [\/vc_column_text][vc_empty_space height=&#8221;10px&#8221;][vc_column_text]Die Website www.meromero.fr geh\u00f6rt der vereinfachten Aktiengesellschaft OUTDOOR KIDS mit einem Kapital von 15000 \u20ac und ist beim RCS of Annecy registriert. Adresse: 5 av du Parmelan 74000 Annecy (Frankreich). SIRET: 821 696 721 00017 Gemeinschaftsinterne Umsatzsteuer-Identifikationsnummer: FR 75 821696721 E-Mail: hallo (at) meromero.fr Verantwortlich f\u00fcr die Ver\u00f6ffentlichung: H\u00e9l\u00e8ne Allera-Marie [&hellip;]<\/p>\n","protected":false},"author":1,"featured_media":0,"parent":0,"menu_order":0,"comment_status":"closed","ping_status":"open","template":"","meta":{"footnotes":""},"yoast_head":"<!-- This site is optimized with the Yoast SEO Premium plugin v22.3 (Yoast SEO v22.4) - https:\/\/yoast.com\/wordpress\/plugins\/seo\/ -->\n<title>Impressum: Herausgeber, Gestaltung und Credits - MeroMero<\/title>\n<meta name=\"description\" content=\"MeroMero ist eine von SAS Outdoor Kids eingetragene franz\u00f6sische Marke. Standortentwicklung: Cr\u00e9ative Altitude. Hosting in Frankreich: O2 Switch.\" \/>\n<meta name=\"robots\" content=\"index, follow, max-snippet:-1, max-image-preview:large, max-video-preview:-1\" \/>\n<link rel=\"canonical\" href=\"https:\/\/www.meromero.fr\/de\/impressum\/\" \/>\n<meta property=\"og:locale\" content=\"de_DE\" \/>\n<meta property=\"og:type\" content=\"article\" \/>\n<meta property=\"og:title\" content=\"Impressum\" \/>\n<meta property=\"og:description\" content=\"MeroMero ist eine von SAS Outdoor Kids eingetragene franz\u00f6sische Marke. Standortentwicklung: Cr\u00e9ative Altitude. Hosting in Frankreich: O2 Switch.\" \/>\n<meta property=\"og:url\" content=\"https:\/\/www.meromero.fr\/de\/impressum\/\" \/>\n<meta property=\"og:site_name\" content=\"MeroMero\" \/>\n<meta property=\"article:modified_time\" content=\"2023-10-16T06:56:03+00:00\" \/>\n<meta name=\"twitter:card\" content=\"summary_large_image\" \/>\n<meta name=\"twitter:label1\" content=\"Gesch\u00e4tzte Lesezeit\" \/>\n\t<meta name=\"twitter:data1\" content=\"2\u00a0Minuten\" \/>\n<script type=\"application\/ld+json\" class=\"yoast-schema-graph\">{\"@context\":\"https:\/\/schema.org\",\"@graph\":[{\"@type\":\"WebPage\",\"@id\":\"https:\/\/www.meromero.fr\/de\/impressum\/\",\"url\":\"https:\/\/www.meromero.fr\/de\/impressum\/\",\"name\":\"Impressum: Herausgeber, Gestaltung und Credits - MeroMero\",\"isPartOf\":{\"@id\":\"https:\/\/www.meromero.fr\/#website\"},\"datePublished\":\"2021-12-08T05:38:52+00:00\",\"dateModified\":\"2023-10-16T06:56:03+00:00\",\"description\":\"MeroMero ist eine von SAS Outdoor Kids eingetragene franz\u00f6sische Marke. Standortentwicklung: Cr\u00e9ative Altitude. Hosting in Frankreich: O2 Switch.\",\"breadcrumb\":{\"@id\":\"https:\/\/www.meromero.fr\/de\/impressum\/#breadcrumb\"},\"inLanguage\":\"de\",\"potentialAction\":[{\"@type\":\"ReadAction\",\"target\":[\"https:\/\/www.meromero.fr\/de\/impressum\/\"]}]},{\"@type\":\"BreadcrumbList\",\"@id\":\"https:\/\/www.meromero.fr\/de\/impressum\/#breadcrumb\",\"itemListElement\":[{\"@type\":\"ListItem\",\"position\":1,\"name\":\"Home\",\"item\":\"https:\/\/www.meromero.fr\/de\/\"},{\"@type\":\"ListItem\",\"position\":2,\"name\":\"Impressum\"}]},{\"@type\":\"WebSite\",\"@id\":\"https:\/\/www.meromero.fr\/#website\",\"url\":\"https:\/\/www.meromero.fr\/\",\"name\":\"MeroMero\",\"description\":\"Share your adventures\",\"publisher\":{\"@id\":\"https:\/\/www.meromero.fr\/#organization\"},\"potentialAction\":[{\"@type\":\"SearchAction\",\"target\":{\"@type\":\"EntryPoint\",\"urlTemplate\":\"https:\/\/www.meromero.fr\/?s={search_term_string}\"},\"query-input\":\"required name=search_term_string\"}],\"inLanguage\":\"de\"},{\"@type\":\"Organization\",\"@id\":\"https:\/\/www.meromero.fr\/#organization\",\"name\":\"MeroMero\",\"url\":\"https:\/\/www.meromero.fr\/\",\"logo\":{\"@type\":\"ImageObject\",\"inLanguage\":\"de\",\"@id\":\"https:\/\/www.meromero.fr\/#\/schema\/logo\/image\/\",\"url\":\"https:\/\/www.meromero.fr\/wp-content\/uploads\/2020\/04\/logo-black.png\",\"contentUrl\":\"https:\/\/www.meromero.fr\/wp-content\/uploads\/2020\/04\/logo-black.png\",\"width\":644,\"height\":208,\"caption\":\"MeroMero\"},\"image\":{\"@id\":\"https:\/\/www.meromero.fr\/#\/schema\/logo\/image\/\"}}]}<\/script>\n<!-- \/ Yoast SEO Premium plugin. -->","yoast_head_json":{"title":"Impressum: Herausgeber, Gestaltung und Credits - MeroMero","description":"MeroMero ist eine von SAS Outdoor Kids eingetragene franz\u00f6sische Marke. Standortentwicklung: Cr\u00e9ative Altitude. Hosting in Frankreich: O2 Switch.","robots":{"index":"index","follow":"follow","max-snippet":"max-snippet:-1","max-image-preview":"max-image-preview:large","max-video-preview":"max-video-preview:-1"},"canonical":"https:\/\/www.meromero.fr\/de\/impressum\/","og_locale":"de_DE","og_type":"article","og_title":"Impressum","og_description":"MeroMero ist eine von SAS Outdoor Kids eingetragene franz\u00f6sische Marke. Standortentwicklung: Cr\u00e9ative Altitude. Hosting in Frankreich: O2 Switch.","og_url":"https:\/\/www.meromero.fr\/de\/impressum\/","og_site_name":"MeroMero","article_modified_time":"2023-10-16T06:56:03+00:00","twitter_card":"summary_large_image","twitter_misc":{"Gesch\u00e4tzte Lesezeit":"2\u00a0Minuten"},"schema":{"@context":"https:\/\/schema.org","@graph":[{"@type":"WebPage","@id":"https:\/\/www.meromero.fr\/de\/impressum\/","url":"https:\/\/www.meromero.fr\/de\/impressum\/","name":"Impressum: Herausgeber, Gestaltung und Credits - MeroMero","isPartOf":{"@id":"https:\/\/www.meromero.fr\/#website"},"datePublished":"2021-12-08T05:38:52+00:00","dateModified":"2023-10-16T06:56:03+00:00","description":"MeroMero ist eine von SAS Outdoor Kids eingetragene franz\u00f6sische Marke. Standortentwicklung: Cr\u00e9ative Altitude. Hosting in Frankreich: O2 Switch.","breadcrumb":{"@id":"https:\/\/www.meromero.fr\/de\/impressum\/#breadcrumb"},"inLanguage":"de","potentialAction":[{"@type":"ReadAction","target":["https:\/\/www.meromero.fr\/de\/impressum\/"]}]},{"@type":"BreadcrumbList","@id":"https:\/\/www.meromero.fr\/de\/impressum\/#breadcrumb","itemListElement":[{"@type":"ListItem","position":1,"name":"Home","item":"https:\/\/www.meromero.fr\/de\/"},{"@type":"ListItem","position":2,"name":"Impressum"}]},{"@type":"WebSite","@id":"https:\/\/www.meromero.fr\/#website","url":"https:\/\/www.meromero.fr\/","name":"MeroMero","description":"Share your adventures","publisher":{"@id":"https:\/\/www.meromero.fr\/#organization"},"potentialAction":[{"@type":"SearchAction","target":{"@type":"EntryPoint","urlTemplate":"https:\/\/www.meromero.fr\/?s={search_term_string}"},"query-input":"required name=search_term_string"}],"inLanguage":"de"},{"@type":"Organization","@id":"https:\/\/www.meromero.fr\/#organization","name":"MeroMero","url":"https:\/\/www.meromero.fr\/","logo":{"@type":"ImageObject","inLanguage":"de","@id":"https:\/\/www.meromero.fr\/#\/schema\/logo\/image\/","url":"https:\/\/www.meromero.fr\/wp-content\/uploads\/2020\/04\/logo-black.png","contentUrl":"https:\/\/www.meromero.fr\/wp-content\/uploads\/2020\/04\/logo-black.png","width":644,"height":208,"caption":"MeroMero"},"image":{"@id":"https:\/\/www.meromero.fr\/#\/schema\/logo\/image\/"}}]}},"_links":{"self":[{"href":"https:\/\/www.meromero.fr\/de\/wp-json\/wp\/v2\/pages\/11789"}],"collection":[{"href":"https:\/\/www.meromero.fr\/de\/wp-json\/wp\/v2\/pages"}],"about":[{"href":"https:\/\/www.meromero.fr\/de\/wp-json\/wp\/v2\/types\/page"}],"author":[{"embeddable":true,"href":"https:\/\/www.meromero.fr\/de\/wp-json\/wp\/v2\/users\/1"}],"replies":[{"embeddable":true,"href":"https:\/\/www.meromero.fr\/de\/wp-json\/wp\/v2\/comments?post=11789"}],"version-history":[{"count":2,"href":"https:\/\/www.meromero.fr\/de\/wp-json\/wp\/v2\/pages\/11789\/revisions"}],"predecessor-version":[{"id":20571,"href":"https:\/\/www.meromero.fr\/de\/wp-json\/wp\/v2\/pages\/11789\/revisions\/20571"}],"wp:attachment":[{"href":"https:\/\/www.meromero.fr\/de\/wp-json\/wp\/v2\/media?parent=11789"}],"curies":[{"name":"wp","href":"https:\/\/api.w.org\/{rel}","templated":true}]}}