{"id":11640,"date":"2021-12-03T13:22:08","date_gmt":"2021-12-03T12:22:08","guid":{"rendered":"https:\/\/www.meromero.fr\/datenschutz-cookies\/"},"modified":"2023-10-16T09:01:54","modified_gmt":"2023-10-16T07:01:54","slug":"datenschutz-cookies","status":"publish","type":"page","link":"https:\/\/www.meromero.fr\/de\/datenschutz-cookies\/","title":{"rendered":"Datenschutz &amp; Cookies"},"content":{"rendered":"<div class=\"wpb-content-wrapper\"><p>[vc_row el_class=&#8221;ws-faq-row&#8221;][vc_column width=&#8221;7\/12&#8243;][vc_column_text]<\/p>\n<h2>Deine Pers\u00f6nlichen Details.<\/h2>\n<p>[\/vc_column_text][vc_empty_space height=&#8221;10px&#8221;][vc_column_text]In Anwendung des Gesetzes Nr. 2004-801 vom 6. August 2004 \u00fcber den Schutz personenbezogener Daten und die \u00c4nderung des Gesetzes Nr. 78-17 vom 6. Januar 1978 \u00fcber die Datenverarbeitung, Dateien und Freiheiten hat der Kunde wird dar\u00fcber informiert, dass die von ihm bei der Bestellung eingegebenen personenbezogenen Daten f\u00fcr die Verwaltung seiner Bestellung einer automatisierten Verarbeitung unterliegen. Die Aufbewahrungsfrist f\u00fcr Daten im Zusammenhang mit get\u00e4tigten Transaktionen betr\u00e4gt 3 Jahre.<\/p>\n<p>Diese Daten k\u00f6nnen auch verwendet werden, um den Kunden insbesondere per E-Mail \u00fcber neue kommerzielle Angebote auf der Website zu informieren. Hierzu muss der Kunde bei der Eingabe der ihn betreffenden Informationen oder \u00fcber die auf der Website zug\u00e4nglichen Kontaktformulare die Wahl treffen. Der Kunde, der sich f\u00fcr dieses Follow-up entschieden hat, kann diese Auswahl jederzeit frei \u00e4ndern, indem er eine Anfrage an Outdoor Kids SAS unter der Postanschrift stellt: MeroMero \/ Ourdoor Kids SAS, 5 av du Parmelan 74000 Annecy &#8211; Frankreich oder im E-Mail-Adresse: Hallo[at]meromero.fr.<\/p>\n<p>Der Kunde wird auch dar\u00fcber informiert, dass die Nichteingabe der w\u00e4hrend des Bestellvorgangs angeforderten obligatorischen personenbezogenen Daten den erfolgreichen Abschluss verhindert. Obligatorische Daten sind solche, f\u00fcr die das Eingabefeld mit einem Sternchen markiert ist.<\/p>\n<p>Der Kunde wird auch dar\u00fcber informiert, dass er ein Recht auf Zugang und Berichtigung der ihn betreffenden personenbezogenen Daten hat, die er aus\u00fcben kann, indem er an die Postanschrift schreibt: MeroMero \/ Ourdoor Kids SAS, 5 av du Parmelan 74000 Annecy &#8211; Frankreich oder an die elektronische Adresse: hallo [at] meromero.fr.[\/vc_column_text][vc_empty_space][vc_column_text]<\/p>\n<h2>Welche Informationen sammeln wir?<\/h2>\n<p>[\/vc_column_text][vc_empty_space height=&#8221;10px&#8221;][vc_column_text]Nach einer Informationsanfrage oder einer Kontaktnachricht auf unserer Website www.meromero.fr haben Sie uns Informationen \u00fcber sich selbst zur Verf\u00fcgung gestellt:<\/p>\n<p>Pers\u00f6nliche Informationen:<\/p>\n<ul>\n<li>Name, Vorname, H\u00f6flichkeit<\/li>\n<li>Kontaktdaten (E-Mail-Adresse, Telefonnummern)<\/li>\n<\/ul>\n<p>Browsing-Informationen (anonym):<\/p>\n<ul>\n<li>Art des verwendeten Browsers<\/li>\n<li>Art des verwendeten<\/li>\n<li>Ger\u00e4ts Seiten<\/li>\n<li>besucht Betriebssystem<\/li>\n<li>IP-Adresse<\/li>\n<li>Verhalten (Klicks, Sitzungsdauer usw.)<\/li>\n<\/ul>\n<p>Diese Informationen werden haupts\u00e4chlich anonym \u00fcber Google Analytics gesammelt und verwendet.[\/vc_column_text][vc_empty_space][vc_column_text]<\/p>\n<h2>Wof\u00fcr sind diese Daten?<\/h2>\n<p>[\/vc_column_text][vc_empty_space height=&#8221;10px&#8221;][vc_column_text]Wir verarbeiten oder verwenden Ihre Daten nicht f\u00fcr kommerzielle Zwecke, sondern nur zur Bearbeitung Ihrer Bestellungen und zur Gew\u00e4hrleistung des ordnungsgem\u00e4\u00dfen Funktionierens unseres Dienstes f\u00fcr Sie. Es werden keine Daten an Dritte \u00fcbertragen.<\/p>\n<p>Ihre E-Mail-Adresse erm\u00f6glicht es uns, Sie schneller zu kontaktieren und Ihnen unseren Newsletter zu senden, wenn Sie dem Empfang zugestimmt haben.<br \/>\nDie Navigationsinformationen erm\u00f6glichen es uns, die allgemeine Navigation unserer Website anonym zu verbessern.[\/vc_column_text][vc_empty_space][vc_column_text]<\/p>\n<h2>Was sind deine Rechte?<\/h2>\n<p>[\/vc_column_text][vc_empty_space height=&#8221;10px&#8221;][vc_column_text]<\/p>\n<ul>\n<li>Recht auf Information<\/li>\n<li>Das Widerspruchsrecht<\/li>\n<li>Das Recht, Ihre Daten zu l\u00f6schen<\/li>\n<li>Das Recht, die Verarbeitung von Daten einzuschr\u00e4nken oder zu blockieren<\/li>\n<li>Das Recht, Daten zu korrigieren<\/li>\n<li>Das Recht, Rechtsmittel zu verwenden Daten zu widerrufen<\/li>\n<li>Wann werden Ihre Daten gel\u00f6scht?<\/li>\n<\/ul>\n<p>[\/vc_column_text][vc_empty_space][vc_column_text]<\/p>\n<h2>Wenn Sie uns eine Anfrage per E-Mail an hallo [at] meromero.fr senden.<\/h2>\n<p>[\/vc_column_text][vc_empty_space height=&#8221;10px&#8221;][vc_column_text]Wir stellen sicher, [at]<br \/>\n<strong>dass Ihre Daten in strikter \u00dcbereinstimmung mit dem geltenden Recht vom 25. Mai 2018, bekannt als GDPR,<\/strong> gesammelt, verarbeitet und verwendet werden. Unsere Partner wie Google Analytics und Google Web Font sind ebenfalls von der DSGVO zugelassen.[\/vc_column_text][vc_empty_space][vc_column_text]<\/p>\n<h2>Informationen zu Cookies \ud83c\udf6a\ud83c\udf6a\ud83c\udf6a<\/h2>\n<p>[\/vc_column_text][vc_empty_space height=&#8221;10px&#8221;][vc_column_text]Ein Cookie ist eine kleine Textdatei, die Websites beim Besuch auf Ihrem Computer oder Mobilger\u00e4t speichern. Auf diesen Websites k\u00f6nnen Sie sich Ihre Aktionen und Einstellungen (Benutzername, Sprache, Schriftgr\u00f6\u00dfe und andere Anzeigeeinstellungen) f\u00fcr einen bestimmten Zeitraum merken, sodass Sie diese Informationen nicht jedes Mal neu eingeben m\u00fcssen, wenn Sie sie konsultieren.<\/p>\n<p>diese Websites oder navigieren Sie von einer Seite zur anderen. Um das ordnungsgem\u00e4\u00dfe Funktionieren dieser Website sicherzustellen, m\u00fcssen wir manchmal kleine Datendateien auf den Ger\u00e4ten unserer Benutzer speichern. Die meisten gro\u00dfen Websites tun dasselbe.<\/p>\n<h3>Kommentar utilisons-nous les Cookies?<\/h3>\n<div class=\"alert\">\n<ul>\n<li>Analytics-Cookies (Google Analytics):<\/li>\n<\/ul>\n<p>Sie erm\u00f6glichen es uns, die Zielgruppen unserer Website zu \u00fcberwachen, Ihr Surfen auf unserer Website zu kennen (Google Analytics-Cookies) und statistische Daten \u00fcber die Nutzung der Website zu generieren. Dadurch k\u00f6nnen wir die Leistung der Website verbessern.<\/p>\n<ul>\n<li>Das Facebook Pixel<\/li>\n<\/ul>\n<p>Damit k\u00f6nnen wir unsere aus unseren Facebook-Anzeigen generierten Conversions verfolgen. Dank dessen k\u00f6nnen wir unsere Werbung optimieren und ein Publikum aufbauen.<\/p>\n<ul>\n<li>Klaviyo Kekse<\/li>\n<\/ul>\n<p>Sammeln, analysieren und verwenden Sie Ihre Daten, um in Kontakt zu bleiben und Ihren Warenkorb warm zu halten, wenn Ihre Bestellung nicht versehentlich aufgegeben wird.<\/p><\/div>\n<p>[\/vc_column_text][vc_empty_space height=&#8221;10px&#8221;][vc_empty_space height=&#8221;30px&#8221;][vc_column_text]<\/p>\n<h3>So steuern Sie Cookies<\/h3>\n<p>Sie k\u00f6nnen Cookies nach Belieben steuern und \/ oder l\u00f6schen. Weitere Informationen finden Sie unter <a href=\"http:\/\/www.aboutcookies.org\/\" rel=\"nofollow\">aboutcookies.org.<\/a> Sie haben die M\u00f6glichkeit, alle bereits auf Ihrem Computer gespeicherten Cookies zu l\u00f6schen und die meisten Browser so zu konfigurieren, dass sie blockiert werden. In diesem Fall m\u00fcssen Sie jedoch m\u00f6glicherweise bei jedem Besuch einer Website bestimmte Einstellungen selbst festlegen, und auf einige Dienste und Funktionen kann m\u00f6glicherweise nicht zugegriffen werden.[\/vc_column_text][\/vc_column][vc_column width=&#8221;1\/4&#8243; offset=&#8221;vc_col-lg-offset-2 vc_col-md-offset-2 vc_col-sm-offset-2&#8243;][vc_row_inner el_class=&#8221;ws-mobile-text-center&#8221;][vc_column_inner css=&#8221;.vc_custom_1587719650175{margin-left: -15px !important;}&#8221;]<div class=\"ws-heading text-left ws-heading-dark\"><h5>Kundendienst<\/h5><\/div>[vc_empty_space height=&#8221;25px&#8221;][\/vc_column_inner][\/vc_row_inner][vc_row_inner css=&#8221;.vc_custom_1587716527124{padding-bottom: 70px !important;}&#8221;][vc_column_inner css=&#8221;.vc_custom_1587716466022{border-left-width: 2px !important;border-left-color: #cacfd5 !important;border-left-style: solid !important;}&#8221;][vc_wp_custommenu nav_menu=&#8221;391&#8243;][\/vc_column_inner][\/vc_row_inner][\/vc_column][\/vc_row]<\/p>\n<\/div>","protected":false},"excerpt":{"rendered":"<p>[vc_row el_class=&#8221;ws-faq-row&#8221;][vc_column width=&#8221;7\/12&#8243;][vc_column_text] Deine Pers\u00f6nlichen Details. [\/vc_column_text][vc_empty_space height=&#8221;10px&#8221;][vc_column_text]In Anwendung des Gesetzes Nr. 2004-801 vom 6. August 2004 \u00fcber den Schutz personenbezogener Daten und die \u00c4nderung des Gesetzes Nr. 78-17 vom 6. Januar 1978 \u00fcber die Datenverarbeitung, Dateien und Freiheiten hat der Kunde wird dar\u00fcber informiert, dass die von ihm bei der Bestellung eingegebenen personenbezogenen Daten [&hellip;]<\/p>\n","protected":false},"author":1,"featured_media":0,"parent":0,"menu_order":0,"comment_status":"closed","ping_status":"closed","template":"","meta":{"footnotes":""},"yoast_head":"<!-- This site is optimized with the Yoast SEO Premium plugin v22.3 (Yoast SEO v22.4) - https:\/\/yoast.com\/wordpress\/plugins\/seo\/ -->\n<title>Datenschutz &amp; Cookies - MeroMero<\/title>\n<meta name=\"robots\" content=\"index, follow, max-snippet:-1, max-image-preview:large, max-video-preview:-1\" \/>\n<link rel=\"canonical\" href=\"https:\/\/www.meromero.fr\/de\/datenschutz-cookies\/\" \/>\n<meta property=\"og:locale\" content=\"de_DE\" \/>\n<meta property=\"og:type\" content=\"article\" \/>\n<meta property=\"og:title\" content=\"Datenschutz &amp; Cookies\" \/>\n<meta property=\"og:description\" content=\"[vc_row el_class=&#8221;ws-faq-row&#8221;][vc_column width=&#8221;7\/12&#8243;][vc_column_text] Deine Pers\u00f6nlichen Details. [\/vc_column_text][vc_empty_space height=&#8221;10px&#8221;][vc_column_text]In Anwendung des Gesetzes Nr. 2004-801 vom 6. August 2004 \u00fcber den Schutz personenbezogener Daten und die \u00c4nderung des Gesetzes Nr. 78-17 vom 6. Januar 1978 \u00fcber die Datenverarbeitung, Dateien und Freiheiten hat der Kunde wird dar\u00fcber informiert, dass die von ihm bei der Bestellung eingegebenen personenbezogenen Daten [&hellip;]\" \/>\n<meta property=\"og:url\" content=\"https:\/\/www.meromero.fr\/de\/datenschutz-cookies\/\" \/>\n<meta property=\"og:site_name\" content=\"MeroMero\" \/>\n<meta property=\"article:modified_time\" content=\"2023-10-16T07:01:54+00:00\" \/>\n<meta name=\"twitter:card\" content=\"summary_large_image\" \/>\n<meta name=\"twitter:label1\" content=\"Gesch\u00e4tzte Lesezeit\" \/>\n\t<meta name=\"twitter:data1\" content=\"5\u00a0Minuten\" \/>\n<script type=\"application\/ld+json\" class=\"yoast-schema-graph\">{\"@context\":\"https:\/\/schema.org\",\"@graph\":[{\"@type\":\"WebPage\",\"@id\":\"https:\/\/www.meromero.fr\/de\/datenschutz-cookies\/\",\"url\":\"https:\/\/www.meromero.fr\/de\/datenschutz-cookies\/\",\"name\":\"Datenschutz &amp; Cookies - MeroMero\",\"isPartOf\":{\"@id\":\"https:\/\/www.meromero.fr\/#website\"},\"datePublished\":\"2021-12-03T12:22:08+00:00\",\"dateModified\":\"2023-10-16T07:01:54+00:00\",\"breadcrumb\":{\"@id\":\"https:\/\/www.meromero.fr\/de\/datenschutz-cookies\/#breadcrumb\"},\"inLanguage\":\"de\",\"potentialAction\":[{\"@type\":\"ReadAction\",\"target\":[\"https:\/\/www.meromero.fr\/de\/datenschutz-cookies\/\"]}]},{\"@type\":\"BreadcrumbList\",\"@id\":\"https:\/\/www.meromero.fr\/de\/datenschutz-cookies\/#breadcrumb\",\"itemListElement\":[{\"@type\":\"ListItem\",\"position\":1,\"name\":\"Home\",\"item\":\"https:\/\/www.meromero.fr\/de\/\"},{\"@type\":\"ListItem\",\"position\":2,\"name\":\"Datenschutz &amp; Cookies\"}]},{\"@type\":\"WebSite\",\"@id\":\"https:\/\/www.meromero.fr\/#website\",\"url\":\"https:\/\/www.meromero.fr\/\",\"name\":\"MeroMero\",\"description\":\"Share your adventures\",\"publisher\":{\"@id\":\"https:\/\/www.meromero.fr\/#organization\"},\"potentialAction\":[{\"@type\":\"SearchAction\",\"target\":{\"@type\":\"EntryPoint\",\"urlTemplate\":\"https:\/\/www.meromero.fr\/?s={search_term_string}\"},\"query-input\":\"required name=search_term_string\"}],\"inLanguage\":\"de\"},{\"@type\":\"Organization\",\"@id\":\"https:\/\/www.meromero.fr\/#organization\",\"name\":\"MeroMero\",\"url\":\"https:\/\/www.meromero.fr\/\",\"logo\":{\"@type\":\"ImageObject\",\"inLanguage\":\"de\",\"@id\":\"https:\/\/www.meromero.fr\/#\/schema\/logo\/image\/\",\"url\":\"https:\/\/www.meromero.fr\/wp-content\/uploads\/2020\/04\/logo-black.png\",\"contentUrl\":\"https:\/\/www.meromero.fr\/wp-content\/uploads\/2020\/04\/logo-black.png\",\"width\":644,\"height\":208,\"caption\":\"MeroMero\"},\"image\":{\"@id\":\"https:\/\/www.meromero.fr\/#\/schema\/logo\/image\/\"}}]}<\/script>\n<!-- \/ Yoast SEO Premium plugin. -->","yoast_head_json":{"title":"Datenschutz &amp; Cookies - MeroMero","robots":{"index":"index","follow":"follow","max-snippet":"max-snippet:-1","max-image-preview":"max-image-preview:large","max-video-preview":"max-video-preview:-1"},"canonical":"https:\/\/www.meromero.fr\/de\/datenschutz-cookies\/","og_locale":"de_DE","og_type":"article","og_title":"Datenschutz &amp; Cookies","og_description":"[vc_row el_class=&#8221;ws-faq-row&#8221;][vc_column width=&#8221;7\/12&#8243;][vc_column_text] Deine Pers\u00f6nlichen Details. [\/vc_column_text][vc_empty_space height=&#8221;10px&#8221;][vc_column_text]In Anwendung des Gesetzes Nr. 2004-801 vom 6. August 2004 \u00fcber den Schutz personenbezogener Daten und die \u00c4nderung des Gesetzes Nr. 78-17 vom 6. Januar 1978 \u00fcber die Datenverarbeitung, Dateien und Freiheiten hat der Kunde wird dar\u00fcber informiert, dass die von ihm bei der Bestellung eingegebenen personenbezogenen Daten [&hellip;]","og_url":"https:\/\/www.meromero.fr\/de\/datenschutz-cookies\/","og_site_name":"MeroMero","article_modified_time":"2023-10-16T07:01:54+00:00","twitter_card":"summary_large_image","twitter_misc":{"Gesch\u00e4tzte Lesezeit":"5\u00a0Minuten"},"schema":{"@context":"https:\/\/schema.org","@graph":[{"@type":"WebPage","@id":"https:\/\/www.meromero.fr\/de\/datenschutz-cookies\/","url":"https:\/\/www.meromero.fr\/de\/datenschutz-cookies\/","name":"Datenschutz &amp; Cookies - MeroMero","isPartOf":{"@id":"https:\/\/www.meromero.fr\/#website"},"datePublished":"2021-12-03T12:22:08+00:00","dateModified":"2023-10-16T07:01:54+00:00","breadcrumb":{"@id":"https:\/\/www.meromero.fr\/de\/datenschutz-cookies\/#breadcrumb"},"inLanguage":"de","potentialAction":[{"@type":"ReadAction","target":["https:\/\/www.meromero.fr\/de\/datenschutz-cookies\/"]}]},{"@type":"BreadcrumbList","@id":"https:\/\/www.meromero.fr\/de\/datenschutz-cookies\/#breadcrumb","itemListElement":[{"@type":"ListItem","position":1,"name":"Home","item":"https:\/\/www.meromero.fr\/de\/"},{"@type":"ListItem","position":2,"name":"Datenschutz &amp; Cookies"}]},{"@type":"WebSite","@id":"https:\/\/www.meromero.fr\/#website","url":"https:\/\/www.meromero.fr\/","name":"MeroMero","description":"Share your adventures","publisher":{"@id":"https:\/\/www.meromero.fr\/#organization"},"potentialAction":[{"@type":"SearchAction","target":{"@type":"EntryPoint","urlTemplate":"https:\/\/www.meromero.fr\/?s={search_term_string}"},"query-input":"required name=search_term_string"}],"inLanguage":"de"},{"@type":"Organization","@id":"https:\/\/www.meromero.fr\/#organization","name":"MeroMero","url":"https:\/\/www.meromero.fr\/","logo":{"@type":"ImageObject","inLanguage":"de","@id":"https:\/\/www.meromero.fr\/#\/schema\/logo\/image\/","url":"https:\/\/www.meromero.fr\/wp-content\/uploads\/2020\/04\/logo-black.png","contentUrl":"https:\/\/www.meromero.fr\/wp-content\/uploads\/2020\/04\/logo-black.png","width":644,"height":208,"caption":"MeroMero"},"image":{"@id":"https:\/\/www.meromero.fr\/#\/schema\/logo\/image\/"}}]}},"_links":{"self":[{"href":"https:\/\/www.meromero.fr\/de\/wp-json\/wp\/v2\/pages\/11640"}],"collection":[{"href":"https:\/\/www.meromero.fr\/de\/wp-json\/wp\/v2\/pages"}],"about":[{"href":"https:\/\/www.meromero.fr\/de\/wp-json\/wp\/v2\/types\/page"}],"author":[{"embeddable":true,"href":"https:\/\/www.meromero.fr\/de\/wp-json\/wp\/v2\/users\/1"}],"replies":[{"embeddable":true,"href":"https:\/\/www.meromero.fr\/de\/wp-json\/wp\/v2\/comments?post=11640"}],"version-history":[{"count":1,"href":"https:\/\/www.meromero.fr\/de\/wp-json\/wp\/v2\/pages\/11640\/revisions"}],"predecessor-version":[{"id":20579,"href":"https:\/\/www.meromero.fr\/de\/wp-json\/wp\/v2\/pages\/11640\/revisions\/20579"}],"wp:attachment":[{"href":"https:\/\/www.meromero.fr\/de\/wp-json\/wp\/v2\/media?parent=11640"}],"curies":[{"name":"wp","href":"https:\/\/api.w.org\/{rel}","templated":true}]}}